{"id":1768,"date":"2019-03-02T10:32:23","date_gmt":"2019-03-02T15:32:23","guid":{"rendered":"http:\/\/egyptianwisdomcenter.org\/transacciones-comerciales\/"},"modified":"2023-01-12T11:35:07","modified_gmt":"2023-01-12T16:35:07","slug":"transacciones-comerciales","status":"publish","type":"page","link":"https:\/\/egyptianwisdomcenter.org\/es\/transacciones-comerciales\/","title":{"rendered":"Transacciones Comerciales"},"content":{"rendered":"<h2 style=\"text-align: center;\"><span style=\"color: #ff0000;\"><strong>Transacciones Comerciales<\/strong><\/span><\/h2>\n<p>&nbsp;<\/p>\n<p>Hace apenas unos a\u00f1os, se le concedi\u00f3 un Premio Nobel a un economista estadounidense que respaldo una \u201csociedad sin dinero en efectivo\u201d como el modo m\u00e1s eficaz para las transacciones comerciales. Es ir\u00f3nico que en el Antiguo Egipto, los bienes y los servicios se intercambiaran con la misma premisa sin efectivo, a trav\u00e9s del trueque, negociando bienes y servicios sin el intercambio de dinero. Para el trueque (intercambio sin efectivo) es necesario un objeto promedio de un valor convenido que se utiliza como un instrumento de medici\u00f3n de los bienes\/servicios intercambiados. Este promedio puede ser algo aceptable para las partes de la transacci\u00f3n. Por ello, el comprador y el vendedor calculaban el valor actual de mercado de sus bienes con respecto a una tercera mercanc\u00eda de uso com\u00fan. En el comercio internacional actual, la mercanc\u00eda promedio es el oro, el d\u00f3lar estadounidense, etc. No se produce ning\u00fan intercambio de oro o d\u00f3lares entre las partes, exceptuando quiz\u00e1s una peque\u00f1a cantidad para ajustar alguna ligera diferencia entre los valores de los bienes intercambiados.<\/p>\n<p>Se han recuperado varios contratos del Antiguo Egipto que muestran los t\u00e9rminos y detalles de los acuerdos de trueque entre las partes participantes en el intercambio de bienes y servicios. Un buen ejemplo son los contratos de Hepd\u2019efae, que se recuperaron en Asiut, fechados en el Reino Medio [2040\u20131783 AEC]. Estos contratos muestran que era posible realizar transacciones comerciales complicadas con estas condiciones de pago. [Los detalles aparecen en el libro de Erman titulado <em>La vida en el Antiguo Egipto<\/em>, p\u00e1ginas. 494-8].<\/p>\n<p>Para aquellas transacciones comerciales que no pod\u00edan lograrse con el truque, los antiguos egipcios utilizaban monedas. En el Antiguo Egipto, las monedas se utilizaban sobre una base limitada, principalmente para pagar a los mercenarios extranjeros, que pod\u00edan enviarlas o llevarlas consigo a sus pa\u00edses de origen, donde despu\u00e9s pod\u00edan intercambiarse por bienes y servicios.<\/p>\n<p>Los t\u00e9rminos del Antiguo Egipto utilizados para el dinero tambi\u00e9n se utilizaban para los pesos. Del mismo modo, en la Gran Breta\u00f1a actual, el t\u00e9rmino \u201cpound\u201d significa tanto una unidad de peso como una unidad monetaria. Adem\u00e1s encontramos que la palabra hebrea para el dinero es <em>s\u00e9quel\/hekel\/sheqel<\/em>, que es un ligero cambio de sonido de la palabra egipcia (y \u00e1rabe) <em>theqel<\/em>, que significa peso\/dinero.<\/p>\n<p>Las monedas en el Antiguo Egipto se hac\u00edan con la forma de anillos de oro, plata y cobre, con pesos espec\u00edficos, que eran certificados por especialistas. En el lenguaje del Antiguo Egipto, la palabra para designar sello\/cu\u00f1o y anillo es la misma. Todos los pesos se med\u00edan y certificaban. Se encontraron monedas de oro en las pinturas de tumbas durante el reinado de Tutmosis III [1490\u20131436 AEC]. Se recuperaron documentos de la \u00e9poca de Amenhotep II [1436\u20131413 AEC], que muestran que los valores de los diferentes art\u00edculos se expresaban en t\u00e9rminos de piezas de metal (de oro, plata y cobre con un valor y peso fijo), que se utilizaban como medios de intercambio. Ejemplos similares se recuperaron del per\u00edodo Ram\u00e9sida.<\/p>\n<p>El concepto de pesaje era un tema importante y com\u00fan para los egipcios antiguos y balad\u00eds, y que abarca a todos los aspectos de la vida. Se han encontraron balanzas\/escalas en todas partes, desde para comprar verduras a representaciones de la armon\u00eda musical, a formas de poes\u00eda, a la balanza de la justicia que est\u00e1 representada en la escena del D\u00eda del Juicio. Asimismo, en nuestros d\u00edas, la palabra inglesa,\u00a0<em>escala<\/em>, se utiliza para pesar productos (balanza) y en m\u00fasica (la escala musical).<\/p>\n<p>Representaciones de las tumbas del Antiguo Egipto muestran pesadores y notarios p\u00fablicos que determinaban el peso exacto de cualquier cosa que se hab\u00edan ofrecido a medir, en la calle o en el mercado p\u00fablico, donde de manera temporal instalaban sus balanzas. Eran funcionarios del estado, con un estricto respeto a la justicia, sin favorecer ni al comprador ni al vendedor.<\/p>\n<p><a href=\"https:\/\/egyptianwisdomcenter.org\/wp-content\/uploads\/2019\/02\/aecr-ch16-2-72c-1-1.jpg\"><img decoding=\"async\" class=\"size-full wp-image-1099 aligncenter\" src=\"https:\/\/egyptianwisdomcenter.org\/wp-content\/uploads\/2019\/02\/aecr-ch16-2-72c-1-1.jpg\" alt=\"\" width=\"187\" height=\"44\" \/><\/a><\/p>\n<p style=\"text-align: center;\"><strong>Anillos de oro y plata de tumbas en TA-APET (Tebas)<\/strong><\/p>\n<p><a href=\"https:\/\/egyptianwisdomcenter.org\/wp-content\/uploads\/2019\/02\/aecr-ch16-3-72c-1-1.jpg\"><img decoding=\"async\" class=\"size-full wp-image-1100 aligncenter\" src=\"https:\/\/egyptianwisdomcenter.org\/wp-content\/uploads\/2019\/02\/aecr-ch16-3-72c-1-1.jpg\" alt=\"\" width=\"187\" height=\"184\" \/><\/a><\/p>\n<p style=\"text-align: center;\"><strong>Certificaci\u00f3n oficial de pesos en el mercado.<\/strong><\/p>\n<p><span lang=\"ES\">Se muestra a un escriba o notario anotando la cantidad de peso, cualquiera que fuese el producto; y este documento, se daba o mostraba a las partes, autorizando totalmente el acuerdo, y sirviendo como una certificaci\u00f3n oficial de la transacci\u00f3n.<\/span><\/p>\n<p class=\"NormaleWeb\" style=\"text-align: justify; line-height: 24.5pt; margin: 0in 0in 27.0pt 0in;\"><span lang=\"ES\">Los egipcios balad\u00eds todav\u00eda mantienen la misma costumbre, las balanzas del kabbaneh p\u00fablico que miden y certifican la exactitud de los pesos, que se devuelven por escrito a petici\u00f3n de las partes.<\/span><\/p>\n<p><span style=\"color: #ff0000;\"><strong>[Un extracto de La Cultura Revelada Del Antiguo Egipto, Segunda edici\u00f3n por<\/strong><\/span><span style=\"color: #ff0000;\"><strong> Moustafa Gadalla]<\/strong><\/span><\/p>\n<div dir=\"auto\">\n<p><span style=\"color: #0000ff;\"><strong>https:\/\/egyptianwisdomcenter.org\/product\/la-cultura-revelada-del-antiguo-egipto\/<\/strong><\/span><\/p>\n<p><img decoding=\"async\" class=\"aligncenter\" src=\"https:\/\/egypt-tehuti.org\/wp-content\/uploads\/2017\/11\/spanish-2-e1514402470988-225x338.jpg\" \/><\/p>\n<p style=\"text-align: center;\"><span style=\"color: #0000ff;\"><strong>https:\/\/egyptianwisdomcenter.org\/product\/la-cultura-revelada-del-antiguo-egipto\/<\/strong><\/span><\/p>\n<\/div>","protected":false},"excerpt":{"rendered":"<p>Transacciones Comerciales &nbsp; Hace apenas unos a\u00f1os, se le concedi\u00f3 un Premio Nobel a un economista estadounidense que respaldo una \u201csociedad sin [&hellip;]<\/p>","protected":false},"author":3,"featured_media":0,"parent":0,"menu_order":0,"comment_status":"closed","ping_status":"closed","template":"","meta":{"footnotes":""},"class_list":["post-1768","page","type-page","status-publish","hentry"],"aioseo_notices":[],"_links":{"self":[{"href":"https:\/\/egyptianwisdomcenter.org\/es\/wp-json\/wp\/v2\/pages\/1768","targetHints":{"allow":["GET"]}}],"collection":[{"href":"https:\/\/egyptianwisdomcenter.org\/es\/wp-json\/wp\/v2\/pages"}],"about":[{"href":"https:\/\/egyptianwisdomcenter.org\/es\/wp-json\/wp\/v2\/types\/page"}],"author":[{"embeddable":true,"href":"https:\/\/egyptianwisdomcenter.org\/es\/wp-json\/wp\/v2\/users\/3"}],"replies":[{"embeddable":true,"href":"https:\/\/egyptianwisdomcenter.org\/es\/wp-json\/wp\/v2\/comments?post=1768"}],"version-history":[{"count":0,"href":"https:\/\/egyptianwisdomcenter.org\/es\/wp-json\/wp\/v2\/pages\/1768\/revisions"}],"wp:attachment":[{"href":"https:\/\/egyptianwisdomcenter.org\/es\/wp-json\/wp\/v2\/media?parent=1768"}],"curies":[{"name":"wp","href":"https:\/\/api.w.org\/{rel}","templated":true}]}}