{"id":186,"date":"2018-10-30T00:00:00","date_gmt":"2018-10-30T04:00:00","guid":{"rendered":"http:\/\/egyptianwisdomcenter.org\/isis-the-divine-female\/"},"modified":"2023-01-02T11:47:02","modified_gmt":"2023-01-02T16:47:02","slug":"isis-the-divine-female-2","status":"publish","type":"page","link":"https:\/\/egyptianwisdomcenter.org\/es\/isis-la-divina-hembra-2\/","title":{"rendered":"Isis La Divina Hembra"},"content":{"rendered":"<h2 style=\"text-align: center;\"><span style=\"color: #0000ff;\"><strong>Isis La Divina Hembra<\/strong><\/span><\/h2>\n<h3><\/h3>\n<h3><span style=\"color: #ff0000;\"><strong>Su nombre<\/strong><\/span><\/h3>\n<p>El uso com\u00fan actual del nombre Isis se limita a su aspecto de devoci\u00f3n, fidelidad y ternura maternal. Pero ella es mucho m\u00e1s que eso: representa el principio divino femenino que incluye el poder creativo que concibi\u00f3 (tanto f\u00edsica como metaf\u00edsicamente) y dio a luz a todas las criaturas vivientes.<\/p>\n<p>Los antiguos egipcios consideraban a Isis como el s\u00edmbolo del principio c\u00f3smico femenino. Este principio abarca miles de cualidades y atributos femeninos, y los egipcios ten\u00edan t\u00e9rminos para describir cada manifestaci\u00f3n de este principio femenino.<\/p>\n<p>En la cultura de los pueblos de habla inglesa, una <em>nombre <\/em>Es simplemente una etiqueta para distinguir a alguien o algo de otro. Pero para los egipcios (tanto la mayor\u00eda silenciosa antigua como la actual), un \u201cnombre\u201d com\u00fan representa el resumen o sinopsis de las cualidades y atributos de una entidad. egipcio <em>nombres comunes <\/em>Son los atributos y cualidades de cualquier entidad. Esto ser\u00e1 similar a las palabras del idioma ingl\u00e9s para carpintero, granjero, etc., que representan una actividad espec\u00edfica.<\/p>\n<p>En el idioma ingl\u00e9s nos referimos a ella. <em>nombre <\/em>como Isis, pero los egipcios ten\u00edan un t\u00e9rmino representativo que reconoc\u00eda la totalidad de su principio c\u00f3smico femenino. Esta palabra\/t\u00e9rmino egipcio que lo abarca todo es <strong>Auset<\/strong>. Entonces, \u00bfqu\u00e9 hay en este \u201cnombre\u201d del Antiguo Egipto? Veamos los significados de Auset, para demostrar c\u00f3mo un nombre representa cualidades y atributos.<\/p>\n<p>Auset consta de la palabra principal. <strong>nosotros <\/strong>y el sufijo <strong>y<\/strong>. Aus significa <em>la fuente<\/em>, <em>el poder<\/em>. En matem\u00e1ticas, decimos 2 elevado a 2. Esta potencia matem\u00e1tica se llama <strong><em>nosotros<\/em><\/strong>. El sufijo &#039;et&#039; al final de Aus-et es una terminaci\u00f3n femenina.<\/p>\n<p>Adem\u00e1s de <strong>nosotros <\/strong>significado <em>la fuente<\/em> y <em>el poder<\/em>, tambi\u00e9n significa <em>el origen<\/em>, <em>la causa<\/em>.<\/p>\n<p>En este sentido, mostraremos que Auset es la fuente, el poder y la causa del universo creado, incluido todo lo que hay dentro de este universo.<\/p>\n<p>Otro significado interesante para Au-set es <strong>La dama; <\/strong>y en verdad ella es la Se\u00f1ora del Cielo y de la Tierra. Ella representa el principio femenino en el universo. Este principio se manifiesta de diferentes formas y maneras, y por eso los antiguos egipcios llamaban a Isis, <strong><em>Auset [Isis] de los 10.000 Nombres (que significa atributos)<\/em><\/strong>.<\/p>\n<p>Varias palabras se derivan directamente del nombre egipcio Auset, como <strong><em>seta<\/em><\/strong>, que significa el n\u00famero 6. Esto es muy significativo porque 6 es el n\u00famero \u00faltimo de espacio, volumen y tiempo. El cubo con sus seis superficies es el modelo de la tierra. Como tal, representa el \u00fatero del universo y la Tierra, como veremos en detalle m\u00e1s adelante.<\/p>\n<p>Otro significado relacionado con el nombre Auset es la palabra inglesa &#039;<strong>asiento<\/strong>&#039;. Se representa a Isis llevando siempre un asiento o trono en la cabeza para simbolizarla como fuente de legitimidad, que se manifiesta en la adhesi\u00f3n del antiguo Egipto (as\u00ed como de la mayor\u00eda silenciosa actual) a la sociedad matrilineal y matriarcal. Este tema se discutir\u00e1 m\u00e1s adelante en este libro.<\/p>\n<p><a href=\"http:\/\/egyptianwisdomcenter.org\/wp-content\/uploads\/2019\/02\/isis-ch1-72c-1.jpg\"><img decoding=\"async\" class=\"size-full wp-image-663 aligncenter\" src=\"http:\/\/egyptianwisdomcenter.org\/wp-content\/uploads\/2019\/02\/isis-ch1-72c-1.jpg\" alt=\"\" width=\"63\" height=\"90\" \/><\/a><\/p>\n<p>Como hemos se\u00f1alado, el uso del nombre com\u00fan en el idioma ingl\u00e9s de Isis dificulta nuestra comprensi\u00f3n de informaci\u00f3n, conocimiento y sabidur\u00eda valiosos. Sin embargo, para hacerlo m\u00e1s f\u00e1cil para los lectores de habla inglesa, continuaremos usando la palabra Isis y otros nombres del Antiguo Egipto familiares para el lector de lengua inglesa.<\/p>\n<p>El papel de Isis como principio femenino divino en el proceso de Creaci\u00f3n ha sido reconocido por todos. Ella existe en todas partes y es conocida por todos desde tiempos inmemoriales.<\/p>\n<p>Plutarco tom\u00f3 nota de esto en su <em>Moralia, vol. V<\/em>:<\/p>\n<p style=\"padding-left: 30px;\"><strong><em>\u201cIsis es, de hecho, el principio femenino de la Naturaleza, y es receptiva a toda forma de generaci\u00f3n, y por la mayor\u00eda de la gente ha sido llamada con innumerables nombres, ya que, debido a la fuerza de la Raz\u00f3n, se vuelve hacia esto o aquello y es receptivo a todo tipo de formas y formas\u201d.<\/em><\/strong><\/p>\n<p>Apreciar los roles de Isis. <strong>como el principio femenino <\/strong>de la naturaleza, debemos encontrar su papel c\u00f3smico primario en la secuencia ordenada de la Creaci\u00f3n del universo.<\/p>\n<p>&nbsp;<\/p>\n<p><span style=\"color: #ff0000;\"><strong>[Un extracto de <\/strong><\/span><strong>Isis: la divina mujer de Moustafa Gadalla<\/strong><span style=\"color: #ff0000;\"><strong>]<br \/>\n<a href=\"https:\/\/egyptianwisdomcenter.org\/es\/producto\/isis-la-divina-hembra\/\"><span style=\"color: #0000ff;\">https:\/\/egyptianwisdomcenter.org\/product\/isis-la-femina-divina\/<\/span><\/a><br \/>\n<\/strong><\/span><\/p>\n<p><img decoding=\"async\" class=\"aligncenter\" src=\"https:\/\/egyptianwisdomcenter.org\/wp-content\/uploads\/2023\/01\/isis-la-femina-divina-2.jpg\" \/><\/p>\n<div dir=\"auto\">\n<p style=\"text-align: center;\"><a href=\"https:\/\/egyptianwisdomcenter.org\/es\/producto\/isis-la-divina-hembra\/\"><span style=\"color: #ff0000;\"><strong><span style=\"color: #0000ff;\">https:\/\/egyptianwisdomcenter.org\/product\/isis-la-femina-divina\/<\/span><\/strong><\/span><\/a><\/p>\n<\/div>","protected":false},"excerpt":{"rendered":"<p>Isis The Divine Female Her Name The present-day common use of the name Isis is limited to her aspect of maternal devotion, [&hellip;]<\/p>","protected":false},"author":3,"featured_media":0,"parent":0,"menu_order":0,"comment_status":"closed","ping_status":"closed","template":"","meta":{"footnotes":""},"class_list":["post-186","page","type-page","status-publish","hentry"],"aioseo_notices":[],"_links":{"self":[{"href":"https:\/\/egyptianwisdomcenter.org\/es\/wp-json\/wp\/v2\/pages\/186","targetHints":{"allow":["GET"]}}],"collection":[{"href":"https:\/\/egyptianwisdomcenter.org\/es\/wp-json\/wp\/v2\/pages"}],"about":[{"href":"https:\/\/egyptianwisdomcenter.org\/es\/wp-json\/wp\/v2\/types\/page"}],"author":[{"embeddable":true,"href":"https:\/\/egyptianwisdomcenter.org\/es\/wp-json\/wp\/v2\/users\/3"}],"replies":[{"embeddable":true,"href":"https:\/\/egyptianwisdomcenter.org\/es\/wp-json\/wp\/v2\/comments?post=186"}],"version-history":[{"count":0,"href":"https:\/\/egyptianwisdomcenter.org\/es\/wp-json\/wp\/v2\/pages\/186\/revisions"}],"wp:attachment":[{"href":"https:\/\/egyptianwisdomcenter.org\/es\/wp-json\/wp\/v2\/media?parent=186"}],"curies":[{"name":"wp","href":"https:\/\/api.w.org\/{rel}","templated":true}]}}