{"id":187,"date":"2018-10-30T00:00:00","date_gmt":"2018-10-30T04:00:00","guid":{"rendered":"http:\/\/egyptianwisdomcenter.org\/lady-love-hathor-venus\/"},"modified":"2023-01-02T11:48:15","modified_gmt":"2023-01-02T16:48:15","slug":"lady-love-hathor-venus-2","status":"publish","type":"page","link":"https:\/\/egyptianwisdomcenter.org\/es\/dama-amor-hathor-venus-2\/","title":{"rendered":"Dama Amor: Hathor\u2014Venus"},"content":{"rendered":"<h2 style=\"text-align: center;\"><span style=\"color: #ff0000;\"><strong>Dama Amor: Hathor\u2014Venus<\/strong><\/span><\/h2>\n<p>&nbsp;<\/p>\n<p>Isis, en su papel de Nutridora, es reconocida como Hathor.<\/p>\n<p>Hathor son en realidad dos palabras, Het-hor, que com\u00fanmente se traduce como \u201c<strong><em>casa de horus<\/em><\/strong>\u201c.<\/p>\n<p>La primera parte-<strong>\u00e9l<\/strong>, traducida como \u201ccasa\u201d, tiene un significado m\u00e1s amplio que una simple casa. En realidad significa <em>el \u00fatero como matriz<\/em> dentro del cual algo se origina, toma forma y se desarrolla hasta alcanzar la plena madurez.<\/p>\n<p>El \u00fatero proporciona alimento y protecci\u00f3n. Como tal, Hethor proporciona tanto alimento como protecci\u00f3n. Horus representa el principio divino realizado, y Horus es reconocido por varios nombres\/atributos a medida que se desarrolla desde la infancia hasta la madurez dentro del \u00fatero c\u00f3smico.<\/p>\n<p>Hathor representa la matriz del principio espiritual metaf\u00edsico, proporcionando alimento espiritual, curaci\u00f3n, alegr\u00eda, hacer el amor, m\u00fasica y alegr\u00eda.<\/p>\n<p><a href=\"http:\/\/egyptianwisdomcenter.org\/wp-content\/uploads\/2019\/02\/isis-ch6-photo-36-96c.jpg\"><img decoding=\"async\" class=\"size-full wp-image-618 aligncenter\" src=\"http:\/\/egyptianwisdomcenter.org\/wp-content\/uploads\/2019\/02\/isis-ch6-photo-36-96c.jpg\" alt=\"\" width=\"164\" height=\"250\" \/><\/a><\/p>\n<p>Los textos del Antiguo Egipto describen a Isis de los 10.000 Nombres en su papel de Het-heru como:<\/p>\n<p style=\"padding-left: 30px;\"><strong><em>La Vaca Heru-sekha, que da a luz todas las cosas.<\/em><\/strong><br \/>\n<strong><em>Quien aliment\u00f3 al ni\u00f1o Horus con su leche.<\/em><\/strong><br \/>\n<strong><em>Se\u00f1ora de la alegr\u00eda y la alegr\u00eda.<\/em><\/strong><br \/>\n<strong><em>dama del amor<\/em><\/strong><\/p>\n<p>Como modelo de nutrici\u00f3n c\u00f3smica de todo tipo, Hathor est\u00e1 asociada con varias funciones relacionadas. Mencionaremos brevemente algunas de estas aplicaciones:<\/p>\n<p style=\"padding-left: 30px;\">A. Dama Amada: Venus<br \/>\nB. El Nutridor C\u00f3smico<br \/>\nC. Las Siete Doncellas Celestiales\/7 Reinos Celestiales<br \/>\nD. El sanador<br \/>\nE. Su \u00e1rbol de la vida<br \/>\nF. El Santuario Supremo: la Casa de Horus\/Re-horakhti<br \/>\nG. Escolta de viajeros\u2014Astarte<\/p>\n<h3><strong>A. Dama Amada: Venus<\/strong><\/h3>\n<p>El diccionario nos dice que el origen del nombre (o palabra) Venus es WENOS. Wenos o Wanas es en realidad una palabra egipcia que significa &quot;compa\u00f1\u00eda animada&quot;, &quot;genial&quot;, &quot;sociable&quot;, &quot;alegre&quot; y &quot;placentera&quot;.<\/p>\n<p>La forma sustantiva de we-nos es A-nesa [Aa-NES-sa], que significa &#039;doncella&#039;, con todo lo que implica.<\/p>\n<p>La Venus egipcia, en su nombre omnicomprensivo de Hathor, representa la matriz del principio espiritual metaf\u00edsico, que proporciona alimento espiritual, curaci\u00f3n, alegr\u00eda, hacer el amor, m\u00fasica y alegr\u00eda.<\/p>\n<p>&nbsp;<\/p>\n<h3><span style=\"color: #ff0000;\">[Un extracto de <\/span>Isis: la divina mujer de Moustafa Gadalla<span style=\"color: #ff0000;\">]<br \/>\n<a href=\"https:\/\/egyptianwisdomcenter.org\/es\/producto\/isis-la-divina-hembra\/\"><span style=\"color: #0000ff;\">https:\/\/egyptianwisdomcenter.org\/product\/isis-la-femina-divina\/<\/span><\/a><br \/>\n<\/span><\/h3>\n<p><img decoding=\"async\" class=\"aligncenter\" src=\"https:\/\/egyptianwisdomcenter.org\/wp-content\/uploads\/2023\/01\/isis-la-femina-divina-2.jpg\" \/><\/p>\n<div dir=\"auto\">\n<h3 style=\"text-align: center;\"><a href=\"https:\/\/egyptianwisdomcenter.org\/es\/producto\/isis-la-divina-hembra\/\"><span style=\"color: #ff0000;\"><span style=\"color: #0000ff;\">https:\/\/egyptianwisdomcenter.org\/product\/isis-la-femina-divina\/<\/span><\/span><\/a><\/h3>\n<\/div>","protected":false},"excerpt":{"rendered":"<p>Lady Love: Hathor\u2014Venus &nbsp; Isis, in her role as the Nourisher, is recognized as Hathor. Hathor is actually two words, Het-hor, which [&hellip;]<\/p>","protected":false},"author":3,"featured_media":0,"parent":0,"menu_order":0,"comment_status":"closed","ping_status":"closed","template":"","meta":{"footnotes":""},"class_list":["post-187","page","type-page","status-publish","hentry"],"aioseo_notices":[],"_links":{"self":[{"href":"https:\/\/egyptianwisdomcenter.org\/es\/wp-json\/wp\/v2\/pages\/187","targetHints":{"allow":["GET"]}}],"collection":[{"href":"https:\/\/egyptianwisdomcenter.org\/es\/wp-json\/wp\/v2\/pages"}],"about":[{"href":"https:\/\/egyptianwisdomcenter.org\/es\/wp-json\/wp\/v2\/types\/page"}],"author":[{"embeddable":true,"href":"https:\/\/egyptianwisdomcenter.org\/es\/wp-json\/wp\/v2\/users\/3"}],"replies":[{"embeddable":true,"href":"https:\/\/egyptianwisdomcenter.org\/es\/wp-json\/wp\/v2\/comments?post=187"}],"version-history":[{"count":0,"href":"https:\/\/egyptianwisdomcenter.org\/es\/wp-json\/wp\/v2\/pages\/187\/revisions"}],"wp:attachment":[{"href":"https:\/\/egyptianwisdomcenter.org\/es\/wp-json\/wp\/v2\/media?parent=187"}],"curies":[{"name":"wp","href":"https:\/\/api.w.org\/{rel}","templated":true}]}}