{"id":189,"date":"2018-10-30T00:00:00","date_gmt":"2018-10-30T04:00:00","guid":{"rendered":"http:\/\/egyptianwisdomcenter.org\/our-holy-lady-of-the-sea-notre-dame-de-la-mer\/"},"modified":"2023-01-02T11:49:50","modified_gmt":"2023-01-02T16:49:50","slug":"our-holy-lady-of-the-sea-notre-dame-de-la-mer-2","status":"publish","type":"page","link":"https:\/\/egyptianwisdomcenter.org\/es\/nuestra-santa-senora-del-mar-notre-dame-de-la-mer-2\/","title":{"rendered":"Nuestra (Santa) Se\u00f1ora Del Mar \u2014 Notre Dame De La Mer"},"content":{"rendered":"<h2 style=\"text-align: center;\"><span style=\"color: #ff0000;\"><strong>Nuestra (Santa) Se\u00f1ora del Mar \u2013<\/strong><\/span><\/h2>\n<h2 style=\"text-align: center;\"><span style=\"color: #ff0000;\"><strong>\u00a0Notre-Dame De La Mer<\/strong><\/span><\/h2>\n<p>&nbsp;<\/p>\n<p>Como modelo de nutrici\u00f3n c\u00f3smica de todo tipo, Hathor est\u00e1 asociada con varias funciones relacionadas. Mencionaremos brevemente algunas de estas aplicaciones:<\/p>\n<p style=\"padding-left: 30px;\">A. Dama Amada: Venus<br \/>\nB. El Nutridor C\u00f3smico<br \/>\nC. Las Siete Doncellas Celestiales\/7 Reinos Celestiales<br \/>\nD. El sanador<br \/>\nE. Su \u00e1rbol de la vida<br \/>\nF. El Santuario Supremo: la Casa de Horus\/Re-horakhti<br \/>\nGT<span style=\"color: #000000;\">Escort ravelers\u2014Astarte<\/span><\/p>\n<p>Una de las manifestaciones de Isis es Hathor\/Astarte; al igual que otras deidades egipcias, tambi\u00e9n se la conoce com\u00fanmente como Asera\/Serah\/Sarah, que significa <strong><em>dama noble<\/em><\/strong>.<\/p>\n<p>Para no dejar dudas sobre su origen egipcio, Aserah siempre es representada en su forma egipcia, con una media luna y un disco en su tocado.<\/p>\n<p>Hathor representa la matriz del principio espiritual metaf\u00edsico, proporcionando alimento espiritual, curaci\u00f3n, alegr\u00eda, hacer el amor, m\u00fasica y alegr\u00eda.<\/p>\n<p>Hathor, como s\u00edmbolo del alimento espiritual, tambi\u00e9n juega un papel importante en los textos transformacionales (funerarios), proporcionando el alimento\/gu\u00eda espiritual que requiere el alma del difunto mientras viaja a trav\u00e9s del mar c\u00f3smico. En consecuencia, Hathor\/Aserah es la patrona egipcia de los viajes y la navegaci\u00f3n; y, como resultado, aparece en este papel con m\u00e1s frecuencia fuera de Egipto.<\/p>\n<p>Un texto de ata\u00fad egipcio [texto de ata\u00fad n\u00fam. 61] del Reino Medio (2040-1783 a. C.) la describe como Hathor:<\/p>\n<p style=\"padding-left: 30px;\"><strong><em>la Dama de quien se dice que &quot;sostiene los remos de gobierno&quot;. . . ladra&#039;.<\/em><\/strong><\/p>\n<p>Por lo tanto, la cabeza de Hathor siempre se representa justo encima de la popa de los barcos, donde estaban montados los timones gemelos (que los pilotos expertos utilizaban para guiar el barco).<\/p>\n<p>En su papel de guardiana de los viajeros, Hathor se llama Astart\u00e9. Sus templos se encontraban en ciudades fronterizas, siendo ella una patrona de los viajeros. Su templo en C\u00e1diz, Espa\u00f1a, fue uno de los principales monumentos de esta ciudad santa. El papel de Astart\u00e9 en el Antiguo Egipto est\u00e1 bien documentado. A partir de peque\u00f1os fragmentos de la \u00e9poca de Rams\u00e9s II (1304-1237 a. C.), es evidente el papel de Astart\u00e9 como patrona de los viajes al extranjero. En un fragmento se establece claramente el papel de Astart\u00e9 como patrona de la marinera:<\/p>\n<p style=\"padding-left: 30px;\"><strong><em> . . . He aqu\u00ed, Astart\u00e9 habita en la regi\u00f3n del mar. . .\u201d<\/em><\/strong><\/p>\n<p>Para no dejar dudas sobre su origen egipcio, Astarte siempre es retratada en su forma egipcia con una media luna y un disco en su tocado.<\/p>\n<p>En otro fragmento, Renenutet se dirige a Astarte:<\/p>\n<p style=\"padding-left: 30px;\"><strong><em>He aqu\u00ed, si le ofreces tributo, tendr\u00e1 misericordia de ti.<\/em><\/strong><br \/>\n<strong><em>El e. . .Por tanto, dadle su tributo en plata, oro, lapisl\u00e1zuli.<\/em><\/strong><br \/>\n<strong><em>l\u00e1zuli y. . . madera.<\/em><\/strong><br \/>\n<strong><em>Y ella dijo a la En\u00e9ada de dioses:<\/em><\/strong><br \/>\n<strong><em>. . . el tributo del mar; que \u00e9l nos escuche. . .<br \/>\n<\/em><\/strong><\/p>\n<p>Durante (y despu\u00e9s) de los tiempos turbulentos de la Reconquista, muchas personas huyeron de la Pen\u00ednsula Ib\u00e9rica al norte de \u00c1frica, Egipto y Francia. El festival m\u00e1s destacado del sur de Francia lo celebran los roman\u00edes (egipcios) a orillas del mar Mediterr\u00e1neo, hacia finales de la primavera. El destino de peregrinaci\u00f3n es la Iglesia de <strong>Notre-Dame de La Mer<\/strong>.<\/p>\n<p>El nombre de la iglesia en el idioma egipcio antiguo significa: Notre (nuestra santa\/diosa), Dame (Da-me significa &#039;la madre&#039;), de La Mer (significa cuerpo de agua\/mar, lo mismo que en espa\u00f1ol).<\/p>\n<p>Esta peregrinaci\u00f3n roman\u00ed al sitio de esta iglesia es la m\u00e1s antigua de Francia.<\/p>\n<p>La tradici\u00f3n \u201chist\u00f3rica\u201d asociada con esta fiesta roman\u00ed ten\u00eda una s\u00f3lida conexi\u00f3n con Egipto. Seg\u00fan la tradici\u00f3n, una doncella egipcia de piel oscura llamada Santa Sara lleg\u00f3 en un peque\u00f1o barco sin remos ni vela, junto con dos doncellas de piel blanca que se llaman Mar\u00eda Salom\u00e9 y Mar\u00eda Jacobe. Se dice que su barco aterriz\u00f3 en esta parte de la costa mediterr\u00e1nea, despu\u00e9s de haber navegado a la deriva a trav\u00e9s del mar Mediterr\u00e1neo, alrededor del a\u00f1o 42 d.C.<\/p>\n<p>Tambi\u00e9n es significativo el \u201cnombre\u201d del personaje central de este festival. Su nombre, Sarah, es una palabra del Antiguo Egipto que es la forma femenina de Sar, que equivale a una persona de estatus alto\/noble. Por lo tanto, Sara se refiere a <strong><em>dama noble<\/em><\/strong>, en el idioma del Antiguo Egipto. En las tradiciones del Antiguo Egipto, Santa Sara es Hathor, patrona de los viajeros por el agua. Su nombre, Sarah, es coherente con su ser. <strong><em>Nuestra Santa Madre del Mar<\/em><\/strong>, como se indic\u00f3 anteriormente.<\/p>\n<p>En muchos lugares se encuentran relatos similares de un arca que lleg\u00f3 a las costas de la Pen\u00ednsula Ib\u00e9rica. Estos relatos se encuentran, entre otros lugares, en Elche, Espa\u00f1a y Santiago de Compostela.<\/p>\n<p>No es casualidad que el tema de una santa (mujer) y sus dos \u00e1ngeles guardianes (Mar\u00eda Salom\u00e9 y Mar\u00eda Jacobe) que encontramos en el sur de Francia tambi\u00e9n se encuentre en Elche y en numerosos lugares donde estas personas de piel oscura\/bronceada, descendientes de los faraones egipcios\u2014se encuentran.<\/p>\n<p>Las \u201cDos Mar\u00edas\u201d son las hermanas gemelas Isis y Neftis, los dos \u00e1ngeles gu\u00eda que las acompa\u00f1an y que se describieron anteriormente en este libro.<\/p>\n<p>&nbsp;<\/p>\n<p><span style=\"color: #ff0000;\"><strong>[Un extracto de Isis: <\/strong><\/span><strong>La divina hembra<\/strong><span style=\"color: #ff0000;\"><strong> por Moustafa Gadalla]<br \/>\n<a href=\"https:\/\/egyptianwisdomcenter.org\/es\/producto\/isis-la-divina-hembra\/\"><span style=\"color: #0000ff;\">https:\/\/egyptianwisdomcenter.org\/product\/isis-la-femina-divina\/<\/span><\/a><\/strong><\/span><\/p>\n<p><img decoding=\"async\" class=\"aligncenter\" src=\"https:\/\/egyptianwisdomcenter.org\/wp-content\/uploads\/2023\/01\/isis-la-femina-divina-2.jpg\" \/><\/p>\n<p style=\"text-align: center;\"><a href=\"https:\/\/egyptianwisdomcenter.org\/es\/producto\/isis-la-divina-hembra\/\"><span style=\"color: #ff0000;\"><strong><span style=\"color: #0000ff;\">https:\/\/egyptianwisdomcenter.org\/product\/isis-la-femina-divina\/<\/span><\/strong><\/span><\/a><\/p>\n<p>&nbsp;<\/p>\n<p>&nbsp;<\/p>\n<p><span style=\"color: #ff0000;\"><strong>[Un extracto de Roman\u00ed egipcio: La esencia de Hispania, 2\u00aa edici\u00f3n de Moustafa Gadalla]<\/strong><\/span><\/p>\n<p><a href=\"https:\/\/egyptianwisdomcenter.org\/es\/producto\/egyptian-romany-the-essence-of-hispania-2nd-edition\/\"><span style=\"color: #ff0000;\"><strong><span style=\"color: #0000ff;\">https:\/\/egyptianwisdomcenter.org\/wp-content\/uploads\/2023\/01\/romanies-egipcios-la-esencia-de-hispania-1.jpg<\/span><\/strong><\/span><\/a><\/p>\n<p><img decoding=\"async\" class=\"aligncenter\" src=\"https:\/\/books2read-prod.s3.amazonaws.com\/CACHE\/images\/ubl_book_images\/book_display_image_qaPDJrL\/0f50e50083bd15df18e00383d25e0605\" \/><\/p>\n<div dir=\"auto\">\n<p style=\"text-align: center;\"><a href=\"https:\/\/egyptianwisdomcenter.org\/es\/producto\/egyptian-romany-the-essence-of-hispania-2nd-edition\/\"><span style=\"color: #ff0000;\"><strong><span style=\"color: #0000ff;\">https:\/\/egyptianwisdomcenter.org\/wp-content\/uploads\/2023\/01\/romanies-egipcios-la-esencia-de-hispania-1.jpg<\/span><\/strong><\/span><\/a><\/p>\n<\/div>","protected":false},"excerpt":{"rendered":"<p>Our (Holy) Lady Of The Sea &#8211; \u00a0Notre Dame De La Mer &nbsp; As the model for cosmic nourishment of all kinds, [&hellip;]<\/p>","protected":false},"author":3,"featured_media":0,"parent":0,"menu_order":0,"comment_status":"closed","ping_status":"closed","template":"","meta":{"footnotes":""},"class_list":["post-189","page","type-page","status-publish","hentry"],"aioseo_notices":[],"_links":{"self":[{"href":"https:\/\/egyptianwisdomcenter.org\/es\/wp-json\/wp\/v2\/pages\/189","targetHints":{"allow":["GET"]}}],"collection":[{"href":"https:\/\/egyptianwisdomcenter.org\/es\/wp-json\/wp\/v2\/pages"}],"about":[{"href":"https:\/\/egyptianwisdomcenter.org\/es\/wp-json\/wp\/v2\/types\/page"}],"author":[{"embeddable":true,"href":"https:\/\/egyptianwisdomcenter.org\/es\/wp-json\/wp\/v2\/users\/3"}],"replies":[{"embeddable":true,"href":"https:\/\/egyptianwisdomcenter.org\/es\/wp-json\/wp\/v2\/comments?post=189"}],"version-history":[{"count":0,"href":"https:\/\/egyptianwisdomcenter.org\/es\/wp-json\/wp\/v2\/pages\/189\/revisions"}],"wp:attachment":[{"href":"https:\/\/egyptianwisdomcenter.org\/es\/wp-json\/wp\/v2\/media?parent=189"}],"curies":[{"name":"wp","href":"https:\/\/api.w.org\/{rel}","templated":true}]}}