{"id":190,"date":"2018-10-30T00:00:00","date_gmt":"2018-10-30T04:00:00","guid":{"rendered":"http:\/\/egyptianwisdomcenter.org\/nut-the-spirit-of-the-sky\/"},"modified":"2023-01-02T11:51:00","modified_gmt":"2023-01-02T16:51:00","slug":"nut-the-spirit-of-the-sky-2","status":"publish","type":"page","link":"https:\/\/egyptianwisdomcenter.org\/es\/tuerca-el-espiritu-del-cielo-2\/","title":{"rendered":"Nut - El esp\u00edritu del cielo"},"content":{"rendered":"<h2 style=\"text-align: center;\"><span style=\"color: #ff0000;\"><strong>Nut - El esp\u00edritu del cielo<\/strong><\/span><\/h2>\n<p>&nbsp;<\/p>\n<p>En su papel de firmamento, Isis es reconocida como <strong>Tuerca<\/strong>.<\/p>\n<p><a href=\"http:\/\/egyptianwisdomcenter.org\/wp-content\/uploads\/2019\/02\/isis-ch6-photo8-96c.jpg\"><img fetchpriority=\"high\" decoding=\"async\" class=\"size-full wp-image-590 aligncenter\" src=\"http:\/\/egyptianwisdomcenter.org\/wp-content\/uploads\/2019\/02\/isis-ch6-photo8-96c.jpg\" alt=\"\" width=\"192\" height=\"304\" \/><\/a><\/p>\n<p>La nuez est\u00e1 asociada con muchas funciones relacionadas, tales como:<\/p>\n<p style=\"padding-left: 30px;\">A. El firmamento del cielo<\/p>\n<p style=\"padding-left: 30px;\">B. Nut y Geb: la esfera celeste<\/p>\n<p style=\"padding-left: 30px;\">C. Nut El cielo estrellado astron\u00f3mico celestial, en lo que se refiere a:<\/p>\n<p style=\"padding-left: 60px;\">\u2013 principios sol\/solar y luna\/lunar<br \/>\n\u2013 ciclo zodiacal<\/p>\n<p style=\"padding-left: 30px;\"><span style=\"color: #ff0000;\">D.<\/span> <span style=\"color: #ff0000;\">Nut el Esp\u00edritu del Cielo; como estar presente en:<\/span><\/p>\n<p style=\"padding-left: 60px;\"><span style=\"color: #ff0000;\">\u2013 ata\u00fades y tapas de ata\u00fades<\/span><br \/>\n<span style=\"color: #ff0000;\">\u2013 C\u00e1maras funerarias<\/span><br \/>\n<span style=\"color: #ff0000;\">\u2013 \u00c1rbol de la vida Nutrici\u00f3n y Renacimiento<\/span><\/p>\n<h3><strong><span style=\"color: #ff0000;\">D.<\/span> <span style=\"color: #ff0000;\">Nut El Esp\u00edritu Del Cielo <\/span><\/strong><\/h3>\n<p>Nut como el Esp\u00edritu del Cielo est\u00e1 representado de manera destacada en los lugares de descanso de los antiguos egipcios, en c\u00e1maras funerarias, ata\u00fades y tapas de ata\u00fades.<\/p>\n<p><a href=\"http:\/\/egyptianwisdomcenter.org\/wp-content\/uploads\/2019\/02\/isis-ch6-photo11-96c.jpg\"><img decoding=\"async\" class=\"size-full wp-image-593 aligncenter\" src=\"http:\/\/egyptianwisdomcenter.org\/wp-content\/uploads\/2019\/02\/isis-ch6-photo11-96c.jpg\" alt=\"\" width=\"300\" height=\"108\" \/><\/a><\/p>\n<p>&nbsp;<\/p>\n<p><a href=\"http:\/\/egyptianwisdomcenter.org\/wp-content\/uploads\/2019\/02\/isis-ch6-photo12-96c.jpg\"><img decoding=\"async\" class=\"size-full wp-image-594 aligncenter\" src=\"http:\/\/egyptianwisdomcenter.org\/wp-content\/uploads\/2019\/02\/isis-ch6-photo12-96c.jpg\" alt=\"\" width=\"307\" height=\"106\" \/><\/a><\/p>\n<p>&nbsp;<\/p>\n<p>Y aqu\u00ed, en las c\u00e1maras de la tumba:<\/p>\n<p><a href=\"http:\/\/egyptianwisdomcenter.org\/wp-content\/uploads\/2019\/02\/isis-ch6-photo13-96c.jpg\"><img loading=\"lazy\" decoding=\"async\" class=\"size-full wp-image-595 aligncenter\" src=\"http:\/\/egyptianwisdomcenter.org\/wp-content\/uploads\/2019\/02\/isis-ch6-photo13-96c.jpg\" alt=\"\" width=\"221\" height=\"292\" \/><\/a><\/p>\n<p>&nbsp;<\/p>\n<p><a href=\"http:\/\/egyptianwisdomcenter.org\/wp-content\/uploads\/2019\/02\/isis-ch6-photo14-96c.jpg\"><img loading=\"lazy\" decoding=\"async\" class=\"wp-image-596 aligncenter\" src=\"http:\/\/egyptianwisdomcenter.org\/wp-content\/uploads\/2019\/02\/isis-ch6-photo14-96c.jpg\" alt=\"\" width=\"261\" height=\"186\" \/><\/a><\/p>\n<p>&nbsp;<\/p>\n<p><a href=\"http:\/\/egyptianwisdomcenter.org\/wp-content\/uploads\/2019\/02\/isis-ch6-photo15-96c.jpg\"><img loading=\"lazy\" decoding=\"async\" class=\"wp-image-597 aligncenter\" src=\"http:\/\/egyptianwisdomcenter.org\/wp-content\/uploads\/2019\/02\/isis-ch6-photo15-96c.jpg\" alt=\"\" width=\"275\" height=\"193\" \/><\/a><\/p>\n<p>Como esp\u00edritu maternal nutritivo del cielo, Nut brota del \u00e1rbol de la vida para ofrecer a las almas de los difuntos un alimento metaf\u00edsico eterno.<\/p>\n<p><a href=\"http:\/\/egyptianwisdomcenter.org\/wp-content\/uploads\/2019\/02\/isis-ch6-photo-55-96c.jpg\"><img loading=\"lazy\" decoding=\"async\" class=\"size-full wp-image-637 aligncenter\" src=\"http:\/\/egyptianwisdomcenter.org\/wp-content\/uploads\/2019\/02\/isis-ch6-photo-55-96c.jpg\" alt=\"\" width=\"288\" height=\"203\" \/><\/a><\/p>\n<p>&nbsp;<\/p>\n<p><span style=\"color: #ff0000;\"><strong>[Un extracto de<\/strong><\/span> <strong>Isis: La Divina Hembra<\/strong><span style=\"color: #ff0000;\"><strong> por Moustafa Gadalla]<br \/>\n<a href=\"https:\/\/egyptianwisdomcenter.org\/es\/producto\/isis-la-divina-hembra\/\"><span style=\"color: #0000ff;\">https:\/\/egyptianwisdomcenter.org\/product\/isis-la-femina-divina\/<\/span><\/a><\/strong><\/span><\/p>\n<p><img decoding=\"async\" class=\"aligncenter\" src=\"https:\/\/egyptianwisdomcenter.org\/wp-content\/uploads\/2023\/01\/isis-la-femina-divina-2.jpg\" \/><\/p>\n<div dir=\"auto\">\n<p style=\"text-align: center;\"><a href=\"https:\/\/egyptianwisdomcenter.org\/es\/producto\/isis-la-divina-hembra\/\"><span style=\"color: #ff0000;\"><strong><span style=\"color: #0000ff;\">https:\/\/egyptianwisdomcenter.org\/product\/isis-la-femina-divina\/<\/span><\/strong><\/span><\/a><\/p>\n<\/div>","protected":false},"excerpt":{"rendered":"<p>Nut &#8212; The Spirit Of The Sky &nbsp; In her role as the firmament, Isis is recognized as Nut. Nut is associated [&hellip;]<\/p>","protected":false},"author":3,"featured_media":0,"parent":0,"menu_order":0,"comment_status":"closed","ping_status":"closed","template":"","meta":{"footnotes":""},"class_list":["post-190","page","type-page","status-publish","hentry"],"aioseo_notices":[],"_links":{"self":[{"href":"https:\/\/egyptianwisdomcenter.org\/es\/wp-json\/wp\/v2\/pages\/190","targetHints":{"allow":["GET"]}}],"collection":[{"href":"https:\/\/egyptianwisdomcenter.org\/es\/wp-json\/wp\/v2\/pages"}],"about":[{"href":"https:\/\/egyptianwisdomcenter.org\/es\/wp-json\/wp\/v2\/types\/page"}],"author":[{"embeddable":true,"href":"https:\/\/egyptianwisdomcenter.org\/es\/wp-json\/wp\/v2\/users\/3"}],"replies":[{"embeddable":true,"href":"https:\/\/egyptianwisdomcenter.org\/es\/wp-json\/wp\/v2\/comments?post=190"}],"version-history":[{"count":0,"href":"https:\/\/egyptianwisdomcenter.org\/es\/wp-json\/wp\/v2\/pages\/190\/revisions"}],"wp:attachment":[{"href":"https:\/\/egyptianwisdomcenter.org\/es\/wp-json\/wp\/v2\/media?parent=190"}],"curies":[{"name":"wp","href":"https:\/\/api.w.org\/{rel}","templated":true}]}}