{"id":230,"date":"2018-10-30T00:00:00","date_gmt":"2018-10-30T04:00:00","guid":{"rendered":"http:\/\/egyptianwisdomcenter.org\/the-golden-goal-alchemy\/"},"modified":"2023-01-02T12:06:22","modified_gmt":"2023-01-02T17:06:22","slug":"the-golden-goal-alchemy","status":"publish","type":"page","link":"https:\/\/egyptianwisdomcenter.org\/es\/la-alquimia-del-gol-de-oro\/","title":{"rendered":"El objetivo de oro: la alquimia"},"content":{"rendered":"<h2 style=\"text-align: center;\"><span style=\"color: #ff0000;\"><strong>El objetivo de oro: la alquimia<\/strong><\/span><\/h2>\n<p>&nbsp;<\/p>\n<p>Alquimia significa el m\u00e9todo\/poder\/proceso de transmutaci\u00f3n de una cosa en algo mejor; simb\u00f3licamente, plomo en oro.<\/p>\n<p>El oro en la verdadera alquimia es una met\u00e1fora del logro espiritual supremo. El verdadero alquimista no estaba practicando una forma equivocada de qu\u00edmica, como les gusta creer a los cient\u00edficos modernos: estaba involucrado en una b\u00fasqueda espiritual para transformar la materia densa (plomo) en un veh\u00edculo para el esp\u00edritu (oro).<\/p>\n<p>Esta tradici\u00f3n alquimista\/suf\u00ed, de transformar la materia en oro, es de origen del Antiguo Egipto, como se refleja en su lenguaje de la siguiente manera:<\/p>\n<p>\u2013 La materia ca\u00f3tica en el idioma egipcio se llama <em><strong>Ben,<\/strong><\/em> que tiene varios significados relacionados: <em>la piedra primordial, el mont\u00edculo de la creaci\u00f3n, el primer estado de la materia, oposici\u00f3n\/negaci\u00f3n, no es, no hay, y multiplicidad.<\/em><\/p>\n<p>\u2013 La imagen especular de <em><strong>ben<\/strong><\/em> es <em><strong>Nebraska<\/strong><\/em> (Ben escrito al rev\u00e9s), que tambi\u00e9n tiene varios significados relacionados: <em>oro<\/em> (tradicionalmente, el producto final acabado y perfeccionado: el objetivo del alquimista),<em> se\u00f1or, amo, todo, afirmaci\u00f3n y puro.<\/em><\/p>\n<p>Thoth, el neter (dios) del antiguo Egipto, es reconocido por todos los escritores suf\u00edes tempranos (y posteriores) como el modelo antiguo de la alquimia, el misticismo y todos los temas relacionados. El conocido escritor suf\u00ed Idries Shah admite el papel de Egipto a trav\u00e9s de Thoth y Dhu&#039;I-Nun en el sufismo y la alquimia de la siguiente manera:<\/p>\n<p style=\"padding-left: 30px;\"><strong><em>&quot;. . . La tradici\u00f3n alqu\u00edmica vino de Egipto directamente de los escritos de Thoth.<\/em><\/strong><br \/>\n<strong><em> . . . Seg\u00fan la tradici\u00f3n suf\u00ed, la tradici\u00f3n se transmiti\u00f3 a trav\u00e9s de Dhu&#039;i-Nun el egipcio, el rey o se\u00f1or de los peces, uno de los maestros suf\u00edes cl\u00e1sicos m\u00e1s famosos. [Los suf\u00edes, 1964]<\/em><\/strong><\/p>\n<p>El nombre de Thoth aparece entre los antiguos maestros de lo que ahora se llama el <em>Camino de los suf\u00edes<\/em>. En otras palabras: tanto los suf\u00edes como los alquimistas reconocen a Thoth como el fundamento de su conocimiento.<\/p>\n<p>Idries Shah tambi\u00e9n hace una referencia directa al historiador \u00e1rabe espa\u00f1ol Said de Toledo (fallecido en 1069), quien da esta tradici\u00f3n del Antiguo Egipto Thoth:<\/p>\n<p style=\"padding-left: 30px;\"><strong><em>\u201cLos sabios afirman que todas las ciencias antediluvianas se originan en el Hermes egipcio [Thoth], en el Alto Egipto (es decir, Khmunu (Herm\u00f3polis)). Los jud\u00edos lo llaman Enoc y los musulmanes Idris. Fue el primero que habl\u00f3 de la materia del mundo superior y de los movimientos planetarios. . . La medicina y la poes\u00eda eran sus funciones. . . [as\u00ed como] las ciencias, incluidas la alquimia y la magia<\/em><\/strong>. [Cfr. As\u00edn Palacios, Ibn Masarra, p. 13] Masarra significa egipcio<\/p>\n<p>El misticismo egipcio abarca b\u00e1sicamente dos tipos de experiencia espiritual:<\/p>\n<ol>\n<li>Una b\u00fasqueda del autodesarrollo espiritual en forma de autocontrol \u00e9tico y percepci\u00f3n religiosa personal mundana. El aspirante que es capaz de purificarse est\u00e1 listo ahora para la segunda b\u00fasqueda.<\/li>\n<li>La b\u00fasqueda de encontrar a Dios en el mundo manifestado as\u00ed como encontrar el mundo manifestado en Dios. Esto se logra adquiriendo conocimiento mediante el uso tanto del intelecto como de la intuici\u00f3n para trascender las limitaciones de nuestros sentidos humanos.<\/li>\n<\/ol>\n<p>[Informaci\u00f3n m\u00e1s detallada sobre este tema en <span style=\"color: #ff0000;\"><strong>M\u00edsticos egipcios: buscadores del camino de Moustafa Gadalla<\/strong><\/span>]<\/p>\n<p>&nbsp;<\/p>\n<p>&nbsp;<\/p>\n<p><span style=\"color: #ff0000;\"><strong>[Un extracto de]<\/strong><\/span><\/p>\n<p><img decoding=\"async\" class=\"aligncenter\" src=\"https:\/\/egyptianwisdomcenter.org\/wp-content\/uploads\/2023\/01\/cosmologia-egipcia-el-universo-animado-tercera-edicion-1.jpg\" \/><\/p>\n<hr \/>\n<p>&nbsp;<\/p>\n<div dir=\"auto\">\n<div dir=\"auto\">\n<div dir=\"auto\">\n<p><span style=\"color: #ff0000;\"><strong>[<\/strong><\/span><strong>M\u00edsticos egipcios: buscadores del camino, segunda edici\u00f3n<\/strong><span style=\"color: #ff0000;\"><strong> por Moustafa Gadalla]<br \/>\n<a href=\"https:\/\/egyptianwisdomcenter.org\/es\/producto\/misticos-egipcios-buscadores-del-camino-2da-edicion\/\"><span style=\"color: #0000ff;\">https:\/\/egyptianwisdomcenter.org\/product\/egyptian-mystics-seekers-of-the-way-2nd-edition\/<\/span><\/a><br \/>\n<\/strong><\/span><\/p>\n<p><img decoding=\"async\" class=\"aligncenter\" src=\"https:\/\/books2read-prod.s3.amazonaws.com\/CACHE\/images\/ubl_book_images\/book_display_image_zMMju8w\/f91add1cabf1165dc68c4ea720a7e73c\" \/><\/p>\n<div dir=\"auto\" style=\"text-align: center;\"><a href=\"https:\/\/egyptianwisdomcenter.org\/es\/producto\/misticos-egipcios-buscadores-del-camino-2da-edicion\/\"><span style=\"color: #ff0000;\"><strong><span style=\"color: #0000ff;\">https:\/\/egyptianwisdomcenter.org\/product\/egyptian-mystics-seekers-of-the-way-2nd-edition\/<\/span><\/strong><\/span><\/a><\/div>\n<\/div>\n<\/div>\n<\/div>","protected":false},"excerpt":{"rendered":"<p>The Golden Goal\u2014Alchemy &nbsp; Alchemy signifies the method\/power\/process of transmutation of one thing into something better\u2014symbolically, lead into gold. Gold in true [&hellip;]<\/p>","protected":false},"author":3,"featured_media":0,"parent":0,"menu_order":0,"comment_status":"closed","ping_status":"closed","template":"","meta":{"footnotes":""},"class_list":["post-230","page","type-page","status-publish","hentry"],"aioseo_notices":[],"_links":{"self":[{"href":"https:\/\/egyptianwisdomcenter.org\/es\/wp-json\/wp\/v2\/pages\/230","targetHints":{"allow":["GET"]}}],"collection":[{"href":"https:\/\/egyptianwisdomcenter.org\/es\/wp-json\/wp\/v2\/pages"}],"about":[{"href":"https:\/\/egyptianwisdomcenter.org\/es\/wp-json\/wp\/v2\/types\/page"}],"author":[{"embeddable":true,"href":"https:\/\/egyptianwisdomcenter.org\/es\/wp-json\/wp\/v2\/users\/3"}],"replies":[{"embeddable":true,"href":"https:\/\/egyptianwisdomcenter.org\/es\/wp-json\/wp\/v2\/comments?post=230"}],"version-history":[{"count":0,"href":"https:\/\/egyptianwisdomcenter.org\/es\/wp-json\/wp\/v2\/pages\/230\/revisions"}],"wp:attachment":[{"href":"https:\/\/egyptianwisdomcenter.org\/es\/wp-json\/wp\/v2\/media?parent=230"}],"curies":[{"name":"wp","href":"https:\/\/api.w.org\/{rel}","templated":true}]}}