{"id":248,"date":"2018-11-02T00:00:00","date_gmt":"2018-11-02T04:00:00","guid":{"rendered":"http:\/\/egyptianwisdomcenter.org\/the-function-objective-of-the-temple\/"},"modified":"2023-02-14T19:22:31","modified_gmt":"2023-02-15T00:22:31","slug":"the-function-objective-of-the-temple-2","status":"publish","type":"page","link":"https:\/\/egyptianwisdomcenter.org\/es\/la-funcion-objetivo-del-templo-2\/","title":{"rendered":"La funci\u00f3n\/objetivo del templo"},"content":{"rendered":"<h2 style=\"text-align: center;\"><span style=\"color: #ff0000;\"><strong>La funci\u00f3n\/objetivo del templo<\/strong><\/span><\/h2>\n<p>&nbsp;<\/p>\n<p>Es una tendencia com\u00fan ignorar la funci\u00f3n religiosa de los templos del Antiguo Egipto. M\u00e1s bien, se los ve simplemente como una galer\u00eda de arte y\/o un juego de formas frente a una vaga presentaci\u00f3n hist\u00f3rica.<\/p>\n<p>En realidad, el templo egipcio era el v\u00ednculo \u2013la media proporcional\u2013 entre el macrocosmos (el mundo) y el microcosmos (el hombre). Era un escenario en el que se realizaban reuniones entre los neteru (dioses\/diosas) y el rey, como representante del pueblo. Debemos intentar verlo como la relaci\u00f3n entre forma y funci\u00f3n.<\/p>\n<p>El templo egipcio era una m\u00e1quina para generar y mantener la energ\u00eda divina en beneficio de todos. Era el lugar en el que la energ\u00eda c\u00f3smica de los neteru (dioses\/diosas) vino a morar e irradiar sus energ\u00edas a la tierra y a la gente.<\/p>\n<p>Como se describe en varios textos del Antiguo Egipto, el templo o pil\u00f3n es:<\/p>\n<p style=\"padding-left: 30px;\"><strong><em>\u2026como las columnas del cielo, [un templo] como los cielos, sostenidos sobre sus cuatro columnas\u2026 brillando como el horizonte del cielo\u2026 un lugar de residencia para el se\u00f1or de neteru\u2026<\/em><\/strong><\/p>\n<p>El poder armonioso de los planos del templo, las im\u00e1genes grabadas en las paredes y las formas de adoraci\u00f3n conduc\u00edan todos al mismo objetivo; un objetivo que era espiritual (ya que implicaba poner en movimiento fuerzas sobrehumanas) y pr\u00e1ctico (ya que el resultado final esperado era el mantenimiento de la prosperidad del pa\u00eds).<\/p>\n<p>Por lo tanto, el templo egipcio no era un lugar de culto p\u00fablico en nuestra comprensi\u00f3n \u201cmoderna\u201d. Estos lugares verdaderamente divinos s\u00f3lo eran accesibles al sacerdocio, que pod\u00eda entrar en los santuarios interiores donde se realizaban los ritos y ceremonias sagrados. En algunos casos, s\u00f3lo el propio Rey o su sustituto autorizado ten\u00edan permiso para entrar.<\/p>\n<p>El p\u00fablico en general participaba en los numerosos grandes festivales y celebraciones que se celebraban fuera de los templos en honor a diversas deidades. La participaci\u00f3n p\u00fablica era un deber de todos y un aspecto esencial en el proceso de \u201cculto\u201d para mantener la armon\u00eda universal. [Para obtener m\u00e1s informaci\u00f3n, consulte <em>M\u00edsticos egipcios: buscadores del camino<\/em>, por Moustafa Gadalla.]<\/p>\n<p>En general, el templo egipcio estaba rodeado por un enorme muro de adobe. Este muro aislaba el templo de su entorno, que representaba simb\u00f3licamente las fuerzas del caos. Metaf\u00f3ricamente, el barro result\u00f3 de la uni\u00f3n del cielo y la tierra. Por lo tanto, la pared de ladrillos normalmente estaba dispuesta en hileras onduladas para simbolizar las aguas primitivas, representando la primera etapa de la creaci\u00f3n.<\/p>\n<p><a href=\"http:\/\/egyptianwisdomcenter.org\/wp-content\/uploads\/2019\/02\/aecr-ch7-1-300c-1.jpg\"><img decoding=\"async\" class=\"size-medium wp-image-950 aligncenter\" src=\"http:\/\/egyptianwisdomcenter.org\/wp-content\/uploads\/2019\/02\/aecr-ch7-1-300c-1-149x300.jpg\" alt=\"\" width=\"149\" height=\"300\" \/><\/a><\/p>\n<p>Los muros exteriores del templo parec\u00edan una fortaleza, para defenderlo de todas las formas del mal. Se entraba al templo a trav\u00e9s de dos pilones; m\u00e1s all\u00e1 del cual hab\u00eda un tribunal abierto. Este patio a veces ten\u00eda columnatas a los lados y un altar en el medio. Luego, a lo largo del eje del templo, vino el hip\u00f3stilo; una sala con columnas a menudo rodeada de peque\u00f1as habitaciones que se utilizaban para almacenar el equipo del templo y para otras funciones secundarias. Finalmente estaba el santuario, que era una habitaci\u00f3n oscura que conten\u00eda el santuario donde se colocaba la figura del neter. Las puertas del santuario estaban cerradas y selladas durante todo el a\u00f1o, y s\u00f3lo se abr\u00edan durante las grandes fiestas. El santuario se llamaba Gran Trono. Fuera de los muros del templo se encontraban las residencias del personal sacerdotal y los talleres, almacenes y otras estructuras auxiliares.<\/p>\n<p>&nbsp;<\/p>\n<p><span style=\"color: #ff0000;\"><strong>[Un extracto de <\/strong><\/span><strong>La arquitectura metaf\u00edsica del Antiguo Egipto por Moustafa Gadalla<\/strong><span style=\"color: #ff0000;\"><strong>]<br \/>\n<a href=\"https:\/\/egyptianwisdomcenter.org\/es\/producto\/la-arquitectura-metafisica-del-antiguo-egipto-2\/\"><span style=\"color: #0000ff;\">https:\/\/egyptianwisdomcenter.org\/product\/the-ancient-egyptian-metaphysical-architecture\/<\/span><\/a><br \/>\n<\/strong><\/span><\/p>\n<p><img decoding=\"async\" class=\"aligncenter\" src=\"https:\/\/books2read-prod.s3.amazonaws.com\/CACHE\/images\/ubl_book_images\/book_display_image_DzTMfrV\/372fcbccd1ea208063914bdc7d930cad\" \/><\/p>\n<p style=\"text-align: center;\"><a href=\"https:\/\/egyptianwisdomcenter.org\/es\/producto\/la-arquitectura-metafisica-del-antiguo-egipto-2\/\"><span style=\"color: #ff0000;\"><strong><span style=\"color: #0000ff;\">https:\/\/egyptianwisdomcenter.org\/product\/the-ancient-egyptian-metaphysical-architecture\/<\/span><\/strong><\/span><\/a><\/p>","protected":false},"excerpt":{"rendered":"<p>The Function\/Objective Of The Temple &nbsp; It is the common tendency to ignore the religious function of Ancient Egyptian temples. Instead, they [&hellip;]<\/p>","protected":false},"author":3,"featured_media":0,"parent":0,"menu_order":0,"comment_status":"closed","ping_status":"closed","template":"","meta":{"footnotes":""},"class_list":["post-248","page","type-page","status-publish","hentry"],"aioseo_notices":[],"_links":{"self":[{"href":"https:\/\/egyptianwisdomcenter.org\/es\/wp-json\/wp\/v2\/pages\/248","targetHints":{"allow":["GET"]}}],"collection":[{"href":"https:\/\/egyptianwisdomcenter.org\/es\/wp-json\/wp\/v2\/pages"}],"about":[{"href":"https:\/\/egyptianwisdomcenter.org\/es\/wp-json\/wp\/v2\/types\/page"}],"author":[{"embeddable":true,"href":"https:\/\/egyptianwisdomcenter.org\/es\/wp-json\/wp\/v2\/users\/3"}],"replies":[{"embeddable":true,"href":"https:\/\/egyptianwisdomcenter.org\/es\/wp-json\/wp\/v2\/comments?post=248"}],"version-history":[{"count":0,"href":"https:\/\/egyptianwisdomcenter.org\/es\/wp-json\/wp\/v2\/pages\/248\/revisions"}],"wp:attachment":[{"href":"https:\/\/egyptianwisdomcenter.org\/es\/wp-json\/wp\/v2\/media?parent=248"}],"curies":[{"name":"wp","href":"https:\/\/api.w.org\/{rel}","templated":true}]}}