{"id":250,"date":"2018-11-02T00:00:00","date_gmt":"2018-11-02T04:00:00","guid":{"rendered":"http:\/\/egyptianwisdomcenter.org\/the-harmonic-design-parameters\/"},"modified":"2023-02-14T19:44:01","modified_gmt":"2023-02-15T00:44:01","slug":"the-harmonic-design-parameters-2","status":"publish","type":"page","link":"https:\/\/egyptianwisdomcenter.org\/es\/los-parametros-de-diseno-armonicos-2\/","title":{"rendered":"Los par\u00e1metros de dise\u00f1o arm\u00f3nico"},"content":{"rendered":"<h2 style=\"text-align: center;\"><span style=\"color: #0000ff;\"><strong>Los par\u00e1metros de dise\u00f1o arm\u00f3nico<\/strong><\/span><\/h2>\n<p>&nbsp;<\/p>\n<p>El dise\u00f1o arm\u00f3nico en la arquitectura del Antiguo Egipto se logr\u00f3 mediante la unificaci\u00f3n de dos sistemas:<\/p>\n<p style=\"padding-left: 30px;\"><span style=\"color: #ff0000;\">1. Aritm\u00e9tica (n\u00fameros significativos).<\/span><\/p>\n<p style=\"padding-left: 30px;\"><span style=\"color: #ff0000;\">2. Gr\u00e1fico (cuadrado, rect\u00e1ngulos y algunos tri\u00e1ngulos).<\/span><\/p>\n<p>La uni\u00f3n de los dos sistemas refleja la relaci\u00f3n de las partes con el todo, que es la esencia del dise\u00f1o arm\u00f3nico.<\/p>\n<p>Esta uni\u00f3n de aritm\u00e9tica y dise\u00f1o gr\u00e1fico sigue los elementos que se describen a continuaci\u00f3n.<\/p>\n<p><span style=\"color: #ff0000;\"><strong>1. El Sistema Aritm\u00e9tico Constaba De:<\/strong><\/span><\/p>\n<p><span style=\"text-decoration: underline;\"><strong>1-a. Los ejes activos<\/strong><\/span><\/p>\n<p>Un eje es una l\u00ednea imaginaria e ideal alrededor de la cual gira un cuerpo en movimiento. En geometr\u00eda, un eje es igualmente imaginario: una l\u00ednea sin espesor.<\/p>\n<p>El templo egipcio era considerado como una unidad viva y org\u00e1nica. Est\u00e1 en constante movimiento; sus intrincados alineamientos y sus m\u00faltiples asimetr\u00edas lo hacen oscilar alrededor de sus ejes. Este movimiento se produce dentro de un ritmo dado por el \u201cm\u00f3dulo\u201d o coeficiente particular de la cosa o idea a definir.<\/p>\n<p>El dise\u00f1o arquitect\u00f3nico del antiguo Egipto destaca por su fuerte simetr\u00eda aparente alrededor de un eje longitudinal. Este es el resultado del conocimiento de las leyes c\u00f3smicas del Antiguo Egipto. El dise\u00f1ador egipcio reflej\u00f3 esta ligera asimetr\u00eda c\u00f3smica al asegurarse de que los elementos a ambos lados del eje no sean exactamente id\u00e9nticos entre s\u00ed. Si bien la mayor\u00eda de ellos est\u00e1n equilibrados, los elementos no son sim\u00e9tricos. A continuaci\u00f3n se muestran dos ejemplos de ejes definidos en dibujos del Antiguo Egipto.<\/p>\n<p><img decoding=\"async\" class=\"aligncenter\" src=\"http:\/\/egyptianwisdomcenter.org\/wp-content\/uploads\/2019\/02\/axis-e1521047516378.png\" \/><\/p>\n<p>La l\u00ednea del eje se puede encontrar en algunos dibujos arquitect\u00f3nicos recuperados o en bocetos sobre papiros y tablillas de diversas \u00e9pocas. Eran, presumiblemente, anotaciones de trabajadores y, a pesar de su prop\u00f3sito pr\u00e1ctico, todav\u00eda presentan la l\u00ednea del eje dibujada de la misma manera convencional que en los dibujos modernos.<\/p>\n<p>En los propios edificios, el eje est\u00e1 marcado por una l\u00ednea grabada en las piedras de la hilera superior de una losa de cimentaci\u00f3n, como en el caso del Templo de Luxor.<\/p>\n<p><span style=\"text-decoration: underline;\"><strong>1-b. Puntos significativos (a lo largo del eje)<\/strong><\/span><\/p>\n<p>Se determinaron puntos significativos a lo largo del eje de dise\u00f1o. Estos puntos marcan la intersecci\u00f3n con ejes transversales, la alineaci\u00f3n de una puerta central, la posici\u00f3n de un altar, el centro del santuario, etc. Estos puntos significativos siguen una progresi\u00f3n aritm\u00e9tica precisa. En muchos de los mejores planos, estos puntos significativos est\u00e1n a distancias arm\u00f3nicas entre s\u00ed, y sus distancias de un extremo al otro expresan las cifras de la Serie de Suma (llamada Fibonacci), 3, 5, 8, 13, 21. , 34, 55, 89, 144, 233, 377, 610,. . . El an\u00e1lisis arm\u00f3nico muestra una serie de puntos significativos legibles desde ambos extremos, es decir, si se invierte, un sistema de puntos significativos tambi\u00e9n corresponder\u00eda a la Serie con el punto de referencia comenzando en el extremo opuesto del plano.<\/p>\n<p>Un gran n\u00famero de series de resumen cristalizaron en los monumentos egipcios desde el Imperio Antiguo. El dise\u00f1o del templo piramidal de Jafra (Chefr\u00e9n) alcanza la cifra de 233 codos en su longitud total, medida desde la pir\u00e1mide, con una serie completa de DIEZ puntos significativos.<\/p>\n<p>El Templo de Karnak sigue las cifras de la Serie Sumatoria hasta 610 codos, es decir, DOCE puntos significativos. [Ver diagramas de ambos templos en el pr\u00f3ximo cap\u00edtulo].<\/p>\n<p><span style=\"color: #ff0000;\"><strong>2. El Sistema Gr\u00e1fico Consisti\u00f3 En:<\/strong><\/span><\/p>\n<p><span style=\"text-decoration: underline;\"><strong>2-a. Los tri\u00e1ngulos telesc\u00f3picos<\/strong><\/span><\/p>\n<p>La planta t\u00edpica del templo egipcio aumenta en ancho y alto desde el santuario hacia el frente. Esta delimitaci\u00f3n general se bas\u00f3 en un \u201csistema telesc\u00f3pico\u201d de dise\u00f1o desde el Reino Antiguo. El aumento de ancho se logr\u00f3 mediante el uso de tri\u00e1ngulos consecutivos de 1:2, 1:4 y 1:8 desde uno o m\u00e1s puntos significativos. [Ver diagrama del Templo de Karnak (parcial) a continuaci\u00f3n.]<\/p>\n<p><a href=\"https:\/\/pressbooks.com\/app\/uploads\/sites\/42617\/2015\/12\/telescopic-triangles.png\"><img fetchpriority=\"high\" decoding=\"async\" class=\"wp-image-318 size-full aligncenter\" src=\"http:\/\/egyptianwisdomcenter.org\/wp-content\/uploads\/2019\/02\/telescopic-triangles-e1521031649530.png\" alt=\"\" width=\"435\" height=\"555\" \/><\/a><\/p>\n<p>&nbsp;<\/p>\n<p>La misma configuraci\u00f3n telesc\u00f3pica se aplic\u00f3 al plano vertical, mediante el cual el piso del templo descend\u00eda y los techos ascend\u00edan hacia las torres del templo; como se muestra en varios templos en un cap\u00edtulo anterior de este libro.<\/p>\n<p><span style=\"text-decoration: underline;\"><strong>2-b. Los per\u00edmetros rectangulares<\/strong><\/span><\/p>\n<p>Los contornos generales horizontales y verticales son b\u00e1sicamente de forma rectangular, tanto para la planta general como para sus partes constitutivas. Las configuraciones m\u00e1s comunes que se utilizaron son:<\/p>\n<ul>\n<li>Un cuadrado simple, como el utilizado en el Templo Pir\u00e1mide de Khafra (Chephren) en Giza.<\/li>\n<\/ul>\n<ul>\n<li>Un cuadrado doble o un rect\u00e1ngulo de 1:2, como el complejo Zoser en Saqqara, el recinto interior de Karnak y la sala de festivales de Twt Homosis III.<\/li>\n<\/ul>\n<ul>\n<li>Rect\u00e1ngulos ra\u00edz: numerosos ejemplos [se muestran a continuaci\u00f3n].<\/li>\n<\/ul>\n<p><a href=\"http:\/\/egyptianwisdomcenter.org\/wp-content\/uploads\/2019\/02\/2rectangle.png\"><img decoding=\"async\" class=\"size-full wp-image-286 aligncenter\" src=\"http:\/\/egyptianwisdomcenter.org\/wp-content\/uploads\/2019\/02\/2rectangle.png\" alt=\"\" width=\"287\" height=\"264\" \/><\/a><\/p>\n<p>&nbsp;<\/p>\n<ul>\n<li>El Rect\u00e1ngulo Neb (Dorado), donde el \u201cvalor num\u00e9rico\u201d de la relaci\u00f3n entre los dos lados es igual a 1,618, numerosos ejemplos como el del Templo Pir\u00e1mide de Khafra en Giza [mostrado anteriormente].<\/li>\n<li><\/li>\n<\/ul>\n<h2><strong>\u00a0<span style=\"color: #0000ff;\">El plano vertical<\/span><\/strong><\/h2>\n<p>Los antiguos egipcios eran maestros tanto del principio vertical como de la l\u00ednea horizontal. Las alturas verticales siguieron el mismo aumento proporcional que los anchos horizontales a medida que se hac\u00edan adiciones al frente de los monumentos, un aspecto caracter\u00edstico de los templos egipcios.<\/p>\n<p>Los antiguos egipcios aplicaron la proporci\u00f3n arm\u00f3nica en las tres dimensiones, como por ejemplo:<\/p>\n<ul>\n<li>Las pir\u00e1mides (bases cuadradas y volumen triangular).<\/li>\n<\/ul>\n<ul>\n<li>Es sorprendente el caso de la Habitaci\u00f3n del Rey en la pir\u00e1mide de Keops (Khufu), que proporciona relaciones exactas para la gran diagonal en el espacio con respecto a la dimensi\u00f3n del lado. [Ver diagrama en el Cap\u00edtulo 11.]<\/li>\n<\/ul>\n<ul>\n<li>Pilones. [Ver diagrama en el Cap\u00edtulo 11.]<\/li>\n<\/ul>\n<ul>\n<li>Puertas\/portales\/portones. [Ver diagrama en el Cap\u00edtulo 11.]<\/li>\n<\/ul>\n<ul>\n<li>Las alturas verticales siguieron el mismo aumento proporcional que los anchos horizontales, a medida que se hac\u00edan adiciones en el frente de los monumentos, un aspecto caracter\u00edstico de los templos egipcios.<\/li>\n<\/ul>\n<p><strong>En el siguiente cap\u00edtulo de este libro se encuentran varias aplicaciones del dise\u00f1o arm\u00f3nico en las obras del Antiguo Egipto a lo largo de su historia recuperada (y en todo el territorio).<\/strong><\/p>\n<p>&nbsp;<\/p>\n<div dir=\"auto\">\n<p><span style=\"color: #ff0000;\"><strong>[Un extracto de <\/strong><\/span><strong>La arquitectura metaf\u00edsica del Antiguo Egipto por Moustafa Gadalla<\/strong><span style=\"color: #ff0000;\"><strong>]<br \/>\n<a href=\"https:\/\/egyptianwisdomcenter.org\/es\/producto\/la-arquitectura-metafisica-del-antiguo-egipto-2\/\"><span style=\"color: #0000ff;\">https:\/\/egyptianwisdomcenter.org\/product\/the-ancient-egyptian-metaphysical-architecture\/<\/span><\/a><br \/>\n<\/strong><\/span><\/p>\n<p><img decoding=\"async\" class=\"aligncenter\" src=\"https:\/\/books2read-prod.s3.amazonaws.com\/CACHE\/images\/ubl_book_images\/book_display_image_DzTMfrV\/372fcbccd1ea208063914bdc7d930cad\" \/><\/p>\n<p style=\"text-align: center;\"><a href=\"https:\/\/egyptianwisdomcenter.org\/es\/producto\/la-arquitectura-metafisica-del-antiguo-egipto-2\/\"><span style=\"color: #ff0000;\"><strong><span style=\"color: #0000ff;\">https:\/\/egyptianwisdomcenter.org\/product\/the-ancient-egyptian-metaphysical-architecture\/<\/span><\/strong><\/span><\/a><\/p>\n<\/div>","protected":false},"excerpt":{"rendered":"<p>The Harmonic Design Parameters &nbsp; Harmonic design in Ancient Egyptian architecture was achieved through a unification of two systems: 1. Arithmetic (significant [&hellip;]<\/p>","protected":false},"author":3,"featured_media":0,"parent":0,"menu_order":0,"comment_status":"closed","ping_status":"closed","template":"","meta":{"footnotes":""},"class_list":["post-250","page","type-page","status-publish","hentry"],"aioseo_notices":[],"_links":{"self":[{"href":"https:\/\/egyptianwisdomcenter.org\/es\/wp-json\/wp\/v2\/pages\/250","targetHints":{"allow":["GET"]}}],"collection":[{"href":"https:\/\/egyptianwisdomcenter.org\/es\/wp-json\/wp\/v2\/pages"}],"about":[{"href":"https:\/\/egyptianwisdomcenter.org\/es\/wp-json\/wp\/v2\/types\/page"}],"author":[{"embeddable":true,"href":"https:\/\/egyptianwisdomcenter.org\/es\/wp-json\/wp\/v2\/users\/3"}],"replies":[{"embeddable":true,"href":"https:\/\/egyptianwisdomcenter.org\/es\/wp-json\/wp\/v2\/comments?post=250"}],"version-history":[{"count":0,"href":"https:\/\/egyptianwisdomcenter.org\/es\/wp-json\/wp\/v2\/pages\/250\/revisions"}],"wp:attachment":[{"href":"https:\/\/egyptianwisdomcenter.org\/es\/wp-json\/wp\/v2\/media?parent=250"}],"curies":[{"name":"wp","href":"https:\/\/api.w.org\/{rel}","templated":true}]}}