{"id":254,"date":"2018-11-02T00:00:00","date_gmt":"2018-11-02T04:00:00","guid":{"rendered":"http:\/\/egyptianwisdomcenter.org\/the-cosmic-proportion-of-the-human-figure\/"},"modified":"2023-01-23T08:43:11","modified_gmt":"2023-01-23T13:43:11","slug":"the-cosmic-proportion-of-the-human-figure-2","status":"publish","type":"page","link":"https:\/\/egyptianwisdomcenter.org\/es\/la-proporcion-cosmica-de-la-figura-humana-2\/","title":{"rendered":"La proporci\u00f3n c\u00f3smica de la figura humana"},"content":{"rendered":"<h2 style=\"text-align: center;\"><span style=\"color: #ff0000;\"><strong>La proporci\u00f3n c\u00f3smica de la figura humana<\/strong><\/span><\/h2>\n<p>&nbsp;<\/p>\n<p>La proporci\u00f3n es la conmensuraci\u00f3n de las distintas partes constituyentes con el todo. El cuerpo humano es un excelente ejemplo de tal proporci\u00f3n arm\u00f3nica, donde la estructura humana ha sido formada con tal propiedad que los diversos miembros son proporcionales al todo.<\/p>\n<p>El canon del Antiguo Egipto sobre la proporci\u00f3n arm\u00f3nica de las figuras humanas s\u00f3lo difer\u00eda entre ni\u00f1os y adultos. Las diferencias reflejaban las diferencias f\u00edsicas reales en estas dos etapas. Al nacer, es el ombligo el que divide la altura del ni\u00f1o en dos mitades. Al madurar (alcanzar la pubertad), la uni\u00f3n de ambas piernas (\u00f3rganos reproductivos) se encuentra a media altura de la figura adulta. La posici\u00f3n del ombligo ahora divide la altura en partes desiguales que hacen que las partes y el todo cumplan con la Proporci\u00f3n Nab (\u00c1urea).<\/p>\n<p>Los registros m\u00e1s antiguos descubiertos de la V Dinast\u00eda muestran que el punto m\u00e1s alto definido a lo largo del eje vertical es la l\u00ednea del cabello de la cabeza de la persona, cuando se presenta en el reino terrenal.<\/p>\n<p>Las figuraciones egipcias marcan cuidadosamente -con una diadema, corona, diadema o articulaci\u00f3n- una l\u00ednea divisoria para la parte superior del cr\u00e1neo del hombre terrenal, separando as\u00ed la coronilla del cr\u00e1neo. La altura del cuerpo se midi\u00f3 excluyendo la corona, como se muestra aqu\u00ed en esta cuadr\u00edcula del Antiguo Egipto recuperada.<\/p>\n<p><a href=\"http:\/\/egyptianwisdomcenter.org\/wp-content\/uploads\/2019\/02\/proportion.png\"><img fetchpriority=\"high\" decoding=\"async\" class=\"size-full wp-image-312 aligncenter\" src=\"http:\/\/egyptianwisdomcenter.org\/wp-content\/uploads\/2019\/02\/proportion.png\" alt=\"\" width=\"445\" height=\"333\" \/><\/a><\/p>\n<p>La representaci\u00f3n de los neteru (dioses\/diosas) y\/o seres humanos en el m\u00e1s all\u00e1 se muestran en una cuadr\u00edcula de 18 cuadrados, en toda la altura hasta la parte superior de la cabeza (es decir, incluida la coronilla).<\/p>\n<p>La diferencia de altura entre los dos reinos refleja la profunda comprensi\u00f3n que ten\u00edan los antiguos egipcios de la fisiolog\u00eda y el papel de los humanos en la Tierra.<\/p>\n<p>La extirpaci\u00f3n de esta parte del cerebro humano (la coronilla de la cabeza) deja al hombre vivo pero sin discernimiento y, por tanto, sin juicio personal. La persona se encuentra en estado vegetativo, viviendo y actuando s\u00f3lo como ejecutor de un impulso que recibe, sin elecci\u00f3n real. Es como una persona en coma.<\/p>\n<p>El ombligo se encuentra aproximadamente a 11,1 cuadrados de la parte inferior del tal\u00f3n en el sistema de rejilla de 18 cuadrados (o la misma proporci\u00f3n equivalente de 0,618 para sistemas de rejilla o sin rejilla). Tal divisi\u00f3n sigue las leyes de armon\u00eda entre las dos partes mismas y las partes con el todo, seg\u00fan las dos relaciones siguientes:<\/p>\n<p style=\"padding-left: 30px;\">1. La relaci\u00f3n entre las Dos Partes (superior e inferior) de la altura divina (18 cuadr\u00edculas) es arm\u00f3nica.<\/p>\n<p style=\"padding-left: 60px;\">Arriba: El m\u00e1s bajo es 0.618<br \/>\nInferior: Superior es 1.618<\/p>\n<p><a href=\"http:\/\/egyptianwisdomcenter.org\/wp-content\/uploads\/2019\/02\/human-figuration.png\"><img decoding=\"async\" class=\"wp-image-313 aligncenter\" src=\"http:\/\/egyptianwisdomcenter.org\/wp-content\/uploads\/2019\/02\/human-figuration.png\" alt=\"\" width=\"377\" height=\"493\" \/><\/a><\/p>\n<p style=\"padding-left: 30px;\">2. Entre las Dos Partes de la Unidad total (altura divina)\u2014tomando la altura total (hasta la l\u00ednea del cabello de la cabeza del hombre terrenal) como 1\u2014el cuerpo desde los pies hasta el ombligo, en el canon egipcio, es igual a la rec\u00edproco de la proporci\u00f3n Nab (\u00e1urea) (1\/N), es decir, 0,618. La porci\u00f3n desde el ombligo hasta la l\u00ednea del cabello es igual a la potencia 2 del rec\u00edproco de la Proporci\u00f3n Nab (\u00c1urea) (1\/N2), o 0,382.<\/p>\n<p style=\"text-align: left; padding-left: 60px;\">1\/norte + 1\/norte<sup>2<\/sup> = 1<br \/>\n0.618 + 0.382 = 1<br \/>\ndonde N = la proporci\u00f3n Neb (\u00e1urea) (1.618)<\/p>\n<p style=\"padding-left: 30px;\">Debido a la \u00edntima relaci\u00f3n entre la Serie de Suma y la proporci\u00f3n Nab (\u00e1urea), encontramos que las diferentes partes de la figura tambi\u00e9n siguen la Serie de Suma [como se muestra en la cuadr\u00edcula original de arriba de KV22 de Amenhotep III].<\/p>\n<p><strong>M\u00e1s informaci\u00f3n sobre las matem\u00e1ticas en el Antiguo Egipto en la secci\u00f3n de ap\u00e9ndices de este libro.<\/strong><\/p>\n<p>&nbsp;<\/p>\n<p><span style=\"color: #ff0000;\"><strong>[Un extracto de <\/strong><\/span><strong>La arquitectura metaf\u00edsica del Antiguo Egipto por Moustafa Gadalla<\/strong><span style=\"color: #ff0000;\"><strong>]<br \/>\n<a href=\"https:\/\/egyptianwisdomcenter.org\/es\/producto\/la-arquitectura-metafisica-del-antiguo-egipto-2\/\"><span style=\"color: #0000ff;\">https:\/\/egyptianwisdomcenter.org\/product\/the-ancient-egyptian-metaphysical-architecture\/<\/span><\/a><br \/>\n<\/strong><\/span><\/p>\n<p><img decoding=\"async\" class=\"aligncenter\" src=\"https:\/\/books2read-prod.s3.amazonaws.com\/CACHE\/images\/ubl_book_images\/book_display_image_DzTMfrV\/372fcbccd1ea208063914bdc7d930cad\" \/><\/p>\n<p style=\"text-align: center;\"><a href=\"https:\/\/egyptianwisdomcenter.org\/es\/producto\/la-arquitectura-metafisica-del-antiguo-egipto-2\/\"><span style=\"color: #ff0000;\"><strong><span style=\"color: #0000ff;\">https:\/\/egyptianwisdomcenter.org\/product\/the-ancient-egyptian-metaphysical-architecture\/<\/span><\/strong><\/span><\/a><\/p>\n<div dir=\"auto\"><\/div>","protected":false},"excerpt":{"rendered":"<p>The Cosmic Proportion Of The Human Figure &nbsp; Proportion is the commensuration of the various constituent parts with the whole. The human [&hellip;]<\/p>","protected":false},"author":3,"featured_media":0,"parent":0,"menu_order":0,"comment_status":"closed","ping_status":"closed","template":"","meta":{"footnotes":""},"class_list":["post-254","page","type-page","status-publish","hentry"],"aioseo_notices":[],"_links":{"self":[{"href":"https:\/\/egyptianwisdomcenter.org\/es\/wp-json\/wp\/v2\/pages\/254","targetHints":{"allow":["GET"]}}],"collection":[{"href":"https:\/\/egyptianwisdomcenter.org\/es\/wp-json\/wp\/v2\/pages"}],"about":[{"href":"https:\/\/egyptianwisdomcenter.org\/es\/wp-json\/wp\/v2\/types\/page"}],"author":[{"embeddable":true,"href":"https:\/\/egyptianwisdomcenter.org\/es\/wp-json\/wp\/v2\/users\/3"}],"replies":[{"embeddable":true,"href":"https:\/\/egyptianwisdomcenter.org\/es\/wp-json\/wp\/v2\/comments?post=254"}],"version-history":[{"count":0,"href":"https:\/\/egyptianwisdomcenter.org\/es\/wp-json\/wp\/v2\/pages\/254\/revisions"}],"wp:attachment":[{"href":"https:\/\/egyptianwisdomcenter.org\/es\/wp-json\/wp\/v2\/media?parent=254"}],"curies":[{"name":"wp","href":"https:\/\/api.w.org\/{rel}","templated":true}]}}