{"id":257,"date":"2018-11-02T00:00:00","date_gmt":"2018-11-02T04:00:00","guid":{"rendered":"http:\/\/egyptianwisdomcenter.org\/the-metaphysical-funnel-conduit-design\/"},"modified":"2023-02-14T19:45:55","modified_gmt":"2023-02-15T00:45:55","slug":"the-metaphysical-funnel-conduit-design-2","status":"publish","type":"page","link":"https:\/\/egyptianwisdomcenter.org\/es\/el-diseno-del-conducto-del-embudo-metafisico-2\/","title":{"rendered":"El dise\u00f1o del conducto del embudo metaf\u00edsico"},"content":{"rendered":"<h2 style=\"text-align: center;\"><span style=\"color: #ff0000;\"><strong>El dise\u00f1o del conducto del embudo metaf\u00edsico<\/strong><\/span><\/h2>\n<p>&nbsp;<\/p>\n<p>El dise\u00f1o del templo generalmente part\u00eda del santuario, que es el punto focal. La planta t\u00edpica del templo egipcio aumenta en ancho y alto desde el santuario hacia el frente. Esta delimitaci\u00f3n global se bas\u00f3 en un \u201csistema telesc\u00f3pico\u201d de dise\u00f1o.<\/p>\n<p><a href=\"http:\/\/egyptianwisdomcenter.org\/wp-content\/uploads\/2019\/02\/ema-ch5-telescopic2.jpg\"><img fetchpriority=\"high\" decoding=\"async\" class=\"wp-image-1635 aligncenter\" src=\"http:\/\/egyptianwisdomcenter.org\/wp-content\/uploads\/2019\/02\/ema-ch5-telescopic2.jpg\" alt=\"\" width=\"288\" height=\"350\" \/><\/a><\/p>\n<p>La misma configuraci\u00f3n telesc\u00f3pica se aplicaba a la planta vertical, por la que el suelo del templo descend\u00eda y los tejados ascend\u00edan, hacia afuera, hacia las torres del templo.<\/p>\n<p>Esta hermosa vista a\u00e9rea del templo de Medinet Habu en Luxor muestra claramente la graduaci\u00f3n en altura entre la parte posterior y frontal del templo. La vista a\u00e9rea tambi\u00e9n nos permite ver c\u00f3mo el templo estaba dividido en varias zonas, cada una con su propio punto de entrada. Mirando el templo desde su punto de entrada, podemos ver la perfecta alineaci\u00f3n de todas las aberturas a lo largo del templo y el efecto de dicho dise\u00f1o telesc\u00f3pico.<\/p>\n<p><a href=\"http:\/\/egyptianwisdomcenter.org\/wp-content\/uploads\/2019\/02\/ema-ch5-photo3-72c-1.jpg\"><img decoding=\"async\" class=\"wp-image-2677 aligncenter\" src=\"http:\/\/egyptianwisdomcenter.org\/wp-content\/uploads\/2019\/02\/ema-ch5-photo3-72c-1.jpg\" alt=\"\" width=\"264\" height=\"126\" \/><\/a><\/p>\n<p><a href=\"http:\/\/egyptianwisdomcenter.org\/wp-content\/uploads\/2019\/02\/ema-ch5-photo4-72c-1.jpg\"><img decoding=\"async\" class=\"wp-image-2678 aligncenter\" src=\"http:\/\/egyptianwisdomcenter.org\/wp-content\/uploads\/2019\/02\/ema-ch5-photo4-72c-1.jpg\" alt=\"\" width=\"220\" height=\"149\" \/><\/a><\/p>\n<p><a href=\"http:\/\/egyptianwisdomcenter.org\/wp-content\/uploads\/2019\/02\/ema-ch5-photo5-72c-1.jpg\"><img loading=\"lazy\" decoding=\"async\" class=\"wp-image-2679 aligncenter\" src=\"http:\/\/egyptianwisdomcenter.org\/wp-content\/uploads\/2019\/02\/ema-ch5-photo5-72c-1.jpg\" alt=\"\" width=\"220\" height=\"146\" \/><\/a><\/p>\n<p>Aqu\u00ed, miramos desde el santuario hacia la entrada del templo, lo que nos muestra el dise\u00f1o telesc\u00f3pico en la otra direcci\u00f3n.<\/p>\n<p><a href=\"http:\/\/egyptianwisdomcenter.org\/wp-content\/uploads\/2019\/02\/ema-ch5-photo6-72c-1.jpg\"><img loading=\"lazy\" decoding=\"async\" class=\"wp-image-2680 aligncenter\" src=\"http:\/\/egyptianwisdomcenter.org\/wp-content\/uploads\/2019\/02\/ema-ch5-photo6-72c-1.jpg\" alt=\"\" width=\"223\" height=\"148\" \/><\/a><\/p>\n<p>&nbsp;<\/p>\n<p>Aqu\u00ed hay otro ejemplo de dise\u00f1o telesc\u00f3pico en el templo de Deir Medinet en Luxor.<\/p>\n<p><a href=\"http:\/\/egyptianwisdomcenter.org\/wp-content\/uploads\/2019\/02\/ema-ch5-photo7-72c-1.jpg\"><img loading=\"lazy\" decoding=\"async\" class=\"wp-image-2681 aligncenter\" src=\"http:\/\/egyptianwisdomcenter.org\/wp-content\/uploads\/2019\/02\/ema-ch5-photo7-72c-1.jpg\" alt=\"\" width=\"166\" height=\"251\" \/><\/a><\/p>\n<p>&nbsp;<\/p>\n<p>En el templo de Abydos, el mismo dise\u00f1o telesc\u00f3pico.<\/p>\n<p><a href=\"http:\/\/egyptianwisdomcenter.org\/wp-content\/uploads\/2019\/02\/ema-ch5-photo8-72c-1.jpg\"><img loading=\"lazy\" decoding=\"async\" class=\"wp-image-2682 aligncenter\" src=\"http:\/\/egyptianwisdomcenter.org\/wp-content\/uploads\/2019\/02\/ema-ch5-photo8-72c-1.jpg\" alt=\"\" width=\"188\" height=\"184\" \/><\/a><\/p>\n<p>&nbsp;<\/p>\n<p>En el templo de Kom Ombo.<\/p>\n<p><a href=\"http:\/\/egyptianwisdomcenter.org\/wp-content\/uploads\/2019\/02\/ema-ch5-photo9-72c-1.jpg\"><img loading=\"lazy\" decoding=\"async\" class=\"wp-image-2683 aligncenter\" src=\"http:\/\/egyptianwisdomcenter.org\/wp-content\/uploads\/2019\/02\/ema-ch5-photo9-72c-1.jpg\" alt=\"\" width=\"180\" height=\"243\" \/><\/a><\/p>\n<p>&nbsp;<\/p>\n<p>En el templo de Philae en Asu\u00e1n:.<\/p>\n<p><a href=\"http:\/\/egyptianwisdomcenter.org\/wp-content\/uploads\/2019\/02\/ema-ch5-photo10-72c-1.jpg\"><img loading=\"lazy\" decoding=\"async\" class=\"wp-image-2684 aligncenter\" src=\"http:\/\/egyptianwisdomcenter.org\/wp-content\/uploads\/2019\/02\/ema-ch5-photo10-72c-1.jpg\" alt=\"\" width=\"177\" height=\"270\" \/><\/a><\/p>\n<p>&nbsp;<\/p>\n<p>El dise\u00f1o telesc\u00f3pico permite el flujo de energ\u00eda de los seres humanos hacia el asiento de la energ\u00eda Divina en el santuario.<\/p>\n<p>Si la energ\u00eda divina acepta la ofrenda de un humano, irradiar\u00e1 su energ\u00eda divina hacia afuera desde el asiento de la energ\u00eda divina hasta la entrada del templo.<\/p>\n<p>La representaci\u00f3n del templo egipcio nos muestra c\u00f3mo el hombre se acerca a lo divino presentando ofrendas, fruto del trabajo.<\/p>\n<p>Ofrecer procesiones que ingresan y avanzan hacia el punto central del templo o tumba es un tema constante.<\/p>\n<p>Al final del Gran Atrio, el Fara\u00f3n o sus designados proporcionar\u00e1n sistem\u00e1ticamente ofrendas rituales a las fuerzas divinas a medida que avanzan hacia el lugar m\u00e1s sant\u00edsimo.<\/p>\n<p>Las energ\u00edas divinas responder\u00e1n a la acci\u00f3n adecuada del hombre irradiando sus energ\u00edas divinas en beneficio de todos los dignos.<\/p>\n<p>&nbsp;<\/p>\n<div dir=\"auto\">\n<p><span style=\"color: #ff0000;\"><strong>[Un extracto de <\/strong><\/span><strong>La arquitectura metaf\u00edsica del Antiguo Egipto por Moustafa Gadalla<\/strong><span style=\"color: #ff0000;\"><strong>]<br \/>\n<a href=\"https:\/\/egyptianwisdomcenter.org\/es\/producto\/la-arquitectura-metafisica-del-antiguo-egipto-2\/\"><span style=\"color: #0000ff;\">https:\/\/egyptianwisdomcenter.org\/product\/the-ancient-egyptian-metaphysical-architecture\/<\/span><\/a><br \/>\n<\/strong><\/span><\/p>\n<p><img decoding=\"async\" class=\"aligncenter\" src=\"https:\/\/books2read-prod.s3.amazonaws.com\/CACHE\/images\/ubl_book_images\/book_display_image_DzTMfrV\/372fcbccd1ea208063914bdc7d930cad\" \/><\/p>\n<p style=\"text-align: center;\"><a href=\"https:\/\/egyptianwisdomcenter.org\/es\/producto\/la-arquitectura-metafisica-del-antiguo-egipto-2\/\"><span style=\"color: #ff0000;\"><strong><span style=\"color: #0000ff;\">https:\/\/egyptianwisdomcenter.org\/product\/the-ancient-egyptian-metaphysical-architecture\/<\/span><\/strong><\/span><\/a><\/p>\n<\/div>","protected":false},"excerpt":{"rendered":"<p>The Metaphysical Funnel Conduit Design &nbsp; The design of the temple usually started from the sanctuary, which is the focal point. The [&hellip;]<\/p>","protected":false},"author":3,"featured_media":0,"parent":0,"menu_order":0,"comment_status":"closed","ping_status":"closed","template":"","meta":{"footnotes":""},"class_list":["post-257","page","type-page","status-publish","hentry"],"aioseo_notices":[],"_links":{"self":[{"href":"https:\/\/egyptianwisdomcenter.org\/es\/wp-json\/wp\/v2\/pages\/257","targetHints":{"allow":["GET"]}}],"collection":[{"href":"https:\/\/egyptianwisdomcenter.org\/es\/wp-json\/wp\/v2\/pages"}],"about":[{"href":"https:\/\/egyptianwisdomcenter.org\/es\/wp-json\/wp\/v2\/types\/page"}],"author":[{"embeddable":true,"href":"https:\/\/egyptianwisdomcenter.org\/es\/wp-json\/wp\/v2\/users\/3"}],"replies":[{"embeddable":true,"href":"https:\/\/egyptianwisdomcenter.org\/es\/wp-json\/wp\/v2\/comments?post=257"}],"version-history":[{"count":0,"href":"https:\/\/egyptianwisdomcenter.org\/es\/wp-json\/wp\/v2\/pages\/257\/revisions"}],"wp:attachment":[{"href":"https:\/\/egyptianwisdomcenter.org\/es\/wp-json\/wp\/v2\/media?parent=257"}],"curies":[{"name":"wp","href":"https:\/\/api.w.org\/{rel}","templated":true}]}}