{"id":26770,"date":"2019-03-23T21:50:11","date_gmt":"2019-03-24T01:50:11","guid":{"rendered":"https:\/\/egyptianwisdomcenter.org\/cavalo\/"},"modified":"2023-01-08T06:56:02","modified_gmt":"2023-01-08T11:56:02","slug":"cavalo","status":"publish","type":"page","link":"https:\/\/egyptianwisdomcenter.org\/es\/cavalo\/","title":{"rendered":"Cavalo"},"content":{"rendered":"<h2 style=\"text-align: center;\"><span style=\"color: #ff0000;\"><strong>Cavalo<\/strong><\/span><\/h2>\n<p>&nbsp;<\/p>\n<p>V\u00e1rios atributos s\u00e3o todos relacionados com o cavalo. O atributo espec\u00edfico ser\u00e1 determinado no contexto.<\/p>\n<p>1. o cavalo simboliza a fortaleza e a confian\u00e7a, como por Clement <em>Stromata livro V<\/em>, cap\u00edtulo VII:<\/p>\n<p style=\"padding-left: 30px;\"><strong><em>&#8220;O cavalo simboliza a fortaleza e a confian\u00e7a&#8221;<\/em><\/strong><\/p>\n<p>2. cavalo \u00e9 o s\u00edmbolo hier\u00f3glifos para Noble.<\/p>\n<p>O cavalo representa a for\u00e7a motriz que, quando dirigida corretamente, conduzir\u00e1 \u00e0 nobreza.<\/p>\n<p><a href=\"https:\/\/egyptianwisdomcenter.org\/wp-content\/uploads\/2019\/02\/ed-ch9-photo17-96c.jpg\"><img loading=\"lazy\" decoding=\"async\" class=\"size-full wp-image-912 aligncenter\" src=\"https:\/\/egyptianwisdomcenter.org\/wp-content\/uploads\/2019\/02\/ed-ch9-photo17-96c.jpg\" alt=\"\" width=\"269\" height=\"248\" \/><\/a><\/p>\n<p>3. pessoas excepcionais s\u00e3o KNIGHTED pelo monarca.<\/p>\n<p>Este conceito eg\u00edpcio de nobreza \u00e9 encontrado nas tradi\u00e7\u00f5es atuais quando, por causa de realiza\u00e7\u00f5es extraordin\u00e1rias de uma pessoa, esta pessoa \u00e9 cavaleiro por nenhuma outra pessoa, mas o monarca.<\/p>\n<p>N\u00e3o \u00e9 uma coincid\u00eancia que a palavra inglesa &#8220;cavalo&#8221; \u00e9 basicamente o mesmo que a divindade eg\u00edpcia Horus.<\/p>\n<p>Horus significa <em>quem ele \u00e9 acima.<\/em><\/p>\n<p>4. o cavalo \u00e9 igualmente um animal muito bonito e gracioso.<\/p>\n<p>A palavra eg\u00edpcia MaHR significa tanto um p\u00f4nei e um dote-para uma donzela \u00e9 <em>nobre<\/em>.<\/p>\n<p>5. retratado derrotando for\u00e7as do caos..<\/p>\n<p>O homem divino \u00e9 representado em templos eg\u00edpcios como cobrando e derrotando for\u00e7as ca\u00f3ticas, representadas como estrangeiros e animais selvagens.<\/p>\n<p>Estas representa\u00e7\u00f5es s\u00e3o declara\u00e7\u00f5es simb\u00f3licas da batalha interior entre as for\u00e7as do bem e do mal.<\/p>\n<p><a href=\"https:\/\/egyptianwisdomcenter.org\/wp-content\/uploads\/2019\/02\/ed-ch9-photo9-96c.jpg\"><img loading=\"lazy\" decoding=\"async\" class=\"size-medium wp-image-905 aligncenter\" src=\"https:\/\/egyptianwisdomcenter.org\/wp-content\/uploads\/2019\/02\/ed-ch9-photo9-96c-300x195.jpg\" alt=\"\" width=\"300\" height=\"195\" \/><\/a><\/p>\n<p>No sentido mundano, a pol\u00edcia montada em toda parte usa cavalos para guiar e controlar multid\u00f5es. O poder do cavalo \u00e9 usado igualmente pela pol\u00edcia para dissipar multid\u00f5es desordenadas.<\/p>\n<p>N\u00f3s usamos o termo &#8220;poder de cavalo&#8221; como uma medida de energia.<\/p>\n<p>6. nas tradi\u00e7\u00f5es eg\u00edpcias <strong>a l\u00edngua humana \u00e9 igualada a um cavalo<\/strong>. A l\u00edngua \u00e9 o m\u00fasculo mais forte do corpo humano. A for\u00e7a motriz do cavalo ou da l\u00edngua controla o seu destino.<\/p>\n<p>O simbolismo do cavalo como a for\u00e7a motriz \u00e9 muito poderoso de fato.<\/p>\n<p><a href=\"https:\/\/egyptianwisdomcenter.org\/wp-content\/uploads\/2019\/02\/ed-ch9-photo18-96c.jpg\"><img loading=\"lazy\" decoding=\"async\" class=\"size-full wp-image-913 aligncenter\" src=\"https:\/\/egyptianwisdomcenter.org\/wp-content\/uploads\/2019\/02\/ed-ch9-photo18-96c.jpg\" alt=\"\" width=\"269\" height=\"211\" \/><\/a><\/p>\n<p>7. humano e os cavalos s\u00e3o t\u00e3o perto que h\u00e1 muito tempo, os eg\u00edpcios antigos usaram o cabelo do cavalo para as cordas e as curvas de sua fam\u00edlia do violino dos instrumentos. O som deste instrumento \u00e9 o mais pr\u00f3ximo que chega \u00e0 voz humana.<\/p>\n<p>&nbsp;<\/p>\n<p><span style=\"color: #ff0000;\"><strong>[Um trecho<span style=\"color: #0000ff;\"> Egyptian Divinities: The All Who Are THE ONE, 2nd ed.<\/span><\/strong><\/span><span style=\"color: #ff0000;\"><strong> por Moustafa Gadalla]<\/strong><\/span><\/p>\n<div dir=\"auto\">\n<p><span style=\"color: #ff0000;\"><strong><a href=\"https:\/\/egyptianwisdomcenter.org\/product\/egyptian-divinities-the-all-who-are-the-one-2nd-edition\/\"><span style=\"color: #0000ff;\">https:\/\/egyptianwisdomcenter.org\/product\/egyptian-divinities-the-all-who-are-the-one-2nd-edition\/<\/span><\/a><\/strong><\/span><\/p>\n<p><img decoding=\"async\" class=\"aligncenter\" src=\"https:\/\/books2read-prod.s3.amazonaws.com\/CACHE\/images\/ubl_book_images\/book_display_image_qOuT56H\/40d95446cc17340ec7b02939eaa44c10\" \/><\/p>\n<p style=\"text-align: center;\"><a href=\"https:\/\/egyptianwisdomcenter.org\/product\/egyptian-divinities-the-all-who-are-the-one-2nd-edition\/\"><strong><span style=\"color: #ff0000;\"><span style=\"color: #0000ff;\">https:\/\/egyptianwisdomcenter.org\/product\/egyptian-divinities-the-all-who-are-the-one-2nd-edition\/<\/span><\/span><\/strong><\/a><\/p>\n<\/div>\n","protected":false},"excerpt":{"rendered":"<p>Cavalo &nbsp; V\u00e1rios atributos s\u00e3o todos relacionados com o cavalo. O atributo espec\u00edfico ser\u00e1 determinado no contexto. 1. o cavalo simboliza a [&hellip;]<\/p>\n","protected":false},"author":3,"featured_media":0,"parent":0,"menu_order":0,"comment_status":"closed","ping_status":"closed","template":"","meta":{"_monsterinsights_skip_tracking":false,"_monsterinsights_sitenote_active":false,"_monsterinsights_sitenote_note":"","_monsterinsights_sitenote_category":0,"footnotes":""},"class_list":["post-26770","page","type-page","status-publish","hentry"],"aioseo_notices":[],"_links":{"self":[{"href":"https:\/\/egyptianwisdomcenter.org\/es\/wp-json\/wp\/v2\/pages\/26770","targetHints":{"allow":["GET"]}}],"collection":[{"href":"https:\/\/egyptianwisdomcenter.org\/es\/wp-json\/wp\/v2\/pages"}],"about":[{"href":"https:\/\/egyptianwisdomcenter.org\/es\/wp-json\/wp\/v2\/types\/page"}],"author":[{"embeddable":true,"href":"https:\/\/egyptianwisdomcenter.org\/es\/wp-json\/wp\/v2\/users\/3"}],"replies":[{"embeddable":true,"href":"https:\/\/egyptianwisdomcenter.org\/es\/wp-json\/wp\/v2\/comments?post=26770"}],"version-history":[{"count":0,"href":"https:\/\/egyptianwisdomcenter.org\/es\/wp-json\/wp\/v2\/pages\/26770\/revisions"}],"wp:attachment":[{"href":"https:\/\/egyptianwisdomcenter.org\/es\/wp-json\/wp\/v2\/media?parent=26770"}],"curies":[{"name":"wp","href":"https:\/\/api.w.org\/{rel}","templated":true}]}}