{"id":299,"date":"2018-11-02T00:00:00","date_gmt":"2018-11-02T04:00:00","guid":{"rendered":"http:\/\/egyptianwisdomcenter.org\/stylistic-ornamentation-and-decoration\/"},"modified":"2023-01-03T01:33:31","modified_gmt":"2023-01-03T06:33:31","slug":"stylistic-ornamentation-and-decoration-2","status":"publish","type":"page","link":"https:\/\/egyptianwisdomcenter.org\/es\/ornamentacion-estilistica-y-decoracion-2\/","title":{"rendered":"Ornamentaci\u00f3n y decoraci\u00f3n estil\u00edsticas"},"content":{"rendered":"<h2 style=\"text-align: center;\"><span style=\"color: #ff0000;\"><strong>Detalles arquitect\u00f3nicos estil\u00edsticos egipcios<\/strong><\/span><\/h2>\n<p>&nbsp;<\/p>\n<p>En el Antiguo Egipto tambi\u00e9n se utilizaron varios elementos arquitect\u00f3nicos estil\u00edsticos, como:<\/p>\n<p><span style=\"text-decoration: underline; color: #ff0000;\"><strong>Arquitrabe <\/strong><\/span>\u2013 El arquitrabe se deriv\u00f3 en Egipto de la viga de piedra, extendi\u00e9ndose de pilar a pilar en tumbas y templos.<\/p>\n<p><a href=\"http:\/\/egyptianwisdomcenter.org\/wp-content\/uploads\/2019\/02\/ema-ch6-photo6372c-1.jpg\"><img fetchpriority=\"high\" decoding=\"async\" class=\"wp-image-2803 aligncenter\" src=\"http:\/\/egyptianwisdomcenter.org\/wp-content\/uploads\/2019\/02\/ema-ch6-photo6372c-1.jpg\" alt=\"\" width=\"290\" height=\"193\" \/><\/a><\/p>\n<p>&nbsp;<\/p>\n<p>Desde la I dinast\u00eda, la mastaba-tumba privada m\u00e1s peque\u00f1a tiene un arquitrabe t\u00edpico encima de la puerta de entrada.<\/p>\n<p>El arquitrabe de piedra se utiliz\u00f3 para aumentar el tama\u00f1o de sus templos y a\u00f1adirles un p\u00f3rtico.<\/p>\n<p><a href=\"http:\/\/egyptianwisdomcenter.org\/wp-content\/uploads\/2019\/02\/ema-ch6-photo32-72c-1.jpg\"><img decoding=\"async\" class=\"wp-image-2776 aligncenter\" src=\"http:\/\/egyptianwisdomcenter.org\/wp-content\/uploads\/2019\/02\/ema-ch6-photo32-72c-1.jpg\" alt=\"\" width=\"262\" height=\"177\" \/><\/a><\/p>\n<p><a href=\"http:\/\/egyptianwisdomcenter.org\/wp-content\/uploads\/2019\/02\/ema-ch6-photo33-72c-1.jpg\"><img decoding=\"async\" class=\"wp-image-2777 aligncenter\" src=\"http:\/\/egyptianwisdomcenter.org\/wp-content\/uploads\/2019\/02\/ema-ch6-photo33-72c-1.jpg\" alt=\"\" width=\"261\" height=\"174\" \/><\/a><\/p>\n<p>&nbsp;<\/p>\n<p>Los dent\u00edculos cuadrados sobre un arquitrabe tambi\u00e9n se utilizaron desde la historia m\u00e1s temprana de Egipto y se pueden ver en la fachada de una tumba en Beni Hassan y en el techo de una de las tumbas de roca en las Pir\u00e1mides, imitando las vigas de palma.<\/p>\n<p>Aqu\u00ed se muestra con bello detalle en el Complejo de Templos de Karnak en Luxor:<\/p>\n<p><a href=\"http:\/\/egyptianwisdomcenter.org\/wp-content\/uploads\/2019\/02\/ema-ch6-photo6672c-1.jpg\"><img loading=\"lazy\" decoding=\"async\" class=\"wp-image-2804 aligncenter\" src=\"http:\/\/egyptianwisdomcenter.org\/wp-content\/uploads\/2019\/02\/ema-ch6-photo6672c-1.jpg\" alt=\"\" width=\"187\" height=\"255\" \/><\/a><\/p>\n<p>&nbsp;<\/p>\n<p><strong><span style=\"text-decoration: underline;\">Cornisa<\/span> <\/strong>\u2013 Se utiliz\u00f3 constantemente como un detalle importante en el dise\u00f1o de las llamadas puertas falsas que se encuentran en todas las tumbas y templos del Antiguo Egipto. Observe tambi\u00e9n otras caracter\u00edsticas.<\/p>\n<p>A continuaci\u00f3n se muestra un ejemplo completamente pintado de una tumba de Saqqara de hace unos 45 siglos.<\/p>\n<p><a href=\"http:\/\/egyptianwisdomcenter.org\/wp-content\/uploads\/2019\/02\/ema-ch6-photo4-72c-1.jpg\"><img loading=\"lazy\" decoding=\"async\" class=\"wp-image-2750 aligncenter\" src=\"http:\/\/egyptianwisdomcenter.org\/wp-content\/uploads\/2019\/02\/ema-ch6-photo4-72c-1.jpg\" alt=\"\" width=\"188\" height=\"290\" \/><\/a><\/p>\n<p>&nbsp;<\/p>\n<p>Para sus dise\u00f1os, los egipcios frecuentemente seleccionaban objetos como el loto y otras flores, y \u00e9stos, as\u00ed como varios animales o sus cabezas, fueron adaptados para formar una cornisa, particularmente en sus casas y tumbas, o para decorar art\u00edculos de muebles elegantes. y vestido.<\/p>\n<p><span style=\"text-decoration: underline;\"><strong>Toro <\/strong><\/span>\u2013 El toro se ha utilizado en Egipto desde su historia m\u00e1s remota recuperada, hace m\u00e1s de 5.000 a\u00f1os, y se muestra aqu\u00ed como un detalle significativo de la llamada Puerta Falsa en cada tumba y templo egipcio.<\/p>\n<p><a href=\"http:\/\/egyptianwisdomcenter.org\/wp-content\/uploads\/2019\/02\/ema-ch6-photo1-72c-1.jpg\"><img loading=\"lazy\" decoding=\"async\" class=\"wp-image-2747 aligncenter\" src=\"http:\/\/egyptianwisdomcenter.org\/wp-content\/uploads\/2019\/02\/ema-ch6-photo1-72c-1.jpg\" alt=\"\" width=\"216\" height=\"241\" \/><\/a><\/p>\n<p>&nbsp;<\/p>\n<h3><span style=\"color: #ff0000;\"><strong>Ornamentaci\u00f3n y decoraci\u00f3n estil\u00edsticas<\/strong><\/span><\/h3>\n<p>Mucha gente pasa por alto los talentos art\u00edsticos de los antiguos egipcios al centrarse \u00fanicamente en las representaciones figurativas de los edificios egipcios.<\/p>\n<p>Algunos notan algunas variaciones art\u00edsticas, pero incluso entonces se nos dice que los egipcios ten\u00edan <em>sin imaginaci\u00f3n <\/em>y por tanto s\u00f3lo pod\u00eda imitar a la naturaleza, como estos remates de columnas de palmeras que se parecen a las abundantes palmeras de Egipto.<\/p>\n<p><a href=\"http:\/\/egyptianwisdomcenter.org\/wp-content\/uploads\/2019\/02\/ema-ch6bw-48-96c-1.jpg\"><img loading=\"lazy\" decoding=\"async\" class=\"size-full wp-image-2419 aligncenter\" src=\"http:\/\/egyptianwisdomcenter.org\/wp-content\/uploads\/2019\/02\/ema-ch6bw-48-96c-1.jpg\" alt=\"\" width=\"211\" height=\"193\" \/><\/a><\/p>\n<p>Los patrones de dise\u00f1o en Egipto generalmente se pueden clasificar como florales, geom\u00e9tricos, figurativos o una combinaci\u00f3n de dos o los tres.<\/p>\n<p>El <span style=\"text-decoration: underline;\"><strong>patrones figurativos <\/strong><\/span>dominan naturalmente los templos y las tumbas; pero abundan los motivos florales y geom\u00e9tricos.<\/p>\n<p>La mentalidad occidental est\u00e1 obsesionada con dar nombre a cada variaci\u00f3n de estos patrones y adjuntar un adjetivo griego\/romano a cada uno, a pesar de su preexistencia en Egipto.<\/p>\n<p>El <span style=\"text-decoration: underline;\"><strong>floral <\/strong><\/span>El tipo se representa en un rango de madurez de la planta, desde el capullo cerrado hasta la flor abierta.<\/p>\n<p>Las columnas de los templos en Egipto eran m\u00e1s que estructuras de soporte. Las columnas son parte del templo animado, org\u00e1nico y vivo.<\/p>\n<p>Aparecen con cogollos cerrados:<\/p>\n<p><a href=\"http:\/\/egyptianwisdomcenter.org\/wp-content\/uploads\/2019\/02\/ema-ch6-photo6672c-1.jpg\"><img loading=\"lazy\" decoding=\"async\" class=\"wp-image-2804 aligncenter\" src=\"http:\/\/egyptianwisdomcenter.org\/wp-content\/uploads\/2019\/02\/ema-ch6-photo6672c-1.jpg\" alt=\"\" width=\"180\" height=\"245\" \/><\/a><\/p>\n<p><a href=\"http:\/\/egyptianwisdomcenter.org\/wp-content\/uploads\/2019\/02\/ema-ch6-photo6772c-1.jpg\"><img loading=\"lazy\" decoding=\"async\" class=\"wp-image-2805 aligncenter\" src=\"http:\/\/egyptianwisdomcenter.org\/wp-content\/uploads\/2019\/02\/ema-ch6-photo6772c-1.jpg\" alt=\"\" width=\"158\" height=\"314\" \/><\/a><\/p>\n<p>&nbsp;<\/p>\n<p>y flor abierta:<\/p>\n<p><a href=\"http:\/\/egyptianwisdomcenter.org\/wp-content\/uploads\/2019\/02\/ema-ch6-photo6872c-1.jpg\"><img loading=\"lazy\" decoding=\"async\" class=\"wp-image-2806 aligncenter\" src=\"http:\/\/egyptianwisdomcenter.org\/wp-content\/uploads\/2019\/02\/ema-ch6-photo6872c-1.jpg\" alt=\"\" width=\"179\" height=\"203\" \/><\/a><\/p>\n<p>&nbsp;<\/p>\n<p><span style=\"text-decoration: underline;\"><strong>Patrones de dise\u00f1o geom\u00e9trico.<\/strong><\/span> Est\u00e1n por todas partes, desde los techos estrellados.<\/p>\n<p><a href=\"http:\/\/egyptianwisdomcenter.org\/wp-content\/uploads\/2019\/02\/ema-ch6-photo6972c-1.jpg\"><img loading=\"lazy\" decoding=\"async\" class=\"wp-image-2807 aligncenter\" src=\"http:\/\/egyptianwisdomcenter.org\/wp-content\/uploads\/2019\/02\/ema-ch6-photo6972c-1.jpg\" alt=\"\" width=\"272\" height=\"161\" \/><\/a><\/p>\n<p>&nbsp;<\/p>\n<p>A todo tipo de patrones en tumbas y templos de todo Egipto, mucho antes de que llegaran a Europa.<\/p>\n<p><a href=\"http:\/\/egyptianwisdomcenter.org\/wp-content\/uploads\/2019\/02\/ema-ch6-photo7072c-1.jpg\"><img loading=\"lazy\" decoding=\"async\" class=\"wp-image-2808 aligncenter\" src=\"http:\/\/egyptianwisdomcenter.org\/wp-content\/uploads\/2019\/02\/ema-ch6-photo7072c-1.jpg\" alt=\"\" width=\"246\" height=\"125\" \/><\/a><\/p>\n<p><a href=\"http:\/\/egyptianwisdomcenter.org\/wp-content\/uploads\/2019\/02\/ema-ch6-photo7172c-1.jpg\"><img loading=\"lazy\" decoding=\"async\" class=\"wp-image-2809 aligncenter\" src=\"http:\/\/egyptianwisdomcenter.org\/wp-content\/uploads\/2019\/02\/ema-ch6-photo7172c-1.jpg\" alt=\"\" width=\"262\" height=\"170\" \/><\/a><\/p>\n<p><a href=\"http:\/\/egyptianwisdomcenter.org\/wp-content\/uploads\/2019\/02\/ema-ch6-photo7272c-1.jpg\"><img loading=\"lazy\" decoding=\"async\" class=\"wp-image-2810 aligncenter\" src=\"http:\/\/egyptianwisdomcenter.org\/wp-content\/uploads\/2019\/02\/ema-ch6-photo7272c-1.jpg\" alt=\"\" width=\"252\" height=\"224\" \/><\/a><\/p>\n<p><a href=\"http:\/\/egyptianwisdomcenter.org\/wp-content\/uploads\/2019\/02\/ema-ch6-photo7372c-1.jpg\"><img loading=\"lazy\" decoding=\"async\" class=\"wp-image-2812 aligncenter\" src=\"http:\/\/egyptianwisdomcenter.org\/wp-content\/uploads\/2019\/02\/ema-ch6-photo7372c-1.jpg\" alt=\"\" width=\"242\" height=\"161\" \/><\/a><\/p>\n<p><a href=\"http:\/\/egyptianwisdomcenter.org\/wp-content\/uploads\/2019\/02\/ema-ch6-photo7472c-1.jpg\"><img loading=\"lazy\" decoding=\"async\" class=\"wp-image-2813 aligncenter\" src=\"http:\/\/egyptianwisdomcenter.org\/wp-content\/uploads\/2019\/02\/ema-ch6-photo7472c-1.jpg\" alt=\"\" width=\"253\" height=\"129\" \/><\/a><\/p>\n<p><a href=\"http:\/\/egyptianwisdomcenter.org\/wp-content\/uploads\/2019\/02\/ema-ch6-photo7572c-1.jpg\"><img loading=\"lazy\" decoding=\"async\" class=\"wp-image-2814 aligncenter\" src=\"http:\/\/egyptianwisdomcenter.org\/wp-content\/uploads\/2019\/02\/ema-ch6-photo7572c-1.jpg\" alt=\"\" width=\"242\" height=\"230\" \/><\/a><\/p>\n<p><a href=\"http:\/\/egyptianwisdomcenter.org\/wp-content\/uploads\/2019\/02\/ema-ch6-photo7672c-1.jpg\"><img loading=\"lazy\" decoding=\"async\" class=\"wp-image-2815 aligncenter\" src=\"http:\/\/egyptianwisdomcenter.org\/wp-content\/uploads\/2019\/02\/ema-ch6-photo7672c-1.jpg\" alt=\"\" width=\"247\" height=\"164\" \/><\/a><\/p>\n<p>&nbsp;<\/p>\n<p>&nbsp;<\/p>\n<p><span style=\"text-decoration: underline;\"><strong>Decoraciones figurativas<\/strong><\/span> se encuentran en tantos lugares.<\/p>\n<p>El buitre:<\/p>\n<p><a href=\"http:\/\/egyptianwisdomcenter.org\/wp-content\/uploads\/2019\/02\/ema-ch6-photo72c-1.jpg\"><img loading=\"lazy\" decoding=\"async\" class=\"wp-image-2811 aligncenter\" src=\"http:\/\/egyptianwisdomcenter.org\/wp-content\/uploads\/2019\/02\/ema-ch6-photo72c-1.jpg\" alt=\"\" width=\"292\" height=\"158\" \/><\/a><\/p>\n<p>&nbsp;<\/p>\n<p>Hethor llevaba un sistro en la cabeza:<\/p>\n<p><a href=\"http:\/\/egyptianwisdomcenter.org\/wp-content\/uploads\/2019\/02\/ema-ch6-photo78-72c-1.jpg\"><img loading=\"lazy\" decoding=\"async\" class=\"wp-image-2817 aligncenter\" src=\"http:\/\/egyptianwisdomcenter.org\/wp-content\/uploads\/2019\/02\/ema-ch6-photo78-72c-1.jpg\" alt=\"\" width=\"187\" height=\"251\" \/><\/a><\/p>\n<p>&nbsp;<\/p>\n<p>La cobra:<\/p>\n<p><a href=\"http:\/\/egyptianwisdomcenter.org\/wp-content\/uploads\/2019\/02\/ema-ch6-photo7972c-1.jpg\"><img loading=\"lazy\" decoding=\"async\" class=\"wp-image-2818 aligncenter\" src=\"http:\/\/egyptianwisdomcenter.org\/wp-content\/uploads\/2019\/02\/ema-ch6-photo7972c-1.jpg\" alt=\"\" width=\"260\" height=\"141\" \/><\/a><\/p>\n<p>&nbsp;<\/p>\n<p><span style=\"text-decoration: underline;\"><strong>Una combinaci\u00f3n de 2 o las tres formas.<\/strong><\/span> de decoraciones: florales, geom\u00e9tricas y figurativas.<\/p>\n<p><a href=\"http:\/\/egyptianwisdomcenter.org\/wp-content\/uploads\/2019\/02\/ema-ch6-photo8072c-1.jpg\"><img loading=\"lazy\" decoding=\"async\" class=\"wp-image-2819 aligncenter\" src=\"http:\/\/egyptianwisdomcenter.org\/wp-content\/uploads\/2019\/02\/ema-ch6-photo8072c-1.jpg\" alt=\"\" width=\"272\" height=\"180\" \/><\/a><\/p>\n<p>&nbsp;<\/p>\n<p>Los egipcios no siempre se limitaron a la mera imitaci\u00f3n de objetos naturales como adorno.<\/p>\n<p>Sus techos y cornisas ofrecen numerosos y elegantes dispositivos de fantas\u00eda; entre los que se encuentran el guilloche (mal llamado frontera toscana), el gal\u00f3n y el patr\u00f3n de volutas.<\/p>\n<p>Estos elementos se pueden ver en una tumba que data de la VI Dinast\u00eda; por lo tanto, fueron conocidos en Egipto muchas edades antes de que fueran adoptados m\u00e1s tarde por los griegos y los romanos.<\/p>\n<p><a href=\"http:\/\/egyptianwisdomcenter.org\/wp-content\/uploads\/2019\/02\/ema-ch6-photo76a-72c-1.jpg\"><img loading=\"lazy\" decoding=\"async\" class=\"wp-image-2816 aligncenter\" src=\"http:\/\/egyptianwisdomcenter.org\/wp-content\/uploads\/2019\/02\/ema-ch6-photo76a-72c-1.jpg\" alt=\"\" width=\"205\" height=\"210\" \/><\/a><\/p>\n<p>&nbsp;<\/p>\n<p><span style=\"text-decoration: underline;\"><strong>guilloch\u00e9<\/strong><\/span>\u00a0\u2013 La forma m\u00e1s complicada del guilloche cubri\u00f3 todo un techo egipcio m\u00e1s de mil a\u00f1os antes de que fuera representada en esos objetos comparativamente tard\u00edos, encontrados en N\u00ednive.<\/p>\n<p><a href=\"http:\/\/egyptianwisdomcenter.org\/wp-content\/uploads\/2019\/02\/ema-ch6-photo7472c-1.jpg\"><img loading=\"lazy\" decoding=\"async\" class=\"wp-image-2813 aligncenter\" src=\"http:\/\/egyptianwisdomcenter.org\/wp-content\/uploads\/2019\/02\/ema-ch6-photo7472c-1.jpg\" alt=\"\" width=\"249\" height=\"127\" \/><\/a><\/p>\n<p><a href=\"http:\/\/egyptianwisdomcenter.org\/wp-content\/uploads\/2019\/02\/ema-ch6-photo8072c-1.jpg\"><img loading=\"lazy\" decoding=\"async\" class=\"wp-image-2819 aligncenter\" src=\"http:\/\/egyptianwisdomcenter.org\/wp-content\/uploads\/2019\/02\/ema-ch6-photo8072c-1.jpg\" alt=\"\" width=\"248\" height=\"164\" \/><\/a><\/p>\n<p>&nbsp;<\/p>\n<p><span style=\"text-decoration: underline;\"><strong>Un gal\u00f3n<\/strong><\/span> Es un tipo de adorno que tambi\u00e9n se encuentra com\u00fanmente en el Antiguo Egipto.<\/p>\n<p><a href=\"http:\/\/egyptianwisdomcenter.org\/wp-content\/uploads\/2019\/02\/ema-ch6-photo7272c-1.jpg\"><img loading=\"lazy\" decoding=\"async\" class=\"wp-image-2810 aligncenter\" src=\"http:\/\/egyptianwisdomcenter.org\/wp-content\/uploads\/2019\/02\/ema-ch6-photo7272c-1.jpg\" alt=\"\" width=\"261\" height=\"232\" \/><\/a><\/p>\n<p><a href=\"http:\/\/egyptianwisdomcenter.org\/wp-content\/uploads\/2019\/02\/ema-ch6-photo7172c-1.jpg\"><img loading=\"lazy\" decoding=\"async\" class=\"wp-image-2809 aligncenter\" src=\"http:\/\/egyptianwisdomcenter.org\/wp-content\/uploads\/2019\/02\/ema-ch6-photo7172c-1.jpg\" alt=\"\" width=\"267\" height=\"173\" \/><\/a><\/p>\n<p><a href=\"http:\/\/egyptianwisdomcenter.org\/wp-content\/uploads\/2019\/02\/ema-ch6-photo8172c-1.jpg\"><img loading=\"lazy\" decoding=\"async\" class=\"wp-image-2820 aligncenter\" src=\"http:\/\/egyptianwisdomcenter.org\/wp-content\/uploads\/2019\/02\/ema-ch6-photo8172c-1.jpg\" alt=\"\" width=\"246\" height=\"364\" \/><\/a><\/p>\n<p>&nbsp;<\/p>\n<p><span style=\"text-decoration: underline;\"><strong>El rollo<\/strong><\/span> Tambi\u00e9n se encuentra en el Antiguo Egipto.<\/p>\n<p><a href=\"http:\/\/egyptianwisdomcenter.org\/wp-content\/uploads\/2019\/02\/ema-ch6-photo6872c-1.jpg\"><img loading=\"lazy\" decoding=\"async\" class=\"wp-image-2806 aligncenter\" src=\"http:\/\/egyptianwisdomcenter.org\/wp-content\/uploads\/2019\/02\/ema-ch6-photo6872c-1.jpg\" alt=\"\" width=\"188\" height=\"213\" \/><\/a><\/p>\n<p>&nbsp;<\/p>\n<p><span style=\"text-decoration: underline;\"><strong>Colores<\/strong><\/span><\/p>\n<p>El color era una parte esencial de la arquitectura egipcia.<\/p>\n<p>Nadie que entienda la armon\u00eda de los colores dejar\u00e1 de admitir que los antiguos egipcios entend\u00edan perfectamente su distribuci\u00f3n y combinaciones adecuadas.<\/p>\n<p><a href=\"http:\/\/egyptianwisdomcenter.org\/wp-content\/uploads\/2019\/02\/ema-ch6-photo60-72c-1.jpg\"><img loading=\"lazy\" decoding=\"async\" class=\"wp-image-2802 aligncenter\" src=\"http:\/\/egyptianwisdomcenter.org\/wp-content\/uploads\/2019\/02\/ema-ch6-photo60-72c-1.jpg\" alt=\"\" width=\"257\" height=\"211\" \/><\/a><\/p>\n<p><a href=\"http:\/\/egyptianwisdomcenter.org\/wp-content\/uploads\/2019\/02\/ema-ch6-photo8272c-1.jpg\"><img loading=\"lazy\" decoding=\"async\" class=\"wp-image-2821 aligncenter\" src=\"http:\/\/egyptianwisdomcenter.org\/wp-content\/uploads\/2019\/02\/ema-ch6-photo8272c-1.jpg\" alt=\"\" width=\"215\" height=\"266\" \/><\/a><\/p>\n<p>Pero la elecci\u00f3n de los colores, como todo lo dem\u00e1s, refleja la profunda comprensi\u00f3n metaf\u00edsica de los egipcios del significado y la energ\u00eda de cada color, y varios colores se derivan de una combinaci\u00f3n de colores b\u00e1sicos.<\/p>\n<p><a href=\"http:\/\/egyptianwisdomcenter.org\/wp-content\/uploads\/2019\/02\/ema-ch6-photo8372c-1.jpg\"><img loading=\"lazy\" decoding=\"async\" class=\"wp-image-2822 aligncenter\" src=\"http:\/\/egyptianwisdomcenter.org\/wp-content\/uploads\/2019\/02\/ema-ch6-photo8372c-1.jpg\" alt=\"\" width=\"205\" height=\"254\" \/><\/a><\/p>\n<p>&nbsp;<\/p>\n<p>Los techos de los templos egipcios estaban pintados de azul y salpicados de estrellas para representar el firmamento (como en las primeras iglesias europeas); y en la parte del paso central (por donde pasaban el rey y las procesiones religiosas) estaban los buitres y otros emblemas; el globo alado siempre tiene su lugar sobre las puertas. Todo el edificio, as\u00ed como sus esfinges y otros accesorios, estaba ricamente pintado.<\/p>\n<p>&nbsp;<\/p>\n<p><span style=\"color: #ff0000;\"><strong>[Un extracto de <\/strong><\/span><strong>La arquitectura metaf\u00edsica del antiguo Egipto<\/strong><span style=\"color: #ff0000;\"><strong> por Moustafa Gadalla]<br \/>\n<a href=\"https:\/\/egyptianwisdomcenter.org\/es\/producto\/la-arquitectura-metafisica-del-antiguo-egipto-2\/\"><span style=\"color: #0000ff;\">https:\/\/egyptianwisdomcenter.org\/product\/the-ancient-egyptian-metaphysical-architecture\/<\/span><\/a><br \/>\n<\/strong><\/span><\/p>\n<p><img decoding=\"async\" class=\"aligncenter\" src=\"https:\/\/books2read-prod.s3.amazonaws.com\/CACHE\/images\/ubl_book_images\/book_display_image_DzTMfrV\/372fcbccd1ea208063914bdc7d930cad\" \/><\/p>\n<p style=\"text-align: center;\"><a href=\"https:\/\/egyptianwisdomcenter.org\/es\/producto\/la-arquitectura-metafisica-del-antiguo-egipto-2\/\"><span style=\"color: #ff0000;\"><strong><span style=\"color: #0000ff;\">https:\/\/egyptianwisdomcenter.org\/product\/the-ancient-egyptian-metaphysical-architecture\/<\/span><\/strong><\/span><\/a><\/p>\n<div dir=\"auto\"><\/div>","protected":false},"excerpt":{"rendered":"<p>Stylistic Egyptian Architectural Details &nbsp; Several stylistic architectural features were also used in Ancient Egypt, such as: Architrave \u2013 The architrave was [&hellip;]<\/p>","protected":false},"author":3,"featured_media":0,"parent":0,"menu_order":0,"comment_status":"closed","ping_status":"closed","template":"","meta":{"footnotes":""},"class_list":["post-299","page","type-page","status-publish","hentry"],"aioseo_notices":[],"_links":{"self":[{"href":"https:\/\/egyptianwisdomcenter.org\/es\/wp-json\/wp\/v2\/pages\/299","targetHints":{"allow":["GET"]}}],"collection":[{"href":"https:\/\/egyptianwisdomcenter.org\/es\/wp-json\/wp\/v2\/pages"}],"about":[{"href":"https:\/\/egyptianwisdomcenter.org\/es\/wp-json\/wp\/v2\/types\/page"}],"author":[{"embeddable":true,"href":"https:\/\/egyptianwisdomcenter.org\/es\/wp-json\/wp\/v2\/users\/3"}],"replies":[{"embeddable":true,"href":"https:\/\/egyptianwisdomcenter.org\/es\/wp-json\/wp\/v2\/comments?post=299"}],"version-history":[{"count":0,"href":"https:\/\/egyptianwisdomcenter.org\/es\/wp-json\/wp\/v2\/pages\/299\/revisions"}],"wp:attachment":[{"href":"https:\/\/egyptianwisdomcenter.org\/es\/wp-json\/wp\/v2\/media?parent=299"}],"curies":[{"name":"wp","href":"https:\/\/api.w.org\/{rel}","templated":true}]}}