{"id":3147,"date":"2019-03-02T13:16:27","date_gmt":"2019-03-02T18:16:27","guid":{"rendered":"http:\/\/egyptianwisdomcenter.org\/las-capacidades-todo-que-abarcan-de-las-arpas-egipcias-antiguas\/"},"modified":"2023-01-12T12:43:36","modified_gmt":"2023-01-12T17:43:36","slug":"las-capacidades-todo-que-abarcan-de-las-arpas-egipcias-antiguas","status":"publish","type":"page","link":"https:\/\/egyptianwisdomcenter.org\/es\/las-capacidades-todo-lo-que-abarcan-de-las-arpas-egipcias-antiguas\/","title":{"rendered":"Las Capacidades Todo-Que Abarcan De Las Arpas Egipcias Antiguas"},"content":{"rendered":"<h2 style=\"text-align: center;\"><span style=\"color: #ff0000;\">Las Capacidades Todo-Que Abarcan De Las Arpas Egipcias Antiguas<\/span><\/h2>\n<p>&nbsp;<\/p>\n<p>Los arpas del antiguo Egipto variaban enormemente en forma, tama\u00f1o y n\u00famero de cuerdas. Se representan en las pinturas antiguas con 4, 6, 7, 8, 9, 10, 11, 12, 14, 17, 20, 21, y 22 cuerdas.<\/p>\n<p><a href=\"https:\/\/es.egyptianwisdomcenter.org\/wp-content\/uploads\/\/2019\/02\/emus-ch15-photo4-96c.jpg\"><img decoding=\"async\" class=\"size-full wp-image-1406 aligncenter\" src=\"https:\/\/es.egyptianwisdomcenter.org\/wp-content\/uploads\/\/2019\/02\/emus-ch15-photo4-96c.jpg\" alt=\"\" width=\"259\" height=\"168\" \/><\/a><\/p>\n<p><a href=\"https:\/\/es.egyptianwisdomcenter.org\/wp-content\/uploads\/\/2019\/02\/emus-ch15-photo5-96c.jpg\"><img fetchpriority=\"high\" decoding=\"async\" class=\"size-full wp-image-1407 aligncenter\" src=\"https:\/\/es.egyptianwisdomcenter.org\/wp-content\/uploads\/\/2019\/02\/emus-ch15-photo5-96c.jpg\" alt=\"\" width=\"259\" height=\"196\" \/><\/a><\/p>\n<p><a href=\"https:\/\/egyptianwisdomcenter.org\/wp-content\/uploads\/2021\/09\/emus-ch15-photo6-96c-1.jpg\"><img decoding=\"async\" class=\"aligncenter wp-image-57169 size-full\" src=\"https:\/\/egyptianwisdomcenter.org\/wp-content\/uploads\/2021\/09\/emus-ch15-photo6-96c-1.jpg\" alt=\"\" width=\"202\" height=\"284\" \/><\/a><\/p>\n<div>\n<p>B\u00e1sicamente hab\u00eda dos tipos de arpas:<\/p>\n<p style=\"padding-left: 30px;\"><strong>1. <\/strong>el peque\u00f1o arpa port\u00e1til (del hombro) (arco poco profundo). Los arpas del hombro se encuentran en grandes cantidades en museos de todo el mundo. Como todos los instrumentos de la clase, ten\u00edan un ajuste que se pod\u00eda mover de adelante hacia atr\u00e1s y de arriba a abajo o viceversa. Era una especie de varilla de suspensi\u00f3n para las cuerdas, lo que permit\u00eda un ajuste r\u00e1pido a diferentes lanzamientos.<\/p>\n<p style=\"padding-left: 30px;\"><a href=\"https:\/\/emus.pressbooks.com\/wp-content\/uploads\/sites\/42623\/2015\/11\/portable-harp.png\"><img loading=\"lazy\" decoding=\"async\" class=\"aligncenter wp-image-800 size-full\" src=\"https:\/\/es.egyptianwisdomcenter.org\/wp-content\/uploads\/\/2019\/02\/portable-harp-e1484696124557.png\" width=\"136\" height=\"190\" \/><\/a><\/p>\n<p style=\"padding-left: 30px;\"><strong>2. <\/strong>el arpa m\u00e1s grande, arqueada (del arco) o la arpa angular. Ha habido varias variaciones de las grandes arpas en Egipto, como en sus estructuras y tama\u00f1os, dependiendo del soporte de la cuerda y si se encuentra en la parte superior o inferior, y si el resonador es recto-alineado o doblado. [Aqu\u00ed se muestra una escena de la tumba de Amenemhet, Beni Hassan, 12<sup>\u00aa<\/sup> dinast\u00eda.]<\/p>\n<p style=\"padding-left: 30px;\"><a href=\"https:\/\/emus.pressbooks.com\/wp-content\/uploads\/sites\/42623\/2015\/11\/bow-harp.png\"><img loading=\"lazy\" decoding=\"async\" class=\"aligncenter wp-image-801 size-full\" src=\"https:\/\/es.egyptianwisdomcenter.org\/wp-content\/uploads\/\/2019\/02\/bow-harp-e1484696139970.png\" width=\"138\" height=\"160\" \/><\/a><\/p>\n<p>Apenas hay ninguna diferencia entre el arco (arco) y el arpa angular, en lo que respeta a su sonido.<\/p>\n<p>La gran variedad de las arpas egipcias antiguas revela la riqueza de sus capacidades productoras de m\u00fasica. La siguiente informaci\u00f3n general se basa en la relaci\u00f3n entre las cadenas abiertas solamente.<\/p>\n<p>&gt; Cabe se\u00f1alar que muchos m\u00e1s peque\u00f1os tonos musicales se pueden lograr por la t\u00e9cnica de juego con una sola mano, como se muestra anteriormente.<\/p>\n<p style=\"padding-left: 30px;\"><strong>1. <\/strong>con arpas de 4 a 22 cuerdas, algunos arpas habr\u00edan sido capaces de producir una amplia gama de notas para varias octavas. La relaci\u00f3n entre el m\u00e1s corto y el m\u00e1s largo es de 1:3 a 1:4 (es decir, de 1 a 2 octavas). Con la t\u00e9cnica de juego con una sola mano [ver secci\u00f3n anterior], se pueden lograr posibilidades ilimitadas de varios tonos y octavas.<\/p>\n<p style=\"padding-left: 30px;\"><strong>2. <\/strong>los intervalos de cuarto, quinto y octava fueron los m\u00e1s comunes en las representaciones egipcias antiguas. Curt Sachs [en su libro, <em>historia de instrumentos musicales<\/em>] encontr\u00f3 que de 17 arpistas representados en obras de arte egipcias con suficiente realismo y distinci\u00f3n para ser registros confiables, siete est\u00e1n golpeando un cuarto acorde, cinco un quinto acorde, y cinco un Acorde de octava.<\/p>\n<p style=\"padding-left: 30px;\">el consciente <strong>3. <\/strong>The entre el m\u00e1s corto y la cadena m\u00e1s larga de varios arpas egipcios antiguos es cerca de 2:3. Como este intervalo se divide entre cinco cadenas, la escala proporcionar\u00eda un rango de tonos entre la mitad y los tonos completos. En arpas con diez cuerdas, esto dar\u00eda un intervalo promedio de un (menor) semitono (90 centavos = 4 comas).<\/p>\n<p style=\"padding-left: 30px;\"><strong>4. <\/strong>uno de los dos arpas encontrados en la tumba de Rams\u00e9s III tiene 13 cuerdas, donde si la cadena m\u00e1s larga representaba <em>pros-lambanomenos<\/em>, oh <em>D<\/em>, las 12 cuerdas restantes ser\u00e1n m\u00e1s que suministrar todos los tonos, semitonos, y cuartos de tono, de los g\u00e9neros diat\u00f3nicos, crom\u00e1ticos y enarm\u00f3nicos, dentro de la br\u00fajula de una octava.<\/p>\n<p><a href=\"https:\/\/es.egyptianwisdomcenter.org\/wp-content\/uploads\/\/2019\/02\/emus-ch15-photo13-96c.jpg\"><img loading=\"lazy\" decoding=\"async\" class=\"size-full wp-image-1416 aligncenter\" src=\"https:\/\/es.egyptianwisdomcenter.org\/wp-content\/uploads\/\/2019\/02\/emus-ch15-photo13-96c.jpg\" alt=\"\" width=\"300\" height=\"172\" \/><\/a><\/p>\n<p style=\"padding-left: 30px;\">El templar de esta arpa de 13 cuerdas puede equipar los cuatro tetracordios, <em>hipat\u00f3n, mes\u00f3n, sinemmen\u00f3n<\/em>, y <em>diezeugnenon<\/em>, estafa <em>proslambanomenos<\/em> en la parte inferior:<\/p>\n<p style=\"padding-left: 30px;\"><a href=\"https:\/\/es.egyptianwisdomcenter.org\/wp-content\/uploads\/\/2019\/02\/scale.png\" rel=\"attachment wp-att-385\"><img loading=\"lazy\" decoding=\"async\" class=\"aligncenter size-medium wp-image-385\" src=\"https:\/\/es.egyptianwisdomcenter.org\/wp-content\/uploads\/\/2019\/02\/scale-300x51.png\" alt=\"Escala\" width=\"300\" height=\"51\" \/><\/a><\/p>\n<p style=\"padding-left: 30px;\"><strong>5. <\/strong>los arpas representados con m\u00e1s frecuencia fueron encontrados para tener siete cuerdas, y seg\u00fan el estudio de Curt Sachs de instrumentos egipcios, los egipcios afinaron sus arpas en la misma serie diat\u00f3nica de intervalos.<\/p>\n<p style=\"padding-left: 30px;\"><strong>6. <\/strong>un arpa egipcia antigua con 20 cuerdas [encontrada en Luxor (Tebas)], parece haber tenido la escala pentat\u00f3nica corriendo a trav\u00e9s de cuatro octavas. Y el arpa con 21 cuerdas [en el Museo de Par\u00eds] probablemente ten\u00eda el mismo orden de intervalos, con la adici\u00f3n de la nota clave en la parte superior.<\/p>\n<p>&nbsp;<\/p>\n<p style=\"padding-left: 30px;\"><strong style=\"font-size: 16px;\">[Un extracto de <span style=\"color: #ff0000;\">Instrumentos musicales egipcios<\/span> por Moustafa Gadalla]<\/strong><\/p>\n<\/div>\n<div dir=\"auto\">\n<p><span style=\"color: #0000ff;\"><strong>https:\/\/egyptianwisdomcenter.org\/product\/instrumentos-musicales-egipcios\/<\/strong><\/span><\/p>\n<p><img decoding=\"async\" class=\"aligncenter\" src=\"https:\/\/egypt-tehuti.org\/wp-content\/uploads\/2018\/06\/Instrumentos-musicales-egipcios-225x338.jpg\" \/><\/p>\n<div dir=\"auto\" style=\"text-align: center;\"><span style=\"color: #0000ff;\"><strong>https:\/\/egyptianwisdomcenter.org\/product\/instrumentos-musicales-egipcios\/<\/strong><\/span><\/div>\n<\/div>","protected":false},"excerpt":{"rendered":"<p>Las Capacidades Todo-Que Abarcan De Las Arpas Egipcias Antiguas &nbsp; Los arpas del antiguo Egipto variaban enormemente en forma, tama\u00f1o y n\u00famero [&hellip;]<\/p>","protected":false},"author":3,"featured_media":0,"parent":0,"menu_order":0,"comment_status":"closed","ping_status":"closed","template":"","meta":{"footnotes":""},"class_list":["post-3147","page","type-page","status-publish","hentry"],"aioseo_notices":[],"_links":{"self":[{"href":"https:\/\/egyptianwisdomcenter.org\/es\/wp-json\/wp\/v2\/pages\/3147","targetHints":{"allow":["GET"]}}],"collection":[{"href":"https:\/\/egyptianwisdomcenter.org\/es\/wp-json\/wp\/v2\/pages"}],"about":[{"href":"https:\/\/egyptianwisdomcenter.org\/es\/wp-json\/wp\/v2\/types\/page"}],"author":[{"embeddable":true,"href":"https:\/\/egyptianwisdomcenter.org\/es\/wp-json\/wp\/v2\/users\/3"}],"replies":[{"embeddable":true,"href":"https:\/\/egyptianwisdomcenter.org\/es\/wp-json\/wp\/v2\/comments?post=3147"}],"version-history":[{"count":0,"href":"https:\/\/egyptianwisdomcenter.org\/es\/wp-json\/wp\/v2\/pages\/3147\/revisions"}],"wp:attachment":[{"href":"https:\/\/egyptianwisdomcenter.org\/es\/wp-json\/wp\/v2\/media?parent=3147"}],"curies":[{"name":"wp","href":"https:\/\/api.w.org\/{rel}","templated":true}]}}