{"id":324,"date":"2018-11-02T00:00:00","date_gmt":"2018-11-02T04:00:00","guid":{"rendered":"http:\/\/egyptianwisdomcenter.org\/pyramid-power\/"},"modified":"2023-01-03T01:35:37","modified_gmt":"2023-01-03T06:35:37","slug":"pyramid-power-2","status":"publish","type":"page","link":"https:\/\/egyptianwisdomcenter.org\/es\/poder-piramidal-2\/","title":{"rendered":"Poder piramidal"},"content":{"rendered":"<h2 style=\"text-align: center;\"><span style=\"color: #ff0000;\"><strong>Poder piramidal<\/strong><\/span><\/h2>\n<p>&nbsp;<\/p>\n<p>Muchos investigadores descubrieron que hab\u00eda alguna propiedad en la forma piramidal que la hac\u00eda responsable de poderes extraordinarios. Experimentaron con varios elementos colocando cada elemento en la posici\u00f3n equivalente de la &quot;Habitaci\u00f3n del Rey&quot; dentro de un modelo a escala de una pir\u00e1mide correctamente orientada. Descubrieron que se conservaban materiales altamente perecederos, que las hojas de afeitar de acero al carbono, anticuadas y desafiladas, recuperaban sus bordes afilados despu\u00e9s de pasar la noche, etc. procesos que podr\u00edan tener lugar dentro de esa forma. Esta experimentaci\u00f3n condujo al fen\u00f3meno conocido como \u201cPoder Pir\u00e1mide\u201d.<\/p>\n<p>Uno siente el poder de estas pir\u00e1mides egipcias tanto dentro como fuera de ellas porque sus configuraciones est\u00e1n arm\u00f3nicamente proporcionadas.<\/p>\n<p>Las pir\u00e1mides estaban arm\u00f3nicamente proporcionadas para actuar\/funcionar de la misma manera que <em>invernaderos<\/em> \u2013 es decir, para atraer y retener ciertas energ\u00edas. En el caso de la pir\u00e1mide egipcia, deber\u00eda llamarse la <em>casa Azul <\/em>efecto.<\/p>\n<p>En el caso del efecto invernadero, es la retenci\u00f3n de calor de la luz solar en la superficie terrestre, provocada por el di\u00f3xido de carbono atmosf\u00e9rico, la que admite radiaci\u00f3n de onda corta pero absorbe la radiaci\u00f3n de onda larga emitida por la Tierra.<\/p>\n<p>En el caso del <em>casa Azul <\/em>Por este efecto, el edificio retiene la energ\u00eda org\u00f3n. El org\u00f3n proviene del espacio exterior. Es lo que hace que las estrellas titilen y el cielo sea azul.<\/p>\n<p>El org\u00f3n se puede acumular construyendo una caja con madera por fuera y chapa de hierro por dentro. El material org\u00e1nico deja pasar el org\u00f3n y el interior met\u00e1lico lo refleja.<\/p>\n<p>Por lo tanto, esta condici\u00f3n\/fen\u00f3meno podr\u00eda denominarse <em>casa Azul <\/em>efecto. Dentro de dicha caja se acumulan concentraciones anormalmente altas de energ\u00eda psi-org.<\/p>\n<p>Psi-org combina abreviaturas de energ\u00eda ps\u00edquica y org\u00f3n. Son nombres distintos para una misma fuerza. El campo psi, que produce el aura humana y es responsable de todos los poderes ps\u00edquicos, no es otro que lo que Wilhelm Reich, el controvertido disc\u00edpulo austriaco de Freud, llam\u00f3 &quot;energ\u00eda org\u00f3n&quot;.<\/p>\n<p>Los egipcios sab\u00edan todo sobre la energ\u00eda psi-org porque la usaban. Los antiguos egipcios fueron los primeros en descubrir que la forma de una pir\u00e1mide bien proporcionada puede concentrar la energ\u00eda psi-org.<\/p>\n<p>El efecto casa azul aumenta dr\u00e1sticamente cuando se lamina la superficie de la pir\u00e1mide.<\/p>\n<p>Los primeros historiadores y viajeros nos contaron c\u00f3mo brillaban las piedras de las pir\u00e1mides. Las piedras de revestimiento se extrajeron durante y despu\u00e9s del siglo XIII para construir mezquitas y palacios o para quemar cal.<\/p>\n<p>La prueba de este tipo de energ\u00eda fue realizada por el Dr. Harald Puton, un f\u00edsico belga muy competente que descubri\u00f3 que todas las formas de energ\u00eda psi aumentan al sentarse bajo una pir\u00e1mide de proporciones tan arm\u00f3nicas. Una persona as\u00ed es m\u00e1s telep\u00e1tica, m\u00e1s clarividente y m\u00e1s precognitiva. Es m\u00e1s f\u00e1cil iniciar experiencias extracorporales en estas condiciones. Adem\u00e1s, el aura del cuerpo es m\u00e1s intensa dentro de una pir\u00e1mide.<\/p>\n<p style=\"text-align: center;\">\u0394 \u0394 \u0394<\/p>\n<p><span style=\"text-decoration: underline;\"><strong>Los canales de energ\u00eda del interior de las pir\u00e1mides<\/strong><\/span><\/p>\n<p>Como se dijo anteriormente, las aut\u00e9nticas pir\u00e1mides de piedra maciza de Egipto tienen pasillos estrechos y algunas habitaciones vac\u00edas que est\u00e1n totalmente desprovistas de inscripciones y elementos funerarios.<\/p>\n<p>Los interiores de estas pir\u00e1mides s\u00f3lidas con formas reales son b\u00e1sicamente una red de canalizaci\u00f3n de energ\u00eda. Una red energ\u00e9tica de este tipo se compone de habitaciones vac\u00edas, pasillos estrechos, pasillos grandes, pendientes pronunciadas, paredes vac\u00edas, superficies lisas, etc.<\/p>\n<p>&nbsp;<\/p>\n<p><span style=\"color: #ff0000;\"><strong>[Un extracto de <\/strong><\/span><strong>Las pir\u00e1mides egipcias revisitadas<\/strong><span style=\"color: #ff0000;\"><strong> por Moustafa Gadalla]<br \/>\n<a href=\"https:\/\/egyptianwisdomcenter.org\/es\/producto\/the-egyptian-pyramids-revisited\/\"><span style=\"color: #0000ff;\">https:\/\/egyptianwisdomcenter.org\/product\/redescubriendo-las-piramides-egipcias\/<\/span><\/a><br \/>\n<\/strong><\/span><\/p>\n<p><img decoding=\"async\" class=\"aligncenter\" src=\"https:\/\/egyptianwisdomcenter.org\/wp-content\/uploads\/2023\/01\/redescubriendo-las-piramides-egipcias-1.jpg\" \/><\/p>\n<p style=\"text-align: center;\"><a href=\"https:\/\/egyptianwisdomcenter.org\/es\/producto\/the-egyptian-pyramids-revisited\/\"><span style=\"color: #ff0000;\"><strong><span style=\"color: #0000ff;\">https:\/\/egyptianwisdomcenter.org\/product\/redescubriendo-las-piramides-egipcias\/<\/span><\/strong><\/span><\/a><\/p>\n<div dir=\"auto\"><\/div>","protected":false},"excerpt":{"rendered":"<p>Pyramid Power &nbsp; Many researchers found that there was some property in the pyramidal shape that made it responsible for extraordinary powers. [&hellip;]<\/p>","protected":false},"author":3,"featured_media":0,"parent":0,"menu_order":0,"comment_status":"closed","ping_status":"closed","template":"","meta":{"footnotes":""},"class_list":["post-324","page","type-page","status-publish","hentry"],"aioseo_notices":[],"_links":{"self":[{"href":"https:\/\/egyptianwisdomcenter.org\/es\/wp-json\/wp\/v2\/pages\/324","targetHints":{"allow":["GET"]}}],"collection":[{"href":"https:\/\/egyptianwisdomcenter.org\/es\/wp-json\/wp\/v2\/pages"}],"about":[{"href":"https:\/\/egyptianwisdomcenter.org\/es\/wp-json\/wp\/v2\/types\/page"}],"author":[{"embeddable":true,"href":"https:\/\/egyptianwisdomcenter.org\/es\/wp-json\/wp\/v2\/users\/3"}],"replies":[{"embeddable":true,"href":"https:\/\/egyptianwisdomcenter.org\/es\/wp-json\/wp\/v2\/comments?post=324"}],"version-history":[{"count":0,"href":"https:\/\/egyptianwisdomcenter.org\/es\/wp-json\/wp\/v2\/pages\/324\/revisions"}],"wp:attachment":[{"href":"https:\/\/egyptianwisdomcenter.org\/es\/wp-json\/wp\/v2\/media?parent=324"}],"curies":[{"name":"wp","href":"https:\/\/api.w.org\/{rel}","templated":true}]}}