{"id":326,"date":"2018-11-02T00:00:00","date_gmt":"2018-11-02T04:00:00","guid":{"rendered":"http:\/\/egyptianwisdomcenter.org\/the-flawed-common-construction-theory-of-the-pyramids\/"},"modified":"2023-01-03T01:36:24","modified_gmt":"2023-01-03T06:36:24","slug":"the-flawed-common-construction-theory-of-the-pyramids-2","status":"publish","type":"page","link":"https:\/\/egyptianwisdomcenter.org\/es\/la-defectuosa-teoria-de-la-construccion-comun-de-las-piramides-2\/","title":{"rendered":"La defectuosa \u201cteor\u00eda de la construcci\u00f3n com\u00fan\u201d de las pir\u00e1mides"},"content":{"rendered":"<h2 style=\"text-align: center;\"><span style=\"color: #0000ff;\">La defectuosa \u201cteor\u00eda de la construcci\u00f3n com\u00fan\u201d de las pir\u00e1mides<\/span><\/h2>\n<p>&nbsp;<\/p>\n<h3><span style=\"color: #ff0000;\"><strong>1. La &#039;teor\u00eda&#039; com\u00fan<\/strong><\/span><\/h3>\n<p>Muchos egipt\u00f3logos acad\u00e9micos afirman que no existen registros del Antiguo Egipto de ning\u00fan per\u00edodo que describan c\u00f3mo se construyeron las pir\u00e1mides. Su error es que han predeterminado el m\u00e9todo de construcci\u00f3n y s\u00f3lo buscan los registros para afirmar su teor\u00eda preconcebida. Por tanto, inventaron una teor\u00eda. Su teor\u00eda &quot;inventada&quot; es que:<\/p>\n<p style=\"padding-left: 30px;\">a. Los bloques de la pir\u00e1mide son de dos tipos:<\/p>\n<p style=\"padding-left: 60px;\">i. Los bloques centrales se construyeron en su mayor\u00eda con bloques de piedra caliza local extra\u00eddos de cantera y cementados con una capa de mortero fina como el papel.<\/p>\n<p style=\"padding-left: 60px;\">ii. La carcasa exterior estaba hecha de piedra caliza de grano fino, que se extra\u00eda de Tura, en la orilla oriental del Nilo, y se transportaba a trav\u00e9s del Nilo hasta el lugar.<\/p>\n<p><a href=\"http:\/\/egyptianwisdomcenter.org\/wp-content\/uploads\/2019\/02\/epr-ph-49bot-72c.jpg\"><img decoding=\"async\" class=\"size-full wp-image-1527 aligncenter\" src=\"http:\/\/egyptianwisdomcenter.org\/wp-content\/uploads\/2019\/02\/epr-ph-49bot-72c.jpg\" alt=\"\" width=\"216\" height=\"112\" \/><\/a><\/p>\n<p>&nbsp;<\/p>\n<p style=\"padding-left: 30px;\">b. Para cortar y dar forma a los bloques de piedra, los egipcios utilizaban lo siguiente:<\/p>\n<p style=\"padding-left: 60px;\">i. cinceles de cobre y posiblemente herramientas de hierro<\/p>\n<p style=\"padding-left: 60px;\">ii. mazos de pedernal, cuarzo y diorita<\/p>\n<p style=\"padding-left: 60px;\">III. grandes barras de madera<\/p>\n<p style=\"padding-left: 30px;\">C. Para transportar los bloques de piedra utilizaban trineos y rodillos de madera. Luego, las piedras &quot;extra\u00eddas&quot; se sub\u00edan por rampas temporales, que aumentaban tanto en altura como en longitud a medida que se elevaban a los sucesivos niveles de la pir\u00e1mide.<\/p>\n<h3><strong>a. La \u201cfuente\u201d no identificada de los bloques extra\u00eddos<\/strong><\/h3>\n<p>Consideremos los siguientes hechos indiscutibles sobre la pir\u00e1mide de Keops (Khufu) de Giza. [Hechos similares a los mencionados aqu\u00ed tambi\u00e9n son aplicables a todas las pir\u00e1mides de mamposter\u00eda.]<\/p>\n<p class=\"hanging-indent\" style=\"padding-left: 30px;\">1. La Gran Pir\u00e1mide contiene aproximadamente 2,6 millones de bloques de construcci\u00f3n, que pesan entre dos y setenta toneladas cada uno.<\/p>\n<p class=\"hanging-indent\" style=\"padding-left: 30px;\">2. Casi ninguno de los bloques de la pir\u00e1mide coincide con el lecho de roca de Giza, ni qu\u00edmica ni mineral\u00f3gicamente.<\/p>\n<p class=\"hanging-indent\" style=\"padding-left: 30px;\">3. El lecho de roca del Giza Palteau est\u00e1 formado por estratos, mientras que los bloques de la pir\u00e1mide no contienen estratos.<\/p>\n<p class=\"hanging-indent\" style=\"padding-left: 30px;\">4. Los estratos y los defectos hacen imposible cortar la piedra en dimensiones perfectamente uniformes.<\/p>\n<p class=\"hanging-indent\" style=\"padding-left: 30px;\">5. Los ge\u00f3logos y geoqu\u00edmicos no pueden ponerse de acuerdo sobre el origen de los bloques piramidales. Esto por s\u00ed solo echa por tierra la teor\u00eda com\u00fan de que la mamposter\u00eda central de la pir\u00e1mide fue extra\u00edda de un lecho de roca local.<\/p>\n<p class=\"hanging-indent\" style=\"padding-left: 30px;\">6. La piedra natural est\u00e1 formada por conchas f\u00f3siles que se encuentran horizontales o planas en el lecho de roca como resultado de la formaci\u00f3n de capas sedimentarias de lecho de roca a lo largo de millones de a\u00f1os. Los bloques de las pir\u00e1mides de mamposter\u00eda de Egipto muestran conchas mezcladas, lo que indica que se trata de piedra fundida hecha por el hombre. En cualquier hormig\u00f3n, los \u00e1ridos se mezclan y, como resultado, el hormig\u00f3n colado carece de capas sedimentarias. Estas pir\u00e1mides estaban compuestas esencialmente de piedra caliza de conchas f\u00f3siles, un material heterog\u00e9neo muy dif\u00edcil de cortar con precisi\u00f3n.<\/p>\n<p class=\"hanging-indent\" style=\"padding-left: 30px;\">7. Los cient\u00edficos franceses descubrieron que la densidad aparente de los bloques piramidales es 20% m\u00e1s ligera que la del lecho de piedra caliza local. Los bloques fundidos son siempre 20-25% m\u00e1s ligeros que la roca natural porque est\u00e1n llenos de burbujas de aire.<\/p>\n<h3><strong>b. Cortar y dar forma a imposibilidades<\/strong><\/h3>\n<p class=\"hanging-indent\" style=\"padding-left: 30px;\">1. Las herramientas de piedra o cobre (que son un metal blando), utilizadas por los egipcios en esa \u00e9poca, no pueden cortar grandes granitos o millones de bloques de piedra caliza con una precisi\u00f3n tan fina como el papel, y nunca dentro de los tiempos asignados para construir estas pir\u00e1mides.<\/p>\n<p class=\"hanging-indent\" style=\"padding-left: 30px;\">2. La piedra caliza se parte con frecuencia durante el corte. Las fallas y los estratos en el lecho de roca aseguran que por cada bloque cortado seg\u00fan el est\u00e1ndar, al menos uno se agrietar\u00e1 o tendr\u00e1 un tama\u00f1o inadecuado durante la extracci\u00f3n.<\/p>\n<p style=\"padding-left: 60px;\"><strong>&gt;&gt; Dados los muchos millones de bloques de todas estas pir\u00e1mides, deber\u00eda haber millones de bloques agrietados cerca o en alg\u00fan lugar de Egipto; pero no se encuentran por ninguna parte.<\/strong><\/p>\n<p style=\"padding-left: 60px;\">En resumen: sin basura de bloques agrietados significa sin canteras. Los historiadores antiguos que documentaron sus visitas a Egipto no mencionaron montones de bloques rotos.<\/p>\n<p style=\"padding-left: 30px;\">3. Para extraer piedras, algunos sugirieron que los egipcios podr\u00edan haber calentado la superficie de la piedra a una temperatura muy alta con fuego y luego rociada con agua para dividirla. Esta sugerencia no es v\u00e1lida porque:<\/p>\n<p style=\"padding-left: 60px;\"><strong> En primer lugar<\/strong>, este m\u00e9todo da como resultado proporcionar superficies irregulares y no hacer bloques de forma regular. Este m\u00e9todo s\u00f3lo se puede utilizar para reducir grandes trozos de arenisca, granito o basalto en agregados peque\u00f1os, irregulares y fragmentados.<\/p>\n<p style=\"padding-left: 60px;\"><strong>En segundo lugar<\/strong>, calentar con fuego convierte la piedra caliza en cal a 704<sup>oh<\/sup> (1,300<sup>oh<\/sup> F). En otras palabras, ya no tenemos trozos s\u00f3lidos de roca. Por lo tanto, es imposible producir bloques piramidales calentando piedra caliza.<\/p>\n<p class=\"hanging-indent\" style=\"padding-left: 30px;\">4. Hay alrededor de diez longitudes de bloques est\u00e1ndar en toda la pir\u00e1mide. De manera similar, tambi\u00e9n se aplica un n\u00famero limitado de tama\u00f1os est\u00e1ndar en otras pir\u00e1mides. Es imposible tallar dimensiones tan uniformes. Sin embargo, tener moldes de hormig\u00f3n estandarizados es una conclusi\u00f3n m\u00e1s l\u00f3gica.<\/p>\n<p><a href=\"http:\/\/egyptianwisdomcenter.org\/wp-content\/uploads\/2019\/02\/epr-ch7-photo1-96c.jpg\"><img fetchpriority=\"high\" decoding=\"async\" class=\"wp-image-1411 aligncenter\" src=\"http:\/\/egyptianwisdomcenter.org\/wp-content\/uploads\/2019\/02\/epr-ch7-photo1-96c.jpg\" alt=\"\" width=\"293\" height=\"219\" \/><\/a><\/p>\n<p class=\"hanging-indent\" style=\"padding-left: 30px;\">5. Otro dato afirmativo es la longitud de algunos bloques. Se ha observado que los bloques m\u00e1s largos de las pir\u00e1mides siempre tienen la misma longitud. Esta es una evidencia extremadamente fuerte a favor del uso de moldes de fundici\u00f3n.<\/p>\n<p><a href=\"http:\/\/egyptianwisdomcenter.org\/wp-content\/uploads\/2019\/02\/epr-ch7-photo2-96c.jpg\"><img decoding=\"async\" class=\"size-full wp-image-1412 aligncenter\" src=\"http:\/\/egyptianwisdomcenter.org\/wp-content\/uploads\/2019\/02\/epr-ch7-photo2-96c.jpg\" alt=\"\" width=\"288\" height=\"192\" \/><\/a><\/p>\n<h3><strong>C. La log\u00edstica de la teor\u00eda de las rampas fabricadas<\/strong><\/h3>\n<p class=\"hanging-indent\">\u0394 Esto es un invento total, pero se ha repetido tantas veces que se convirti\u00f3 en una <em>hecho<\/em>, en la mente de la mayor\u00eda de las personas.<\/p>\n<p class=\"hanging-indent\">\u0394 Herodoto nunca mencion\u00f3 tales rampas. Su relato hist\u00f3rico describi\u00f3 la t\u00edpica calzada de piedra entre la base de la pir\u00e1mide y el Templo del Valle. Esta calzada era una caracter\u00edstica permanente que, como describi\u00f3 Her\u00f3doto, ten\u00eda 3300 \u2032 (1006 m) de largo, 60 \u2032 (18 m) de ancho y 48 \u2032 (15 m) de alto, y no se usaba para transportar bloques.<\/p>\n<p class=\"hanging-indent\">\u0394 Muchos acad\u00e9micos quieren creer que la \u00fanica manera de construir la pir\u00e1mide es aumentando tanto la altura como la longitud de una rampa temporal a medida que se eleva a los sucesivos niveles de la pir\u00e1mide.<\/p>\n<p class=\"hanging-indent\">\u0394 La teor\u00eda de las personas que est\u00e1n atrapadas en las rampas hace referencia a lo que parece ser una rampa de barro, encontrada en el Complejo de Sekhemket en Saqqara. Incluso si fuera una rampa, solo ten\u00eda 23 \u2032 (7 m) de altura. Las pir\u00e1mides construidas son mucho m\u00e1s altas que eso.<\/p>\n<p class=\"hanging-indent\">\u0394 El ingeniero civil dan\u00e9s P. Garde-Hanson calcul\u00f3 que para construir una rampa hasta la cima de la pir\u00e1mide de Keops se necesitar\u00edan 17,5 millones de yardas c\u00fabicas (13,4 millones de metros c\u00fabicos) de material (7 veces la cantidad necesaria para la propia pir\u00e1mide). ). Se habr\u00eda necesitado una fuerza laboral de 240.000 personas para construir dicha rampa, durante el reinado de Keops de 23 a\u00f1os.<\/p>\n<p class=\"hanging-indent\">\u0394 Para desmantelar la rampa una vez terminada la pir\u00e1mide de Keops se habr\u00eda necesitado una fuerza de trabajo de 300.000 personas y ocho a\u00f1os m\u00e1s. Una cantidad tan grande de basura no es visible en ning\u00fan lugar cercano y nunca fue mencionada por los historiadores anteriores.<\/p>\n<p class=\"hanging-indent\">\u0394 Despu\u00e9s de alcanzar cifras tan incre\u00edbles, Garde-Hanson teoriz\u00f3 una combinaci\u00f3n de rampa y dispositivo de elevaci\u00f3n. Teoriz\u00f3 una rampa que llegar\u00eda hasta la mitad de la pir\u00e1mide. A ese nivel se habr\u00eda utilizado alrededor del 90 por ciento del material necesario para la pir\u00e1mide. El segundo elemento de su teor\u00eda modificada, es decir, alg\u00fan tipo de misterioso dispositivo de elevaci\u00f3n, era y sigue siendo una cuesti\u00f3n sin resolver.<\/p>\n<p class=\"hanging-indent\" style=\"padding-left: 30px;\">Hipot\u00e9ticamente, coincidamos con las teor\u00edas de Garde-Hanson e intentemos visualizar las asombrosas cifras: 4.000 canteros durante todo el a\u00f1o produciendo 330 bloques por d\u00eda. Durante la temporada de inundaciones, se transportan 4.000 bloques por d\u00eda al Nilo, se cruzan en ferry, se suben por la rampa hasta la meseta de Giza y se colocan en su lugar en el n\u00facleo.<span style=\"text-decoration: underline;\">a una velocidad de 6,67 bloques por minuto<\/span>! \u00a1Imag\u00ednese 6,67 bloques cada 60 segundos!<\/p>\n<p class=\"hanging-indent\" style=\"padding-left: 30px;\">Esta tasa es imposible de alcanzar. \u00c9sta es otra raz\u00f3n para ignorar la validez de las teor\u00edas de las canteras y de las rampas.<\/p>\n<p class=\"hanging-indent\">\u0394\u00a0 <span style=\"text-decoration: underline;\">Construir y quitar tales rampas habr\u00eda sido una tarea mucho mayor que construir cualquiera de las pir\u00e1mides.<\/span>. Por lo tanto, cuando los acad\u00e9micos idean \u201cmedios primitivos\u201d para los antiguos egipcios, complican sus propias teor\u00edas infundadas.<\/p>\n<p style=\"text-align: center;\">\u0394 \u0394 \u0394<\/p>\n<h3><span style=\"color: #ff0000;\"><strong>2. Las tres pir\u00e1mides olvidadas de Snefru<\/strong><\/span><\/h3>\n<p>Snefru, durante su reinado de 24 a\u00f1os, pudo construir las dos pir\u00e1mides principales en Dahshur, as\u00ed como una tercera pir\u00e1mide en Meidum. Esto significa que \u00e9l, en el transcurso de su reinado de 24 a\u00f1os, fue responsable de la producci\u00f3n de unos nueve millones de toneladas de piedra, varias veces la cantidad de la Gran Pir\u00e1mide de Giza. Incluso intentar calcular la log\u00edstica de ese trabajo utilizando t\u00e9rminos modernos resulta abrumador.<\/p>\n<p style=\"text-align: center;\">\u0394 \u0394 \u0394<\/p>\n<h3><span style=\"color: #ff0000;\"><strong>3. Preguntas de resumen que refutan la \u201cteor\u00eda com\u00fan\u201d elaborada en Occidente<\/strong><\/span><\/h3>\n<p>Al no tener una mente abierta, a estos acad\u00e9micos les result\u00f3 dif\u00edcil encontrar respuestas a muchas preguntas.<\/p>\n<p>Bas\u00e1ndonos en los elementos de la \u201cteor\u00eda com\u00fan\u201d del corte, transporte e izado de piedras, \u00bfc\u00f3mo podemos responder l\u00f3gicamente a las siguientes preguntas?<\/p>\n<p class=\"hanging-indent\" style=\"padding-left: 30px;\">1. \u00bfDe d\u00f3nde obtuvieron la enorme cantidad de materiales necesarios para construir esta y otras pir\u00e1mides? \u00bfNo hay ninguna evidencia f\u00edsica de tal fuente?<\/p>\n<p class=\"hanging-indent\" style=\"padding-left: 30px;\">2. \u00bfC\u00f3mo lograron que los lados inclinados de las pir\u00e1mides fueran absolutamente planos?<\/p>\n<p class=\"hanging-indent\" style=\"padding-left: 30px;\">3. \u00bfC\u00f3mo lograron que los cuatro lados inclinados se encontraran en un punto perfecto en la cima?<\/p>\n<p class=\"hanging-indent\" style=\"padding-left: 30px;\">4. \u00bfC\u00f3mo lograron que los niveles estuvieran tan nivelados?<\/p>\n<p class=\"hanging-indent\" style=\"padding-left: 30px;\">5. \u00bfC\u00f3mo cortaron las piedras para que encajaran con tanta precisi\u00f3n?<\/p>\n<p class=\"hanging-indent\" style=\"padding-left: 30px;\">6. \u00bfQu\u00e9 herramientas utilizaron?<\/p>\n<p class=\"hanging-indent\" style=\"padding-left: 30px;\">7. \u00bfC\u00f3mo podr\u00eda maniobrar el n\u00famero necesario de trabajadores (estimados entre 240.000 y 300.000 personas) en una obra tan peque\u00f1a?<\/p>\n<p class=\"hanging-indent\" style=\"padding-left: 30px;\">8. \u00bfC\u00f3mo cortaron los bloques de manera tan uniforme?<\/p>\n<p class=\"hanging-indent\" style=\"padding-left: 30px;\">9. \u00bfC\u00f3mo colocaron algunos de los bloques m\u00e1s pesados de la pir\u00e1mide, a alturas tan grandes?<\/p>\n<p class=\"hanging-indent\" style=\"padding-left: 30px;\">10. \u00bfC\u00f3mo se hicieron 115.000 bloques de revestimiento para que encajaran al mil\u00edmetro y m\u00e1s cerca, como fue el caso en la pir\u00e1mide de Keops?<\/p>\n<p class=\"hanging-indent\" style=\"padding-left: 30px;\">11. \u00bfC\u00f3mo se hizo todo el trabajo en unos 20 a\u00f1os?<\/p>\n<p>Todas estas preguntas invalidan la \u201cteor\u00eda com\u00fan\u201d. El sentido com\u00fan, junto con la evidencia f\u00edsica, lleva a la conclusi\u00f3n de que los bloques fueron hechos por el hombre, como se explicar\u00e1 m\u00e1s adelante.<\/p>\n<p>&nbsp;<\/p>\n<p><span style=\"color: #ff0000;\"><strong>[Un extracto de <\/strong><\/span><strong>Las pir\u00e1mides de Egipto revisitadas por Moustafa Gadalla<\/strong><span style=\"color: #ff0000;\"><strong>]<br \/>\n<a href=\"https:\/\/egyptianwisdomcenter.org\/es\/producto\/the-egyptian-pyramids-revisited\/\"><span style=\"color: #0000ff;\">https:\/\/egyptianwisdomcenter.org\/product\/redescubriendo-las-piramides-egipcias\/<\/span><\/a><br \/>\n<\/strong><\/span><img decoding=\"async\" class=\"aligncenter\" src=\"https:\/\/egyptianwisdomcenter.org\/wp-content\/uploads\/2023\/01\/redescubriendo-las-piramides-egipcias-1.jpg\" \/><\/p>\n<div dir=\"auto\" style=\"text-align: center;\"><a href=\"https:\/\/egyptianwisdomcenter.org\/es\/producto\/the-egyptian-pyramids-revisited\/\"><span style=\"color: #ff0000;\"><strong><span style=\"color: #0000ff;\">https:\/\/egyptianwisdomcenter.org\/product\/redescubriendo-las-piramides-egipcias\/<\/span><\/strong><\/span><\/a><\/div>","protected":false},"excerpt":{"rendered":"<p>The Flawed &#8220;Common Construction Theory&#8221; Of The Pyramids &nbsp; 1. The Common &#8216;Theory&#8217; Many academic Egyptologists claim that there are no Ancient [&hellip;]<\/p>","protected":false},"author":3,"featured_media":0,"parent":0,"menu_order":0,"comment_status":"closed","ping_status":"closed","template":"","meta":{"footnotes":""},"class_list":["post-326","page","type-page","status-publish","hentry"],"aioseo_notices":[],"_links":{"self":[{"href":"https:\/\/egyptianwisdomcenter.org\/es\/wp-json\/wp\/v2\/pages\/326","targetHints":{"allow":["GET"]}}],"collection":[{"href":"https:\/\/egyptianwisdomcenter.org\/es\/wp-json\/wp\/v2\/pages"}],"about":[{"href":"https:\/\/egyptianwisdomcenter.org\/es\/wp-json\/wp\/v2\/types\/page"}],"author":[{"embeddable":true,"href":"https:\/\/egyptianwisdomcenter.org\/es\/wp-json\/wp\/v2\/users\/3"}],"replies":[{"embeddable":true,"href":"https:\/\/egyptianwisdomcenter.org\/es\/wp-json\/wp\/v2\/comments?post=326"}],"version-history":[{"count":0,"href":"https:\/\/egyptianwisdomcenter.org\/es\/wp-json\/wp\/v2\/pages\/326\/revisions"}],"wp:attachment":[{"href":"https:\/\/egyptianwisdomcenter.org\/es\/wp-json\/wp\/v2\/media?parent=326"}],"curies":[{"name":"wp","href":"https:\/\/api.w.org\/{rel}","templated":true}]}}