{"id":361,"date":"2018-11-02T00:00:00","date_gmt":"2018-11-02T04:00:00","guid":{"rendered":"http:\/\/egyptianwisdomcenter.org\/sacred-geometry\/"},"modified":"2023-10-20T16:27:18","modified_gmt":"2023-10-20T20:27:18","slug":"sacred-geometry-2","status":"publish","type":"page","link":"https:\/\/egyptianwisdomcenter.org\/es\/sacred-geometry-2\/","title":{"rendered":"Geometr\u00eda sagrada"},"content":{"rendered":"<h2 style=\"text-align: center;\"><span style=\"color: #ff0000;\">Geometr\u00eda sagrada<\/span><\/h2>\n<p>&nbsp;<\/p>\n<h3><span style=\"color: #0000ff;\"><strong>1. Geometr\u00eda Sagrada de la Arquitectura Divina <\/strong><\/span><\/h3>\n<p>Para los antiguos egipcios, la geometr\u00eda era mucho m\u00e1s que un estudio de puntos, l\u00edneas, superficies y s\u00f3lidos y sus propiedades y medidas. La armon\u00eda inherente a la geometr\u00eda fue reconocida en el Antiguo Egipto como la expresi\u00f3n m\u00e1s convincente de un plan divino que subyace al mundo: un plan metaf\u00edsico que determina lo f\u00edsico.<\/p>\n<p>Para los antiguos egipcios, la geometr\u00eda era el medio por el cual la humanidad pod\u00eda comprender los misterios del orden divino. La geometr\u00eda existe en todas partes de la naturaleza: su orden subyace a la estructura de todas las cosas, desde las mol\u00e9culas hasta las galaxias. La naturaleza de la forma geom\u00e9trica permite su funcionamiento. Un dise\u00f1o que utilice los principios de la geometr\u00eda sagrada debe lograr el mismo objetivo: utilizar la forma para servir\/representar una funci\u00f3n.<\/p>\n<p>Her\u00f3doto, el padre de la historia y nativo de Grecia, declar\u00f3 en el a\u00f1o 500 a.C.:<\/p>\n<p style=\"padding-left: 30px;\"><strong><em>Ahora d\u00e9jenme hablar m\u00e1s de Egipto porque tiene muchas cosas admirables y lo que uno ve all\u00ed es superior a cualquier otro pa\u00eds.<\/em><\/strong><\/p>\n<p>Las obras del Antiguo Egipto, grandes o peque\u00f1as, son admiradas por todos porque son proporcionalmente armoniosas y, como tales, apelan tanto a nuestros sentimientos internos como externos. Este concepto de dise\u00f1o arm\u00f3nico se conoce popularmente como geometr\u00eda sagrada, donde todas las figuras se pueden dibujar o crear usando una l\u00ednea recta (ni siquiera necesariamente una regla) y un comp\u00e1s, es decir, sin medidas (dependiendo \u00fanicamente de la proporci\u00f3n).<\/p>\n<p>&nbsp;<\/p>\n<h3><span style=\"color: #0000ff;\"><strong>2. El Cord\u00f3n Sagrado Egipcio [Herramienta]<\/strong><\/span><\/h3>\n<p>Dado que la geometr\u00eda sagrada se basa en la proporci\u00f3n arm\u00f3nica, la unidad de distancia (longitud) te\u00f3ricamente puede ser cualquier unidad. La \u00fanica herramienta necesaria es un cord\u00f3n que consta de 12 distancias equiespaciadas. La distancia unitaria puede ser peque\u00f1a o grande, para adaptarse al dise\u00f1o requerido de obras de arte en un lienzo, estatuas o el dise\u00f1o de edificios.<\/p>\n<p><img decoding=\"async\" class=\"size-full wp-image-68364 aligncenter\" src=\"https:\/\/egyptianwisdomcenter.org\/wp-content\/uploads\/2023\/10\/ema-7.2-200c-1-150x77-1.jpg\" alt=\"\" width=\"150\" height=\"77\" \/><\/p>\n<p>Los templos y otros edificios del Antiguo Egipto se dispon\u00edan en una ceremonia religiosa. Este dise\u00f1o fue realizado por personas muy conocedoras que los griegos conocen como <em>harpedonaptae.<\/em><\/p>\n<p>Los harpedonaptae son el pueblo que se adhiri\u00f3 estrictamente a los principios de la geometr\u00eda sagrada (utilizando \u00fanicamente una l\u00ednea recta y un comp\u00e1s). Su cuerda era (y sigue siendo, en partes del actual Egipto) una cuerda muy especial que consiste en una cuerda de 13 nudos con 12 distancias equiespaciadas de un codo egipcio (1,72 \u2032 o 0,5236 m).<\/p>\n<p>Cualquier cuerda de 13 nudos equidistantes es la herramienta b\u00e1sica que se utiliza para establecer varias formas geom\u00e9tricas.<\/p>\n<p>&nbsp;<\/p>\n<h3><span style=\"color: #0000ff;\"><strong>3. Disposici\u00f3n general de formas geom\u00e9tricas<\/strong><\/span><\/h3>\n<p>Los tri\u00e1ngulos son los componentes b\u00e1sicos de cualquier dise\u00f1o.<\/p>\n<p>La formaci\u00f3n m\u00e1s simple es el tri\u00e1ngulo equil\u00e1tero, que se puede trazar con la cuerda egipcia anudada a doce intervalos iguales y enrollada alrededor de tres clavijas de modo que forme tres lados, cada uno de los cuales mide cuatro unidades.<\/p>\n<p>&nbsp;<\/p>\n<p><img decoding=\"async\" class=\"size-full wp-image-68377 aligncenter\" src=\"https:\/\/egyptianwisdomcenter.org\/wp-content\/uploads\/2023\/10\/ema-7.3-1-200c-1-150x150-1.jpg\" alt=\"\" width=\"150\" height=\"150\" srcset=\"https:\/\/egyptianwisdomcenter.org\/wp-content\/uploads\/2023\/10\/ema-7.3-1-200c-1-150x150-1.jpg 150w, https:\/\/egyptianwisdomcenter.org\/wp-content\/uploads\/2023\/10\/ema-7.3-1-200c-1-150x150-1-45x45.jpg 45w, https:\/\/egyptianwisdomcenter.org\/wp-content\/uploads\/2023\/10\/ema-7.3-1-200c-1-150x150-1-100x100.jpg 100w\" sizes=\"(max-width: 150px) 100vw, 150px\" \/><\/p>\n<p>&nbsp;<\/p>\n<p>La l\u00ednea que une desde cualquier esquina hasta el centro del lado opuesto es su perpendicular.<\/p>\n<p>Sin embargo, el origen del dise\u00f1o del edificio hist\u00f3rico fue el trazado del tri\u00e1ngulo 3:4:5 con la cuerda egipcia, enrollada alrededor de tres clavijas de modo que formara tres lados que midieran tres, cuatro y cinco unidades, lo que proporciona un \u00e1ngulo de 90\u00b0. \u00e1ngulo entre sus 3 y 4 lados.<\/p>\n<p><img decoding=\"async\" class=\"size-full wp-image-68390 aligncenter\" src=\"https:\/\/egyptianwisdomcenter.org\/wp-content\/uploads\/2023\/10\/ema-7.3-2-300-150x140-1.jpg\" alt=\"\" width=\"150\" height=\"140\" \/><\/p>\n<p>&nbsp;<\/p>\n<p>Fue una tarea relativamente sencilla dise\u00f1ar rect\u00e1ngulos y otras figuras geom\u00e9tricas m\u00e1s complejas despu\u00e9s de establecer el tri\u00e1ngulo rect\u00e1ngulo 3:4:5.<\/p>\n<p>Por ejemplo, se puede establecer un EBCF cuadrado como se muestra a continuaci\u00f3n:<\/p>\n<p><img loading=\"lazy\" decoding=\"async\" class=\"size-full wp-image-68403 aligncenter\" src=\"https:\/\/egyptianwisdomcenter.org\/wp-content\/uploads\/2023\/10\/ema-7.3-3-72c-1-1-150x121-1.jpg\" alt=\"\" width=\"150\" height=\"121\" \/><\/p>\n<p>&nbsp;<\/p>\n<p>(A) Construya dos tri\u00e1ngulos 3:4:5 con una diagonal com\u00fan AC.<\/p>\n<p style=\"padding-left: 30px;\">(B) Conecte FE donde FC = EB = 3 unidades.<\/p>\n<p>La cuerda egipcia se puede utilizar como comp\u00e1s para dibujar curvas circulares, como se muestra en el diagrama siguiente.<\/p>\n<p><img loading=\"lazy\" decoding=\"async\" class=\"size-medium wp-image-68416 aligncenter\" src=\"https:\/\/egyptianwisdomcenter.org\/wp-content\/uploads\/2023\/10\/Capture-300x82.png\" alt=\"\" width=\"300\" height=\"82\" srcset=\"https:\/\/egyptianwisdomcenter.org\/wp-content\/uploads\/2023\/10\/Capture-300x82.png 300w, https:\/\/egyptianwisdomcenter.org\/wp-content\/uploads\/2023\/10\/Capture-230x63.png 230w, https:\/\/egyptianwisdomcenter.org\/wp-content\/uploads\/2023\/10\/Capture-350x95.png 350w, https:\/\/egyptianwisdomcenter.org\/wp-content\/uploads\/2023\/10\/Capture.png 404w\" sizes=\"(max-width: 300px) 100vw, 300px\" \/><\/p>\n<p>&nbsp;<\/p>\n<p>Otras formas, como el tri\u00e1ngulo o rect\u00e1ngulo Neb (dorado) 8:5, como se muestra a continuaci\u00f3n, tambi\u00e9n se pueden establecer con el cord\u00f3n egipcio.<\/p>\n<p>&nbsp;<\/p>\n<p>&nbsp;<\/p>\n<p>[Para ver la formaci\u00f3n de una amplia variedad de formas geom\u00e9tricas, lea <em>Geometr\u00eda Sagrada y Numerolog\u00eda <\/em>por este mismo autor.]<\/p>\n<p>El s\u00edmbolo jerogl\u00edfico del neter (dios) Re, la fuerza creativa c\u00f3smica, es el c\u00edrculo. Cuando la cuerda se enrolla formando un c\u00edrculo completo, el arquetipo de la creaci\u00f3n, encontramos que el radio de este c\u00edrculo sagrado equivale a 1,91 codos. Al convertir esta medida de 1,91 codos del radio al sistema m\u00e9trico, obtenemos 1 metro exactamente (1,91 x 0,5236). 1 metro = 1\/100.000 \u2013 parte del cuarto del meridiano de la Tierra. En otras palabras, esta particular cuerda egipcia de 13 nudos y la unidad de medida egipcia conocida como codo se basan en la medida de la circunferencia de la Tierra.<\/p>\n<p>&nbsp;<\/p>\n<p><img loading=\"lazy\" decoding=\"async\" class=\"size-medium wp-image-68429 aligncenter\" src=\"https:\/\/egyptianwisdomcenter.org\/wp-content\/uploads\/2023\/10\/Capture1-300x128.png\" alt=\"\" width=\"300\" height=\"128\" srcset=\"https:\/\/egyptianwisdomcenter.org\/wp-content\/uploads\/2023\/10\/Capture1-300x128.png 300w, https:\/\/egyptianwisdomcenter.org\/wp-content\/uploads\/2023\/10\/Capture1-230x98.png 230w, https:\/\/egyptianwisdomcenter.org\/wp-content\/uploads\/2023\/10\/Capture1.png 345w\" sizes=\"(max-width: 300px) 100vw, 300px\" \/><\/p>\n<p>A lo largo de este libro, encontrar\u00e1 que este cord\u00f3n es la \u00fanica herramienta necesaria para establecer todas las formas geom\u00e9tricas sagradas, desde una l\u00ednea recta hasta una curva y otras formas.<\/p>\n<p>&nbsp;<\/p>\n<p><span style=\"color: #ff0000;\"><strong>[Un extracto de <\/strong><\/span><strong>La arquitectura metaf\u00edsica del antiguo Egipto<\/strong><span style=\"color: #ff0000;\"><strong> por Moustafa Gadalla]<br \/>\n<a href=\"https:\/\/egyptianwisdomcenter.org\/es\/producto\/la-arquitectura-metafisica-del-antiguo-egipto-2\/\"><span style=\"color: #0000ff;\">https:\/\/egyptianwisdomcenter.org\/product\/the-ancient-egyptian-metaphysical-architecture\/<\/span><\/a><br \/>\n<\/strong><\/span><\/p>\n<p><img decoding=\"async\" class=\"aligncenter\" src=\"https:\/\/books2read-prod.s3.amazonaws.com\/CACHE\/images\/ubl_book_images\/book_display_image_DzTMfrV\/372fcbccd1ea208063914bdc7d930cad\" \/><\/p>\n<p style=\"text-align: center;\"><span style=\"color: #ff0000;\"><strong><a href=\"https:\/\/egyptianwisdomcenter.org\/es\/producto\/la-arquitectura-metafisica-del-antiguo-egipto-2\/\"><span style=\"color: #0000ff;\">https:\/\/egyptianwisdomcenter.org\/product\/the-ancient-egyptian-metaphysical-architecture\/<\/span><\/a><br \/>\n<\/strong><\/span><\/p>\n<p>&nbsp;<\/p>\n<div dir=\"auto\"><\/div>","protected":false},"excerpt":{"rendered":"<p>Sacred Geometry &nbsp; 1. Sacred Geometry Of Divine Architecture Geometry to the Ancient Egyptians was much more than a study of points, [&hellip;]<\/p>","protected":false},"author":3,"featured_media":0,"parent":0,"menu_order":0,"comment_status":"closed","ping_status":"closed","template":"","meta":{"footnotes":""},"class_list":["post-361","page","type-page","status-publish","hentry"],"aioseo_notices":[],"_links":{"self":[{"href":"https:\/\/egyptianwisdomcenter.org\/es\/wp-json\/wp\/v2\/pages\/361","targetHints":{"allow":["GET"]}}],"collection":[{"href":"https:\/\/egyptianwisdomcenter.org\/es\/wp-json\/wp\/v2\/pages"}],"about":[{"href":"https:\/\/egyptianwisdomcenter.org\/es\/wp-json\/wp\/v2\/types\/page"}],"author":[{"embeddable":true,"href":"https:\/\/egyptianwisdomcenter.org\/es\/wp-json\/wp\/v2\/users\/3"}],"replies":[{"embeddable":true,"href":"https:\/\/egyptianwisdomcenter.org\/es\/wp-json\/wp\/v2\/comments?post=361"}],"version-history":[{"count":2,"href":"https:\/\/egyptianwisdomcenter.org\/es\/wp-json\/wp\/v2\/pages\/361\/revisions"}],"predecessor-version":[{"id":68442,"href":"https:\/\/egyptianwisdomcenter.org\/es\/wp-json\/wp\/v2\/pages\/361\/revisions\/68442"}],"wp:attachment":[{"href":"https:\/\/egyptianwisdomcenter.org\/es\/wp-json\/wp\/v2\/media?parent=361"}],"curies":[{"name":"wp","href":"https:\/\/api.w.org\/{rel}","templated":true}]}}