{"id":365,"date":"2018-11-04T00:00:00","date_gmt":"2018-11-04T04:00:00","guid":{"rendered":"http:\/\/egyptianwisdomcenter.org\/the-egyptian-pictorial-metaphysical-images-script\/"},"modified":"2023-01-03T00:35:12","modified_gmt":"2023-01-03T05:35:12","slug":"the-egyptian-pictorial-metaphysical-images-script-2","status":"publish","type":"page","link":"https:\/\/egyptianwisdomcenter.org\/es\/el-guion-de-imagenes-metafisicas-pictoricas-egipcias-2\/","title":{"rendered":"Las im\u00e1genes\/guiones metaf\u00edsicos pict\u00f3ricos egipcios"},"content":{"rendered":"<h2 style=\"text-align: center;\"><span style=\"color: #ff0000;\"><strong>Las im\u00e1genes\/guiones metaf\u00edsicos pict\u00f3ricos egipcios<\/strong><\/span><\/h2>\n<p>&nbsp;<\/p>\n<p>El sistema pict\u00f3rico de los antiguos egipcios se denomina com\u00fanmente &quot;jerogl\u00edficos&quot;, y comprende una gran cantidad de s\u00edmbolos pict\u00f3ricos. La palabra jerogl\u00edfico significa &quot;escritura sagrada&quot; (<em>hieros <\/em>= santo, <em>glife\u00edna <\/em>= impresionar). La escritura jerogl\u00edfica estuvo en uso en los templos egipcios hasta aproximadamente el a\u00f1o 400 d.C.<\/p>\n<p>Cada imagen pict\u00f3rica vale m\u00e1s que mil palabras y representa esa funci\u00f3n o principio en todos los niveles simult\u00e1neamente, desde la manifestaci\u00f3n f\u00edsica m\u00e1s simple y obvia de esa funci\u00f3n hasta la m\u00e1s abstracta y metaf\u00edsica. Este lenguaje simb\u00f3lico representa una riqueza de ideas f\u00edsicas, fisiol\u00f3gicas, psicol\u00f3gicas y espirituales en los s\u00edmbolos presentados.<\/p>\n<p>El concepto metaf\u00f3rico y simb\u00f3lico de los jerogl\u00edficos egipcios fue reconocido un\u00e1nimemente por todos los primeros escritores sobre el tema, como Plutarco, Diodoro, Clemente, etc.<\/p>\n<ul>\n<li>En su tratado sobre Isis y Osiris, que es una de las fuentes m\u00e1s instructivas para nuestra comprensi\u00f3n de las ideas religiosas egipcias, Plutarco menciona los jerogl\u00edficos y su significado metaf\u00f3rico y aleg\u00f3rico en varios lugares. En su <em>Moralia, vol. V<\/em>, Plutarco afirma:<\/li>\n<\/ul>\n<p style=\"padding-left: 30px;\"><strong><em>&quot;El <span style=\"text-decoration: underline;\">beb\u00e9<\/span> es el s\u00edmbolo de la venida al mundo y la <span style=\"text-decoration: underline;\">hombre anciano<\/span> el s\u00edmbolo de apartarse de \u00e9l, y por un <span style=\"text-decoration: underline;\">halc\u00f3n<\/span> indican a Dios, por el <span style=\"text-decoration: underline;\">pez<\/span> odio, y por el <span style=\"text-decoration: underline;\">hipop\u00f3tamo<\/span> desverg\u00fcenza.&quot;<\/em><\/strong><\/p>\n<p>Plutarco, como TODOS los escritores cl\u00e1sicos de su \u00e9poca, enfatiz\u00f3 la intenci\u00f3n metaf\u00edsica como el \u00fanico principio de la escritura jerogl\u00edfica, que es una expresi\u00f3n pict\u00f3rica de ideas divinas y conocimiento sagrado.<\/p>\n<p>Plutarco enumer\u00f3 un gran n\u00famero de griegos distinguidos que visitaron Egipto en diferentes \u00e9pocas. Entre ellos, mencion\u00f3 a Pit\u00e1goras, cuya admiraci\u00f3n y dependencia de &quot;las ense\u00f1anzas simb\u00f3licas y ocultas de los egipcios&quot; se enfatiza e ilustra mediante una comparaci\u00f3n del m\u00e9todo aleg\u00f3rico utilizado en los llamados preceptos pitag\u00f3ricos y &quot;<strong><em>los escritos que se llaman jerogl\u00edficos<\/em><\/strong>&#039;.<\/p>\n<ul>\n<li>Chairemon vivi\u00f3 en Alejandr\u00eda antes de ir a Roma, donde fue tutor de Ner\u00f3n desde el a\u00f1o 49 EC en adelante. Chairemon describi\u00f3 19 signos jerogl\u00edficos en sus libros, seguido de una explicaci\u00f3n del significado aleg\u00f3rico de cada uno.<\/li>\n<li>Diodoro de Sicilia, en su\u00a0<em>Libro I<\/em>, declar\u00f3:<\/li>\n<\/ul>\n<p style=\"padding-left: 30px;\"><strong><em>\u201cSu escritura, la de los egipcios, no expresa el concepto pretendido mediante s\u00edlabas unidas entre s\u00ed, sino mediante el significado de los objetos que han sido copiados, y por su significado figurado que ha quedado grabado en la memoria por pr\u00e1ctica. Por ejemplo, dibujan un halc\u00f3n, un cocodrilo... y cosas por el estilo. Ahora <span style=\"text-decoration: underline;\">El halc\u00f3n representa para ellos todo lo que sucede con rapidez, ya que este animal es pr\u00e1cticamente el m\u00e1s veloz de los seres alados.<\/span>. Y el concepto retratado se transfiere luego, mediante la correspondiente transferencia metaf\u00f3rica, a todas las cosas veloces y a todo aquello a lo que <span style=\"text-decoration: underline;\">rapidez<\/span> es apropiado, casi como si hubieran sido nombrados. Y el <span style=\"text-decoration: underline;\">El cocodrilo es un s\u00edmbolo de todo lo que es malo.<\/span>.&#8221;<\/em><\/strong><\/p>\n<ul>\n<li>Clemente de Alejandr\u00eda, alrededor del a\u00f1o 200 EC, dio cuenta de los jerogl\u00edficos. Al mismo tiempo se mencionan expl\u00edcitamente las cualidades metaf\u00f3ricas y aleg\u00f3ricas de los jerogl\u00edficos, y sus ejemplos se exponen de la misma manera simb\u00f3lica que los de escritores anteriores.<\/li>\n<li>La mejor descripci\u00f3n vino de Plotino, quien escribi\u00f3 en\u00a0<em>Las En\u00e9adas <\/em>[Vol. V-VI]:<\/li>\n<\/ul>\n<p style=\"padding-left: 30px;\"><strong><em>&#8220;<span style=\"text-decoration: underline;\">Los sabios de Egipto, ya sea por conocimiento cient\u00edfico o innato<\/span>y cuando quer\u00edan significar algo sabiamente, no usaban las formas de las letras que siguen el orden de las palabras y proposiciones e imitan los sonidos y las enunciaciones de declaraciones filos\u00f3ficas, sino dibujando im\u00e1genes e inscribiendo en sus sienes una imagen particular de cada particular. cosa, manifestaron la no discursividad del mundo inteligible, es decir, que cada imagen es una especie de conocimiento y sabidur\u00eda y es un tema de declaraciones, todas juntas en una, y no de discurso o deliberaci\u00f3n. Pero [s\u00f3lo] despu\u00e9s [otros] descubrieron, a partir de ello en su unidad concentrada, una representaci\u00f3n en otra cosa, ya desplegada y hablando discursivamente y dando las razones de por qu\u00e9 las cosas son as\u00ed, de modo que, porque lo que ha llegado a existir es tan bellamente dispuesta, si alguien sabe admirarla expresa su admiraci\u00f3n por c\u00f3mo esta sabidur\u00eda, que no posee ella misma las razones por las que la sustancia es como es, las da a las cosas que est\u00e1n hechas seg\u00fan ella\u201d.<\/em><\/strong><\/p>\n<p>Los jerogl\u00edficos egipcios pueden parecer una carga innecesaria que los sacerdotes egipcios han &quot;inventado&quot; para mantener secretos lejos de otras personas. El quid de la cuesti\u00f3n es que tales percepciones est\u00e1n lejos de la verdad, en todos los sentidos. Se desarrollar\u00e1n explicaciones para mostrar que el concepto de im\u00e1genes pict\u00f3ricas en los jerogl\u00edficos egipcios es el denominador com\u00fan entre todos los seres humanos en todas partes y las fuerzas divinas del universo.<\/p>\n<p>&nbsp;<\/p>\n<div dir=\"auto\">\n<p><span style=\"color: #ff0000;\"><strong>[Un extracto de <\/strong><\/span><strong>El jerogl\u00edfico egipcio: lenguaje metaf\u00edsico de Moustafa Gadalla<\/strong><span style=\"color: #ff0000;\"><strong>]<br \/>\n<a href=\"https:\/\/egyptianwisdomcenter.org\/es\/producto\/el-lenguaje-metafisico-de-los-jeroglificos-egipcios\/\"><span style=\"color: #0000ff;\">https:\/\/egyptianwisdomcenter.org\/product\/the-egyptian-hieroglyph-metaphysical-language\/<\/span><\/a><br \/>\n<\/strong><\/span><\/p>\n<p><img decoding=\"async\" class=\"aligncenter\" src=\"https:\/\/books2read-prod.s3.amazonaws.com\/CACHE\/images\/ubl_book_images\/book_display_image_HdDDHlu\/8bf5efaff503f1ace8ddab1942515082\" \/><\/p>\n<div dir=\"auto\" style=\"text-align: center;\"><a href=\"https:\/\/egyptianwisdomcenter.org\/es\/producto\/el-lenguaje-metafisico-de-los-jeroglificos-egipcios\/\"><span style=\"color: #ff0000;\"><strong><span style=\"color: #0000ff;\">https:\/\/egyptianwisdomcenter.org\/product\/the-egyptian-hieroglyph-metaphysical-language\/<\/span><\/strong><\/span><\/a><\/div>\n<\/div>","protected":false},"excerpt":{"rendered":"<p>The Egyptian Pictorial Metaphysical Images\/Script &nbsp; The Ancient Egyptians\u2019 pictorial system is commonly called &#8216;hieroglyphs&#8217;, which comprises a large number of pictorial [&hellip;]<\/p>","protected":false},"author":3,"featured_media":0,"parent":0,"menu_order":0,"comment_status":"closed","ping_status":"closed","template":"","meta":{"footnotes":""},"class_list":["post-365","page","type-page","status-publish","hentry"],"aioseo_notices":[],"_links":{"self":[{"href":"https:\/\/egyptianwisdomcenter.org\/es\/wp-json\/wp\/v2\/pages\/365","targetHints":{"allow":["GET"]}}],"collection":[{"href":"https:\/\/egyptianwisdomcenter.org\/es\/wp-json\/wp\/v2\/pages"}],"about":[{"href":"https:\/\/egyptianwisdomcenter.org\/es\/wp-json\/wp\/v2\/types\/page"}],"author":[{"embeddable":true,"href":"https:\/\/egyptianwisdomcenter.org\/es\/wp-json\/wp\/v2\/users\/3"}],"replies":[{"embeddable":true,"href":"https:\/\/egyptianwisdomcenter.org\/es\/wp-json\/wp\/v2\/comments?post=365"}],"version-history":[{"count":0,"href":"https:\/\/egyptianwisdomcenter.org\/es\/wp-json\/wp\/v2\/pages\/365\/revisions"}],"wp:attachment":[{"href":"https:\/\/egyptianwisdomcenter.org\/es\/wp-json\/wp\/v2\/media?parent=365"}],"curies":[{"name":"wp","href":"https:\/\/api.w.org\/{rel}","templated":true}]}}