{"id":379,"date":"2018-11-04T00:00:00","date_gmt":"2018-11-04T04:00:00","guid":{"rendered":"http:\/\/egyptianwisdomcenter.org\/sacred-geometry-and-natural-sciences\/"},"modified":"2023-01-03T01:44:03","modified_gmt":"2023-01-03T06:44:03","slug":"sacred-geometry-and-natural-sciences-2","status":"publish","type":"page","link":"https:\/\/egyptianwisdomcenter.org\/es\/geometria-sagrada-y-ciencias-naturales-2\/","title":{"rendered":"Geometr\u00eda Sagrada Y Ciencias Naturales"},"content":{"rendered":"<h2 style=\"text-align: center;\"><span style=\"color: #ff0000;\"><strong>Geometr\u00eda Sagrada Y Ciencias Naturales<\/strong><\/span><\/h2>\n<p>&nbsp;<\/p>\n<p>La geometr\u00eda, para los antiguos egipcios, era mucho m\u00e1s que un estudio de puntos, l\u00edneas, superficies y s\u00f3lidos; y sus propiedades y medidas. La armon\u00eda heredada de la geometr\u00eda fue reconocida en el Antiguo Egipto como la expresi\u00f3n m\u00e1s convincente de un plan divino que subyace al mundo: un plan metaf\u00edsico que determina lo f\u00edsico.<\/p>\n<p>Para los antiguos egipcios, la geometr\u00eda era el medio por el cual la humanidad pod\u00eda comprender los misterios del orden divino. La geometr\u00eda existe en todas partes de la naturaleza: su orden subyace a la estructura de todas las cosas, desde las mol\u00e9culas hasta las galaxias. La naturaleza de la forma geom\u00e9trica permite su funcionamiento. El dise\u00f1o, utilizando los principios de la geometr\u00eda sagrada, debe lograr el mismo objetivo; es decir, forma para servir\/representar una funci\u00f3n.<\/p>\n<p>La geometr\u00eda sagrada se ocupa no s\u00f3lo de las proporciones de las figuras geom\u00e9tricas, sino tambi\u00e9n de las relaciones arm\u00f3nicas de las partes con el todo, como las partes del ser humano en su relaci\u00f3n entre s\u00ed, la estructura de las plantas y los animales, y las formas. de cristales y objetos naturales, todos los cuales son manifestaciones del continuo universal.<\/p>\n<p>La clave de la proporci\u00f3n arm\u00f3nica divina (geometr\u00eda sagrada) es la relaci\u00f3n entre la progresi\u00f3n del crecimiento y la proporci\u00f3n. La proporci\u00f3n y la progresi\u00f3n arm\u00f3nicas son la esencia del universo creado. Es coherente con la naturaleza que nos rodea. La naturaleza que nos rodea sigue esta relaci\u00f3n armoniosa. La progresi\u00f3n natural sigue una serie que se populariza en Occidente como la \u201cSerie Fibonacci\u201d.<\/p>\n<p>Dado que esta Serie existi\u00f3 antes de Fibonacci (nacido en 1179 EC), no deber\u00eda llevar su nombre. El propio Fibonacci y sus comentaristas occidentales ni siquiera afirmaron que fuera su \u201ccreaci\u00f3n\u201d. Llam\u00e9moslo como es: un <em>Serie de resumen<\/em>. Es una serie progresiva, en la que comienzas con los dos primeros n\u00fameros del sistema del Antiguo Egipto, es decir, 2 y 3. Luego sumas su total al n\u00famero anterior, y as\u00ed sucesivamente. Cualquier cifra es la suma de las dos anteriores. La serie ser\u00eda por tanto: 2, 3, 5, 8, 13, 21, 34, 55, 89, 144, 233, 377, 610, etc.<\/p>\n<p>Esta serie se refleja en toda la naturaleza. El n\u00famero de semillas de un girasol, los p\u00e9talos de cualquier flor, la disposici\u00f3n de las pi\u00f1as, el crecimiento de la concha de un nautilo, etc., siguen el mismo patr\u00f3n de estas series.<\/p>\n<p>Una evidencia abrumadora indica que los antiguos egipcios conoc\u00edan la Serie Sumatoria. Los planos de templos y tumbas del Antiguo Egipto, a lo largo de su larga historia, muestran que los elementos principales de los templos est\u00e1n colocados a lo largo de su eje longitudinal, siguiendo los n\u00fameros consecutivos de la Serie Sumatoria (2, 3, 5, 8, 13, 21, 34, 55, 89, 144, 233, 377, 610, etc.).<\/p>\n<p>Una vez que las dimensiones de los monumentos del Antiguo Egipto se muestran en las unidades del codo del Antiguo Egipto (1,72 pies\/0,528 m), queda muy claro que la Serie de Sumaciones es una creaci\u00f3n de los Antiguos Egipto. La Serie de Sumaciones se ajusta perfectamente y puede considerarse como una expresi\u00f3n de las matem\u00e1ticas egipcias, que ha sido definida por todos como una matem\u00e1tica esencialmente <em>procedimiento aditivo<\/em>.<\/p>\n<p>Hay evidencia sobre el conocimiento de la Serie Sumatoria desde el Templo Pir\u00e1mide (err\u00f3neamente conocido como mortuorio) de Khafra (Chephren) en Giza, construido en 2500 a. C. (unos 3.700 a\u00f1os antes de Fibonacci).<\/p>\n<p>Los puntos esenciales del templo [aqu\u00ed mostrado] cumplen con la Serie Sumatoria, que alcanza la cifra de 233 codos en su longitud total, medida desde la pir\u00e1mide, con DIEZ n\u00fameros consecutivos de la serie.<\/p>\n<p><a href=\"http:\/\/egyptianwisdomcenter.org\/wp-content\/uploads\/2019\/02\/aecr-ch12-1.jpg\"><img fetchpriority=\"high\" decoding=\"async\" class=\"wp-image-875 aligncenter\" src=\"http:\/\/egyptianwisdomcenter.org\/wp-content\/uploads\/2019\/02\/aecr-ch12-1-143x300.jpg\" alt=\"\" width=\"186\" height=\"390\" \/><\/a><\/p>\n<p>En cuanto a la estrecha aplicaci\u00f3n actual del t\u00e9rmino &quot;geometr\u00eda&quot;, todos los aspectos de nuestra geometr\u00eda moderna fueron perfeccionados en el Antiguo Egipto hace mucho tiempo. Su conocimiento avanzado es claramente evidente en algunos papiros recuperados que se conocen com\u00fanmente como papiros &quot;matem\u00e1ticos&quot; del Antiguo Egipto. M\u00e1s adelante se proporcionar\u00e1n m\u00e1s detalles sobre estos papiros.<\/p>\n<p>&nbsp;<\/p>\n<p><span style=\"color: #ff0000;\"><strong>[Un extracto de <\/strong><\/span><strong>Antiguo egipcio: cultura revelada, segunda edici\u00f3n<\/strong><span style=\"color: #ff0000;\"><strong> por Moustafa Gadalla]<br \/>\n<a href=\"https:\/\/egyptianwisdomcenter.org\/es\/producto\/cultura-del-antiguo-egipto-revelada-segunda-edicion\/\"><span style=\"color: #0000ff;\">https:\/\/egyptianwisdomcenter.org\/product\/la-cultura-revelada-del-antiguo-egipto\/<\/span><\/a><br \/>\n<\/strong><\/span><\/p>\n<p><img decoding=\"async\" class=\"aligncenter\" src=\"https:\/\/egyptianwisdomcenter.org\/wp-content\/uploads\/2023\/01\/la-cultura-revelada-del-antiguo-egipto-4.jpg\" \/><\/p>\n<p style=\"text-align: center;\"><a href=\"https:\/\/egyptianwisdomcenter.org\/es\/producto\/cultura-del-antiguo-egipto-revelada-segunda-edicion\/\"><span style=\"color: #ff0000;\"><strong><span style=\"color: #0000ff;\">https:\/\/egyptianwisdomcenter.org\/product\/la-cultura-revelada-del-antiguo-egipto\/<\/span><\/strong><\/span><\/a><\/p>\n<div dir=\"auto\"><\/div>","protected":false},"excerpt":{"rendered":"<p>Sacred Geometry And Natural Sciences &nbsp; Geometry, to the Ancient Egyptians, was much more than a study of points, lines, surfaces, and [&hellip;]<\/p>","protected":false},"author":3,"featured_media":0,"parent":0,"menu_order":0,"comment_status":"closed","ping_status":"closed","template":"","meta":{"footnotes":""},"class_list":["post-379","page","type-page","status-publish","hentry"],"aioseo_notices":[],"_links":{"self":[{"href":"https:\/\/egyptianwisdomcenter.org\/es\/wp-json\/wp\/v2\/pages\/379","targetHints":{"allow":["GET"]}}],"collection":[{"href":"https:\/\/egyptianwisdomcenter.org\/es\/wp-json\/wp\/v2\/pages"}],"about":[{"href":"https:\/\/egyptianwisdomcenter.org\/es\/wp-json\/wp\/v2\/types\/page"}],"author":[{"embeddable":true,"href":"https:\/\/egyptianwisdomcenter.org\/es\/wp-json\/wp\/v2\/users\/3"}],"replies":[{"embeddable":true,"href":"https:\/\/egyptianwisdomcenter.org\/es\/wp-json\/wp\/v2\/comments?post=379"}],"version-history":[{"count":0,"href":"https:\/\/egyptianwisdomcenter.org\/es\/wp-json\/wp\/v2\/pages\/379\/revisions"}],"wp:attachment":[{"href":"https:\/\/egyptianwisdomcenter.org\/es\/wp-json\/wp\/v2\/media?parent=379"}],"curies":[{"name":"wp","href":"https:\/\/api.w.org\/{rel}","templated":true}]}}