{"id":382,"date":"2018-11-04T00:00:00","date_gmt":"2018-11-04T04:00:00","guid":{"rendered":"http:\/\/egyptianwisdomcenter.org\/squaring-the-circle\/"},"modified":"2023-10-21T12:22:12","modified_gmt":"2023-10-21T16:22:12","slug":"squaring-the-circle-2","status":"publish","type":"page","link":"https:\/\/egyptianwisdomcenter.org\/es\/squaring-the-circle-2\/","title":{"rendered":"Squaring The Circle"},"content":{"rendered":"<h2 style=\"text-align: center;\"><span style=\"color: #ff0000;\"><strong>Squaring The Circle<\/strong><\/span><\/h2>\n<h3 style=\"text-align: center;\"><span style=\"color: #0000ff;\"><strong>La manifestaci\u00f3n de la creaci\u00f3n<\/strong><\/span><\/h3>\n<p>&nbsp;<\/p>\n<p>\u201cLa cuadratura del c\u00edrculo\u201d para los antiguos egipcios representaba la realizaci\u00f3n de la creaci\u00f3n: el proceso de transformaci\u00f3n del concepto de creaci\u00f3n en su manifestaci\u00f3n real.<\/p>\n<p>Tal transformaci\u00f3n se refleja y es evidente en todos los papiros \u201cmatem\u00e1ticos\u201d del Antiguo Egipto. En todos estos papiros, el \u00e1rea de un c\u00edrculo se obtuvo mediante <strong>cuadratura del circulo<\/strong>. El di\u00e1metro siempre se represent\u00f3 como 9 codos. Los papiros del Antiguo Egipto equiparan el c\u00edrculo de 9 codos de di\u00e1metro con un cuadrado con lados de 8 codos.<\/p>\n<p><img decoding=\"async\" class=\"size-full wp-image-68458 aligncenter\" src=\"https:\/\/egyptianwisdomcenter.org\/wp-content\/uploads\/2023\/10\/eh-49-300-150x150-1.jpg\" alt=\"\" width=\"150\" height=\"150\" srcset=\"https:\/\/egyptianwisdomcenter.org\/wp-content\/uploads\/2023\/10\/eh-49-300-150x150-1.jpg 150w, https:\/\/egyptianwisdomcenter.org\/wp-content\/uploads\/2023\/10\/eh-49-300-150x150-1-45x45.jpg 45w, https:\/\/egyptianwisdomcenter.org\/wp-content\/uploads\/2023\/10\/eh-49-300-150x150-1-100x100.jpg 100w\" sizes=\"(max-width: 150px) 100vw, 150px\" \/><\/p>\n<p>El n\u00famero 9, como di\u00e1metro, representa la En\u00e9ada, el grupo de 9 neteru (dioses, diosas) que produjeron los ingredientes de la creaci\u00f3n. Los 9 son todos aspectos de Re, la fuerza creativa c\u00f3smica primitiva cuyo s\u00edmbolo es\/era el c\u00edrculo.<\/p>\n<p>El 8 corresponde al mundo f\u00edsico tal como lo experimentamos. 8 es el n\u00famero de Thoth, y en Khmunu (Herm\u00f3polis), Thoth es conocido como el <strong>Maestro de la Ciudad de los Ocho.<\/strong><\/p>\n<p>Musicalmente, la proporci\u00f3n 8:9 es el tono perfecto. La proporci\u00f3n 8:9 est\u00e1 presente en obras del Antiguo Egipto, como la proporci\u00f3n de la c\u00e1mara interior del santuario superior del Templo de Luxor.<\/p>\n<p>Los patrones metaf\u00edsicos subyacentes del universo manifestado est\u00e1n representados en la relaci\u00f3n de <strong>cuadratura del circulo <\/strong>(Re y Thoth\u2014concebidos y manifestados).<\/p>\n<p>Thoth transform\u00f3 el concepto de creaci\u00f3n (simbolizado en un c\u00edrculo) en una realidad f\u00edsica y metaf\u00edsica. Esta transformaci\u00f3n se refleja en el proceso del Antiguo Egipto de \u201ccuadrar el c\u00edrculo\u201d.<\/p>\n<p>El \u00e1rea de un c\u00edrculo con 9 codos como di\u00e1metro = 63,61725.<\/p>\n<p>El \u00e1rea del c\u00edrculo cuadrado con 8 codos como lado = 64.<\/p>\n<p>La diferencia = 64 \u2013 63,61725 = 0,38.<\/p>\n<p>Tal diferencia = 0,6%, lo que refleja la consideraci\u00f3n del Antiguo Egipto de una ligera desviaci\u00f3n de la perfecci\u00f3n en el mundo manifestado.<\/p>\n<p>Un buen ejemplo de esta ligera imperfecci\u00f3n es la \u00f3rbita de la Tierra alrededor del sol, que sigue una forma el\u00edptica y no un c\u00edrculo perfecto.<\/p>\n<p>Musicalmente, la proporci\u00f3n 8:9 es el tono perfecto.<\/p>\n<p>La relaci\u00f3n 8:9 = 2 elevado a su tercera potencia y 3 elevado a su segunda potencia. \u00c9sta es la relaci\u00f3n perfecta entre los rec\u00edprocos de 2 y 3 con sus potencias rec\u00edprocas de 3 y 2. Los n\u00fameros 2 y 3 son los dos n\u00fameros c\u00f3smicos primarios, como se analizar\u00e1 en el cap\u00edtulo 9 de este libro.<\/p>\n<p>Las paredes del templo egipcio estaban cubiertas de im\u00e1genes animadas, incluidos jerogl\u00edficos, para facilitar la comunicaci\u00f3n entre lo de arriba y lo de abajo.<\/p>\n<p>El marco del Antiguo Egipto sol\u00eda ser un cuadrado, que representaba el mundo manifestado (la cuadratura del c\u00edrculo). Adem\u00e1s, la cuadr\u00edcula en s\u00ed misma ten\u00eda un significado simb\u00f3lico para el mundo manifestado, lo que tambi\u00e9n facilit\u00f3 la construcci\u00f3n de los rect\u00e1ngulos ra\u00edz de 2, 3 y 5, sobre\/junto al fondo de los cuadrados. Las esquinas de los cuadrados y las ra\u00edces de los rect\u00e1ngulos estaban definidas mediante muescas a lo largo del per\u00edmetro o cuidadosamente definidas mediante l\u00edneas incisas.<\/p>\n<p>&nbsp;<\/p>\n<p><span style=\"color: #ff0000;\"><strong>[Un extracto de <span style=\"color: #000000;\">La arquitectura metaf\u00edsica del antiguo Egipto<\/span> por Moustafa Gadalla]<br \/>\n<a href=\"https:\/\/egyptianwisdomcenter.org\/es\/producto\/la-arquitectura-metafisica-del-antiguo-egipto-2\/\"><span style=\"color: #0000ff;\">https:\/\/egyptianwisdomcenter.org\/product\/the-ancient-egyptian-metaphysical-architecture\/<\/span><\/a><br \/>\n<\/strong><\/span><\/p>\n<p><img decoding=\"async\" class=\"aligncenter\" src=\"https:\/\/books2read-prod.s3.amazonaws.com\/CACHE\/images\/ubl_book_images\/book_display_image_DzTMfrV\/372fcbccd1ea208063914bdc7d930cad\" \/><\/p>\n<p style=\"text-align: center;\"><a href=\"https:\/\/egyptianwisdomcenter.org\/es\/producto\/la-arquitectura-metafisica-del-antiguo-egipto-2\/\"><span style=\"color: #0000ff;\"><strong>https:\/\/egyptianwisdomcenter.org\/product\/the-ancient-egyptian-metaphysical-architecture\/<\/strong><\/span><\/a><\/p>\n<div dir=\"auto\"><\/div>\n<div dir=\"auto\"><\/div>","protected":false},"excerpt":{"rendered":"<p>Squaring The Circle The Manifestation Of Creation &nbsp; \u201cSquaring the circle\u201d for the Ancient Egyptians represented the realization of creation\u2014the transformation process [&hellip;]<\/p>","protected":false},"author":3,"featured_media":0,"parent":0,"menu_order":0,"comment_status":"closed","ping_status":"closed","template":"","meta":{"footnotes":""},"class_list":["post-382","page","type-page","status-publish","hentry"],"aioseo_notices":[],"_links":{"self":[{"href":"https:\/\/egyptianwisdomcenter.org\/es\/wp-json\/wp\/v2\/pages\/382","targetHints":{"allow":["GET"]}}],"collection":[{"href":"https:\/\/egyptianwisdomcenter.org\/es\/wp-json\/wp\/v2\/pages"}],"about":[{"href":"https:\/\/egyptianwisdomcenter.org\/es\/wp-json\/wp\/v2\/types\/page"}],"author":[{"embeddable":true,"href":"https:\/\/egyptianwisdomcenter.org\/es\/wp-json\/wp\/v2\/users\/3"}],"replies":[{"embeddable":true,"href":"https:\/\/egyptianwisdomcenter.org\/es\/wp-json\/wp\/v2\/comments?post=382"}],"version-history":[{"count":4,"href":"https:\/\/egyptianwisdomcenter.org\/es\/wp-json\/wp\/v2\/pages\/382\/revisions"}],"predecessor-version":[{"id":68471,"href":"https:\/\/egyptianwisdomcenter.org\/es\/wp-json\/wp\/v2\/pages\/382\/revisions\/68471"}],"wp:attachment":[{"href":"https:\/\/egyptianwisdomcenter.org\/es\/wp-json\/wp\/v2\/media?parent=382"}],"curies":[{"name":"wp","href":"https:\/\/api.w.org\/{rel}","templated":true}]}}