{"id":387,"date":"2018-11-04T00:00:00","date_gmt":"2018-11-04T04:00:00","guid":{"rendered":"http:\/\/egyptianwisdomcenter.org\/the-egyptian-alphabetical-form-of-writing\/"},"modified":"2023-01-06T00:18:33","modified_gmt":"2023-01-06T05:18:33","slug":"the-egyptian-alphabetical-form-of-writing-2","status":"publish","type":"page","link":"https:\/\/egyptianwisdomcenter.org\/es\/la-forma-alfabetica-egipcia-de-escritura-2\/","title":{"rendered":"La forma alfab\u00e9tica de escritura egipcia"},"content":{"rendered":"<h2 style=\"text-align: center;\"><span style=\"color: #0000ff;\">La forma alfab\u00e9tica de escritura egipcia<\/span><\/h2>\n<p>&nbsp;<\/p>\n<h3><span style=\"color: #ff0000;\"><strong>1. Era remota de los alfabetos egipcios\u00a0<\/strong><\/span><\/h3>\n<p>La mayor\u00eda de los eruditos occidentales modernos afirman, expl\u00edcita e impl\u00edcitamente, que el alfabeto (y el idioma) del Antiguo Egipto es la fuente m\u00e1s antigua del mundo. en su libro <em>La literatura de los antiguos egipcios <\/em>[p\u00e1gina xxxiv-v], el egipt\u00f3logo alem\u00e1n Adolf Erman admite:<\/p>\n<p style=\"padding-left: 30px;\"><em>&#8220;<strong>S\u00f3lo los egipcios estaban destinados a adoptar un m\u00e9todo notable, tras el cual alcanzaron la forma m\u00e1s elevada de escritura: el alfabeto. . .\u201d<\/strong><\/em><\/p>\n<p>El egipt\u00f3logo brit\u00e1nico WM Flinders Petrie en su libro\u00a0<em>La formaci\u00f3n de los alfabetos<\/em> [p\u00e1gina 3], concluy\u00f3:<\/p>\n<p style=\"padding-left: 30px;\"><span style=\"text-decoration: underline;\"><strong><em>\u201cDesde el comienzo de la prehistoria, ciertamente se utiliz\u00f3 en Egipto un sistema cursivo compuesto de signos lineales, lleno de variedad y distinci\u00f3n\u201d.<\/em><\/strong><\/span><\/p>\n<p>La autoridad m\u00e1s eminente en idiomas, Isaac Taylor, en su libro <em>Historia de los alfabetos,<\/em> Volumen 1, p\u00e1gina 62:<\/p>\n<p style=\"padding-left: 30px;\"><strong><em>\u201cLa fecha inmensamente temprana en la que se encuentran s\u00edmbolos de naturaleza alfab\u00e9tica en los monumentos egipcios es un hecho de gran inter\u00e9s e importancia. Es de gran inter\u00e9s, por cuanto constituye el punto de partida en la historia del Alfabeto, estableciendo la verdad literal de la afirmaci\u00f3n de que <span style=\"text-decoration: underline;\">las letras del alfabeto son m\u00e1s antiguas que las pir\u00e1mides, probablemente m\u00e1s antiguas que cualquier otro monumento existente de la civilizaci\u00f3n humana.<\/span>&#8221; <\/em><\/strong><\/p>\n<p>Isaac Taylor, en su libro <em>Historia de los alfabetos<\/em> Tomo I, p\u00e1g. 64, escribi\u00f3 sobre el rey egipcio Enviado:<\/p>\n<p style=\"padding-left: 30px;\"><strong><em>\u201cSe puede considerar que el rey Sent, en cuyo reinado los caracteres alfab\u00e9ticos ya estaban en uso, vivi\u00f3 <span style=\"text-decoration: underline;\">entre 4000 y 4700 a.C.<\/span>. Por sorprendente que pueda parecer el resultado de tales c\u00e1lculos, debe afirmarse que es probable que el <span style=\"text-decoration: underline;\">Los inicios del arte gr\u00e1fico en el valle del Nilo deben relegarse a una fecha de siete u ocho mil a\u00f1os desde la actualidad.<\/span>&#8220;<\/em><\/strong><\/p>\n<p>Est\u00e1 muy claro que el lenguaje alfab\u00e9tico del Antiguo Egipto fue el PRIMERO en el mundo, miles de a\u00f1os antes de las \u201cescrituras del Sina\u00ed\u201d que ten\u00edan mucho que hacer y nada [ver un cap\u00edtulo posterior sobre este tema].<\/p>\n<p>en su libro <em>La formaci\u00f3n del alfabeto<\/em>, WM Flinders Petrie ha recopilado y tabulado formas de letras alfab\u00e9ticas que se extendieron desde la era prehist\u00f3rica temprana de Egipto hasta las \u00e9pocas griega y romana. Petrie tambi\u00e9n compil\u00f3 (a partir de varios estudiosos independientes) formas de letras alfab\u00e9ticas de aspecto similar de 25 lugares de Asia Menor, Grecia, Italia, Espa\u00f1a y otros lugares de Europa. Todas son mucho m\u00e1s recientes que las formas de letras alfab\u00e9ticas del Antiguo Egipto.<\/p>\n<p>La tabulaci\u00f3n de Petrie de estas formas de letras alfab\u00e9ticas muestra que:<\/p>\n<p style=\"padding-left: 30px;\">1. Todas las formas de letras alfab\u00e9ticas estuvieron presentes en el Antiguo Egipto desde las primeras eras predin\u00e1sticas (hace m\u00e1s de 7.000 a\u00f1os), antes que en cualquier otro lugar del mundo.<\/p>\n<p style=\"padding-left: 30px;\">2. Todas las formas de las letras alfab\u00e9ticas egipcias se distinguen claramente en la llamada \u201cescritura hier\u00e1tica\u201d egipcia m\u00e1s antigua recuperada hace m\u00e1s de 5.000 a\u00f1os.<\/p>\n<p style=\"padding-left: 30px;\">3. Las mismas formas de letras alfab\u00e9ticas del Antiguo Egipto fueron adoptadas m\u00e1s tarde y difundidas a otras personas en todo el mundo.<\/p>\n<p>&nbsp;<\/p>\n<h3><span style=\"color: #ff0000;\"><strong>2. Los distintivos papiros alfab\u00e9ticos egipcios prehicsos <\/strong><\/span><\/h3>\n<p>El eminente egipt\u00f3logo alem\u00e1n Adolf Erman escribi\u00f3 en su libro\u00a0<em>La vida en el Antiguo Egipto<\/em>, p\u00e1gina 339:<\/p>\n<p style=\"padding-left: 30px;\"><strong><em>\u201cIncluso bajo el Reino Antiguo <\/em><\/strong>[2575-2040 a. C.]<strong><em> Ya se hab\u00eda inventado una letra cursiva especial para el uso diario, la llamada hier\u00e1tica\u201d.<\/em><\/strong><\/p>\n<p>Isaac Taylor, en su libro <em>La historia del alfabeto<\/em>, Vol.1, p\u00e1ginas 94 y 95, hac\u00eda referencia a tres importantes manuscritos del Antiguo Egipto de las \u00e9pocas del Reino Antiguo y Medio [2575-1783] antes del per\u00edodo hicso [c.1600 a. C.], que ten\u00edan escrituras alfab\u00e9ticas cursivas muy claras y distintivas. . Los tres papiros coinciden esencialmente entre s\u00ed en cuanto al estilo general de la escritura y las formas de los caracteres alfab\u00e9ticos individuales en cursiva clara.<\/p>\n<p>Estas primeras escrituras alfab\u00e9ticas [hier\u00e1ticas] muestran claramente un verdadero car\u00e1cter cursivo: negro, redondeado y negrita.<\/p>\n<p>Los tres manuscritos del Antiguo Egipto a los que hace referencia<\/p>\n<p>Isaac Taylor son:<\/p>\n<p style=\"padding-left: 30px;\">1. Un manuscrito egipcio en posesi\u00f3n del Prof. Lepsius en el que se menciona al constructor de la Gran Pir\u00e1mide de Giza, Khufu [Keops] y otros reyes de las dinast\u00edas anteriores de Menfis [2649 -2465 a. C.].<\/p>\n<p style=\"padding-left: 30px;\">2. El ejemplar m\u00e1s perfecto de la pulcra escritura alfab\u00e9tica cursiva del per\u00edodo temprano es el c\u00e9lebre papiro adquirido en Tebas por M. Prisse d&#039;Avennes, donado por \u00e9l a la Biblioteca Nacional de Par\u00eds. Este manuscrito suele denominarse \u201cPapyrus Prisse\u201d. Fue publicado en facs\u00edmil por M. Prisse en 1847 y consta de dieciocho p\u00e1ginas de una magn\u00edfica escritura alfab\u00e9tica cursiva, inigualable en tama\u00f1o y belleza, siendo los caracteres inusualmente grandes, completos y firmes. Una declaraci\u00f3n al final del papiro muestra que se trata s\u00f3lo de una copia de la obra original, que supuestamente fue compuesta por el pr\u00edncipe Ptah-Hotep, que vivi\u00f3 durante el reinado de Assa, un rey de la quinta dinast\u00eda [2465-2323]. antes de Cristo].<\/p>\n<p style=\"padding-left: 30px;\">3. En el Museo de Berl\u00edn se conservan algunos fragmentos de un papiro hier\u00e1tico de la \u00e9poca de los reyes egipcios Amenemhat y Usurtasen, que pertenecieron a la duod\u00e9cima dinast\u00eda [1991-1783] que precedi\u00f3 a la invasi\u00f3n de los hicsos.<\/p>\n<p><strong>Aqu\u00ed est\u00e1 el <\/strong><strong>Facs\u00edmil del papiro Prisse<\/strong><strong>, donde las formas de las letras se ven exactamente como las formas de las letras a lo largo de la historia reconocida del Antiguo Egipto y m\u00e1s all\u00e1.<\/strong><\/p>\n<p><a href=\"http:\/\/egyptianwisdomcenter.org\/wp-content\/uploads\/2019\/02\/eu-ch1-2-96c-1.jpg\"><img decoding=\"async\" class=\"size-full wp-image-1369 aligncenter\" src=\"http:\/\/egyptianwisdomcenter.org\/wp-content\/uploads\/2019\/02\/eu-ch1-2-96c-1.jpg\" alt=\"\" width=\"307\" height=\"137\" \/><\/a><\/p>\n<div class=\"gmail_default\">Aqu\u00ed hay una porci\u00f3n ampliada de este papiro del Antiguo Egipto que muestra formas de letras alfab\u00e9ticas distintivas que todos los dem\u00e1s pa\u00edses adoptar\u00e1n, como lo demostrar\u00e1 la evidencia a lo largo de este libro.<\/div>\n<div><\/div>\n<div><a href=\"http:\/\/egyptianwisdomcenter.org\/wp-content\/uploads\/2019\/02\/eu-ch1-3-96c-1.jpg\"><img decoding=\"async\" class=\"size-full wp-image-1365 aligncenter\" src=\"http:\/\/egyptianwisdomcenter.org\/wp-content\/uploads\/2019\/02\/eu-ch1-3-96c-1.jpg\" alt=\"\" width=\"269\" height=\"124\" \/><\/a><\/div>\n<div><\/div>\n<div class=\"gmail_default\">\u00a0Otros escritos alfab\u00e9ticos antiguos son numerosos. Aqu\u00ed est\u00e1n algunos ejemplos:<\/div>\n<p style=\"padding-left: 30px;\">1. Alfabetos claros de la \u00e9poca del Reino Antiguo [2575-2040 a. C.] de una carta de una viuda, escrita sobre lino, Museo Egipcio, El Cairo, JE25975.<\/p>\n<p><a href=\"http:\/\/egyptianwisdomcenter.org\/wp-content\/uploads\/2019\/02\/eu-ch1-4-96c-1.jpg\"><img decoding=\"async\" class=\"size-full wp-image-1366 aligncenter\" src=\"http:\/\/egyptianwisdomcenter.org\/wp-content\/uploads\/2019\/02\/eu-ch1-4-96c-1.jpg\" alt=\"\" width=\"269\" height=\"172\" \/><\/a><\/p>\n<p style=\"padding-left: 30px;\">2. Este es el tercero de un ciclo de cinco himnos a Senwosret III, que fue encontrado en la ciudad de el-Lahun. El himno a Senwosret III muestra la disposici\u00f3n estr\u00f3fica y fue escrito a mediados de la XII Dinast\u00eda [1991-1783 a.C.].<\/p>\n<p><a href=\"http:\/\/egyptianwisdomcenter.org\/wp-content\/uploads\/2019\/02\/eu-ch1-5-96c-1.jpg\"><img loading=\"lazy\" decoding=\"async\" class=\"size-full wp-image-1367 aligncenter\" src=\"http:\/\/egyptianwisdomcenter.org\/wp-content\/uploads\/2019\/02\/eu-ch1-5-96c-1.jpg\" alt=\"\" width=\"384\" height=\"159\" \/><\/a><\/p>\n<p style=\"padding-left: 30px;\">3. El escrito que se muestra aqu\u00ed es un memorando del supervisor del templo al sacerdote lector del templo Nubkaura en el-Lahun (durante la \u00e9poca de Senwosret II, 1897\u20131878 a. C.), notific\u00e1ndole que Sirio resucitar\u00eda el d\u00eda 16. del cuarto mes, para tomar nota de su ubicaci\u00f3n exacta y hora para ingresarlo en los registros del templo.<\/p>\n<p><a href=\"http:\/\/egyptianwisdomcenter.org\/wp-content\/uploads\/2019\/02\/eu-ch1-6aa.-1-96c-1.jpg\"><img loading=\"lazy\" decoding=\"async\" class=\"size-full wp-image-1368 aligncenter\" src=\"http:\/\/egyptianwisdomcenter.org\/wp-content\/uploads\/2019\/02\/eu-ch1-6aa.-1-96c-1.jpg\" alt=\"\" width=\"307\" height=\"92\" \/><\/a><\/p>\n<p style=\"padding-left: 30px;\">4. Se pueden encontrar varios otros ejemplos similares sobre diversos temas y prop\u00f3sitos en el libro de RB Parkinson [ver Bibliograf\u00eda seleccionada].<\/p>\n<p style=\"padding-left: 30px;\">5. Moustafa Gadalla hace referencia a otros papiros del Antiguo Egipto con escrituras alfab\u00e9ticas claras sobre todo tipo de temas de esta era temprana en varias publicaciones y se encuentran en la mayor\u00eda de las referencias egiptol\u00f3gicas.<\/p>\n<p>&nbsp;<\/p>\n<h3><span style=\"color: #ff0000;\"><strong>3. Cortinas de humo sobre miles de escritos alfab\u00e9ticos egipcios<\/strong><\/span><\/h3>\n<p>La cortina de humo M\u00c1S GRANDE de la historia oculta el sistema de escritura alfab\u00e9tico del (antiguo) Egipto. Hicieron que todos pensaran en el idioma egipcio como una colecci\u00f3n de \u201cim\u00e1genes primitivas\u201d llamadas jerogl\u00edficos. Ocultaron el sistema alfab\u00e9tico egipcio como la MADRE de TODOS los idiomas del mundo.<\/p>\n<p>As\u00ed es como Alan Gardiner, en su libro <em>Gram\u00e1tica egipcia<\/em>, intenta \u201cracionalizar\u201d c\u00f3mo ocultaron el sistema alfab\u00e9tico egipcio:<\/p>\n<p style=\"padding-left: 30px;\"><strong><em>\u201cLos egipt\u00f3logos han experimentado la necesidad pr\u00e1ctica de adoptar alg\u00fan est\u00e1ndar com\u00fan al que pudieran reducirse las diferentes manos hier\u00e1ticas, y en lugar de seleccionar un estilo simple de hier\u00e1tico para este prop\u00f3sito, han preferido transcribir todas las manos hier\u00e1ticas a jerogl\u00edficos\u201d.<\/em><\/strong><\/p>\n<p>La \u201cexplicaci\u00f3n\/justificaci\u00f3n\u201d de Gardiner para enterrar escritos alfab\u00e9ticos [hier\u00e1ticos] nos asegura que hubo <span style=\"text-decoration: underline;\">varias formas de escritos para diversos prop\u00f3sitos<\/span>. \u00a1Las mismas academias occidentales NUNCA usaron la misma \u201cexcusa poco convincente\u201d con el griego, el romano o cualquier otro idioma del mundo!<\/p>\n<p>Esta pobre excusa S\u00d3LO se us\u00f3 en los escritos egipcios para enga\u00f1ar y ocultar el lenguaje de escritura alfab\u00e9tico del Antiguo Egipto.<\/p>\n<p>NO HAY UNA SOLA referencia, antes de esta conspiraci\u00f3n de los \u201cegipt\u00f3logos occidentales\u201d de los siglos XIX y XX, que establezca una relaci\u00f3n entre los jerogl\u00edficos (signos pict\u00f3ricos) y las formas de letras alfab\u00e9ticas hier\u00e1ticas\/dem\u00f3ticas. Por el contrario, CADA referencia indica EXPL\u00cdCITAMENTE cu\u00e1n no relacionadas est\u00e1n.<\/p>\n<p>&nbsp;<\/p>\n<h3><span style=\"color: #ff0000;\"><strong>4. El egipcio ha muerto, larga vida al \u201c\u00e1rabe\u201d <\/strong><\/span><\/h3>\n<p>Despu\u00e9s de ocultar el sistema de escritura alfab\u00e9tico del (Antiguo) Egipto que hace que todos piensen en el idioma egipcio como una colecci\u00f3n de \u201cim\u00e1genes primitivas\u201d llamadas jerogl\u00edficos, su segundo golpe fue declarar que el idioma del Antiguo Egipto est\u00e1 MUERTO y que fue reemplazado, de la nada. aire\u2014\u00a1por el idioma \u201c\u00e1rabe\u201d!<\/p>\n<p>Decir que los egipcios hablan \u201c\u00e1rabe\u201d es totalmente falso e il\u00f3gico. Es al rev\u00e9s: los \u201c\u00e1rabes\u201d hace tiempo que \u201cadoptaron\u201d y siguen hablando EGIPCIO.<\/p>\n<p>El egipt\u00f3logo brit\u00e1nico Alan Gardiner en su libro, <em>Gram\u00e1tica egipcia<\/em>, p\u00e1gina 3, escribe:<\/p>\n<p style=\"padding-left: 30px;\"><span style=\"text-decoration: underline;\"><strong><em>\u201cSe puede demostrar que todo el sistema voc\u00e1lico del antiguo egipcio ha alcanzado una etapa parecida a la del hebreo o el \u00e1rabe moderno\u201d<\/em><\/strong><\/span><\/p>\n<p>El egipcio es la madre de todas las lenguas sem\u00edticas, como lo demuestran y concluyen TODOS los acad\u00e9micos.<\/p>\n<p>En cuanto a otros pilares de un idioma como la gram\u00e1tica, la sintaxis, etc., sigue siendo exactamente igual al idioma del Antiguo Egipto.<\/p>\n<p>El egipt\u00f3logo brit\u00e1nico Alan Gardiner, en su libro\u00a0<em>Gram\u00e1tica egipcia<\/em>, p\u00e1gina 2, dec\u00eda:<\/p>\n<p style=\"padding-left: 30px;\"><strong><em>\u201cLa lengua egipcia est\u00e1 relacionada, no s\u00f3lo con las lenguas sem\u00edticas (hebreo, \u00e1rabe, arameo, babil\u00f3nico, etc.), sino tambi\u00e9n con las lenguas de \u00c1frica Oriental (galla, somal\u00ed, etc.) y los modismos bereberes del norte de \u00c1frica. Su conexi\u00f3n con estos \u00faltimos grupos, conocidos juntos como familia cam\u00edtica, es un tema muy espinoso, pero la relaci\u00f3n con las lenguas sem\u00edticas puede definirse con bastante precisi\u00f3n. En estructura general la similitud es muy grande; El egipcio comparte la principal peculiaridad del sem\u00edtico en el sentido de que las ra\u00edces de sus palabras consisten en combinaciones de consonantes, por regla general tres, que son al menos te\u00f3ricamente inmutables. La inflexi\u00f3n gramatical y las variaciones menores de significado se consiguen principalmente haciendo sonar los cambios en las vocales internas, aunque tambi\u00e9n se utilizan terminaciones fijas con el mismo prop\u00f3sito.<\/em><\/strong>.<\/p>\n<p>La \u201cLengua \u00c1rabe\u201d cumple exactamente con todas las caracter\u00edsticas ling\u00fc\u00edsticas de la lengua egipcia antigua, mucho m\u00e1s antigua, que se detall\u00f3 en el Cap\u00edtulo 15 de este libro. Estos incluyen (pero no se limitan a) el l\u00e9xico, la gram\u00e1tica y la sintaxis interconectados protot\u00edpicos del Antiguo Egipto, como el significado de los verbos, las ra\u00edces verbales, las ra\u00edces verbales, las clases y estructuras verbales, el esquema de conjugaci\u00f3n de los verbos y la etimolog\u00eda\/l\u00e9xicos protot\u00edpicos egipcios. y formaci\u00f3n\/derivaci\u00f3n de palabras a partir de una ra\u00edz de tres letras (que significa un determinado concepto general) en numerosos patrones mediante el uso de vocales intermedias y prefijos, infijos y sufijos, etc.; adem\u00e1s de tipos y estructuras de s\u00edlabas, as\u00ed como sintaxis\/orden de palabras y tipos de oraciones.<\/p>\n<p>&nbsp;<\/p>\n<div dir=\"auto\">\n<p><span style=\"color: #ff0000;\"><strong>[Extractos de <\/strong><\/span><strong>Modos de escritura universales del antiguo Egipto por Moustafa Gadalla<\/strong><span style=\"color: #ff0000;\"><strong>]<br \/>\n<a href=\"https:\/\/egyptianwisdomcenter.org\/es\/producto\/ancient-egyptian-universal-writing-modes\/\"><span style=\"color: #0000ff;\">https:\/\/egyptianwisdomcenter.org\/product\/ancient-egyptian-universal-writing-modes\/<\/span><\/a><\/strong><\/span><\/p>\n<p><img decoding=\"async\" class=\"aligncenter\" src=\"https:\/\/books2read-prod.s3.amazonaws.com\/CACHE\/images\/ubl_book_images\/book_display_image_47HRC95\/515452d8b8f6b949614788303f629e63\" \/><\/p>\n<p style=\"text-align: center;\"><a href=\"https:\/\/egyptianwisdomcenter.org\/es\/producto\/ancient-egyptian-universal-writing-modes\/\"><strong style=\"color: #ff0000;\"><span style=\"color: #0000ff;\">https:\/\/egyptianwisdomcenter.org\/product\/ancient-egyptian-universal-writing-modes\/<\/span><\/strong><\/a><\/p>\n<\/div>","protected":false},"excerpt":{"rendered":"<p>The Egyptian Alphabetical Form Of Writing &nbsp; 1. Remote Age Of Egyptian Alphabets\u00a0 Most modern Western scholars affirm, explicitly and implicitly, that [&hellip;]<\/p>","protected":false},"author":3,"featured_media":0,"parent":0,"menu_order":0,"comment_status":"closed","ping_status":"closed","template":"","meta":{"footnotes":""},"class_list":["post-387","page","type-page","status-publish","hentry"],"aioseo_notices":[],"_links":{"self":[{"href":"https:\/\/egyptianwisdomcenter.org\/es\/wp-json\/wp\/v2\/pages\/387","targetHints":{"allow":["GET"]}}],"collection":[{"href":"https:\/\/egyptianwisdomcenter.org\/es\/wp-json\/wp\/v2\/pages"}],"about":[{"href":"https:\/\/egyptianwisdomcenter.org\/es\/wp-json\/wp\/v2\/types\/page"}],"author":[{"embeddable":true,"href":"https:\/\/egyptianwisdomcenter.org\/es\/wp-json\/wp\/v2\/users\/3"}],"replies":[{"embeddable":true,"href":"https:\/\/egyptianwisdomcenter.org\/es\/wp-json\/wp\/v2\/comments?post=387"}],"version-history":[{"count":0,"href":"https:\/\/egyptianwisdomcenter.org\/es\/wp-json\/wp\/v2\/pages\/387\/revisions"}],"wp:attachment":[{"href":"https:\/\/egyptianwisdomcenter.org\/es\/wp-json\/wp\/v2\/media?parent=387"}],"curies":[{"name":"wp","href":"https:\/\/api.w.org\/{rel}","templated":true}]}}