{"id":3872,"date":"2019-03-02T16:16:13","date_gmt":"2019-03-02T21:16:13","guid":{"rendered":"https:\/\/egyptianwisdomcenter.org\/el-calendario-egipcio-perfecto\/"},"modified":"2023-01-12T11:19:58","modified_gmt":"2023-01-12T16:19:58","slug":"el-calendario-egipcio-perfecto","status":"publish","type":"page","link":"https:\/\/egyptianwisdomcenter.org\/es\/el-calendario-egipcio-perfecto\/","title":{"rendered":"El Calendario Egipcio Perfecto"},"content":{"rendered":"<h2 style=\"text-align: center;\"><span style=\"color: #ff0000;\"><strong>El Calendario Egipcio Perfecto<\/strong><\/span><\/h2>\n<p>&nbsp;<\/p>\n<p>Ahora centremos nuestra atenci\u00f3n en descubrir la edad de la antig\u00fcedad egipcia al examinar el calendario del Antiguo Egipto.<\/p>\n<p>El conocimiento avanzado de los egipcios en astronom\u00eda, como se reflej\u00f3 en su calendario, lo reconoci\u00f3 el gran Estrab\u00f3n (64 a.e.c.\u201325 d.e.c.), que escribi\u00f3:<\/p>\n<p style=\"padding-left: 30px;\"><em><strong>[Los egipcios] revelaron a los griegos los secretos del a\u00f1o completo, que estos <\/strong><\/em><strong><em>\u00faltimos<\/em><\/strong> <em><strong>ignoraban al igual que muchas otras cosas&#8230;<\/strong><\/em><\/p>\n<p>Los ingeniosos egipcios basaron su muy preciso calendario en la observaci\u00f3n y el estudio de los movimientos de Sabt (Sirius) en el cielo. Por ello, el calendario del Antiguo Egipto se denomina el calendario S\u00f3tico, es decir de estar relacionado con Sirius (Sabt), la Estrella Perro.<\/p>\n<p>Los antiguos egipcios sab\u00edan que el a\u00f1o duraba un poco m\u00e1s de 365 \u00bc d\u00edas. La Tierra tarda 365,25636 d\u00edas en completar un giro alrededor del sol.<\/p>\n<p>Debe observarse que la cronolog\u00eda de 3.000 a\u00f1os de la historia del Antiguo Egipto seg\u00fan los egipt\u00f3logos modernos, solo fue posible por que los antiguos egipcios siguieron el preciso a\u00f1o S\u00f3tico de 365,25636 d\u00edas. Adem\u00e1s, este es el calendario egipcio que ha permitido a estudiantes de historia de todo el mundo calcular la fecha de eventos en todos los dem\u00e1s pa\u00edses del mundo, pa\u00edses que nunca tuvieron un calendario correcto (o alguno).<\/p>\n<p>Los pr\u00e1cticos antiguos egipcios utilizaron un calendario de 12 meses, cada uno compuesto por 30 d\u00edas. Los ajustes necesarios para lograr un a\u00f1o completo, es decir la diferencia entre 365,25636 d\u00edas y los 360 (30 x 12) d\u00edas, fueron los siguientes:<\/p>\n<ol>\n<li>La diferencia de 5,25 d\u00edas se sit\u00faa al final del a\u00f1o egipcio, agregando 5 d\u00edas todos los a\u00f1os y un d\u00eda adicional cada 4 a\u00f1os. El a\u00f1o del Antiguo Egipto comienza actualmente (en 2007) el 11 de septiembre. Los 5\/6 d\u00edas adicionales comienzan el 6 de septiembre.<\/li>\n<li>La diferencia de 0,00636 d\u00edas (365,25636\u2013365 \u00bc d\u00edas) durante cada a\u00f1o requiere la adici\u00f3n de otro d\u00eda cada (1\/0,00636) 157\u00bc a\u00f1os, lo cual los egipcios contin\u00faan haciendo hasta la actualidad. Se hace agregando un d\u00eda extra cada 157,314,471 y ciclo de 629 a\u00f1os. Los ajustes anteriores por parte de los egipcios pueden observarse con nitidez en los \u00faltimos 2.000 a\u00f1os al comparar el calendario del Antiguo Egipto con el calendario \u201cromano\u201d [como se explic\u00f3 m\u00e1s arriba].<\/li>\n<\/ol>\n<p>Despu\u00e9s de que Julio Cesar visit\u00f3 Egipto en el 48 a.e.c., encarg\u00f3 al astr\u00f3nomo Sos\u00edgenes (de Alejandr\u00eda) que introdujera un calendario en el imperio romano. Esto result en el calendario juliano de 365 d\u00edas al a\u00f1o y de 366 d\u00edas cada a\u00f1o bisiesto. El calendario romano (juliano) literalmente se adapt\u00f3 para un rey. El primer d\u00eda del a\u00f1o era el d\u00eda de la coronaci\u00f3n del rey egipcio al final del jubilee anual de rejuvenecimiento [para m\u00e1s informaci\u00f3n v\u00e9ase el libro <em>M\u00edsticos egipcios<\/em><em>\u2013buscadores del camino<\/em>, del mismo autor].<\/p>\n<p>El calendario juliano no tuvo en cuenta que el a\u00f1o es un poco m\u00e1s que 365 \u00bc d\u00edas. La diferencia entre 365,25 d\u00edas y 365,25636 d\u00edas, desde el momento de la adopci\u00f3n del calendario juliano hasta nuestros d\u00edas es de 13 d\u00edas. Tal diferencia explica la variaci\u00f3n de 13 d\u00edas en las observaciones anuales de numerosas festividades cristianas, entre templos ortodoxos y no ortodoxos. La raz\u00f3n es que un grupo sigui\u00f3 el preciso calendario egipcio, mientras que el otro grupo sigui\u00f3 el\u00a0 impreciso calendario juliano.<\/p>\n<p>Cuando se adopt\u00f3 el calendario romano en el a\u00f1o 48 a.e.c., el primer d\u00eda del calendario egipcio era el 29 de agosto. En la actualidad es el 11 de setiembre, con la diferencia de los 13 d\u00edas que se acaba de explicar.<\/p>\n<p>Para encontrar la fecha de inicio del calendario del Antiguo Egipto, en t\u00e9rminos del calendario romano (imperfecto), debemos tener en cuenta la diferencia de 0,00636 d\u00edas (365,25636\u2013365,25 d\u00edas) para cada a\u00f1o entre el 29 de agosto y el 21 de junio. El 21 de junio significa el solsticio de verano, que marca el comienzo del calendario del Antiguo Egipto, que a su vez marca el comienzo del ciclo S\u00f3tico, cuando el ciclo S\u00f3tico egipcio comienza con el orto hel\u00edaco de Sabt (Sirius) en el horizonte, junto al sol, y permanec\u00eda visible durante unos pocos momentos hasta que desaparec\u00eda con el avance del amanecer.<\/p>\n<p>En primer lugar, encontramos la diferencia entre el 29 de agosto y el 21 de junio, es decir 69 d\u00edas. Al dividir los 69 d\u00edas entre 0,00636, el resultado es 10.849 a\u00f1os. De este modo, el 29 de agosto del a\u00f1o 48 a.e.c., en el calendario egipcio era como m\u00ednimo el 10.897 a.e.c. (10.849 + 48).<\/p>\n<p>Comparemos los c\u00e1lculos calend\u00e1ricos s\u00f3ticos de 10.897 con los c\u00e1lculos del zodiaco. Tal como se ha indicado anteriormente, el ciclo zodiacal actual comienza en el a\u00f1o 10.948 a.e.c. La diferencia entre el a\u00f1o 10.897 a.e.c. y el comienzo de la Era de Leo [10.948 A.E.C.] es de 51 a\u00f1os. Es decir, en el a\u00f1o 48 a.e.c., el calendario del Antiguo Egipto era 1\/3 del ciclo de un per\u00edodo de 157 a\u00f1os.<\/p>\n<p>El a\u00f1o 10.948 a.e.c., al ser el inicio de la Era de Leo, es coherente con las afirmaciones de todos los antiguos escritores romanos y griegos como Plat\u00f3n, cuyos Di\u00e1logos indican que el canon de proporci\u00f3n del Antiguo Egipto, para las artes y la arquitectura, no cambia durante los 10.000 a\u00f1os anteriores a la \u00e9poca de Plat\u00f3n [428\u2013347 a.e.c.]. Plat\u00f3n se\u00f1alaba,<\/p>\n<p style=\"padding-left: 30px;\"><em><strong>Que las im\u00e1genes y estatuas hechas hace m\u00e1s de 10.000 a\u00f1os, no eran ni mejores ni peores que las que se hac\u00edan en la actualidad. <\/strong><\/em><\/p>\n<p>Desde la ocupaci\u00f3n isl\u00e1mica\/\u00e1rabe de Egipto [641 D.E.C.], el calendario del Antiguo Egipto se conoci\u00f3 como el calendario \u201cCopto\u201d, a\u00fan cuando se desarroll\u00f3 miles de a\u00f1os antes del cristianismo. Los egipcios actuales todav\u00eda siguen el calendario del Antiguo Egipto, para pr\u00e1cticamente todas las innumerables festividades anuales, de agricultura, para el tiempo meteorol\u00f3gico y otras materias (con solo un pu\u00f1ado de excepciones). Es con diferencia el calendario m\u00e1s pr\u00e1ctico y preciso que se utiliza en el mundo.<\/p>\n<p>&nbsp;<\/p>\n<p><strong><span style=\"color: #ff0000;\">[Un extracto de La cultura revelada del Antiguo Egipto, segunda edicion <\/span><span style=\"color: #ff0000;\">por Moustafa Gadalla]<\/span><\/strong><\/p>\n<div>\n<div dir=\"auto\">\n<p><span style=\"color: #0000ff;\"><strong>https:\/\/egyptianwisdomcenter.org\/product\/la-cultura-revelada-del-antiguo-egipto\/<\/strong><\/span><\/p>\n<p><img decoding=\"async\" class=\"aligncenter\" src=\"https:\/\/egypt-tehuti.org\/wp-content\/uploads\/2017\/11\/spanish-2-e1514402470988-225x338.jpg\" \/><\/p>\n<p style=\"text-align: center;\"><span style=\"color: #0000ff;\"><strong>https:\/\/egyptianwisdomcenter.org\/product\/la-cultura-revelada-del-antiguo-egipto\/<\/strong><\/span><\/p>\n<\/div>\n<\/div>\n<div dir=\"auto\"><\/div>\n","protected":false},"excerpt":{"rendered":"<p>El Calendario Egipcio Perfecto &nbsp; Ahora centremos nuestra atenci\u00f3n en descubrir la edad de la antig\u00fcedad egipcia al examinar el calendario del [&hellip;]<\/p>\n","protected":false},"author":3,"featured_media":0,"parent":0,"menu_order":0,"comment_status":"closed","ping_status":"closed","template":"","meta":{"_monsterinsights_skip_tracking":false,"_monsterinsights_sitenote_active":false,"_monsterinsights_sitenote_note":"","_monsterinsights_sitenote_category":0,"footnotes":""},"class_list":["post-3872","page","type-page","status-publish","hentry"],"aioseo_notices":[],"_links":{"self":[{"href":"https:\/\/egyptianwisdomcenter.org\/es\/wp-json\/wp\/v2\/pages\/3872","targetHints":{"allow":["GET"]}}],"collection":[{"href":"https:\/\/egyptianwisdomcenter.org\/es\/wp-json\/wp\/v2\/pages"}],"about":[{"href":"https:\/\/egyptianwisdomcenter.org\/es\/wp-json\/wp\/v2\/types\/page"}],"author":[{"embeddable":true,"href":"https:\/\/egyptianwisdomcenter.org\/es\/wp-json\/wp\/v2\/users\/3"}],"replies":[{"embeddable":true,"href":"https:\/\/egyptianwisdomcenter.org\/es\/wp-json\/wp\/v2\/comments?post=3872"}],"version-history":[{"count":0,"href":"https:\/\/egyptianwisdomcenter.org\/es\/wp-json\/wp\/v2\/pages\/3872\/revisions"}],"wp:attachment":[{"href":"https:\/\/egyptianwisdomcenter.org\/es\/wp-json\/wp\/v2\/media?parent=3872"}],"curies":[{"name":"wp","href":"https:\/\/api.w.org\/{rel}","templated":true}]}}