{"id":399,"date":"2018-11-04T00:00:00","date_gmt":"2018-11-04T04:00:00","guid":{"rendered":"http:\/\/egyptianwisdomcenter.org\/arabic-the-stolen-egyptian-language\/"},"modified":"2023-02-14T19:41:40","modified_gmt":"2023-02-15T00:41:40","slug":"arabic-the-stolen-egyptian-language","status":"publish","type":"page","link":"https:\/\/egyptianwisdomcenter.org\/es\/arabic-the-stolen-egyptian-language\/","title":{"rendered":"&#8220;Arabic&#8221;: The Stolen Egyptian Language"},"content":{"rendered":"<h2 style=\"text-align: center;\">\u00a0<span style=\"color: #ff0000;\">&#8220;Arabic&#8221;: The Stolen Egyptian Language<\/span><\/h2>\n<p>&nbsp;<\/p>\n<p>The rise and unexpected sweeping success of the Islamic forces in the 7th century CE prompted the need to write the Koran. The Moslem Arabs scrambled, after the sudden rise and success of their forces, to have the Koran printed. They utilized the existing Ancient Egyptian cursive style that was commonly used in northern Arabia, and tried to make an independent language out of it.<\/p>\n<p>The (Koranic) Arabic language tried to look different from its Ancient Egyptian source by re-arranging the order of the ABGD alphabet to a, b, t, th, etc., which caused them more problems. Other Semitic languages, like Hebrew, maintained the same order of the ABGD alphabet.<\/p>\n<p>It was and is a pathetic attempt to give a form of identity to a new \u201creligion\u201d by awarding them with a \u201cnew\u201d language. With the exception of a few changes in letter-forms and adding plenty of dots, it remains the Ancient Egyptian language in every and ALL regards. More analysis of letter-forms in Ancient Egypt as compared to present letter-forms can be found in Chapters 12 and 23 of this book. This twisted Arabic script survived and continues to survive only because it is the only permitted language for the Koran and prayers for the Moslems. The fate of \u201cArabic\u201d is connected to the fate of Islam.<\/p>\n<p>Despite such attempts, the British Egyptologist Alan Gardiner, in his book <em>Gram\u00e1tica egipcia<\/em>, page 3, stated:<\/p>\n<p style=\"padding-left: 30px;\"><em>&#8220;<span style=\"text-decoration: underline;\"><strong>The entire vocalic system of Old Egyptian may indeed be proved to have reached a stage resembling that of Hebrew or modern Arabic<\/strong><\/span>&#8220;<\/em><\/p>\n<p>En cuanto a otros pilares de un idioma como la gram\u00e1tica, la sintaxis, etc., sigue siendo exactamente igual al idioma del Antiguo Egipto.<\/p>\n<p>El egipt\u00f3logo brit\u00e1nico Alan Gardiner, en su libro <em>Gram\u00e1tica egipcia<\/em>, p\u00e1gina 2, dec\u00eda:<\/p>\n<p style=\"padding-left: 30px;\"><strong><em>&#8220;<span style=\"text-decoration: underline;\">The Egyptian language<\/span> is related, not only to the Semitic tongues (Hebrew, <span style=\"text-decoration: underline;\">Arabic<\/span>, <span style=\"text-decoration: underline;\">Aramaic<\/span>, Babylonian, etc.), but also to the East African languages (Galla, Somali, etc.) and the Berber idioms of North Africa. Its connection with the latter groups, together known as the Hamitic family, is a very thorny subject, but the relationship to the Semitic tongues can be fairly accurately defined. <span style=\"text-decoration: underline;\">In general structure<\/span> the similarity is very great; Egyptian shares the principal peculiarity of Semitic in that its word-stems consist of combinations of consonants, as a rule three in number, which are theoretically at least unchangeable. Grammatical inflection and minor variations of meaning are contrived mainly by ring\u00ading the changes on the internal vowels, though affixed endings also are used for the same purpose<\/em><\/strong>.<\/p>\n<p>La \u201cLengua \u00c1rabe\u201d cumple exactamente con todas las caracter\u00edsticas ling\u00fc\u00edsticas de la lengua egipcia antigua, mucho m\u00e1s antigua, que se detall\u00f3 en el Cap\u00edtulo 15 de este libro. Estos incluyen (pero no se limitan a) el l\u00e9xico, la gram\u00e1tica y la sintaxis interconectados protot\u00edpicos del Antiguo Egipto, como el significado de los verbos, las ra\u00edces verbales, las ra\u00edces verbales, las clases y estructuras verbales, el esquema de conjugaci\u00f3n de los verbos y la etimolog\u00eda\/l\u00e9xicos protot\u00edpicos egipcios. y formaci\u00f3n\/derivaci\u00f3n de palabras a partir de una ra\u00edz de tres letras (que significa un determinado concepto general) en numerosos patrones mediante el uso de vocales intermedias y prefijos, infijos y sufijos, etc.; adem\u00e1s de tipos y estructuras de s\u00edlabas, as\u00ed como sintaxis\/orden de palabras y tipos de oraciones.<\/p>\n<p>And just like Ancient Egyptian writings, so-called \u201cArabic\u201d employs two primary scripts with several calligraphic variations which continue to be used extensively for various purposes:<\/p>\n<p style=\"padding-left: 30px;\">1. Easy to read<strong>\u2014<\/strong>called &#8220;Bassri&#8221; is legible and clear<strong>\u2014<\/strong>and hence, \u201cBassri\u201d means \u201cvision\/eyesight\u201d, with rounded forms. This style has nothing to do with any particular city\/geographic location.<\/p>\n<p style=\"padding-left: 30px;\">2. Easy to write<strong>\u2014<\/strong>called &#8220;Kufii&#8221;,\u00a0which means \u201chand\u201d, which also has nothing to do with any particular city\/geographic location. It is written with angular forms.<\/p>\n<p>There is no religious distinction in Islam for using uncials to write religious matters. However, some early writings were made in the uncial style.<\/p>\n<p>And it should not come as a surprise that all academics agree that the oldest specimens of the two styles [Bassri and Kufi] in the \u201cnew Arabic\u201d are two Egyptian passports of the year 700 CE and a private letter, also written in Egypt, dated in the year 670 CE.<\/p>\n<p>To say that Egyptians speak and write \u201cArabic\u201d is totally false and illogical. It is the other way around<strong>\u2014<\/strong>the \u201cArabs\u201d have long ago \u201cadopted\u201d and continue to speak and write EGYPTIAN.<\/p>\n<p>&nbsp;<\/p>\n<p><span style=\"color: #ff0000;\"><strong>[Un extracto de <\/strong><\/span><strong>Modos de escritura universales del antiguo Egipto por Moustafa Gadalla<span style=\"color: #0000ff;\"><span style=\"color: #ff0000;\">]<\/span><br \/>\n<a href=\"https:\/\/egyptianwisdomcenter.org\/es\/producto\/ancient-egyptian-universal-writing-modes\/\">https:\/\/egyptianwisdomcenter.org\/product\/ancient-egyptian-universal-writing-modes\/<\/a><\/span><\/strong><\/p>\n<p><img decoding=\"async\" class=\"aligncenter\" src=\"https:\/\/books2read-prod.s3.amazonaws.com\/CACHE\/images\/ubl_book_images\/book_display_image_47HRC95\/515452d8b8f6b949614788303f629e63\" \/><\/p>\n<p style=\"text-align: center;\"><a href=\"https:\/\/egyptianwisdomcenter.org\/es\/producto\/ancient-egyptian-universal-writing-modes\/\"><span style=\"color: #0000ff;\"><strong>https:\/\/egyptianwisdomcenter.org\/product\/ancient-egyptian-universal-writing-modes\/<\/strong><\/span><\/a><\/p>\n<div dir=\"auto\"><\/div>","protected":false},"excerpt":{"rendered":"<p>\u00a0&#8220;Arabic&#8221;: The Stolen Egyptian Language &nbsp; The rise and unexpected sweeping success of the Islamic forces in the 7th century CE prompted [&hellip;]<\/p>","protected":false},"author":3,"featured_media":0,"parent":0,"menu_order":0,"comment_status":"closed","ping_status":"closed","template":"","meta":{"footnotes":""},"class_list":["post-399","page","type-page","status-publish","hentry"],"aioseo_notices":[],"_links":{"self":[{"href":"https:\/\/egyptianwisdomcenter.org\/es\/wp-json\/wp\/v2\/pages\/399","targetHints":{"allow":["GET"]}}],"collection":[{"href":"https:\/\/egyptianwisdomcenter.org\/es\/wp-json\/wp\/v2\/pages"}],"about":[{"href":"https:\/\/egyptianwisdomcenter.org\/es\/wp-json\/wp\/v2\/types\/page"}],"author":[{"embeddable":true,"href":"https:\/\/egyptianwisdomcenter.org\/es\/wp-json\/wp\/v2\/users\/3"}],"replies":[{"embeddable":true,"href":"https:\/\/egyptianwisdomcenter.org\/es\/wp-json\/wp\/v2\/comments?post=399"}],"version-history":[{"count":0,"href":"https:\/\/egyptianwisdomcenter.org\/es\/wp-json\/wp\/v2\/pages\/399\/revisions"}],"wp:attachment":[{"href":"https:\/\/egyptianwisdomcenter.org\/es\/wp-json\/wp\/v2\/media?parent=399"}],"curies":[{"name":"wp","href":"https:\/\/api.w.org\/{rel}","templated":true}]}}