{"id":400,"date":"2018-11-04T00:00:00","date_gmt":"2018-11-04T04:00:00","guid":{"rendered":"http:\/\/egyptianwisdomcenter.org\/an-overview-of-the-egyptian-musical-heritage\/"},"modified":"2023-01-03T00:37:38","modified_gmt":"2023-01-03T05:37:38","slug":"an-overview-of-the-egyptian-musical-heritage-2","status":"publish","type":"page","link":"https:\/\/egyptianwisdomcenter.org\/es\/una-vision-general-del-patrimonio-musical-egipcio-2\/","title":{"rendered":"Una visi\u00f3n general del patrimonio musical egipcio"},"content":{"rendered":"<h2 style=\"text-align: center;\"><span style=\"color: #ff0000;\">Una visi\u00f3n general del patrimonio musical egipcio<\/span><\/h2>\n<p>&nbsp;<\/p>\n<p>La historia arqueol\u00f3gica y tradicional de la m\u00fasica egipcia es mucho m\u00e1s abundante que en cualquier otro pa\u00eds. Los relieves de las paredes de los templos y tumbas del Antiguo Egipto representan numerosos tipos y formas de instrumentos musicales, las t\u00e9cnicas en las que estos instrumentos deb\u00edan tocarse y afinarse, tocar en conjunto y mucho, mucho m\u00e1s.<\/p>\n<p>Estas escenas musicales muestran visiblemente las manos del arpista tocando determinadas cuerdas,<\/p>\n<p><a href=\"http:\/\/egyptianwisdomcenter.org\/wp-content\/uploads\/2019\/02\/emus-ch1-photo1-96c.jpg\"><img decoding=\"async\" class=\"size-full wp-image-1381 aligncenter\" src=\"http:\/\/egyptianwisdomcenter.org\/wp-content\/uploads\/2019\/02\/emus-ch1-photo1-96c.jpg\" alt=\"\" width=\"192\" height=\"216\" \/><\/a><\/p>\n<p>y los instrumentistas de viento tocando ciertos acordes juntos.<\/p>\n<p><a href=\"http:\/\/egyptianwisdomcenter.org\/wp-content\/uploads\/2019\/02\/emus-ch1-photo2-96c.jpg\"><img decoding=\"async\" class=\"size-full wp-image-1390 aligncenter\" src=\"http:\/\/egyptianwisdomcenter.org\/wp-content\/uploads\/2019\/02\/emus-ch1-photo2-96c.jpg\" alt=\"\" width=\"192\" height=\"152\" \/><\/a><\/p>\n<p>Las distancias de los trastes del la\u00fad muestran claramente que se pueden medir y calcular los intervalos y escalas correspondientes. [El an\u00e1lisis detallado se muestra en un cap\u00edtulo posterior de este libro.]<\/p>\n<p><a href=\"http:\/\/egyptianwisdomcenter.org\/wp-content\/uploads\/2019\/02\/emus-ch1-photo3-96c.jpg\"><img decoding=\"async\" class=\"size-full wp-image-1391 aligncenter\" src=\"http:\/\/egyptianwisdomcenter.org\/wp-content\/uploads\/2019\/02\/emus-ch1-photo3-96c.jpg\" alt=\"\" width=\"240\" height=\"157\" \/><\/a><\/p>\n<p>Las posiciones de las manos de los arpistas sobre las cuerdas indican claramente proporciones como la Cuarta, la Quinta y la Octava, revelando un conocimiento incuestionable de las leyes que rigen la armon\u00eda musical.<\/p>\n<p>La ejecuci\u00f3n de instrumentos musicales tambi\u00e9n se representa controlada por los movimientos de las manos de los directores, que tambi\u00e9n nos ayudan a identificar ciertos tonos, intervalos y funciones del sonido, como se muestra a la izquierda en la siguiente representaci\u00f3n.<\/p>\n<p><a href=\"http:\/\/egyptianwisdomcenter.org\/wp-content\/uploads\/2019\/02\/emus-ch1-photo4-96c.jpg\"><img loading=\"lazy\" decoding=\"async\" class=\"size-full wp-image-1392 aligncenter\" src=\"http:\/\/egyptianwisdomcenter.org\/wp-content\/uploads\/2019\/02\/emus-ch1-photo4-96c.jpg\" alt=\"\" width=\"240\" height=\"167\" \/><\/a><\/p>\n<p>Los intervalos de Cuarta, Quinta y Octava eran los m\u00e1s comunes en las representaciones del Antiguo Egipto. Curt Sachs [en su libro, <em>Historia de los instrumentos musicales<\/em>] descubri\u00f3 que de 17 arpistas representados en obras de arte egipcias (con suficiente realismo y distinci\u00f3n para ser registros confiables), siete tocan un acorde de cuarta, cinco un acorde de quinta y cinco un acorde de octava.<\/p>\n<p>La octava de ocho t\u00e9rminos se llamaba Harmon\u00eda o escala arm\u00f3nica de octacordio, y se describi\u00f3 en los primeros escritos griegos como el octacordo d\u00f3rico, estructurado en base a la octava, la cuarta y la quinta, los tres intervalos conson\u00e1nticos. Estos tres intervalos conson\u00e1nticos se relacionan con las tres estaciones del calendario del Antiguo Egipto, como veremos m\u00e1s adelante en el libro.<\/p>\n<p>Se descubri\u00f3 que las arpas representadas con m\u00e1s frecuencia ten\u00edan siete cuerdas y, seg\u00fan el estudio de Curt Sachs sobre los instrumentos egipcios, los egipcios afinaban sus arpas en la misma serie diat\u00f3nica de intervalos.<\/p>\n<p>&gt;&gt; Una de las dos arpas encontradas representadas en la tumba de Rams\u00e9s III tiene 13 cuerdas, donde si la cuerda m\u00e1s larga representara pros-lambanomenos, o D, las 12 cuerdas restantes tendr\u00edan m\u00e1s de <span style=\"text-decoration: underline;\"><strong>Suministran todos los tonos, semitonos y cuartos de tono de los g\u00e9neros diat\u00f3nicos, crom\u00e1ticos y enarm\u00f3nicos dentro del comp\u00e1s de una octava.<\/strong><\/span><\/p>\n<p><a href=\"http:\/\/egyptianwisdomcenter.org\/wp-content\/uploads\/2019\/02\/harp.png\" rel=\"attachment wp-att-308\"><img loading=\"lazy\" decoding=\"async\" class=\"size-full wp-image-308 aligncenter\" src=\"http:\/\/egyptianwisdomcenter.org\/wp-content\/uploads\/2019\/02\/harp.png\" alt=\"arpa\" width=\"188\" height=\"185\" \/><\/a><\/p>\n<p>Adem\u00e1s de las numerosas representaciones de escenas musicales representadas en templos y tumbas de todos los per\u00edodos de la historia din\u00e1stica de Egipto, tambi\u00e9n tenemos acceso a cientos de diversos instrumentos musicales del Antiguo Egipto que han sido recuperados de sus tumbas. Estos instrumentos egipcios se encuentran ahora repartidos en museos y colecciones privadas de todo el mundo.<\/p>\n<p>Las escenas musicales representadas en las tumbas del Antiguo Egipto, as\u00ed como en los instrumentos encontrados en los Reinos Antiguo y Medio, indican las proporciones entre las cuerdas abiertas del arpa y los trastes densamente ordenados en los largos m\u00e1stiles de los instrumentos de cuerda, as\u00ed como las medidas entre las orificios para los dedos en instrumentos de viento que revelan\/confirman que:<\/p>\n<p style=\"padding-left: 30px;\">a. Se conoc\u00edan\/utilizaban varios tipos de escalas musicales.<\/p>\n<p style=\"padding-left: 30px;\">b. Las escalas escalonadas estrechas eran comunes desde la historia egipcia m\u00e1s antigua conocida (hace m\u00e1s de 5.000 a\u00f1os).<\/p>\n<p style=\"padding-left: 30px;\">C. Las t\u00e9cnicas de interpretaci\u00f3n y afinaci\u00f3n de instrumentos de cuerda proporcionaron la interpretaci\u00f3n solista y de acordes de los instrumentos.<\/p>\n<p style=\"padding-left: 30px;\">d. Las t\u00e9cnicas de interpretaci\u00f3n de instrumentos de viento proporcionaron peque\u00f1os incrementos y el efecto de \u00f3rgano.<\/p>\n<p style=\"padding-left: 30px;\">mi. Se utilizaban tanto el m\u00e9todo c\u00edclico (arriba y abajo) como el m\u00e9todo divisivo de sintonizaci\u00f3n.<\/p>\n<p>Los antiguos egipcios eran famosos en todo el mundo por su dominio de las t\u00e9cnicas de ejecuci\u00f3n de sus instrumentos musicales. La habilidad de los egipcios en el uso de estos instrumentos fue afirmada por Ateneo, quien afirm\u00f3 (en sus textos [iv, 25]) que \u201c<strong><em>Tanto los griegos como los \u201cb\u00e1rbaros\u201d aprendieron m\u00fasica de los nativos egipcios.<\/em><\/strong>.&#8221;<\/p>\n<p>Despu\u00e9s de la desaparici\u00f3n de la Era Fara\u00f3nica del Antiguo Egipto, Egipto continu\u00f3 siendo el centro de aprendizaje de la m\u00fasica para los pa\u00edses arabizados\/islamizados.<\/p>\n<p><a href=\"http:\/\/egyptianwisdomcenter.org\/wp-content\/uploads\/2019\/02\/emus-ch1-photo6-96c.jpg\"><img loading=\"lazy\" decoding=\"async\" class=\"size-full wp-image-1393 aligncenter\" src=\"http:\/\/egyptianwisdomcenter.org\/wp-content\/uploads\/2019\/02\/emus-ch1-photo6-96c.jpg\" alt=\"\" width=\"240\" height=\"167\" \/><\/a><\/p>\n<p>Todos estos hallazgos, junto con los primeros escritos de los historiadores del patrimonio musical egipcio, as\u00ed como las tradiciones de los habitantes modernos del Nilo, corroboran y proporcionan el caso m\u00e1s aut\u00e9ntico de la historia musical del Antiguo Egipto.<\/p>\n<p>Desafortunadamente, gran parte de esta evidencia CLARAMENTE EGIPCIA ha sido distorsionada una y otra vez a lo largo de la historia por la academia occidental. En cuanto al tema del Antiguo Egipto, pr\u00e1cticamente todos los acad\u00e9micos occidentales sienten desprecio y envidia hacia esta gran civilizaci\u00f3n. El acad\u00e9mico occidental t\u00edpico simult\u00e1neamente: 1) describir\u00e1 a los egipcios como muy conservadores, que no cambiaron ni evolucionaron y que no ten\u00edan imaginaci\u00f3n, etc.; y 2) describir los logros en el Antiguo Egipto como prestados\/robados\/copiados de no egipcios. Es irracional que alguien emplee simult\u00e1neamente estos argumentos contradictorios.<\/p>\n<p>El hecho es que los egipcios (los antiguos y los balad\u00edes) son notablemente tradicionalistas hasta el extremo, como lo atestiguan TODOS los primeros historiadores, como Her\u00f3doto, quien, en <em>Las historias<\/em>, Libro Segundo, 79, establece:<\/p>\n<p style=\"padding-left: 30px;\"><strong><em>\u201cLos egipcios mantienen sus costumbres nativas y nunca adoptan ninguna del extranjero.<\/em><\/strong>.&#8221;<\/p>\n<p>Her\u00f3doto, en <em>Las historias<\/em>, Libro Segundo, 91, tambi\u00e9n dice:<\/p>\n<p style=\"padding-left: 30px;\">&#8220;<strong><em>Los egipcios no est\u00e1n dispuestos a adoptar las costumbres griegas o, en general, las de ning\u00fan otro pa\u00eds.<\/em><\/strong>.&#8221;<\/p>\n<p>&nbsp;<\/p>\n<p><strong>[Un extracto de<\/strong> <span style=\"color: #ff0000;\"><strong>El perdurable sistema musical, teor\u00eda y pr\u00e1ctica del antiguo Egipto: segunda edici\u00f3n de Moustafa Gadalla<\/strong><\/span>]<br \/>\n<a href=\"https:\/\/egyptianwisdomcenter.org\/es\/producto\/the-enduring-ancient-egyptian-musical-system-theory-and-practice-second-edition\/\"><strong><span style=\"color: #0000ff;\">https:\/\/egyptianwisdomcenter.org\/product\/instrumentos-musicales-egipcios\/<\/span><\/strong><\/a><\/p>\n<p><img decoding=\"async\" class=\"aligncenter\" src=\"https:\/\/egyptianwisdomcenter.org\/wp-content\/uploads\/2023\/01\/instrumentos-musicales-egipcios-1.jpg\" \/><\/p>\n<p style=\"text-align: center;\"><a href=\"https:\/\/egyptianwisdomcenter.org\/es\/producto\/the-enduring-ancient-egyptian-musical-system-theory-and-practice-second-edition\/\"><strong><span style=\"color: #0000ff;\">https:\/\/egyptianwisdomcenter.org\/product\/instrumentos-musicales-egipcios\/<\/span><\/strong><\/a><\/p>\n<div dir=\"auto\"><\/div>","protected":false},"excerpt":{"rendered":"<p>An Overview Of The Egyptian Musical Heritage &nbsp; The archaeological and traditional Egyptian history of music is much more abundant than in [&hellip;]<\/p>","protected":false},"author":3,"featured_media":0,"parent":0,"menu_order":0,"comment_status":"closed","ping_status":"closed","template":"","meta":{"footnotes":""},"class_list":["post-400","page","type-page","status-publish","hentry"],"aioseo_notices":[],"_links":{"self":[{"href":"https:\/\/egyptianwisdomcenter.org\/es\/wp-json\/wp\/v2\/pages\/400","targetHints":{"allow":["GET"]}}],"collection":[{"href":"https:\/\/egyptianwisdomcenter.org\/es\/wp-json\/wp\/v2\/pages"}],"about":[{"href":"https:\/\/egyptianwisdomcenter.org\/es\/wp-json\/wp\/v2\/types\/page"}],"author":[{"embeddable":true,"href":"https:\/\/egyptianwisdomcenter.org\/es\/wp-json\/wp\/v2\/users\/3"}],"replies":[{"embeddable":true,"href":"https:\/\/egyptianwisdomcenter.org\/es\/wp-json\/wp\/v2\/comments?post=400"}],"version-history":[{"count":0,"href":"https:\/\/egyptianwisdomcenter.org\/es\/wp-json\/wp\/v2\/pages\/400\/revisions"}],"wp:attachment":[{"href":"https:\/\/egyptianwisdomcenter.org\/es\/wp-json\/wp\/v2\/media?parent=400"}],"curies":[{"name":"wp","href":"https:\/\/api.w.org\/{rel}","templated":true}]}}