{"id":429,"date":"2018-11-04T00:00:00","date_gmt":"2018-11-04T04:00:00","guid":{"rendered":"http:\/\/egyptianwisdomcenter.org\/the-all-encompassing-capacities-of-ancient-egyptian-harps\/"},"modified":"2023-01-03T00:41:51","modified_gmt":"2023-01-03T05:41:51","slug":"the-all-encompassing-capacities-of-ancient-egyptian-harps-2","status":"publish","type":"page","link":"https:\/\/egyptianwisdomcenter.org\/es\/las-capacidades-integrales-de-las-antiguas-arpas-egipcias-2\/","title":{"rendered":"Las capacidades integrales de las arpas del antiguo Egipto"},"content":{"rendered":"<h2 style=\"text-align: center;\"><span style=\"color: #ff0000;\">Las capacidades integrales de las arpas del antiguo Egipto<\/span><\/h2>\n<p>&nbsp;<\/p>\n<p>Las arpas del Antiguo Egipto variaban mucho en forma, tama\u00f1o y n\u00famero de cuerdas. Est\u00e1n representados en las pinturas antiguas con 4, 6, 7, 8, 9, 10, 11, 12, 14, 17, 20, 21 y 22 cuerdas.<\/p>\n<p><a href=\"http:\/\/egyptianwisdomcenter.org\/wp-content\/uploads\/2019\/02\/emus-ch15-photo4-96c.jpg\"><img decoding=\"async\" class=\"size-full wp-image-1406 aligncenter\" src=\"http:\/\/egyptianwisdomcenter.org\/wp-content\/uploads\/2019\/02\/emus-ch15-photo4-96c.jpg\" alt=\"\" width=\"259\" height=\"168\" \/><\/a><\/p>\n<p><a href=\"http:\/\/egyptianwisdomcenter.org\/wp-content\/uploads\/2019\/02\/emus-ch15-photo5-96c.jpg\"><img fetchpriority=\"high\" decoding=\"async\" class=\"size-full wp-image-1407 aligncenter\" src=\"http:\/\/egyptianwisdomcenter.org\/wp-content\/uploads\/2019\/02\/emus-ch15-photo5-96c.jpg\" alt=\"\" width=\"259\" height=\"196\" \/><\/a><\/p>\n<p><a href=\"http:\/\/egyptianwisdomcenter.org\/wp-content\/uploads\/2019\/02\/emus-ch15-photo6-96c.jpg\"><img decoding=\"async\" class=\"wp-image-1408 aligncenter\" src=\"http:\/\/egyptianwisdomcenter.org\/wp-content\/uploads\/2019\/02\/emus-ch15-photo6-96c.jpg\" alt=\"\" width=\"181\" height=\"254\" \/><\/a><\/p>\n<div>\n<p>B\u00e1sicamente exist\u00edan dos tipos de arpas:<\/p>\n<p style=\"padding-left: 30px;\"><strong>1. <\/strong>El peque\u00f1o arpa port\u00e1til (de hombro) (arco poco profundo). Las arpas de hombro se encuentran en grandes cantidades en museos de todo el mundo. Como todos los instrumentos de este tipo, ten\u00edan un ajuste que se pod\u00eda mover de adelante hacia atr\u00e1s y de arriba hacia abajo o viceversa. Era una especie de varilla de suspensi\u00f3n para las cuerdas, que permit\u00eda una afinaci\u00f3n r\u00e1pida en diferentes tonos.<\/p>\n<p style=\"padding-left: 30px;\"><a href=\"https:\/\/emus.pressbooks.com\/wp-content\/uploads\/sites\/42623\/2015\/11\/portable-harp.png\"><img loading=\"lazy\" decoding=\"async\" class=\"aligncenter wp-image-800 size-full\" src=\"http:\/\/egyptianwisdomcenter.org\/wp-content\/uploads\/2019\/02\/portable-harp-e1484696124557.png\" width=\"136\" height=\"190\" \/><\/a><\/p>\n<p style=\"padding-left: 30px;\"><strong>2. <\/strong>El arpa arqueada (arco) o el arpa angular m\u00e1s grande. Ha habido varias variaciones de las grandes arpas en Egipto, como en sus estructuras y tama\u00f1os, dependiendo del soporte de la cuerda y de si se encuentra en la parte superior o inferior, y si el resonador es recto o curvado. [Aqu\u00ed se muestra una escena de la tumba de Amenemhet, Beni Hassan, 12<sup>th<\/sup> Dinast\u00eda.]<\/p>\n<p style=\"padding-left: 30px;\"><a href=\"https:\/\/emus.pressbooks.com\/wp-content\/uploads\/sites\/42623\/2015\/11\/bow-harp.png\"><img loading=\"lazy\" decoding=\"async\" class=\"aligncenter wp-image-801 size-full\" src=\"http:\/\/egyptianwisdomcenter.org\/wp-content\/uploads\/2019\/02\/bow-harp-e1484696139970.png\" width=\"138\" height=\"160\" \/><\/a><\/p>\n<p>Apenas existe diferencia entre el arco (arco) y el arpa angular, en lo que a su sonido se refiere.<\/p>\n<p>La gran variedad de arpas del Antiguo Egipto revela la riqueza de sus capacidades de producci\u00f3n musical. La siguiente descripci\u00f3n general se basa \u00fanicamente en la relaci\u00f3n entre cadenas abiertas.<\/p>\n<p>&gt; Cabe se\u00f1alar que se pueden lograr muchos m\u00e1s tonos musicales m\u00e1s peque\u00f1os mediante la t\u00e9cnica de interpretaci\u00f3n con una sola mano, como se mostr\u00f3 anteriormente.<\/p>\n<p style=\"padding-left: 30px;\"><strong>1. <\/strong>Con arpas de 4 a 22 cuerdas, algunas arpas habr\u00edan sido capaces de producir una amplia gama de notas durante varias octavas. La relaci\u00f3n entre la m\u00e1s corta y la m\u00e1s larga es de 1:3 a 1:4 (es decir, de 1 a 2 octavas). Con la t\u00e9cnica de tocar con una sola mano [ver secci\u00f3n anterior], se pueden lograr posibilidades ilimitadas de varios tonos y octavas.<\/p>\n<p style=\"padding-left: 30px;\"><strong>2. <\/strong>Los intervalos de Cuarta, Quinta y Octava eran los m\u00e1s comunes en las representaciones del Antiguo Egipto. Curt Sachs [en su libro, <em>Historia de los instrumentos musicales<\/em>] descubri\u00f3 que de 17 arpistas representados en obras de arte egipcias con suficiente realismo y distinci\u00f3n para ser registros confiables, siete tocan un acorde de cuarta, cinco un acorde de quinta y cinco un acorde de octava.<\/p>\n<p style=\"padding-left: 30px;\"><strong>3. <\/strong>La relaci\u00f3n entre la cuerda m\u00e1s corta y la m\u00e1s larga de varias arpas del Antiguo Egipto es de aproximadamente 2:3. Como este intervalo se divide entre cinco cuerdas, la escala proporcionar\u00eda un rango de tonos entre medios tonos y tonos completos. En arpas con diez cuerdas, esto dar\u00eda un intervalo promedio de un semitono (menor) (90 cents = 4 comas).<\/p>\n<p style=\"padding-left: 30px;\"><strong>4. <\/strong>Una de las dos arpas encontradas en la tumba de Rams\u00e9s III tiene 13 cuerdas, donde si la cuerda m\u00e1s larga representara <em>pros-lambanomenos<\/em>, o <em>D<\/em>, las 12 cuerdas restantes proporcionar\u00edan con creces todos los tonos, semitonos y cuartos de tono de los g\u00e9neros diat\u00f3nico, crom\u00e1tico y enarm\u00f3nico, dentro del comp\u00e1s de una octava.<\/p>\n<p><a href=\"http:\/\/egyptianwisdomcenter.org\/wp-content\/uploads\/2019\/02\/emus-ch15-photo13-96c.jpg\"><img loading=\"lazy\" decoding=\"async\" class=\"size-full wp-image-1416 aligncenter\" src=\"http:\/\/egyptianwisdomcenter.org\/wp-content\/uploads\/2019\/02\/emus-ch15-photo13-96c.jpg\" alt=\"\" width=\"300\" height=\"172\" \/><\/a><\/p>\n<p style=\"padding-left: 30px;\">La afinaci\u00f3n de este arpa de 13 cuerdas puede proporcionar los cuatro tetracordios, <em>hipat\u00f3n, mes\u00f3n, sinemmen\u00f3n<\/em>, y <em>diezeugnenon<\/em>, con <em>proslambanomenos<\/em> en el fondo:<\/p>\n<p style=\"padding-left: 30px;\"><a href=\"http:\/\/egyptianwisdomcenter.org\/wp-content\/uploads\/2019\/02\/scale.png\" rel=\"attachment wp-att-385\"><img loading=\"lazy\" decoding=\"async\" class=\"aligncenter size-medium wp-image-385\" src=\"http:\/\/egyptianwisdomcenter.org\/wp-content\/uploads\/2019\/02\/scale-300x51.png\" alt=\"escala\" width=\"300\" height=\"51\" \/><\/a><\/p>\n<p style=\"padding-left: 30px;\"><strong>5. <\/strong>Se descubri\u00f3 que las arpas representadas con m\u00e1s frecuencia ten\u00edan siete cuerdas y, seg\u00fan el estudio de Curt Sachs sobre los instrumentos egipcios, los egipcios afinaban sus arpas en la misma serie diat\u00f3nica de intervalos.<\/p>\n<p style=\"padding-left: 30px;\"><strong>6. <\/strong>Un arpa del Antiguo Egipto con 20 cuerdas [encontrada en Luxor (Tebas)], parece haber tenido la escala pentat\u00f3nica en cuatro octavas. Y el arpa de 21 cuerdas [en el Museo de Par\u00eds] probablemente ten\u00eda el mismo orden de intervalos, con el a\u00f1adido de la nota clave en la parte superior.<\/p>\n<p>&nbsp;<\/p>\n<p style=\"padding-left: 30px;\"><strong style=\"font-size: 16px;\">[Un extracto de <span style=\"color: #ff0000;\">El perdurable sistema musical, la teor\u00eda y la pr\u00e1ctica del Antiguo Egipto<\/span>: Segunda edici\u00f3n de Moustafa Gadalla]<br \/>\n<a href=\"https:\/\/egyptianwisdomcenter.org\/es\/producto\/the-enduring-ancient-egyptian-musical-system-theory-and-practice-second-edition\/\"><span style=\"color: #0000ff;\">https:\/\/egyptianwisdomcenter.org\/product\/instrumentos-musicales-egipcios\/<\/span><\/a><\/strong><\/p>\n<p style=\"padding-left: 30px;\"><strong style=\"font-size: 16px;\"><br \/>\n<\/strong><img decoding=\"async\" class=\"aligncenter\" src=\"https:\/\/egyptianwisdomcenter.org\/wp-content\/uploads\/2023\/01\/instrumentos-musicales-egipcios-1.jpg\" \/><\/p>\n<\/div>\n<p style=\"padding-left: 30px;\"><a href=\"https:\/\/egyptianwisdomcenter.org\/es\/producto\/the-enduring-ancient-egyptian-musical-system-theory-and-practice-second-edition\/\"><strong style=\"font-size: 16px;\"><span style=\"color: #0000ff;\">https:\/\/egyptianwisdomcenter.org\/product\/instrumentos-musicales-egipcios\/<\/span><\/strong><\/a><\/p>\n<div dir=\"auto\"><\/div>\n<div dir=\"auto\"><\/div>","protected":false},"excerpt":{"rendered":"<p>The All-Encompassing Capacities Of Ancient Egyptian Harps &nbsp; The Ancient Egyptian harps varied greatly in form, size, and the number of their [&hellip;]<\/p>","protected":false},"author":3,"featured_media":0,"parent":0,"menu_order":0,"comment_status":"closed","ping_status":"closed","template":"","meta":{"footnotes":""},"class_list":["post-429","page","type-page","status-publish","hentry"],"aioseo_notices":[],"_links":{"self":[{"href":"https:\/\/egyptianwisdomcenter.org\/es\/wp-json\/wp\/v2\/pages\/429","targetHints":{"allow":["GET"]}}],"collection":[{"href":"https:\/\/egyptianwisdomcenter.org\/es\/wp-json\/wp\/v2\/pages"}],"about":[{"href":"https:\/\/egyptianwisdomcenter.org\/es\/wp-json\/wp\/v2\/types\/page"}],"author":[{"embeddable":true,"href":"https:\/\/egyptianwisdomcenter.org\/es\/wp-json\/wp\/v2\/users\/3"}],"replies":[{"embeddable":true,"href":"https:\/\/egyptianwisdomcenter.org\/es\/wp-json\/wp\/v2\/comments?post=429"}],"version-history":[{"count":0,"href":"https:\/\/egyptianwisdomcenter.org\/es\/wp-json\/wp\/v2\/pages\/429\/revisions"}],"wp:attachment":[{"href":"https:\/\/egyptianwisdomcenter.org\/es\/wp-json\/wp\/v2\/media?parent=429"}],"curies":[{"name":"wp","href":"https:\/\/api.w.org\/{rel}","templated":true}]}}