{"id":437,"date":"2018-11-04T00:00:00","date_gmt":"2018-11-04T04:00:00","guid":{"rendered":"http:\/\/egyptianwisdomcenter.org\/the-musical-orchestras\/"},"modified":"2023-01-03T00:42:56","modified_gmt":"2023-01-03T05:42:56","slug":"the-musical-orchestras-2","status":"publish","type":"page","link":"https:\/\/egyptianwisdomcenter.org\/es\/las-orquestas-musicales-2\/","title":{"rendered":"Las orquestas musicales"},"content":{"rendered":"<h2 style=\"text-align: center;\"><span style=\"color: #ff0000;\"><strong>La Orquesta Musical<\/strong><\/span><\/h2>\n<p>&nbsp;<\/p>\n<p>Los instrumentos musicales difieren en el comp\u00e1s, la variedad de fuerza de una sola nota, el valor del acento, el valor de supervivencia, la velocidad de articulaci\u00f3n de una nota repetida y cu\u00e1ntas notas puede tocar cada instrumento a la vez. Como tal, los antiguos egipcios utilizaron una variedad de instrumentos para proporcionar un sistema\/gama completa de sonidos musicales.<\/p>\n<p>Cabe se\u00f1alar que la descripci\u00f3n general de los instrumentos musicales del Antiguo Egipto en este libro se limita a instrumentos que pueden compararse con los instrumentos actuales. Algunos de los instrumentos de los antiguos egipcios difieren demasiado de la clasificaci\u00f3n actual como para clasificarlos con cualquiera de ellos.<\/p>\n<p>Bandas musicales variadas, en el Antiguo Egipto. Se emplearon conjuntos m\u00e1s peque\u00f1os y m\u00e1s grandes para diversos fines, como se desprende de las escenas musicales representadas en los edificios del Antiguo Egipto. Es suficientemente evidente, por las esculturas de los antiguos egipcios, que sus m\u00fasicos estaban familiarizados con la triple sinfon\u00eda: la armon\u00eda de instrumentos, voces y de voces e instrumentos. La ejecuci\u00f3n de instrumentos musicales estaba controlada por los movimientos de las manos de los directores (quiron\u00f3midos). Sus signos con las manos muestran una variedad de formas de tocar: un\u00edsono, acordes, polifon\u00eda, etc., como se mostr\u00f3 anteriormente.<\/p>\n<p>La orquesta\/conjunto egipcio constaba generalmente de cuatro grupos de instrumentos:<\/p>\n<p style=\"padding-left: 30px;\"><strong>1. <\/strong>Instrumentos de cuerda con cuerdas al aire, como el trigon\u00f3n, la lira, el arpa, etc. [Ver el Cap\u00edtulo 15.]<\/p>\n<p style=\"padding-left: 30px;\"><strong>2. <\/strong>Instrumentos de cuerda con cuerdas detenidas en un m\u00e1stil, como la tanboura, la guitarra, el oud\/la\u00fad, etc. [Ver el Cap\u00edtulo 15.]<\/p>\n<p style=\"padding-left: 30px;\"><strong>3. <\/strong>Instrumentos de viento como la flauta, la flauta, etc. [Ver Cap\u00edtulo 16.]<\/p>\n<p style=\"padding-left: 30px;\"><strong>4. <\/strong>Instrumentos de percusi\u00f3n como tambores, badajos, campanas, etc. [Ver Cap\u00edtulo 17.]<\/p>\n<p>El quiron\u00f3mido presid\u00eda el conjunto musical y, mediante una serie de gestos, determinaba el tono y los intervalos en los que los m\u00fasicos basaban su interpretaci\u00f3n. Los detalles de este examen se recogen en un estudio especial [H. Hickman, <em>La Quironomia en el Antiguo Egipto<\/em>, Revista de Lengua Egipcia y Antig\u00fcedades 83, 2, 1958.].<\/p>\n<div>\n<p>Se representan variaciones sinf\u00f3nicas y polif\u00f3nicas en escenas musicales de edificios del Antiguo Egipto del Reino Antiguo (hace 4.500 a\u00f1os), con un director guiando a todo el conjunto mediante gestos visibles. Se representaron una o m\u00e1s quiron\u00f3midas para indicar el tipo de actuaci\u00f3n. Cabe se\u00f1alar que representar m\u00e1s de un quiron\u00f3mido para un instrumento simboliza la acci\u00f3n prevista en la representaci\u00f3n art\u00edstica del Antiguo Egipto.<\/p>\n<\/div>\n<p>Los quiron\u00f3midos egipcios guiaron a los m\u00fasicos b\u00e1sicamente de tres maneras diferentes, para proporcionar tonalidades simples, dobles y triples, de la siguiente manera:<\/p>\n<p style=\"text-align: left;\"><strong>1. <\/strong>Los quiron\u00f3midos indican signos manuales id\u00e9nticos; por lo tanto, el m\u00fasico toca al un\u00edsono.<\/p>\n<p><a href=\"http:\/\/egyptianwisdomcenter.org\/wp-content\/uploads\/2019\/02\/chironomids.png\" rel=\"attachment wp-att-366\"><img decoding=\"async\" class=\"aligncenter size-medium wp-image-366\" src=\"http:\/\/egyptianwisdomcenter.org\/wp-content\/uploads\/2019\/02\/chironomids-300x150.png\" alt=\"quiron\u00f3midos\" width=\"300\" height=\"150\" \/><\/a><\/p>\n<p><strong>2. <\/strong>Los quiron\u00f3midos indican diferentes signos con las manos; as\u00ed los m\u00fasicos tocan un acorde. Los siguientes son dos ejemplos:<\/p>\n<p style=\"padding-left: 30px;\"><strong>a.<\/strong> En la tumba de Ti [Saqqara, Reino Antiguo], tenemos dos quiron\u00f3midos ilustrados que dan diferentes se\u00f1ales con las manos para un solo instrumento (arpa), representando dos sonidos diferentes; es decir, retratar un ejemplo de polifon\u00eda.<\/p>\n<p style=\"padding-left: 30px;\"><a href=\"http:\/\/egyptianwisdomcenter.org\/wp-content\/uploads\/2019\/02\/hand-signals-1.png\"><img decoding=\"async\" class=\"size-full wp-image-761 aligncenter\" src=\"http:\/\/egyptianwisdomcenter.org\/wp-content\/uploads\/2019\/02\/hand-signals-1.png\" alt=\"\" width=\"233\" height=\"180\" \/><\/a><\/p>\n<p style=\"padding-left: 30px;\">Esta representaci\u00f3n de dos quiron\u00f3midos es indicativa de doble tonalidad, que puede ser consecutiva o simult\u00e1nea.<\/p>\n<p style=\"padding-left: 30px;\"><strong>b.<\/strong> En la tumba de Nencheftka [5] se representa c\u00f3mo tocar un acorde con tres tonos diferentes [se muestra a continuaci\u00f3n].<sup>th<\/sup> Dinast\u00eda, Saqqara, ahora en el Museo de El Cairo]. Los quiron\u00f3midos representados muestran tres se\u00f1ales manuales diferentes.<\/p>\n<p style=\"padding-left: 30px;\"><a href=\"http:\/\/egyptianwisdomcenter.org\/wp-content\/uploads\/2019\/02\/playing-chord.png\"><img decoding=\"async\" class=\"size-full wp-image-780 aligncenter\" src=\"http:\/\/egyptianwisdomcenter.org\/wp-content\/uploads\/2019\/02\/playing-chord.png\" alt=\"\" width=\"400\" height=\"113\" \/><\/a><\/p>\n<p style=\"padding-left: 30px;\">Otro ejemplo de polifon\u00eda compuesta por tres tonos diferentes se presenta en una escena musical procedente de un relieve de la tumba de Nekauhor [Saqqara, 5<sup>th<\/sup> Dinast\u00eda, actualmente en el Museo Metropolitano de Arte, Nueva York].<\/p>\n<p>&nbsp;<\/p>\n<div dir=\"auto\">\n<div>\n<p style=\"padding-left: 30px;\"><strong style=\"font-size: 16px;\">[Un extracto de <span style=\"color: #ff0000;\">El perdurable sistema musical, la teor\u00eda y la pr\u00e1ctica del Antiguo Egipto<\/span>: Segunda edici\u00f3n de Moustafa Gadalla]<br \/>\n<a href=\"https:\/\/egyptianwisdomcenter.org\/es\/producto\/the-enduring-ancient-egyptian-musical-system-theory-and-practice-second-edition\/\"><span style=\"color: #0000ff;\">https:\/\/egyptianwisdomcenter.org\/product\/instrumentos-musicales-egipcios\/<\/span><\/a><\/strong><\/p>\n<p style=\"padding-left: 30px;\"><strong style=\"font-size: 16px;\"><br \/>\n<\/strong><img decoding=\"async\" class=\"aligncenter\" src=\"https:\/\/egyptianwisdomcenter.org\/wp-content\/uploads\/2023\/01\/instrumentos-musicales-egipcios-1.jpg\" \/><\/p>\n<\/div>\n<p style=\"padding-left: 30px;\"><a href=\"https:\/\/egyptianwisdomcenter.org\/es\/producto\/the-enduring-ancient-egyptian-musical-system-theory-and-practice-second-edition\/\"><strong style=\"font-size: 16px;\"><span style=\"color: #0000ff;\">https:\/\/egyptianwisdomcenter.org\/product\/instrumentos-musicales-egipcios\/<\/span><\/strong><\/a><\/p>\n<\/div>","protected":false},"excerpt":{"rendered":"<p>The Musical Orchestra &nbsp; Musical instruments differ in compass, the variety of\u00a0 strength\u00a0 of\u00a0 a\u00a0 single\u00a0 note,\u00a0 accent\u00a0 value,\u00a0 survival value, the [&hellip;]<\/p>","protected":false},"author":3,"featured_media":0,"parent":0,"menu_order":0,"comment_status":"closed","ping_status":"closed","template":"","meta":{"footnotes":""},"class_list":["post-437","page","type-page","status-publish","hentry"],"aioseo_notices":[],"_links":{"self":[{"href":"https:\/\/egyptianwisdomcenter.org\/es\/wp-json\/wp\/v2\/pages\/437","targetHints":{"allow":["GET"]}}],"collection":[{"href":"https:\/\/egyptianwisdomcenter.org\/es\/wp-json\/wp\/v2\/pages"}],"about":[{"href":"https:\/\/egyptianwisdomcenter.org\/es\/wp-json\/wp\/v2\/types\/page"}],"author":[{"embeddable":true,"href":"https:\/\/egyptianwisdomcenter.org\/es\/wp-json\/wp\/v2\/users\/3"}],"replies":[{"embeddable":true,"href":"https:\/\/egyptianwisdomcenter.org\/es\/wp-json\/wp\/v2\/comments?post=437"}],"version-history":[{"count":0,"href":"https:\/\/egyptianwisdomcenter.org\/es\/wp-json\/wp\/v2\/pages\/437\/revisions"}],"wp:attachment":[{"href":"https:\/\/egyptianwisdomcenter.org\/es\/wp-json\/wp\/v2\/media?parent=437"}],"curies":[{"name":"wp","href":"https:\/\/api.w.org\/{rel}","templated":true}]}}