{"id":44956,"date":"2019-04-13T20:00:24","date_gmt":"2019-04-14T00:00:24","guid":{"rendered":"http:\/\/egyptianwisdomcenter.org\/ba-the-migrant-bird\/"},"modified":"2023-02-13T17:41:20","modified_gmt":"2023-02-13T22:41:20","slug":"ba-the-migrant-bird","status":"publish","type":"page","link":"https:\/\/egyptianwisdomcenter.org\/es\/ba-the-migrant-bird\/","title":{"rendered":"Ba, el p\u00e1jaro migrante"},"content":{"rendered":"<h2 style=\"text-align: center;\"><span style=\"color: #ff0000;\"><strong>Ba, el p\u00e1jaro migrante<\/strong><\/span><\/h2>\n<p>&nbsp;<\/p>\n<p style=\"padding-left: 30px;\">The Ba is one of the metaphysical components of the human (and other) beings.<\/p>\n<p style=\"padding-left: 30px;\">El Ba es inmortal. Cuando el Ba se marcha, el cuerpo muere. El Ba est\u00e1 representado como un p\u00e1jaro con cabeza humana, lo cual es lo opuesto a la representaci\u00f3n normal de <em>neter\u00fa <\/em>(dioses, diosas) como cuerpos humanos con cabezas de animales; en otras palabras, como el aspecto divino de lo terrestre. El Ba puede representarse como una cig\u00fce\u00f1a o un halc\u00f3n. La cig\u00fce\u00f1a es conocida por su instinto migratorio y de retorno. La cig\u00fce\u00f1a es mundialmente conocida como el ave que lleva a los reci\u00e9n nacidos a sus nuevas familias. La cig\u00fce\u00f1a regresa a su propio nido con una precisi\u00f3n constante; de ah\u00ed que el ave migratoria, por excelencia, sea el ave elegida para el alma. &#039;Ba&#039; suele traducirse como &#039;alma&#039;.<\/p>\n<p><span style=\"color: #ff0000;\"><strong>Bennu\/Benben<\/strong><\/span><\/p>\n<p>Bennu es representado como un ave voladora, como una combinaci\u00f3n de garza y cig\u00fce\u00f1a, o como una combinaci\u00f3n de halc\u00f3n y cig\u00fce\u00f1a.<\/p>\n<p>La cig\u00fce\u00f1a es conocida por su instinto migratorio y de b\u00fasqueda, y tambi\u00e9n es conocida mundialmente como el ave que lleva a los reci\u00e9n nacidos a sus nuevas familias.<\/p>\n<p>Bennu, en forma de cig\u00fce\u00f1a, trae una Nueva Vida.<\/p>\n<p>La cig\u00fce\u00f1a regresa a su propio nido con constante precisi\u00f3n; por lo tanto, un ave migratoria es la elecci\u00f3n perfecta para representar el alma que regresa a la Fuente.<\/p>\n<p>En la Fuente, Bennu aparece representado encaramado en Benben, el s\u00edmbolo de la colina primitiva.<\/p>\n<p>En este sentido, Bennu es el F\u00e9nix que resurge de las cenizas de Benben para comenzar otra vida.<\/p>\n<p>Es un ciclo continuo de generaci\u00f3n y regreso a la Fuente.<\/p>\n<p><a href=\"http:\/\/egyptianwisdomcenter.org\/wp-content\/uploads\/2019\/02\/ed-ch9-photo6-96c.jpg\"><img fetchpriority=\"high\" decoding=\"async\" class=\"size-medium wp-image-902 aligncenter\" src=\"http:\/\/egyptianwisdomcenter.org\/wp-content\/uploads\/2019\/02\/ed-ch9-photo6-96c-300x195.jpg\" alt=\"\" width=\"300\" height=\"195\"><\/a><\/p>\n<p>Bennu, como tal, es un s\u00edmbolo de resurrecci\u00f3n, y hab\u00eda f\u00f3rmulas que instru\u00edan al difunto sobre c\u00f3mo convertirse en Bennu.<\/p>\n<p><a href=\"http:\/\/egyptianwisdomcenter.org\/wp-content\/uploads\/2019\/02\/ed-ch9-photo7-96c.jpg\"><img decoding=\"async\" class=\"size-medium wp-image-903 aligncenter\" src=\"http:\/\/egyptianwisdomcenter.org\/wp-content\/uploads\/2019\/02\/ed-ch9-photo7-96c-300x224.jpg\" alt=\"\" width=\"300\" height=\"224\"><\/a><\/p>\n<p>Osiris representa lo divino en una forma mortal que vive, muere y renace de nuevo. Es por eso que el alma de Osiris habita en el p\u00e1jaro Bennu, que siempre se encuentra cerca de escenas de resurrecci\u00f3n.<\/p>\n<p>Cada difunto es Osiris, que resucitar\u00e1 y renacer\u00e1 de nuevo.<\/p>\n<p>Porque Bennu conducir\u00e1 a todos como Osiris resucitado (siendo Horus y sus disc\u00edpulos) a la Fuente.<\/p>\n<p><a href=\"http:\/\/egyptianwisdomcenter.org\/wp-content\/uploads\/2019\/02\/ed-ch9-photo8-96c.jpg\"><img decoding=\"async\" class=\"size-medium wp-image-904 aligncenter\" src=\"http:\/\/egyptianwisdomcenter.org\/wp-content\/uploads\/2019\/02\/ed-ch9-photo8-96c-300x260.jpg\" alt=\"\" width=\"300\" height=\"260\"><\/a><\/p>\n<p>&nbsp;<\/p>\n<p><span style=\"color: #ff0000;\"><strong>[Un extracto de <\/strong><\/span><strong>Divinidades egipcias: Todos los que son UNO, segunda edici\u00f3n de Moustafa Gadalla<\/strong><span style=\"color: #ff0000;\"><strong>]<br \/>\n<a href=\"https:\/\/egyptianwisdomcenter.org\/es\/producto\/egyptian-divinities-the-all-who-are-the-one-2nd-edition\/\"><span style=\"color: #0000ff;\">https:\/\/egyptianwisdomcenter.org\/product\/egyptian-divinities-the-all-who-are-the-one-2nd-edition\/<\/span><\/a><\/strong><\/span><\/p>\n<p><img decoding=\"async\" class=\"aligncenter\" src=\"https:\/\/books2read-prod.s3.amazonaws.com\/CACHE\/images\/ubl_book_images\/book_display_image_qOuT56H\/40d95446cc17340ec7b02939eaa44c10\"><\/p>\n<div dir=\"auto\">\n<div dir=\"auto\">\n<p style=\"text-align: center;\"><a href=\"https:\/\/egyptianwisdomcenter.org\/es\/producto\/egyptian-divinities-the-all-who-are-the-one-2nd-edition\/\"><strong><span style=\"color: #ff0000;\"><span style=\"color: #0000ff;\">https:\/\/egyptianwisdomcenter.org\/product\/egyptian-divinities-the-all-who-are-the-one-2nd-edition\/<\/span><\/span><\/strong><\/a><\/p>\n<\/div>\n<\/div>","protected":false},"excerpt":{"rendered":"<p>Ba, The Migrant Bird &nbsp; The Ba is one of the metaphysical components of the human (and other) beings. The Ba is [&hellip;]<\/p>","protected":false},"author":3,"featured_media":0,"parent":0,"menu_order":0,"comment_status":"closed","ping_status":"closed","template":"","meta":{"footnotes":""},"class_list":["post-44956","page","type-page","status-publish","hentry"],"aioseo_notices":[],"_links":{"self":[{"href":"https:\/\/egyptianwisdomcenter.org\/es\/wp-json\/wp\/v2\/pages\/44956","targetHints":{"allow":["GET"]}}],"collection":[{"href":"https:\/\/egyptianwisdomcenter.org\/es\/wp-json\/wp\/v2\/pages"}],"about":[{"href":"https:\/\/egyptianwisdomcenter.org\/es\/wp-json\/wp\/v2\/types\/page"}],"author":[{"embeddable":true,"href":"https:\/\/egyptianwisdomcenter.org\/es\/wp-json\/wp\/v2\/users\/3"}],"replies":[{"embeddable":true,"href":"https:\/\/egyptianwisdomcenter.org\/es\/wp-json\/wp\/v2\/comments?post=44956"}],"version-history":[{"count":0,"href":"https:\/\/egyptianwisdomcenter.org\/es\/wp-json\/wp\/v2\/pages\/44956\/revisions"}],"wp:attachment":[{"href":"https:\/\/egyptianwisdomcenter.org\/es\/wp-json\/wp\/v2\/media?parent=44956"}],"curies":[{"name":"wp","href":"https:\/\/api.w.org\/{rel}","templated":true}]}}