{"id":45130,"date":"2019-04-13T20:06:49","date_gmt":"2019-04-14T00:06:49","guid":{"rendered":"http:\/\/egyptianwisdomcenter.org\/ancient-egyptian-settlements-throughout-the-world\/"},"modified":"2023-02-07T10:39:48","modified_gmt":"2023-02-07T15:39:48","slug":"ancient-egyptian-settlements-throughout-the-world","status":"publish","type":"page","link":"https:\/\/egyptianwisdomcenter.org\/es\/antiguos-asentamientos-egipcios-en-todo-el-mundo\/","title":{"rendered":"Asentamientos del antiguo Egipto en todo el mundo"},"content":{"rendered":"<h2 style=\"text-align: center;\"><span style=\"color: #ff0000;\"><strong>Asentamientos del antiguo Egipto en todo el mundo<\/strong><\/span><\/h2>\n<p>&nbsp;<\/p>\n<p>Egipto era el pa\u00eds m\u00e1s dominante, poblado y famoso del mundo antiguo, como afirma Diodoro, <em>Libro I<\/em>, [31, 6-9]:<\/p>\n<p style=\"padding-left: 30px;\"><strong><em><span style=\"text-decoration: underline;\">En densidad de poblaci\u00f3n, Egipto super\u00f3 con creces a todas las regiones conocidas del mundo habitado, e incluso en nuestros d\u00edas se considera que no tiene rival.<\/span> . . .<\/em><\/strong><br \/>\n<strong><em>. . La poblaci\u00f3n total, dicen, era antiguamente de unos siete millones y su n\u00famero no ha disminuido hasta nuestros d\u00edas.<\/em><\/strong><\/p>\n<p>Her\u00f3doto afirm\u00f3 que en Egipto exist\u00edan 20.000 ciudades populosas durante el reinado de Amasis. Diodoro inform\u00f3 que hab\u00eda 18.000 grandes aldeas y ciudades y afirm\u00f3 que, bajo Ptolomeo Lagus, ascend\u00edan a m\u00e1s de 30.000 personas. Josefo estim\u00f3 la poblaci\u00f3n. durante el reinado de Vespasiano, 7,5 millones en el valle del Nilo, adem\u00e1s de la poblaci\u00f3n de Alejandr\u00eda (que era de unos 800.000).<\/p>\n<p>Superficialmente, el Antiguo Egipto parece aislado y distinto del resto del mundo; aislado por los desiertos que rodean el estrecho valle del Nilo. Sin embargo, los egipcios estaban en constante contacto con otros pa\u00edses. Escritores cl\u00e1sicos como Plutarco, Her\u00f3doto y Diodoro contaron c\u00f3mo el Antiguo Egipto ten\u00eda colonias pac\u00edficas en todo el mundo. Diodoro de Sicilia, <em>Libro I<\/em>, [29, 5], afirma:<\/p>\n<p style=\"padding-left: 30px;\"><strong><em>En general, los egipcios dicen que sus antepasados enviaron numerosas colonias a muchas partes del mundo habitado, a causa de la preeminencia de sus antiguos reyes y de su excesiva poblaci\u00f3n;<\/em><\/strong><\/p>\n<p>Diodoro, <em>Libro I<\/em>, [28, 1-4], tambi\u00e9n habla de algunas colonias egipcias pac\u00edficas que le fueron reportadas en Asia y Europa:<\/p>\n<p style=\"padding-left: 30px;\"><strong><em>. . . <span style=\"text-decoration: underline;\">Un gran n\u00famero de colonias se extendieron desde Egipto por todo el mundo habitado.<\/span>. A Babilonia, por ejemplo, los colonos fueron liderados por Belo, a quien se consideraba hijo de Poseid\u00f3n y Libia. . . . .<\/em><\/strong><br \/>\n<strong><em>. . . . . Dicen tambi\u00e9n que los que partieron con Danao, igualmente <span style=\"text-decoration: underline;\">procedente de Egipto, se instal\u00f3 la que es pr\u00e1cticamente la ciudad m\u00e1s antigua de Grecia, Argos<\/span>, y que la naci\u00f3n de los Colchi en el Ponto y la de los jud\u00edos, que se encuentra entre Arabia y Siria, fueron fundadas como colonias por ciertos emigrantes de su pa\u00eds. . . . .<\/em><\/strong><\/p>\n<p>Los colonos egipcios en Asia y Europa, en virtud de su eminencia, desempe\u00f1aron un papel importante en el pa\u00eds de sus nuevos asentamientos. Diodoro, <em>Libro I<\/em>, [28,6-7], analiza el importante papel de los colonos egipcios como gobernantes de estas nuevas colonias:<\/p>\n<p style=\"padding-left: 30px;\"><strong><em>Adem\u00e1s, dicen que algunos de los gobernantes de Atenas eran originalmente egipcios. Petes, [llamado Peteus en la Il\u00edada 2. 552.] por ejemplo, el padre de Menesteo que particip\u00f3 en la expedici\u00f3n contra Troya, habiendo sido claramente egipcio, obtuvo m\u00e1s tarde la ciudadan\u00eda en Atenas y el reinado.<\/em><\/strong><\/p>\n<p>Diodoro, <em>Libro I<\/em>, [29, 1-5], tambi\u00e9n afirma:<\/p>\n<p style=\"padding-left: 30px;\"><strong><em>De la misma manera, contin\u00faan, <span style=\"text-decoration: underline;\">Tambi\u00e9n Erecteo, que era egipcio de nacimiento, lleg\u00f3 a ser rey de Atenas.<\/span>. . . . Erecteo, a trav\u00e9s de su conexi\u00f3n racial con Egipto, trajo desde all\u00ed a Atenas una gran provisi\u00f3n de grano y, a cambio, aquellos que hab\u00edan disfrutado de esta ayuda hicieron rey a su benefactor.<span style=\"text-decoration: underline;\"> Despu\u00e9s de asegurarse el trono, instituy\u00f3 los ritos inici\u00e1ticos de Dem\u00e9ter en Eleusis y estableci\u00f3 los misterios, transfiriendo su ritual desde Egipto. . . . . Y los atenienses observan sus sacrificios y sus antiguas ceremonias del mismo modo que los egipcios.<\/span>. . . . .<\/em><\/strong><br \/>\n<strong><em>. . . . . a cargo de las ceremonias religiosas m\u00e1s importantes del \u00c1tica; Los pastophoroi eran aquellos sacerdotes egipcios que llevaban en procesi\u00f3n peque\u00f1os altares a los dioses. Tambi\u00e9n son los \u00fanicos griegos que juran por Isis y se parecen mucho a los egipcios tanto en apariencia como en modales.<\/em><\/strong><\/p>\n<p>Her\u00f3doto [500 a. C.] afirm\u00f3 que proced\u00eda de Halicarnaso, una ciudad doria. Declar\u00f3 claramente la conexi\u00f3n entre los dorios y Egipto en <em>Las Historias, Libro 6<\/em>, [Secciones 53-55]:<\/p>\n<p style=\"padding-left: 30px;\"><strong><em>[53] . . . Si uno rastreara, generaci\u00f3n tras generaci\u00f3n, el linaje de D\u00e1nae, la hija de Acrisio, los jefes de los dorios resultar\u00edan ser verdaderos egipcios.<\/em><\/strong><\/p>\n<p style=\"padding-left: 30px;\"><strong><em>[55] Sobre todo esto ya se ha dicho bastante. Otros han explicado c\u00f3mo y mediante qu\u00e9 logros llegaron a ser reyes sobre los dorios, a pesar de ser egipcios, por lo que no entrar\u00e9 en eso. Registrar\u00e9 cosas que otros no hayan captado.<\/em><\/strong><\/p>\n<p>Her\u00f3doto, en [55] arriba, afirm\u00f3 que tal hecho era de conocimiento com\u00fan en su \u00e9poca [500 a. C.] y no necesitaba explicaci\u00f3n. Her\u00f3doto se refiri\u00f3 varias veces a otras conexiones entre los dorios y los egipcios, como en <em>Las Historias, Libro 2<\/em>, [Art\u00edculo 91].<\/p>\n<p>Por \u00faltimo, cabe se\u00f1alar que los registros del Antiguo Egipto (as\u00ed como registros de otras \u00e1reas) tienen innumerables nombres de lugares del mundo que no son reconocibles en nuestros tiempos. Los nombres de lugares, grupos \u00e9tnicos y pa\u00edses siguen cambiando. Los nombres de los pa\u00edses europeos hace apenas 100 a\u00f1os, por ejemplo, son irreconocibles para la mayor\u00eda de los europeos de hoy. Con el tiempo, cuando estos registros desaparezcan dentro de unos siglos, los nombres de esos pa\u00edses ser\u00e1n totalmente irreconocibles.<\/p>\n<p>En numerosos lugares del mundo, hay referencias a personas de piel bronceada o morena que brindaron iluminaci\u00f3n a regiones de todo el mundo. Se describen como:<\/p>\n<ol>\n<li>De origen y caracter\u00edsticas \u201corientales\u201d.<\/li>\n<li>Pueblos no guerreros que se asentaron pac\u00edficamente entre la poblaci\u00f3n local.<\/li>\n<li>Altamente avanzado en metalurgia y fabricado en grandes cantidades de productos met\u00e1licos.<\/li>\n<li>Altamente organizado y con mucho talento en la gesti\u00f3n.<\/li>\n<li>Muy avanzado en agricultura, riego, etc. en tiempo seco.<\/li>\n<li>Constructores y artesanos experimentados que han construido tumbas megal\u00edticas, etc.<\/li>\n<li>Gente muy religiosa que ten\u00eda creencias animistas.<\/li>\n<\/ol>\n<p>Las descripciones anteriores s\u00f3lo pueden aplicarse a un pa\u00eds: Egipto. Al combinar las tradiciones orales, la etnohistoria y la evidencia arqueol\u00f3gica (dataci\u00f3n de importantes asentamientos, tumbas, actividades mineras, etc.) de todos los pueblos de la cuenca mediterr\u00e1nea, se puede ver que los reci\u00e9n llegados civilizados s\u00f3lo podr\u00edan haber venido del valle del Nilo.<\/p>\n<p>La inmigraci\u00f3n procedente de Egipto se produjo en varias oleadas. Estaba estrechamente relacionado con acontecimientos del Antiguo Egipto. Algunos se marcharon en tiempos de prosperidad para buscar contactos comerciales. La mayor\u00eda se fue en tiempos estresantes.<\/p>\n<p>&nbsp;<\/p>\n<p><strong><span style=\"color: #ff0000;\">[Un extracto de <\/span>Antiguo egipcio: cultura revelada, segunda edici\u00f3n por Moustafa Gadalla<span style=\"color: #ff0000;\">]<br \/>\n<a href=\"https:\/\/egyptianwisdomcenter.org\/es\/producto\/cultura-del-antiguo-egipto-revelada-segunda-edicion\/\"><span style=\"color: #0000ff;\">https:\/\/egyptianwisdomcenter.org\/product\/la-cultura-revelada-del-antiguo-egipto\/<\/span><\/a><\/span><\/strong><\/p>\n<p style=\"text-align: center;\"><img decoding=\"async\" class=\"aligncenter\" src=\"https:\/\/egyptianwisdomcenter.org\/wp-content\/uploads\/2023\/01\/la-cultura-revelada-del-antiguo-egipto-4.jpg\"><\/p>\n<p style=\"text-align: center;\"><a href=\"https:\/\/egyptianwisdomcenter.org\/es\/producto\/cultura-del-antiguo-egipto-revelada-segunda-edicion\/\"><strong><span style=\"color: #ff0000;\"><span style=\"color: #0000ff;\">https:\/\/egyptianwisdomcenter.org\/product\/la-cultura-revelada-del-antiguo-egipto\/<\/span><\/span><\/strong><\/a><\/p>\n<hr>\n<p><strong><span style=\"color: #000000;\">Roman\u00ed egipcio: la esencia de Hispania, 2\u00aa edici\u00f3n de Moustafa Gadalla<\/span><\/strong><br \/>\n<a href=\"https:\/\/egyptianwisdomcenter.org\/es\/producto\/egyptian-romany-the-essence-of-hispania-2nd-edition\/\"><span style=\"color: #0000ff;\"><strong>https:\/\/egyptianwisdomcenter.org\/wp-content\/uploads\/2023\/01\/romanies-egipcios-la-esencia-de-hispania-1.jpg<\/strong><\/span><\/a><\/p>\n<p><img decoding=\"async\" class=\"aligncenter\" src=\"https:\/\/books2read-prod.s3.amazonaws.com\/CACHE\/images\/ubl_book_images\/book_display_image_qaPDJrL\/0f50e50083bd15df18e00383d25e0605\"><\/p>\n<div dir=\"auto\">\n<div dir=\"auto\">\n<p style=\"text-align: center;\"><a href=\"https:\/\/egyptianwisdomcenter.org\/es\/producto\/egyptian-romany-the-essence-of-hispania-2nd-edition\/\"><span style=\"color: #0000ff;\"><strong>https:\/\/egyptianwisdomcenter.org\/wp-content\/uploads\/2023\/01\/romanies-egipcios-la-esencia-de-hispania-1.jpg<\/strong><\/span><\/a><\/p>\n<\/div>\n<\/div>","protected":false},"excerpt":{"rendered":"<p>Ancient Egyptian Settlements Throughout The World &nbsp; Egypt was the most dominant, populous, and famed country in the ancient world, as affirmed [&hellip;]<\/p>","protected":false},"author":3,"featured_media":0,"parent":0,"menu_order":0,"comment_status":"closed","ping_status":"closed","template":"","meta":{"footnotes":""},"class_list":["post-45130","page","type-page","status-publish","hentry"],"aioseo_notices":[],"_links":{"self":[{"href":"https:\/\/egyptianwisdomcenter.org\/es\/wp-json\/wp\/v2\/pages\/45130","targetHints":{"allow":["GET"]}}],"collection":[{"href":"https:\/\/egyptianwisdomcenter.org\/es\/wp-json\/wp\/v2\/pages"}],"about":[{"href":"https:\/\/egyptianwisdomcenter.org\/es\/wp-json\/wp\/v2\/types\/page"}],"author":[{"embeddable":true,"href":"https:\/\/egyptianwisdomcenter.org\/es\/wp-json\/wp\/v2\/users\/3"}],"replies":[{"embeddable":true,"href":"https:\/\/egyptianwisdomcenter.org\/es\/wp-json\/wp\/v2\/comments?post=45130"}],"version-history":[{"count":0,"href":"https:\/\/egyptianwisdomcenter.org\/es\/wp-json\/wp\/v2\/pages\/45130\/revisions"}],"wp:attachment":[{"href":"https:\/\/egyptianwisdomcenter.org\/es\/wp-json\/wp\/v2\/media?parent=45130"}],"curies":[{"name":"wp","href":"https:\/\/api.w.org\/{rel}","templated":true}]}}