{"id":461,"date":"2018-11-04T00:00:00","date_gmt":"2018-11-04T04:00:00","guid":{"rendered":"http:\/\/egyptianwisdomcenter.org\/business-transactions\/"},"modified":"2023-02-07T14:33:53","modified_gmt":"2023-02-07T19:33:53","slug":"business-transactions-2","status":"publish","type":"page","link":"https:\/\/egyptianwisdomcenter.org\/es\/transacciones-comerciales-2\/","title":{"rendered":"Transacciones de negocios"},"content":{"rendered":"<h2 style=\"text-align: center;\"><span style=\"color: #ff0000;\"><strong>Transacciones de negocios<\/strong><\/span><\/h2>\n<p>&nbsp;<\/p>\n<p>No hace mucho, se otorg\u00f3 el Premio Nobel a un economista estadounidense que defendi\u00f3 una \u201csociedad sin efectivo\u201d como el modo m\u00e1s eficaz de realizar transacciones comerciales. Es ir\u00f3nico que en el Antiguo Egipto los bienes y servicios se intercambiaran bajo la misma premisa sin efectivo: mediante trueque, intercambiando bienes y servicios sin intercambiar dinero. El trueque (intercambio sin efectivo) requiere que se utilice un objeto mediano de valor agradable como dispositivo de medici\u00f3n de los bienes\/servicios intercambiados. Este medio puede ser cualquier cosa aceptable para las partes de la transacci\u00f3n. As\u00ed, el comprador y el vendedor computan el valor actual de mercado de sus bienes con respecto a un tercer bien de uso com\u00fan. Hoy en d\u00eda, en el comercio internacional, el producto medio es el oro, los d\u00f3lares estadounidenses, etc. No se produce ning\u00fan intercambio de oro o d\u00f3lares entre las partes, excepto quiz\u00e1s una peque\u00f1a cantidad para ajustar alguna ligera diferencia entre los valores de los bienes intercambiados.<\/p>\n<p>Se han recuperado varios contratos del Antiguo Egipto que muestran los t\u00e9rminos y detalles de los acuerdos de trueque entre las partes involucradas en el intercambio de bienes y servicios. Un buen ejemplo son los contratos de Hepd&#039;efae, que fueron recuperados de Asyut y que datan del Reino Medio [2040-1783 a. C.]. Estos contratos demuestran que era posible realizar transacciones comerciales complicadas con estas condiciones de pago. [Los detalles est\u00e1n en Erman&#039;s <em>La vida en el Antiguo Egipto<\/em>, p\u00e1gs. 494-8.]<\/p>\n<p>Para aquellas transacciones comerciales que no pod\u00edan lograrse mediante el trueque, los antiguos egipcios utilizaban monedas. En el Antiguo Egipto, las monedas se utilizaban de forma limitada; principalmente para pagar a mercenarios extranjeros que pod\u00edan enviar el dinero a su pa\u00eds de origen o llev\u00e1rselo consigo, donde luego podr\u00eda intercambiarlo por bienes y servicios.<\/p>\n<p>Los t\u00e9rminos del Antiguo Egipto utilizados para el dinero tambi\u00e9n se utilizaban para las pesas. Del mismo modo, en la Gran Breta\u00f1a actual, el t\u00e9rmino &quot;libra&quot; significa tanto una unidad de peso como una unidad monetaria. Tambi\u00e9n encontramos que la palabra hebrea para dinero es <em>sh\u00e9quel\/sh\u00e9quel<\/em>, que es un ligero cambio de sonido de la palabra egipcia (y \u00e1rabe) de <em>theqel<\/em>\u2014que significa peso\/dinero.<\/p>\n<p>Las monedas en el Antiguo Egipto se elaboraban en forma de anillos de oro, plata y cobre, con pesos espec\u00edficos certificados por especialistas. La palabra para &quot;sello\/estampilla&quot; y &quot;anillo&quot; es la misma en el idioma egipcio. Todos los pesos fueron medidos y certificados. Se encuentran monedas de oro en las pinturas de las tumbas durante el reinado de Twt Homosis III [1490-1436 a. C.]. Se recuperaron documentos de la \u00e9poca de Amenhotep II [1436-1413 a. C.], que muestran que los valores de diferentes art\u00edculos se expresaban en t\u00e9rminos de piezas de metal (oro, plata y cobre) de peso y valor fijos, que se utilizaban como medio de intercambio. Se recuperaron ejemplos similares de la \u00e9poca ram\u00e9sida.<\/p>\n<p>El concepto de pesaje era un tema importante y com\u00fan para los egipcios antiguos (y balad\u00edes) que se extiende a todos los aspectos de la vida. Las balanzas se encuentran en todas partes, desde la compra de verduras hasta representaciones de armon\u00eda musical, formas de poes\u00eda y la balanza de la justicia que se represent\u00f3 en la escena del D\u00eda del Juicio. Asimismo, en nuestros d\u00edas, la palabra inglesa <em>escala<\/em> se utiliza tanto para pesar mercanc\u00edas como en m\u00fasica (la balanza musical).<\/p>\n<p>Las representaciones en las tumbas del Antiguo Egipto muestran a pesadores p\u00fablicos y notarios determinando el peso exacto de todo lo que deb\u00edan medir en la calle p\u00fablica o en el mercado, donde erig\u00edan temporalmente sus balanzas. Eran empleados como funcionarios gubernamentales con el m\u00e1s estricto respeto a la justicia, sin favorecer ni al comprador ni al vendedor.<\/p>\n<p><a href=\"http:\/\/egyptianwisdomcenter.org\/wp-content\/uploads\/2019\/02\/aecr-ch16-2-72c-1-1.jpg\"><img decoding=\"async\" class=\"size-full wp-image-1099 aligncenter\" src=\"http:\/\/egyptianwisdomcenter.org\/wp-content\/uploads\/2019\/02\/aecr-ch16-2-72c-1-1.jpg\" alt=\"\" width=\"187\" height=\"44\" \/><\/a><\/p>\n<p style=\"text-align: center;\"><strong>Anillos de oro y plata procedentes de tumbas de Ta-Apet (Tebas)<\/strong><\/p>\n<p><a href=\"http:\/\/egyptianwisdomcenter.org\/wp-content\/uploads\/2019\/02\/aecr-ch16-3-72c-1-1.jpg\"><img decoding=\"async\" class=\"size-full wp-image-1100 aligncenter\" src=\"http:\/\/egyptianwisdomcenter.org\/wp-content\/uploads\/2019\/02\/aecr-ch16-3-72c-1-1.jpg\" alt=\"\" width=\"187\" height=\"184\" \/><\/a><\/p>\n<p style=\"text-align: center;\"><strong>Certificaci\u00f3n oficial de pesas en el mercado.<\/strong><\/p>\n<p>Se muestra a un escribano o notario anotando el importe del peso, cualquiera que sea la mercanc\u00eda; y este documento, entregado o mostrado a las partes, sancionaba completamente el trato y serv\u00eda como certificaci\u00f3n oficial de la transacci\u00f3n.<\/p>\n<p>Los egipcios balad\u00edes todav\u00eda conservan la misma costumbre en las balanzas de la kabbaneh p\u00fablica, que miden y certifican la exactitud de las pesas, que se devuelven por escrito a petici\u00f3n de las partes.<\/p>\n<p>&nbsp;<\/p>\n<p><span style=\"color: #ff0000;\"><strong>[Un extracto de <\/strong><\/span><strong>Antiguo egipcio: cultura revelada, segunda edici\u00f3n por Moustafa Gadalla<\/strong><span style=\"color: #ff0000;\"><strong>]<br \/>\n<a href=\"https:\/\/egyptianwisdomcenter.org\/es\/producto\/cultura-del-antiguo-egipto-revelada-segunda-edicion\/\"><span style=\"color: #0000ff;\">https:\/\/egyptianwisdomcenter.org\/product\/la-cultura-revelada-del-antiguo-egipto\/<\/span><\/a><\/strong><\/span><\/p>\n<p><img decoding=\"async\" class=\"aligncenter\" src=\"https:\/\/books2read-prod.s3.amazonaws.com\/CACHE\/images\/ubl_book_images\/book_display_image_6heB7g0\/9bcff3df91ca713a9cfe93997d847840\" alt=\"La cultura del antiguo Egipto revelada\" \/><\/p>\n<p style=\"text-align: center;\"><a href=\"https:\/\/egyptianwisdomcenter.org\/es\/producto\/cultura-del-antiguo-egipto-revelada-segunda-edicion\/\"><span style=\"color: #ff0000;\"><strong><span style=\"color: #0000ff;\">https:\/\/egyptianwisdomcenter.org\/product\/la-cultura-revelada-del-antiguo-egipto\/<\/span><\/strong><\/span><\/a><\/p>\n<div dir=\"auto\"><\/div>","protected":false},"excerpt":{"rendered":"<p>Business Transactions &nbsp; Not long time ago, a Nobel Prize was awarded to a U.S. economist who endorsed a \u201ccashless society\u201d as [&hellip;]<\/p>","protected":false},"author":3,"featured_media":0,"parent":0,"menu_order":0,"comment_status":"closed","ping_status":"closed","template":"","meta":{"footnotes":""},"class_list":["post-461","page","type-page","status-publish","hentry"],"aioseo_notices":[],"_links":{"self":[{"href":"https:\/\/egyptianwisdomcenter.org\/es\/wp-json\/wp\/v2\/pages\/461","targetHints":{"allow":["GET"]}}],"collection":[{"href":"https:\/\/egyptianwisdomcenter.org\/es\/wp-json\/wp\/v2\/pages"}],"about":[{"href":"https:\/\/egyptianwisdomcenter.org\/es\/wp-json\/wp\/v2\/types\/page"}],"author":[{"embeddable":true,"href":"https:\/\/egyptianwisdomcenter.org\/es\/wp-json\/wp\/v2\/users\/3"}],"replies":[{"embeddable":true,"href":"https:\/\/egyptianwisdomcenter.org\/es\/wp-json\/wp\/v2\/comments?post=461"}],"version-history":[{"count":0,"href":"https:\/\/egyptianwisdomcenter.org\/es\/wp-json\/wp\/v2\/pages\/461\/revisions"}],"wp:attachment":[{"href":"https:\/\/egyptianwisdomcenter.org\/es\/wp-json\/wp\/v2\/media?parent=461"}],"curies":[{"name":"wp","href":"https:\/\/api.w.org\/{rel}","templated":true}]}}