{"id":465,"date":"2018-11-04T00:00:00","date_gmt":"2018-11-04T04:00:00","guid":{"rendered":"http:\/\/egyptianwisdomcenter.org\/the-way-of-horus-christ\/"},"modified":"2023-01-03T00:49:09","modified_gmt":"2023-01-03T05:49:09","slug":"the-way-of-horus-christ-2","status":"publish","type":"page","link":"https:\/\/egyptianwisdomcenter.org\/es\/el-camino-de-horus-cristo-2\/","title":{"rendered":"El camino de Horus\/Cristo"},"content":{"rendered":"<h2 style=\"text-align: center;\"><span style=\"color: #ff0000;\">El camino de Horus\/Cristo<\/span><\/h2>\n<p>&nbsp;<\/p>\n<p>Horus declara, en <em>El egipcio<\/em> <em>Libro de la salida por la luz<\/em> (conocido incorrectamente como <em>El egipcio<\/em> <em>Libro de los Muertos<\/em>) [C. 78]:\u00a0<em>\u201c<strong>Soy Horus en gloria<\/strong>\u201d; <span style=\"text-decoration: underline;\">\u201c<strong>Yo soy el Se\u00f1or de la Luz<\/strong><\/span>\u201d; \u201c<strong>Yo soy el victorioso. . . Soy el heredero del tiempo infinito.<\/strong>\u201d; \u201c<strong>Yo soy el que conoce los caminos del cielo.<\/strong>.\u201d<\/em><\/p>\n<p>Los vers\u00edculos del Antiguo Egipto anteriores tuvieron eco m\u00e1s tarde en las palabras de Jes\u00fas: \u201c<strong><em><span style=\"text-decoration: underline;\">yo soy la luz de<\/span> el mundo<\/em><\/strong>&quot; y otra vez, &quot;<span style=\"text-decoration: underline;\"><strong><em>Yo soy el camino, la verdad, y la Vida<\/em><\/strong>.<\/span>&quot;<\/p>\n<p>Horus, en el idioma del Antiguo Egipto, significa <em>el que esta arriba<\/em>. Como tal, Horus representa el principio divino realizado. Horus es la personificaci\u00f3n de la meta de todas las ense\u00f1anzas iniciadas, y siempre se lo representa acompa\u00f1ando al alma realizada hacia la Fuente.<\/p>\n<p>En la alegor\u00eda del Antiguo Egipto, Horus dio vida a Osiris. El D\u00eda del Juicio, Horus muestra el Camino a Osiris. Act\u00faa como mediador entre el difunto y Osiris, el Padre. Todos los egipcios quer\u00edan\/quieren que Horus les diera vida (cuando estuvieran muertos).<\/p>\n<p><a href=\"http:\/\/egyptianwisdomcenter.org\/wp-content\/uploads\/2019\/02\/dua.png\"><img decoding=\"async\" class=\"size-full wp-image-583 aligncenter\" src=\"http:\/\/egyptianwisdomcenter.org\/wp-content\/uploads\/2019\/02\/dua.png\" alt=\"\" width=\"248\" height=\"201\" \/><\/a><\/p>\n<p>Asimismo, en el cristianismo, el motivo cristiano se basaba\/se basa en la necesidad de un mediador y un hijo de Dios como pastor todopoderoso y salvador engendrado que viva entre el hombre com\u00fan.<\/p>\n<p>Como modelo de existencia terrenal, Horus est\u00e1 representado en varias formas y aspectos que se corresponden con las etapas del proceso de espiritualizaci\u00f3n.<\/p>\n<p>&nbsp;<\/p>\n<p><strong><span style=\"color: #ff0000;\">[Un extracto de <\/span>Ra\u00edces del cristianismo en el antiguo Egipto, segunda edici\u00f3n<span style=\"color: #ff0000;\"> por Moustafa Gadalla]<br \/>\n<a href=\"https:\/\/egyptianwisdomcenter.org\/es\/producto\/the-ancient-egyptian-roots-of-christianity-2nd-edition\/\"><span style=\"color: #0000ff;\">https:\/\/egyptianwisdomcenter.org\/product\/raices-del-cristianismo-del-antiguo-egipto\/<\/span><\/a><br \/>\n<\/span><\/strong><\/p>\n<p><img decoding=\"async\" class=\"aligncenter\" src=\"https:\/\/egyptianwisdomcenter.org\/wp-content\/uploads\/2023\/01\/raices-del-cristianismo-del-antiguo-egipto-3.jpg\" \/><\/p>\n<p style=\"text-align: center;\"><a href=\"https:\/\/egyptianwisdomcenter.org\/es\/producto\/the-ancient-egyptian-roots-of-christianity-2nd-edition\/\"><strong><span style=\"color: #ff0000;\"><span style=\"color: #0000ff;\">https:\/\/egyptianwisdomcenter.org\/product\/raices-del-cristianismo-del-antiguo-egipto\/<\/span><\/span><\/strong><\/a><\/p>\n<div dir=\"auto\"><\/div>","protected":false},"excerpt":{"rendered":"<p>The Way Of Horus\/Christ &nbsp; Horus declares, in The Egyptian Book of Coming Forth by Light (incorrectly known as The Egyptian Book [&hellip;]<\/p>","protected":false},"author":3,"featured_media":0,"parent":0,"menu_order":0,"comment_status":"closed","ping_status":"closed","template":"","meta":{"footnotes":""},"class_list":["post-465","page","type-page","status-publish","hentry"],"aioseo_notices":[],"_links":{"self":[{"href":"https:\/\/egyptianwisdomcenter.org\/es\/wp-json\/wp\/v2\/pages\/465","targetHints":{"allow":["GET"]}}],"collection":[{"href":"https:\/\/egyptianwisdomcenter.org\/es\/wp-json\/wp\/v2\/pages"}],"about":[{"href":"https:\/\/egyptianwisdomcenter.org\/es\/wp-json\/wp\/v2\/types\/page"}],"author":[{"embeddable":true,"href":"https:\/\/egyptianwisdomcenter.org\/es\/wp-json\/wp\/v2\/users\/3"}],"replies":[{"embeddable":true,"href":"https:\/\/egyptianwisdomcenter.org\/es\/wp-json\/wp\/v2\/comments?post=465"}],"version-history":[{"count":0,"href":"https:\/\/egyptianwisdomcenter.org\/es\/wp-json\/wp\/v2\/pages\/465\/revisions"}],"wp:attachment":[{"href":"https:\/\/egyptianwisdomcenter.org\/es\/wp-json\/wp\/v2\/media?parent=465"}],"curies":[{"name":"wp","href":"https:\/\/api.w.org\/{rel}","templated":true}]}}