{"id":469,"date":"2018-11-04T00:00:00","date_gmt":"2018-11-04T04:00:00","guid":{"rendered":"http:\/\/egyptianwisdomcenter.org\/isis-rises-lady-of-assumption\/"},"modified":"2023-01-03T00:52:13","modified_gmt":"2023-01-03T05:52:13","slug":"isis-rises-lady-of-assumption-2","status":"publish","type":"page","link":"https:\/\/egyptianwisdomcenter.org\/es\/isis-se-levanta-dama-de-la-asuncion-2\/","title":{"rendered":"Isis se levanta - Se\u00f1ora de la Asunci\u00f3n"},"content":{"rendered":"<h2 style=\"text-align: center;\"><span style=\"color: #ff0000;\">Isis se levanta - Se\u00f1ora de la Asunci\u00f3n<\/span><\/h2>\n<p>&nbsp;<\/p>\n<p>En la t\u00edpica historia egipcia, Isis termin\u00f3 de llorar por su alma gemela Osiris aproximadamente a mediados de agosto, lo que significa que Isis llor\u00f3 todas las l\u00e1grimas que ten\u00eda. Es en este momento que los egipcios (tanto antiguos como modernos) celebran un festival que significa la \u00faltima l\u00e1grima de Isis que provocar\u00e1 el pico del nivel de la inundaci\u00f3n. Es durante esta celebraci\u00f3n que los egipcios arrojan una efigie de Isis al agua, para simbolizar que Isis se ahog\u00f3 en sus propias l\u00e1grimas. Incre\u00edblemente, la iglesia ha adoptado exactamente la misma fecha para representar la ascensi\u00f3n de la \u201cVirgen Mar\u00eda\u201d al cielo como el D\u00eda de la Asunci\u00f3n, que se define como:<\/p>\n<p style=\"padding-left: 30px;\"><strong><em>El dogma de la subida del cuerpo y el alma de la Virgen Mar\u00eda (Auset tambi\u00e9n es virgen) a los cielos despu\u00e9s de su muerte.<\/em><\/strong><\/p>\n<p>La Iglesia Ortodoxa celebra el D\u00eda de la Asunci\u00f3n el 15 de agosto, que es exactamente el mismo d\u00eda en que los egipcios actuales observan el final de la temporada de lluvias en Etiop\u00eda.<\/p>\n<p>Adem\u00e1s de las celebraciones gubernamentales oficiales, los egipcios Baladi celebran un mouled llamado <em>Meriam Sitena <\/em>(significado <em>Nuestra Se\u00f1ora Meriam<\/em>). Esta no es una \u201cfiesta cristiana\u201d. El festival dura la t\u00edpica semana de octava egipcia (8 d\u00edas). El \u00faltimo d\u00eda de celebraci\u00f3n es el 16 de Mesoree (22 de agosto).<\/p>\n<p>Otro t\u00edtulo de este festival es <strong><em>novia del nilo<\/em><\/strong>, uniendo a Isis con Osiris. Isis ha sumergido \u2013como s\u00edmbolo de la tierra\u2013 en el cuerpo de su marido \u2013un s\u00edmbolo del agua. Esta unificaci\u00f3n es otra aplicaci\u00f3n perfecta del concepto de matrimonio interior que impregna las tradiciones del Antiguo Egipto (y m\u00e1s tarde las suf\u00edes).<\/p>\n<p><strong>=&gt; <span style=\"text-decoration: underline;\">Cabe se\u00f1alar que desde el 3 de julio (el comienzo de la subida de las aguas del Nilo) hasta el 22 de agosto hay 50 d\u00edas: otro Pentecost\u00e9s.<\/span><\/strong><\/p>\n<p>&nbsp;<\/p>\n<p><span style=\"color: #ff0000;\"><strong>[Un extracto de <\/strong><\/span><strong>Ra\u00edces del cristianismo en el antiguo Egipto, segunda edici\u00f3n de Moustafa Gadalla<\/strong><span style=\"color: #ff0000;\"><strong>]<br \/>\n<a href=\"https:\/\/egyptianwisdomcenter.org\/es\/producto\/the-ancient-egyptian-roots-of-christianity-2nd-edition\/\"><span style=\"color: #0000ff;\">https:\/\/egyptianwisdomcenter.org\/product\/raices-del-cristianismo-del-antiguo-egipto\/<\/span><\/a><br \/>\n<\/strong><\/span><\/p>\n<p><img decoding=\"async\" class=\"aligncenter\" src=\"https:\/\/egyptianwisdomcenter.org\/wp-content\/uploads\/2023\/01\/raices-del-cristianismo-del-antiguo-egipto-3.jpg\" \/><\/p>\n<p style=\"text-align: center;\"><a href=\"https:\/\/egyptianwisdomcenter.org\/es\/producto\/the-ancient-egyptian-roots-of-christianity-2nd-edition\/\"><span style=\"color: #ff0000;\"><strong><span style=\"color: #0000ff;\">https:\/\/egyptianwisdomcenter.org\/product\/raices-del-cristianismo-del-antiguo-egipto\/<\/span><\/strong><\/span><\/a><\/p>\n<div dir=\"auto\"><\/div>","protected":false},"excerpt":{"rendered":"<p>Isis Rises &#8212; Lady Of Assumption &nbsp; In typical Egyptian story form, Isis finished her crying over her soul mate Osiris\u00a0 in [&hellip;]<\/p>","protected":false},"author":3,"featured_media":0,"parent":0,"menu_order":0,"comment_status":"closed","ping_status":"closed","template":"","meta":{"footnotes":""},"class_list":["post-469","page","type-page","status-publish","hentry"],"aioseo_notices":[],"_links":{"self":[{"href":"https:\/\/egyptianwisdomcenter.org\/es\/wp-json\/wp\/v2\/pages\/469","targetHints":{"allow":["GET"]}}],"collection":[{"href":"https:\/\/egyptianwisdomcenter.org\/es\/wp-json\/wp\/v2\/pages"}],"about":[{"href":"https:\/\/egyptianwisdomcenter.org\/es\/wp-json\/wp\/v2\/types\/page"}],"author":[{"embeddable":true,"href":"https:\/\/egyptianwisdomcenter.org\/es\/wp-json\/wp\/v2\/users\/3"}],"replies":[{"embeddable":true,"href":"https:\/\/egyptianwisdomcenter.org\/es\/wp-json\/wp\/v2\/comments?post=469"}],"version-history":[{"count":0,"href":"https:\/\/egyptianwisdomcenter.org\/es\/wp-json\/wp\/v2\/pages\/469\/revisions"}],"wp:attachment":[{"href":"https:\/\/egyptianwisdomcenter.org\/es\/wp-json\/wp\/v2\/media?parent=469"}],"curies":[{"name":"wp","href":"https:\/\/api.w.org\/{rel}","templated":true}]}}