{"id":470,"date":"2018-11-04T00:00:00","date_gmt":"2018-11-04T04:00:00","guid":{"rendered":"http:\/\/egyptianwisdomcenter.org\/transfiguration-of-horus-a-new-alpha\/"},"modified":"2023-01-03T00:53:08","modified_gmt":"2023-01-03T05:53:08","slug":"transfiguration-of-horus-a-new-alpha-2","status":"publish","type":"page","link":"https:\/\/egyptianwisdomcenter.org\/es\/transfiguracion-de-horus-un-nuevo-alfa-2\/","title":{"rendered":"Transfiguraci\u00f3n de Horus: un nuevo alfa"},"content":{"rendered":"<h2 style=\"text-align: center;\"><span style=\"color: #ff0000;\">Transfiguraci\u00f3n de Horus: un nuevo alfa<\/span><\/h2>\n<p>&nbsp;<\/p>\n<p>Cincuenta d\u00edas despu\u00e9s de la primera l\u00e1grima de Isis (el 17 de junio), el 6 de agosto, los antiguos egipcios celebraron la reaparici\u00f3n de Osiris en la forma de Horus resucitado. Esto fue confirmado por Plutarco en su <em>Moralia, vol. V <\/em>(372,52B):<\/p>\n<p style=\"padding-left: 30px;\"><strong><em>\u201cEn los himnos sagrados de Osiris invocan a aquel que est\u00e1 escondido en los brazos del Sol; y el d\u00eda treinta del mes Epifi <\/em><\/strong>[6 de agosto]<strong><em> celebran el cumplea\u00f1os de los Ojos de Horus, en el momento en que la Luna y el Sol est\u00e1n en l\u00ednea perfectamente recta, ya que consideran no s\u00f3lo a la Luna sino tambi\u00e9n al Sol como el ojo y la luz de Horus\u201d.<\/em><\/strong><\/p>\n<p>Esto es id\u00e9ntico a la afirmaci\u00f3n de los cristianos posteriores sobre la transfiguraci\u00f3n de Jes\u00fas, celebrada por la Iglesia Ortodoxa el 6 de agosto. Esta festividad conmemora la \u201crevelaci\u00f3n de la divinidad de Jes\u00fas a Pedro, Santiago y Juan\u201d.<\/p>\n<p>Esta tradici\u00f3n del Antiguo Egipto contin\u00faa, camuflada en el Mouled de El-Desouki, en la ciudad de Desouk en la orilla este del brazo occidental del r\u00edo Nilo. El Desouki es conocido cari\u00f1osamente como Abu-el-e-nane (de los dos ojos), al igual que <em>Horus, el anciano de los dos ojos<\/em>.<\/p>\n<p><a href=\"http:\/\/egyptianwisdomcenter.org\/wp-content\/uploads\/2019\/02\/em-ch9-3-72c.jpg\"><img decoding=\"async\" class=\"size-full wp-image-698 aligncenter\" src=\"http:\/\/egyptianwisdomcenter.org\/wp-content\/uploads\/2019\/02\/em-ch9-3-72c.jpg\" alt=\"\" width=\"76\" height=\"177\" \/><\/a><\/p>\n<p>Los dos ojos de Horus mencionados por Plutarco son el sol y la luna, s\u00edmbolos de sus padres, Isis y Osiris. Como se dijo anteriormente, Isis representa el principio solar en el universo y Osiris representa el principio lunar en el universo.<\/p>\n<p>Este moldeado es reconocido por los mejores actos m\u00e1gicos (adivinaci\u00f3n) en Egipto, que corresponden a la celebraci\u00f3n cristiana posterior cuyo tema principal es la \u201crevelaci\u00f3n de la divinidad (Jes\u00fas)\u201d.<\/p>\n<p>&nbsp;<\/p>\n<div dir=\"auto\">\n<p><strong><span style=\"color: #ff0000;\">[Un extracto de <\/span>Ra\u00edces del cristianismo en el antiguo Egipto, segunda edici\u00f3n<span style=\"color: #ff0000;\"> por Moustafa Gadalla]<br \/>\n<a href=\"https:\/\/egyptianwisdomcenter.org\/es\/producto\/the-ancient-egyptian-roots-of-christianity-2nd-edition\/\"><span style=\"color: #0000ff;\">https:\/\/egyptianwisdomcenter.org\/product\/raices-del-cristianismo-del-antiguo-egipto\/<\/span><\/a><br \/>\n<\/span><\/strong><\/p>\n<p><img decoding=\"async\" class=\"aligncenter\" src=\"https:\/\/egyptianwisdomcenter.org\/wp-content\/uploads\/2023\/01\/raices-del-cristianismo-del-antiguo-egipto-3.jpg\" \/><\/p>\n<p style=\"text-align: center;\"><a href=\"https:\/\/egyptianwisdomcenter.org\/es\/producto\/the-ancient-egyptian-roots-of-christianity-2nd-edition\/\"><strong><span style=\"color: #ff0000;\"><span style=\"color: #0000ff;\">https:\/\/egyptianwisdomcenter.org\/product\/raices-del-cristianismo-del-antiguo-egipto\/<\/span><\/span><\/strong><\/a><\/p>\n<div dir=\"auto\"><\/div>\n<\/div>","protected":false},"excerpt":{"rendered":"<p>Transfiguration Of Horus &#8212; A New Alpha &nbsp; Fifty days after Isis\u2019 first teardrop (on 17 June), on 6 August, the Ancient [&hellip;]<\/p>","protected":false},"author":3,"featured_media":0,"parent":0,"menu_order":0,"comment_status":"closed","ping_status":"closed","template":"","meta":{"footnotes":""},"class_list":["post-470","page","type-page","status-publish","hentry"],"aioseo_notices":[],"_links":{"self":[{"href":"https:\/\/egyptianwisdomcenter.org\/es\/wp-json\/wp\/v2\/pages\/470","targetHints":{"allow":["GET"]}}],"collection":[{"href":"https:\/\/egyptianwisdomcenter.org\/es\/wp-json\/wp\/v2\/pages"}],"about":[{"href":"https:\/\/egyptianwisdomcenter.org\/es\/wp-json\/wp\/v2\/types\/page"}],"author":[{"embeddable":true,"href":"https:\/\/egyptianwisdomcenter.org\/es\/wp-json\/wp\/v2\/users\/3"}],"replies":[{"embeddable":true,"href":"https:\/\/egyptianwisdomcenter.org\/es\/wp-json\/wp\/v2\/comments?post=470"}],"version-history":[{"count":0,"href":"https:\/\/egyptianwisdomcenter.org\/es\/wp-json\/wp\/v2\/pages\/470\/revisions"}],"wp:attachment":[{"href":"https:\/\/egyptianwisdomcenter.org\/es\/wp-json\/wp\/v2\/media?parent=470"}],"curies":[{"name":"wp","href":"https:\/\/api.w.org\/{rel}","templated":true}]}}