{"id":52753,"date":"2019-09-12T16:48:40","date_gmt":"2019-09-12T20:48:40","guid":{"rendered":"http:\/\/egyptianwisdomcenter.org\/?page_id=52753"},"modified":"2023-10-17T04:53:12","modified_gmt":"2023-10-17T08:53:12","slug":"podcasts-en","status":"publish","type":"page","link":"https:\/\/egyptianwisdomcenter.org\/es\/podcasts-en\/","title":{"rendered":"English Podcasts"},"content":{"rendered":"<h4>Listen to free Podcast Samples of Chapters from Books By Moustafa Gadalla<\/h4>\n<p><a href=\"https:\/\/egyptianwisdomcenter.org\/podcasts-es\/\">P\u00f3dcast en espa\u00f1ol<\/a> | <a href=\"https:\/\/egyptianwisdomcenter.org\/podcasts-ru\/\">Podcasts rusos<\/a> | <a href=\"https:\/\/egyptianwisdomcenter.org\/podcasts-de\/\">P\u00f3dcasts alemanes<\/a> | <a href=\"https:\/\/egyptianwisdomcenter.org\/podcasts-fr\/\">P\u00f3dcasts franceses<\/a><\/p>\n<!-- Widget Shortcode --><div id=\"rpwe_widget-2\" class=\"widget rpwe_widget recent-posts-extended widget-shortcode area-arbitrary\"><h2 class=\"widgettitle\">P\u00f3dcast en ingl\u00e9s<\/h2><div  class=\"rpwe-block\"><ul class=\"rpwe-ul\"><li class=\"rpwe-li rpwe-clearfix\"><a class=\"rpwe-img\" href=\"https:\/\/egyptianwisdomcenter.org\/es\/facts-and-fictions-about-the-egyptian-pharaoh\/\" target=\"_self\"><img loading=\"lazy\" class=\"rpwe-alignleft rpwe-thumb\" src=\"https:\/\/egyptianwisdomcenter.org\/wp-content\/uploads\/2019\/09\/cover-53-45x60.jpg\" alt=\"Hechos y ficciones sobre el fara\u00f3n egipcio\" height=\"60\" width=\"45\" decoding=\"async\"><\/a><h3 class=\"rpwe-title\"><a href=\"https:\/\/egyptianwisdomcenter.org\/es\/facts-and-fictions-about-the-egyptian-pharaoh\/\" target=\"_self\">Hechos y ficciones sobre el fara\u00f3n egipcio<\/a><\/h3><time class=\"rpwe-time published\" datetime=\"2019-09-09T10:31:07-04:00\">septiembre 9, 2019<\/time><div class=\"rpwe-summary\">Este podcast cubrir\u00e1 el tema del papel del fara\u00f3n en el Antiguo Egipto: un cap\u00edtulo del libro de Moustafa Gadalla [\u2026]<a href=\"https:\/\/egyptianwisdomcenter.org\/es\/facts-and-fictions-about-the-egyptian-pharaoh\/\" class=\"more-link\">Read More \u00bb<\/a><\/div><\/li><li class=\"rpwe-li rpwe-clearfix\"><a class=\"rpwe-img\" href=\"https:\/\/egyptianwisdomcenter.org\/es\/isis-mary-mother-of-god\/\" target=\"_self\"><img loading=\"lazy\" class=\"rpwe-alignleft rpwe-thumb\" src=\"https:\/\/egyptianwisdomcenter.org\/wp-content\/uploads\/2019\/09\/cover_isis-225x338-225x338-200x300-45x60.jpg\" alt=\"Isis\/Mar\u00eda: Madre de Dios\" height=\"60\" width=\"45\" decoding=\"async\"><\/a><h3 class=\"rpwe-title\"><a href=\"https:\/\/egyptianwisdomcenter.org\/es\/isis-mary-mother-of-god\/\" target=\"_self\">Isis\/Mar\u00eda: Madre de Dios<\/a><\/h3><time class=\"rpwe-time published\" datetime=\"2019-09-05T16:07:19-04:00\">septiembre 5, 2019<\/time><div class=\"rpwe-summary\">Este podcast cubrir\u00e1 el tema de las incre\u00edbles similitudes entre el relato aleg\u00f3rico egipcio de Isis y el de la Virgen [\u2026]<a href=\"https:\/\/egyptianwisdomcenter.org\/es\/isis-mary-mother-of-god\/\" class=\"more-link\">Read More \u00bb<\/a><\/div><\/li><li class=\"rpwe-li rpwe-clearfix\"><a class=\"rpwe-img\" href=\"https:\/\/egyptianwisdomcenter.org\/es\/monotheism-and-polytheism-in-ancient-egypt-2\/\" target=\"_self\"><img loading=\"lazy\" class=\"rpwe-alignleft rpwe-thumb\" src=\"https:\/\/egyptianwisdomcenter.org\/wp-content\/uploads\/2019\/09\/divinities-45x60.jpg\" alt=\"Monote\u00edsmo y polite\u00edsmo en el Antiguo Egipto\" height=\"60\" width=\"45\" decoding=\"async\"><\/a><h3 class=\"rpwe-title\"><a href=\"https:\/\/egyptianwisdomcenter.org\/es\/monotheism-and-polytheism-in-ancient-egypt-2\/\" target=\"_self\">Monote\u00edsmo y polite\u00edsmo en el Antiguo Egipto<\/a><\/h3><time class=\"rpwe-time published\" datetime=\"2019-09-09T14:39:13-04:00\">septiembre 9, 2019<\/time><div class=\"rpwe-summary\">Este podcast cubrir\u00e1 el tema del monote\u00edsmo y el polite\u00edsmo en el antiguo Egipto, dos cap\u00edtulos del libro de Moustafa Gadalla, Divinidades egipcias: Las [\u2026]<a href=\"https:\/\/egyptianwisdomcenter.org\/es\/monotheism-and-polytheism-in-ancient-egypt-2\/\" class=\"more-link\">Read More \u00bb<\/a><\/div><\/li><li class=\"rpwe-li rpwe-clearfix\"><a class=\"rpwe-img\" href=\"https:\/\/egyptianwisdomcenter.org\/es\/moses-and-akhenaton-pod\/\" target=\"_self\"><img loading=\"lazy\" class=\"rpwe-alignleft rpwe-thumb\" src=\"https:\/\/egyptianwisdomcenter.org\/wp-content\/uploads\/2019\/09\/cover-65-45x60.jpg\" alt=\"Mois\u00e9s y Akenat\u00f3n\" height=\"60\" width=\"45\" decoding=\"async\"><\/a><h3 class=\"rpwe-title\"><a href=\"https:\/\/egyptianwisdomcenter.org\/es\/moses-and-akhenaton-pod\/\" target=\"_self\">Mois\u00e9s y Akenat\u00f3n<\/a><\/h3><time class=\"rpwe-time published\" datetime=\"2019-09-09T15:07:11-04:00\">septiembre 9, 2019<\/time><div class=\"rpwe-summary\">Este podcast cubrir\u00e1 el tema de las incre\u00edbles similitudes entre los relatos b\u00edblicos de Mois\u00e9s y los relatos hist\u00f3ricos de Akenat\u00f3n [\u2026]<a href=\"https:\/\/egyptianwisdomcenter.org\/es\/moses-and-akhenaton-pod\/\" class=\"more-link\">Read More \u00bb<\/a><\/div><\/li><li class=\"rpwe-li rpwe-clearfix\"><a class=\"rpwe-img\" href=\"https:\/\/egyptianwisdomcenter.org\/es\/pictorial-symbolism-in-ancient-egypt\/\" target=\"_self\"><img loading=\"lazy\" class=\"rpwe-alignleft rpwe-thumb\" src=\"https:\/\/egyptianwisdomcenter.org\/wp-content\/uploads\/2019\/09\/divinities-45x60.jpg\" alt=\"Simbolismo pict\u00f3rico en el Antiguo Egipto\" height=\"60\" width=\"45\" decoding=\"async\"><\/a><h3 class=\"rpwe-title\"><a href=\"https:\/\/egyptianwisdomcenter.org\/es\/pictorial-symbolism-in-ancient-egypt\/\" target=\"_self\">Simbolismo pict\u00f3rico en el Antiguo Egipto<\/a><\/h3><time class=\"rpwe-time published\" datetime=\"2019-09-05T17:11:11-04:00\">septiembre 5, 2019<\/time><div class=\"rpwe-summary\">Este podcast cubrir\u00e1 el tema del simbolismo pict\u00f3rico en el Antiguo Egipto: un cap\u00edtulo del libro de Moustafa Gadalla, Divinidades egipcias: Las [\u2026]<a href=\"https:\/\/egyptianwisdomcenter.org\/es\/pictorial-symbolism-in-ancient-egypt\/\" class=\"more-link\">Read More \u00bb<\/a><\/div><\/li><li class=\"rpwe-li rpwe-clearfix\"><a class=\"rpwe-img\" href=\"https:\/\/egyptianwisdomcenter.org\/es\/the-egyptian-alphabetical-and-imagery-writing-modes\/\" target=\"_self\"><img loading=\"lazy\" class=\"rpwe-alignleft rpwe-thumb\" src=\"https:\/\/egyptianwisdomcenter.org\/wp-content\/uploads\/2019\/02\/cover-eu-225x338-225x338-45x60.jpg\" alt=\"Los modos de escritura alfab\u00e9tico y de im\u00e1genes egipcios\" height=\"60\" width=\"45\" decoding=\"async\"><\/a><h3 class=\"rpwe-title\"><a href=\"https:\/\/egyptianwisdomcenter.org\/es\/the-egyptian-alphabetical-and-imagery-writing-modes\/\" target=\"_self\">Los modos de escritura alfab\u00e9tico y de im\u00e1genes egipcios<\/a><\/h3><time class=\"rpwe-time published\" datetime=\"2019-08-28T15:40:26-04:00\">agosto 28, 2019<\/time><div class=\"rpwe-summary\">Este podcast proporciona una descripci\u00f3n general r\u00e1pida de los modos de escritura en el Antiguo Egipto: la forma alfab\u00e9tica de escritura y las im\u00e1genes pict\u00f3ricas [\u2026]<a href=\"https:\/\/egyptianwisdomcenter.org\/es\/the-egyptian-alphabetical-and-imagery-writing-modes\/\" class=\"more-link\">Read More \u00bb<\/a><\/div><\/li><li class=\"rpwe-li rpwe-clearfix\"><a class=\"rpwe-img\" href=\"https:\/\/egyptianwisdomcenter.org\/es\/the-egyptian-creation-process-accounts\/\" target=\"_self\"><img loading=\"lazy\" class=\"rpwe-alignleft rpwe-thumb\" src=\"https:\/\/egyptianwisdomcenter.org\/wp-content\/uploads\/2019\/09\/cover-53-45x60.jpg\" alt=\"Los relatos del proceso de creaci\u00f3n egipcio\" height=\"60\" width=\"45\" decoding=\"async\"><\/a><h3 class=\"rpwe-title\"><a href=\"https:\/\/egyptianwisdomcenter.org\/es\/the-egyptian-creation-process-accounts\/\" target=\"_self\">Los relatos del proceso de creaci\u00f3n egipcio<\/a><\/h3><time class=\"rpwe-time published\" datetime=\"2019-09-24T14:34:28-04:00\">septiembre 24, 2019<\/time><div class=\"rpwe-summary\">Este podcast cubrir\u00e1 el tema de Las cuentas del proceso de creaci\u00f3n egipcio, un extracto del libro de Moustafa Gadalla Cosmolog\u00eda egipcia The [\u2026]<a href=\"https:\/\/egyptianwisdomcenter.org\/es\/the-egyptian-creation-process-accounts\/\" class=\"more-link\">Read More \u00bb<\/a><\/div><\/li><li class=\"rpwe-li rpwe-clearfix\"><a class=\"rpwe-img\" href=\"https:\/\/egyptianwisdomcenter.org\/es\/the-incredible-remote-age-of-ancient-egypt-the-incredible-remote-age-of-ancient-egypt\/\" target=\"_self\"><img loading=\"lazy\" class=\"rpwe-alignleft rpwe-thumb\" src=\"https:\/\/egyptianwisdomcenter.org\/wp-content\/uploads\/2019\/09\/AECR-45x60.jpg\" alt=\"La incre\u00edble era remota del Antiguo Egipto\" height=\"60\" width=\"45\" decoding=\"async\"><\/a><h3 class=\"rpwe-title\"><a href=\"https:\/\/egyptianwisdomcenter.org\/es\/the-incredible-remote-age-of-ancient-egypt-the-incredible-remote-age-of-ancient-egypt\/\" target=\"_self\">La incre\u00edble era remota del Antiguo Egipto<\/a><\/h3><time class=\"rpwe-time published\" datetime=\"2019-09-05T16:49:00-04:00\">septiembre 5, 2019<\/time><div class=\"rpwe-summary\">Este podcast cubrir\u00e1 el tema de la era muy remota del Antiguo Egipto: un cap\u00edtulo del libro Ancient [\u2026]<a href=\"https:\/\/egyptianwisdomcenter.org\/es\/the-incredible-remote-age-of-ancient-egypt-the-incredible-remote-age-of-ancient-egypt\/\" class=\"more-link\">Read More \u00bb<\/a><\/div><\/li><li class=\"rpwe-li rpwe-clearfix\"><a class=\"rpwe-img\" href=\"https:\/\/egyptianwisdomcenter.org\/es\/the-masonic-powers-of-egyptian-architecture\/\" target=\"_self\"><img loading=\"lazy\" class=\"rpwe-alignleft rpwe-thumb\" src=\"https:\/\/egyptianwisdomcenter.org\/wp-content\/uploads\/2019\/09\/cover-47-45x60.jpg\" alt=\"Los poderes mas\u00f3nicos de la arquitectura egipcia\" height=\"60\" width=\"45\" decoding=\"async\"><\/a><h3 class=\"rpwe-title\"><a href=\"https:\/\/egyptianwisdomcenter.org\/es\/the-masonic-powers-of-egyptian-architecture\/\" target=\"_self\">Los poderes mas\u00f3nicos de la arquitectura egipcia<\/a><\/h3><time class=\"rpwe-time published\" datetime=\"2019-09-09T15:18:28-04:00\">septiembre 9, 2019<\/time><div class=\"rpwe-summary\">Este podcast cubrir\u00e1 el tema de los poderes mas\u00f3nicos de la arquitectura del Antiguo Egipto. Consulte el libro de Moustafa Gadalla: El antiguo egipcio [\u2026]<a href=\"https:\/\/egyptianwisdomcenter.org\/es\/the-masonic-powers-of-egyptian-architecture\/\" class=\"more-link\">Read More \u00bb<\/a><\/div><\/li><li class=\"rpwe-li rpwe-clearfix\"><a class=\"rpwe-img\" href=\"https:\/\/egyptianwisdomcenter.org\/es\/the-writings-on-the-egyptian-walls\/\" target=\"_self\"><img loading=\"lazy\" class=\"rpwe-alignleft rpwe-thumb\" src=\"https:\/\/egyptianwisdomcenter.org\/wp-content\/uploads\/2019\/02\/cover-metlang-225x338-225x338-45x60.jpg\" alt=\"Los escritos en las murallas egipcias\" height=\"60\" width=\"45\" decoding=\"async\"><\/a><h3 class=\"rpwe-title\"><a href=\"https:\/\/egyptianwisdomcenter.org\/es\/the-writings-on-the-egyptian-walls\/\" target=\"_self\">Los escritos en las murallas egipcias<\/a><\/h3><time class=\"rpwe-time published\" datetime=\"2019-08-29T22:34:29-04:00\">agosto 29, 2019<\/time><div class=\"rpwe-summary\">Este podcast cubrir\u00e1 el tema de los escritos y representaciones en los muros egipcios en templos, tumbas, etc. Para obtener informaci\u00f3n detallada [\u2026]<a href=\"https:\/\/egyptianwisdomcenter.org\/es\/the-writings-on-the-egyptian-walls\/\" class=\"more-link\">Read More \u00bb<\/a><\/div><\/li><\/ul><\/div><!-- Generated by http:\/\/wordpress.org\/plugins\/recent-posts-widget-extended\/ --><\/div><!-- \/Widget Shortcode -->","protected":false},"excerpt":{"rendered":"<p>Listen to free Podcast Samples of Chapters from Books By Moustafa Gadalla Spanish Podcasts | Russian Podcasts | German Podcasts | French [&hellip;]<\/p>","protected":false},"author":3,"featured_media":0,"parent":0,"menu_order":0,"comment_status":"closed","ping_status":"closed","template":"","meta":{"footnotes":""},"class_list":["post-52753","page","type-page","status-publish","hentry"],"aioseo_notices":[],"_links":{"self":[{"href":"https:\/\/egyptianwisdomcenter.org\/es\/wp-json\/wp\/v2\/pages\/52753","targetHints":{"allow":["GET"]}}],"collection":[{"href":"https:\/\/egyptianwisdomcenter.org\/es\/wp-json\/wp\/v2\/pages"}],"about":[{"href":"https:\/\/egyptianwisdomcenter.org\/es\/wp-json\/wp\/v2\/types\/page"}],"author":[{"embeddable":true,"href":"https:\/\/egyptianwisdomcenter.org\/es\/wp-json\/wp\/v2\/users\/3"}],"replies":[{"embeddable":true,"href":"https:\/\/egyptianwisdomcenter.org\/es\/wp-json\/wp\/v2\/comments?post=52753"}],"version-history":[{"count":6,"href":"https:\/\/egyptianwisdomcenter.org\/es\/wp-json\/wp\/v2\/pages\/52753\/revisions"}],"predecessor-version":[{"id":68299,"href":"https:\/\/egyptianwisdomcenter.org\/es\/wp-json\/wp\/v2\/pages\/52753\/revisions\/68299"}],"wp:attachment":[{"href":"https:\/\/egyptianwisdomcenter.org\/es\/wp-json\/wp\/v2\/media?parent=52753"}],"curies":[{"name":"wp","href":"https:\/\/api.w.org\/{rel}","templated":true}]}}