{"id":5283,"date":"2019-03-03T14:13:29","date_gmt":"2019-03-03T19:13:29","guid":{"rendered":"http:\/\/egyptianwisdomcenter.org\/les-capacites-globales-des-harpes-egyptiennes-antiques\/"},"modified":"2023-01-07T07:54:42","modified_gmt":"2023-01-07T12:54:42","slug":"les-capacites-globales-des-harpes-egyptiennes-antiques","status":"publish","type":"page","link":"https:\/\/egyptianwisdomcenter.org\/es\/les-capacites-globales-des-harpes-egyptiennes-antiques\/","title":{"rendered":"Les Capacit\u00e9s Globales Des Harpes \u00c9gyptiennes Antiques"},"content":{"rendered":"<h2 style=\"text-align: center;\"><span style=\"color: #ff0000;\">Les Capacit\u00e9s Globales Des Harpes \u00c9gyptiennes Antiques<\/span><\/h2>\n<p>&nbsp;<\/p>\n<p>Les harpes \u00e9gyptiennes antiques variaient grandement dans la forme, la taille et le nombre de leurs cordes. Ils sont repr\u00e9sent\u00e9s dans les peintures antiques avec 4, 6, 7, 8, 9, 10, 11, 12, 14, 17, 20, 21 et 22 cordes.<\/p>\n<p><a href=\"https:\/\/fr.egyptianwisdomcenter.org\/wp-content\/uploads\/2019\/02\/emus-ch15-photo4-96c.jpg\"><img decoding=\"async\" class=\"size-full wp-image-1406 aligncenter\" src=\"https:\/\/fr.egyptianwisdomcenter.org\/wp-content\/uploads\/2019\/02\/emus-ch15-photo4-96c.jpg\" alt=\"\" width=\"259\" height=\"168\" \/><\/a><\/p>\n<p><a href=\"https:\/\/fr.egyptianwisdomcenter.org\/wp-content\/uploads\/2019\/02\/emus-ch15-photo5-96c.jpg\"><img fetchpriority=\"high\" decoding=\"async\" class=\"size-full wp-image-1407 aligncenter\" src=\"https:\/\/fr.egyptianwisdomcenter.org\/wp-content\/uploads\/2019\/02\/emus-ch15-photo5-96c.jpg\" alt=\"\" width=\"259\" height=\"196\" \/><\/a><\/p>\n<p><a href=\"https:\/\/egyptianwisdomcenter.org\/wp-content\/uploads\/2021\/09\/emus-ch15-photo6-96c-1.jpg\"><img decoding=\"async\" class=\"aligncenter wp-image-57162 size-full\" src=\"https:\/\/egyptianwisdomcenter.org\/wp-content\/uploads\/2021\/09\/emus-ch15-photo6-96c-1.jpg\" alt=\"\" width=\"202\" height=\"284\" \/><\/a><\/p>\n<div>\n<p>Il y avait essentiellement deux types de harpes:<\/p>\n<p style=\"padding-left: 30px;\"><strong>1. <\/strong>la petite harpe portative (\u00e9paule) (arche peu profonde). Les harpes de l&#8217;\u00e9paule se retrouvent en grand nombre dans les mus\u00e9es du monde entier. Comme tous les instruments de la sorte, ils avaient un r\u00e9glage qui pourrait \u00eatre d\u00e9plac\u00e9 de l&#8217;avant vers l&#8217;arri\u00e8re et de haut en bas ou vice-versa. C&#8217;\u00e9tait une sorte de tige de suspension pour les cordes, ce qui permettait un accordage rapide \u00e0 diff\u00e9rents emplacements.<\/p>\n<p style=\"padding-left: 30px;\"><a href=\"https:\/\/emus.pressbooks.com\/wp-content\/uploads\/sites\/42623\/2015\/11\/portable-harp.png\"><img loading=\"lazy\" decoding=\"async\" class=\"aligncenter wp-image-800 size-full\" src=\"https:\/\/fr.egyptianwisdomcenter.org\/wp-content\/uploads\/2019\/02\/portable-harp-e1484696124557.png\" width=\"136\" height=\"190\" \/><\/a><\/p>\n<p style=\"padding-left: 30px;\"><strong>2. <\/strong>le plus grand, arqu\u00e9 (ARC) harpe ou harpe angulaire. Il y a eu plusieurs variantes des grandes harpes en Egypte, comme dans leurs structures et tailles, selon le porte-ficelle et si elle se trouve sur le dessus ou le bas, et si le r\u00e9sonateur est droit-doubl\u00e9 ou pli\u00e9. [Illustr\u00e9 ici est une sc\u00e8ne de la tombe d&#8217;Amenemhet, Beni Hassan, 12<sup>\u00e8me<\/sup> dynastie.]<\/p>\n<p style=\"padding-left: 30px;\"><a href=\"https:\/\/emus.pressbooks.com\/wp-content\/uploads\/sites\/42623\/2015\/11\/bow-harp.png\"><img loading=\"lazy\" decoding=\"async\" class=\"aligncenter wp-image-801 size-full\" src=\"https:\/\/fr.egyptianwisdomcenter.org\/wp-content\/uploads\/2019\/02\/bow-harp-e1484696139970.png\" width=\"138\" height=\"160\" \/><\/a><\/p>\n<p>Il n&#8217;y a gu\u00e8re de diff\u00e9rence entre l&#8217;arc (ARC) et la harpe angulaire, en ce qui concerne leur son.<\/p>\n<p>La multitude des harpes \u00e9gyptiens antiques r\u00e9v\u00e8le la richesse de leurs capacit\u00e9s musicales. La vue d&#8217;ensemble suivante est bas\u00e9e sur le rapport entre les cha\u00eenes ouvertes uniquement.<\/p>\n<p>&gt; Il convient de noter que de nombreuses plus petites tonalit\u00e9s musicales peuvent \u00eatre obtenues par la technique de jeu \u00e0 une main, comme illustr\u00e9 pr\u00e9c\u00e9demment.<\/p>\n<p style=\"padding-left: 30px;\"><strong>1. <\/strong>avec des harpes de 4 \u00e0 22 cordes, certains harpes auraient \u00e9t\u00e9 capables de produire une large gamme de notes pour plusieurs octaves. Le rapport entre le plus court et le plus long est de 1:3 \u00e0 1:4 (soit 1 \u00e0 2 octaves). Avec la technique de jeu \u00e0 une main [Voir la section pr\u00e9c\u00e9dente], des possibilit\u00e9s illimit\u00e9es de diff\u00e9rentes tonalit\u00e9s et octaves peuvent \u00eatre atteintes.<\/p>\n<p style=\"padding-left: 30px;\"><strong>2. <\/strong>les intervalles de quatri\u00e8me, cinqui\u00e8me et Octave \u00e9taient les plus fr\u00e9quents dans les repr\u00e9sentations \u00e9gyptiennes antiques. Curt Sachs [dans son livre, <em>histoire des instruments de musique<\/em>] a d\u00e9couvert que sur 17 harpistes repr\u00e9sent\u00e9s sur des \u0153uvres d&#8217;art \u00e9gyptiennes avec un r\u00e9alisme et une distinction suffisants pour \u00eatre des dossiers fiables, sept sont frappant un quatri\u00e8me accord, cinq un cinqui\u00e8me accord, et cinq un Accord d&#8217;octave.<\/p>\n<p style=\"padding-left: 30px;\"><strong>3. <\/strong>le rapport entre la plus courte et la plus longue cha\u00eene de plusieurs harpes \u00e9gyptiens antiques est d&#8217;environ 2:3. Comme cet intervalle est divis\u00e9 entre cinq cordes, l&#8217;\u00e9chelle fournirait une gamme de tonalit\u00e9s entre la moiti\u00e9 et les tons pleins. Sur des harpes avec dix cordes, cela donnerait un intervalle moyen d&#8217;un (mineur) demi-ton (90 cents = 4 virgules).<\/p>\n<p style=\"padding-left: 30px;\"><strong>4. <\/strong>l&#8217;un des deux harpes trouv\u00e9s dans la tombe de Rams\u00e8s III a 13 cordes, o\u00f9 si la plus longue cha\u00eene repr\u00e9sent\u00e9e <em>pros-lambanomenos<\/em>, ou <em>D<\/em>, les 12 cordes restantes serait plus que fournir tous les tons, les demi-tons, et les quarts de teintes, de la genres diatoniques, chromatiques et enharmoniques, dans la boussole d&#8217;une octave.<\/p>\n<p><a href=\"https:\/\/fr.egyptianwisdomcenter.org\/wp-content\/uploads\/2019\/02\/emus-ch15-photo13-96c.jpg\"><img loading=\"lazy\" decoding=\"async\" class=\"size-full wp-image-1416 aligncenter\" src=\"https:\/\/fr.egyptianwisdomcenter.org\/wp-content\/uploads\/2019\/02\/emus-ch15-photo13-96c.jpg\" alt=\"\" width=\"300\" height=\"172\" \/><\/a><\/p>\n<p style=\"padding-left: 30px;\">L&#8217;accordage de cette harpe \u00e0 13 cordes peut fournir les quatre t\u00e9trachlorures, <em>hipat\u00f3n, mes\u00f3n, sinemmen\u00f3n<\/em>, et <em>diezeugnenon<\/em>, avec <em>proslambanomenos<\/em> au fond:<\/p>\n<p style=\"padding-left: 30px;\"><a href=\"https:\/\/fr.egyptianwisdomcenter.org\/wp-content\/uploads\/2019\/02\/scale.png\" rel=\"attachment wp-att-385\"><img loading=\"lazy\" decoding=\"async\" class=\"aligncenter size-medium wp-image-385\" src=\"https:\/\/fr.egyptianwisdomcenter.org\/wp-content\/uploads\/2019\/02\/scale-300x51.png\" alt=\"\u00c9chelle\" width=\"300\" height=\"51\" \/><\/a><\/p>\n<p style=\"padding-left: 30px;\"><strong>5. <\/strong>les harpes les plus souvent repr\u00e9sent\u00e9s ont \u00e9t\u00e9 trouv\u00e9s pour avoir sept cordes, et selon Curt Sachs&#8217;\u00e9tude des instruments \u00e9gyptiens, les \u00c9gyptiens \u00e0 l&#8217;\u00e9coute de leurs harpes dans la m\u00eame s\u00e9rie diatonique d&#8217;intervalles.<\/p>\n<p style=\"padding-left: 30px;\"><strong>6. <\/strong>une harpe \u00e9gyptienne ancienne avec 20 cordes [trouv\u00e9 \u00e0 Louxor (Th\u00e8bes)], semble avoir eu l&#8217;\u00e9chelle pentatonique en cours d&#8217;ex\u00e9cution \u00e0 travers quatre octaves. Et la harpe avec 21 cordes [dans le Mus\u00e9e de Paris] avait probablement le m\u00eame ordre d&#8217;intervalles, avec l&#8217;ajout de la Keynote au sommet.<\/p>\n<p>&nbsp;<\/p>\n<\/div>\n<p><strong>[Un extrait de<span style=\"color: #ff0000;\"> Instruments de Musique \u00c9gyptiens <\/span><\/strong><strong>par Moustafa Gadalla]<\/strong><\/p>\n<p><span style=\"color: #0000ff;\"><strong>https:\/\/egyptianwisdomcenter.org\/product\/instruments-de-musique-egyptiens\/<\/strong><\/span><\/p>\n<p><img decoding=\"async\" class=\"aligncenter\" src=\"https:\/\/books2read-prod.s3.amazonaws.com\/CACHE\/images\/ubl_book_images\/book_display_image_PnlXAdS\/7e9d4fa7964995f1804bca552139e9e0\" \/><\/p>\n<p style=\"text-align: center;\"><span style=\"color: #0000ff;\"><strong>https:\/\/egyptianwisdomcenter.org\/product\/instruments-de-musique-egyptiens\/<\/strong><\/span><\/p>\n<p>&nbsp;<\/p>\n<p class=\"tw-data-text tw-text-large XcVN5d tw-ta\" dir=\"ltr\" data-placeholder=\"Translation\">","protected":false},"excerpt":{"rendered":"<p>Les Capacit\u00e9s Globales Des Harpes \u00c9gyptiennes Antiques &nbsp; Les harpes \u00e9gyptiennes antiques variaient grandement dans la forme, la taille et le nombre [&hellip;]<\/p>","protected":false},"author":3,"featured_media":0,"parent":0,"menu_order":0,"comment_status":"closed","ping_status":"closed","template":"","meta":{"footnotes":""},"class_list":["post-5283","page","type-page","status-publish","hentry"],"aioseo_notices":[],"_links":{"self":[{"href":"https:\/\/egyptianwisdomcenter.org\/es\/wp-json\/wp\/v2\/pages\/5283","targetHints":{"allow":["GET"]}}],"collection":[{"href":"https:\/\/egyptianwisdomcenter.org\/es\/wp-json\/wp\/v2\/pages"}],"about":[{"href":"https:\/\/egyptianwisdomcenter.org\/es\/wp-json\/wp\/v2\/types\/page"}],"author":[{"embeddable":true,"href":"https:\/\/egyptianwisdomcenter.org\/es\/wp-json\/wp\/v2\/users\/3"}],"replies":[{"embeddable":true,"href":"https:\/\/egyptianwisdomcenter.org\/es\/wp-json\/wp\/v2\/comments?post=5283"}],"version-history":[{"count":0,"href":"https:\/\/egyptianwisdomcenter.org\/es\/wp-json\/wp\/v2\/pages\/5283\/revisions"}],"wp:attachment":[{"href":"https:\/\/egyptianwisdomcenter.org\/es\/wp-json\/wp\/v2\/media?parent=5283"}],"curies":[{"name":"wp","href":"https:\/\/api.w.org\/{rel}","templated":true}]}}