{"id":58,"date":"2020-04-17T20:49:15","date_gmt":"2020-04-17T20:49:15","guid":{"rendered":"http:\/\/isisrisesoperetta.com\/?page_id=58"},"modified":"2025-03-19T16:25:52","modified_gmt":"2025-03-19T20:25:52","slug":"operetta","status":"publish","type":"page","link":"https:\/\/egyptianwisdomcenter.org\/es\/opereta\/","title":{"rendered":"Opereta"},"content":{"rendered":"<p style=\"margin-top: 25px; margin-left: 10px; font-size: 16px; font-weight: bold;\"><a href=\"https:\/\/egyptianwisdomcenter.org\/es\/opereta\/\">Acerca de<\/a> | <a href=\"\/es\/production-team\/\">Equipo de produccion<\/a> | <a href=\"\/es\/trailer\/\">Remolque<\/a> | <a href=\"https:\/\/egyptianwisdomcenter.org\/es\/licencia-de-derechos\/\">Rights &amp; Licensing<\/a> | <a href=\"https:\/\/egyptianwisdomcenter.org\/es\/las-escenas\/escena-1\/\">acto 1<\/a> | <a href=\"https:\/\/egyptianwisdomcenter.org\/es\/las-escenas\/escena-2\/\">Acto 2<\/a> | <a href=\"https:\/\/egyptianwisdomcenter.org\/es\/las-escenas\/escena-3\/\">Acto 3<\/a> | <a href=\"https:\/\/egyptianwisdomcenter.org\/es\/las-escenas\/escena-4\/\">Acto 4<\/a> | <a href=\"https:\/\/egyptianwisdomcenter.org\/es\/las-escenas\/escena-5\/\">Acto 5<\/a> | <a href=\"https:\/\/egyptianwisdomcenter.org\/es\/las-escenas\/escena-6\/\">Acto 6<\/a> | <a href=\"https:\/\/egyptianwisdomcenter.org\/es\/isis-rises-operetta-free-book\/\">Free Book<\/a><\/p>\n<h1>Overview (Isis Rises Operetta)<\/h1>\n<p><img fetchpriority=\"high\" decoding=\"async\" class=\"size-medium wp-image-51 aligncenter\" src=\"https:\/\/egyptianwisdomcenter.org\/wp-content\/uploads\/2020\/04\/IsisBlue-cropped-259x300.jpg\" alt=\"Estatua de oro de Iside\" width=\"259\" height=\"300\" \/><\/p>\n<p>Isis Rises Operetta is a mesmerizing, wordless musical operetta to cross all boundaries in the world. It relates the allegorical story of the trials, tribulations, tragedy and triumph of Isis as the archetypal Goddess of all women\u2014through acting, interpretive dancing, lyrical dancing, projection and special lighting effects, all portrayed in an Ancient Egyptian setting.<\/p>\n<p>Todas las piezas musicales se interpretan con instrumentos musicales del antiguo Egipto con una composici\u00f3n musical antigua. Todos los tipos de bailes de Opereta tambi\u00e9n son representativos de los que se encuentran en el Antiguo Egipto. La opereta Isis contiene varios bailes de diversos tipos. Var\u00edan desde un baile tipo ballet hasta un trabajo independiente y movimientos r\u00edtmicos.<\/p>\n<p>Los espectadores experimentar\u00e1n todo el espectro de poderosas emociones provocadas por un espectacular desfile de m\u00fasica, color, luz y entretenimiento. Llenar\u00e1 los corazones y las mentes de todos los pueblos y \u00e9pocas con absoluta alegr\u00eda y amor.<\/p>\n<p>La opereta ayudar\u00e1 a los espectadores a descubrir y potenciar las m\u00faltiples cualidades de la Diosa interior.<\/p>\n<p>La netert (diosa) egipcia Isis es la patrona cuya solicitud se extend\u00eda a toda la gama de necesidades humanas. Ella se convirti\u00f3 en la gran y ben\u00e9fica netert (diosa) y madre, cuya influencia y amor impregnaron todo el cielo, la tierra y el otro mundo; y se convirti\u00f3 en la personificaci\u00f3n del gran poder femenino y creativo que concibi\u00f3 y dio a luz a toda criatura y ser viviente, desde las deidades en el cielo hasta el hombre en la Tierra y los insectos en la Tierra.<\/p>\n<p>La Opereta se compone de seis escenas para hacer coincidir la relaci\u00f3n de Isis con este n\u00famero, representando a la Madre Tierra simbolizada por el cubo\/caja. Al final del sexto acto la actuaci\u00f3n muestra el simbolismo de salirse de la caja.<\/p>\n<p>&nbsp;<\/p>\n<style>body,.content-inner{background:#FCD701 !important;<\/style>","protected":false},"excerpt":{"rendered":"<p>About | Production Team | Trailer | Rights &amp; Licensing | Act 1 | Act 2 | Act 3 | Act 4 [&hellip;]<\/p>","protected":false},"author":3,"featured_media":0,"parent":0,"menu_order":0,"comment_status":"closed","ping_status":"closed","template":"page-templates\/page_fullwidth.php","meta":{"footnotes":""},"class_list":["post-58","page","type-page","status-publish","hentry"],"aioseo_notices":[],"_links":{"self":[{"href":"https:\/\/egyptianwisdomcenter.org\/es\/wp-json\/wp\/v2\/pages\/58","targetHints":{"allow":["GET"]}}],"collection":[{"href":"https:\/\/egyptianwisdomcenter.org\/es\/wp-json\/wp\/v2\/pages"}],"about":[{"href":"https:\/\/egyptianwisdomcenter.org\/es\/wp-json\/wp\/v2\/types\/page"}],"author":[{"embeddable":true,"href":"https:\/\/egyptianwisdomcenter.org\/es\/wp-json\/wp\/v2\/users\/3"}],"replies":[{"embeddable":true,"href":"https:\/\/egyptianwisdomcenter.org\/es\/wp-json\/wp\/v2\/comments?post=58"}],"version-history":[{"count":11,"href":"https:\/\/egyptianwisdomcenter.org\/es\/wp-json\/wp\/v2\/pages\/58\/revisions"}],"predecessor-version":[{"id":69573,"href":"https:\/\/egyptianwisdomcenter.org\/es\/wp-json\/wp\/v2\/pages\/58\/revisions\/69573"}],"wp:attachment":[{"href":"https:\/\/egyptianwisdomcenter.org\/es\/wp-json\/wp\/v2\/media?parent=58"}],"curies":[{"name":"wp","href":"https:\/\/api.w.org\/{rel}","templated":true}]}}