{"id":68536,"date":"2020-04-29T23:59:24","date_gmt":"2020-04-29T23:59:24","guid":{"rendered":"http:\/\/isisrisesoperetta.com\/?page_id=86"},"modified":"2024-03-19T12:52:07","modified_gmt":"2024-03-19T16:52:07","slug":"scene-1","status":"publish","type":"page","link":"https:\/\/egyptianwisdomcenter.org\/es\/las-escenas\/escena-1\/","title":{"rendered":"acto 1"},"content":{"rendered":"<p style=\"margin-top: 25px; margin-left: 10px; font-size: 16px; font-weight: bold;\"><a href=\"https:\/\/egyptianwisdomcenter.org\/es\/opereta\/\">Acerca de<\/a> | <a href=\"\/es\/production-team\/\">Equipo de produccion<\/a> | <a href=\"\/es\/trailer\/\">Remolque<\/a> | <a href=\"\/es\/product\/isis-rises-operetta\/\">Compra de v\u00eddeo<\/a> | <a href=\"https:\/\/egyptianwisdomcenter.org\/es\/licencia-de-derechos\/\">Rights &amp; Licensing<\/a> | <a href=\"https:\/\/egyptianwisdomcenter.org\/es\/las-escenas\/escena-1\/\">acto 1<\/a> | <a href=\"https:\/\/egyptianwisdomcenter.org\/es\/las-escenas\/escena-2\/\">Acto 2<\/a> | <a href=\"https:\/\/egyptianwisdomcenter.org\/es\/las-escenas\/escena-3\/\">Acto 3<\/a> | <a href=\"https:\/\/egyptianwisdomcenter.org\/es\/las-escenas\/escena-4\/\">Acto 4<\/a> | <a href=\"https:\/\/egyptianwisdomcenter.org\/es\/las-escenas\/escena-5\/\">Acto 5<\/a> | <a href=\"https:\/\/egyptianwisdomcenter.org\/es\/las-escenas\/escena-6\/\">Acto 6<\/a> | <a href=\"https:\/\/egyptianwisdomcenter.org\/es\/isis-rises-operetta-free-book\/\">Free Book<\/a><\/p>\n<h1>Isis Rises Operetta &#8211; Act 1<\/h1>\n<div>\n<h3><span style=\"color: #ff0000;\">Resumen del Acto 1 \u2013 Regreso y posterior desaparici\u00f3n de Osiris<\/span><\/h3>\n<\/div>\n<p><span style=\"font-weight: 400;\">a- We begin with a screen showing the cosmos \u2014 then Earth \u2014 then Egypt and the Nile [from above]\u00a0 \u2014 Our story begins at the tip of the Delta.<\/span><\/p>\n<p><span style=\"font-weight: 400;\">b- \u00a1Los bailarines con ramas de palmeras est\u00e1n charlando y esperando la llegada de alguien especial!<\/span><\/p>\n<p><span style=\"font-weight: 400;\">c- Cuando Osiris aparece en la distancia, la multitud estalla de alegr\u00eda y el t\u00edpico zaghareed [lenguas en la boca] de celebraci\u00f3n egipcia. Dos bailarinas presentan un plato de fruta cada una a Osiris.<\/span><\/p>\n<p><span style=\"font-weight: 400;\">La m\u00fasica alegre estalla y las siete bailarinas agitan las ramas de sus palmeras en un baile hogare\u00f1o de bienvenida para Osiris.<\/span><\/p>\n<p><span style=\"font-weight: 400;\">d- En honor al regreso sano y salvo de Osiris, las siete bailarinas[musas] realizan la danza del loto. Para este espect\u00e1culo de danza en particular, los bailarines llevan la t\u00edpica diadema femenina egipcia con una flor de loto adherida a la diadema. Tambi\u00e9n sostienen un emblema en forma de flor de loto como accesorio en su actuaci\u00f3n de baile.<\/span><\/p>\n<p><span style=\"font-weight: 400;\">e- Los bailarines se van: entran personajes [masculinos] sombr\u00edos que llevan un ata\u00fad simple. Abren la tapa e invitan a Osiris a probar el ata\u00fad. Osiris se acuesta en \u00e9l. R\u00e1pidamente cerraron la tapa y la sellaron. Llevaron el ata\u00fad al Nilo y lo arrojaron al agua corriente del Nilo.<\/span><\/p>\n<p><span style=\"font-weight: 400;\">f- La pantalla del escenario muestra c\u00f3mo el ata\u00fad que contiene el cuerpo de Osiris viaja por el brazo oriental del delta del Nilo Northwood hacia el mar Mediterr\u00e1neo; \u00a1Y desde all\u00ed a una costa lejana con un lugar verde y exuberante que contiene un \u00e1rbol magn\u00edfico!<\/span><\/p>\n<p><span style=\"font-weight: 400;\">g- De regreso al sitio original donde comenz\u00f3 todo, las siete bailarinas aparecen en el escenario llorando desesperadas \u2013 sonidos de palomas llorando \u2013 Isis aparece desconsolada. Isis [con su vestido dorado] se une a la danza del &#039;lamento&#039;.<\/span><\/p>\n<p><span style=\"font-weight: 400;\">h- Las mujeres\/bailarinas que lloran se van e Isis queda sola en el escenario. Contin\u00faa con el baile de los Lamentos. \u00a1Luego se sent\u00f3 sola llorando!<\/span><\/p>\n<p>&nbsp;<\/p>\n<p>&nbsp;<\/p>\n<p>&nbsp;<\/p>\n<p><span style=\"font-weight: 400;\">Bailando con ramas de palmeras.<\/span><\/p>\n<p><img decoding=\"async\" class=\"alignnone size-full wp-image-310\" src=\"http:\/\/isisrisesoperetta.com\/wp-content\/uploads\/2022\/02\/welcoming-with-palm-tree-branches.png\" alt=\"\" width=\"202\" height=\"123\" \/><\/p>\n<p>&nbsp;<\/p>\n<p>&nbsp;<\/p>\n<p class=\"p1\">Escena 1 de la opereta, el tercer espect\u00e1culo de danza es el de las &quot;mujeres que lloran&quot;. A continuaci\u00f3n se muestra una descripci\u00f3n del Antiguo Egipto de una situaci\u00f3n similar.<\/p>\n<p><img fetchpriority=\"high\" decoding=\"async\" class=\"size-full wp-image-408\" src=\"https:\/\/egyptianwisdomcenter.org\/wp-content\/uploads\/2022\/06\/download1.jpg\" alt=\"\" width=\"671\" height=\"651\" \/><\/p>\n<p><img decoding=\"async\" class=\"alignnone size-large wp-image-825\" src=\"https:\/\/egyptianwisdomcenter.org\/wp-content\/uploads\/2023\/08\/STB_1020_web-1024x683.jpg\" alt=\"\" width=\"1024\" height=\"683\" \/><\/p>\n<p><img loading=\"lazy\" decoding=\"async\" class=\"alignnone size-large wp-image-824\" src=\"https:\/\/egyptianwisdomcenter.org\/wp-content\/uploads\/2023\/08\/STB_1011_web-1024x683.jpg\" alt=\"\" width=\"1024\" height=\"683\" \/><\/p>\n<p><img loading=\"lazy\" decoding=\"async\" class=\"alignnone size-large wp-image-822\" src=\"https:\/\/egyptianwisdomcenter.org\/wp-content\/uploads\/2023\/08\/STB_0936_web-1024x683.jpg\" alt=\"\" width=\"1024\" height=\"683\" \/><\/p>\n<p><img loading=\"lazy\" decoding=\"async\" class=\"alignnone size-large wp-image-821\" src=\"https:\/\/egyptianwisdomcenter.org\/wp-content\/uploads\/2023\/08\/STB_1199_web-1024x683.jpg\" alt=\"\" width=\"1024\" height=\"683\" \/><\/p>\n<p><img loading=\"lazy\" decoding=\"async\" class=\"alignnone size-large wp-image-820\" src=\"https:\/\/egyptianwisdomcenter.org\/wp-content\/uploads\/2023\/08\/STB_1165_web-1024x683.jpg\" alt=\"\" width=\"1024\" height=\"683\" \/><\/p>\n<p><img loading=\"lazy\" decoding=\"async\" class=\"alignnone size-large wp-image-819\" src=\"https:\/\/egyptianwisdomcenter.org\/wp-content\/uploads\/2023\/08\/STB_1155_web-1024x683.jpg\" alt=\"\" width=\"1024\" height=\"683\" \/><\/p>\n<p><img loading=\"lazy\" decoding=\"async\" class=\"size-large wp-image-818 alignleft\" src=\"https:\/\/egyptianwisdomcenter.org\/wp-content\/uploads\/2023\/08\/STB_1144_web-1024x683.jpg\" alt=\"\" width=\"1024\" height=\"683\" \/><\/p>\n<p><img loading=\"lazy\" decoding=\"async\" class=\"alignnone size-large wp-image-817\" src=\"https:\/\/egyptianwisdomcenter.org\/wp-content\/uploads\/2023\/08\/STB_1135_web-1024x683.jpg\" alt=\"\" width=\"1024\" height=\"683\" \/><\/p>\n<p><img loading=\"lazy\" decoding=\"async\" class=\"alignnone size-large wp-image-816\" src=\"https:\/\/egyptianwisdomcenter.org\/wp-content\/uploads\/2023\/08\/STB_1121_web-1024x683.jpg\" alt=\"\" width=\"1024\" height=\"683\" \/><\/p>\n<p><img loading=\"lazy\" decoding=\"async\" class=\"alignnone size-large wp-image-815\" src=\"https:\/\/egyptianwisdomcenter.org\/wp-content\/uploads\/2023\/08\/STB_1118_web-1024x683.jpg\" alt=\"\" width=\"1024\" height=\"683\" \/><\/p>\n<p><img loading=\"lazy\" decoding=\"async\" class=\"alignnone size-large wp-image-814\" src=\"https:\/\/egyptianwisdomcenter.org\/wp-content\/uploads\/2023\/08\/STB_1087_web-1024x683.jpg\" alt=\"\" width=\"1024\" height=\"683\" \/><\/p>\n<p><img loading=\"lazy\" decoding=\"async\" class=\"size-large wp-image-813 alignnone\" src=\"https:\/\/egyptianwisdomcenter.org\/wp-content\/uploads\/2023\/08\/STB_1040_web-1024x683.jpg\" alt=\"\" width=\"1024\" height=\"683\" \/><\/p>\n<p><img loading=\"lazy\" decoding=\"async\" class=\"size-large wp-image-829\" src=\"https:\/\/egyptianwisdomcenter.org\/wp-content\/uploads\/2023\/08\/STB_1771_web-1024x683.jpg\" alt=\"\" width=\"1024\" height=\"683\" \/><\/p>\n<p><img loading=\"lazy\" decoding=\"async\" class=\"size-large wp-image-830\" src=\"https:\/\/egyptianwisdomcenter.org\/wp-content\/uploads\/2023\/08\/STB_1845_web-1024x683.jpg\" alt=\"\" width=\"1024\" height=\"683\" \/><\/p>\n<p><img loading=\"lazy\" decoding=\"async\" class=\"size-large wp-image-831\" src=\"https:\/\/egyptianwisdomcenter.org\/wp-content\/uploads\/2023\/08\/STB_1914_web-1024x683.jpg\" alt=\"\" width=\"1024\" height=\"683\" \/><\/p>\n<p><img loading=\"lazy\" decoding=\"async\" class=\"size-large wp-image-832\" src=\"https:\/\/egyptianwisdomcenter.org\/wp-content\/uploads\/2023\/08\/STB_1919_web-1024x683.jpg\" alt=\"\" width=\"1024\" height=\"683\" \/><\/p>\n<p><img loading=\"lazy\" decoding=\"async\" class=\"size-large wp-image-833\" src=\"https:\/\/egyptianwisdomcenter.org\/wp-content\/uploads\/2023\/08\/STB_2074_web-1024x683.jpg\" alt=\"\" width=\"1024\" height=\"683\" \/><\/p>\n<p><img loading=\"lazy\" decoding=\"async\" class=\"size-large wp-image-834\" src=\"https:\/\/egyptianwisdomcenter.org\/wp-content\/uploads\/2023\/08\/STB_2203_web-1024x683.jpg\" alt=\"\" width=\"1024\" height=\"683\" \/><\/p>\n<p><img loading=\"lazy\" decoding=\"async\" class=\"size-large wp-image-835\" src=\"https:\/\/egyptianwisdomcenter.org\/wp-content\/uploads\/2023\/08\/STB_2321_web-1024x683.jpg\" alt=\"\" width=\"1024\" height=\"683\" \/><\/p>\n<p><img loading=\"lazy\" decoding=\"async\" class=\"size-large wp-image-836\" src=\"https:\/\/egyptianwisdomcenter.org\/wp-content\/uploads\/2023\/08\/STB_2384_web-1024x683.jpg\" alt=\"\" width=\"1024\" height=\"683\" \/><\/p>\n<p><img loading=\"lazy\" decoding=\"async\" class=\"size-large wp-image-837\" src=\"https:\/\/egyptianwisdomcenter.org\/wp-content\/uploads\/2023\/08\/STB_2433_web-1024x683.jpg\" alt=\"\" width=\"1024\" height=\"683\" \/><\/p>\n<p><img loading=\"lazy\" decoding=\"async\" class=\"size-large wp-image-838\" src=\"https:\/\/egyptianwisdomcenter.org\/wp-content\/uploads\/2023\/08\/STB_2434_web-1024x683.jpg\" alt=\"\" width=\"1024\" height=\"683\" \/><\/p>\n<p><img loading=\"lazy\" decoding=\"async\" class=\"size-large wp-image-839\" src=\"https:\/\/egyptianwisdomcenter.org\/wp-content\/uploads\/2023\/08\/STB_2510_web-1024x683.jpg\" alt=\"\" width=\"1024\" height=\"683\" \/><\/p>\n<p><img loading=\"lazy\" decoding=\"async\" class=\"size-large wp-image-840\" src=\"https:\/\/egyptianwisdomcenter.org\/wp-content\/uploads\/2023\/08\/STB_2522_web-1024x683.jpg\" alt=\"\" width=\"1024\" height=\"683\" \/><\/p>\n<p><img loading=\"lazy\" decoding=\"async\" class=\"size-large wp-image-841\" src=\"https:\/\/egyptianwisdomcenter.org\/wp-content\/uploads\/2023\/08\/STB_2527_web-1024x683.jpg\" alt=\"\" width=\"1024\" height=\"683\" \/><\/p>\n<p><img loading=\"lazy\" decoding=\"async\" class=\"size-large wp-image-842\" src=\"https:\/\/egyptianwisdomcenter.org\/wp-content\/uploads\/2023\/08\/STB_2636_web-1024x683.jpg\" alt=\"\" width=\"1024\" height=\"683\" \/><\/p>\n<p><img loading=\"lazy\" decoding=\"async\" class=\"size-large wp-image-843\" src=\"https:\/\/egyptianwisdomcenter.org\/wp-content\/uploads\/2023\/08\/STB_1212_web-1024x683.jpg\" alt=\"\" width=\"1024\" height=\"683\" \/><\/p>\n<p><img loading=\"lazy\" decoding=\"async\" class=\"size-large wp-image-844\" src=\"https:\/\/egyptianwisdomcenter.org\/wp-content\/uploads\/2023\/08\/STB_1273_web-1024x683.jpg\" alt=\"\" width=\"1024\" height=\"683\" \/><\/p>\n<p><img loading=\"lazy\" decoding=\"async\" class=\"size-large wp-image-845\" src=\"https:\/\/egyptianwisdomcenter.org\/wp-content\/uploads\/2023\/08\/STB_1310_web-1024x683.jpg\" alt=\"\" width=\"1024\" height=\"683\" \/><\/p>\n<p><img loading=\"lazy\" decoding=\"async\" class=\"size-large wp-image-846\" src=\"https:\/\/egyptianwisdomcenter.org\/wp-content\/uploads\/2023\/08\/STB_1391_web-1024x683.jpg\" alt=\"\" width=\"1024\" height=\"683\" \/><\/p>\n<p><img loading=\"lazy\" decoding=\"async\" class=\"size-large wp-image-848\" src=\"https:\/\/egyptianwisdomcenter.org\/wp-content\/uploads\/2023\/08\/STB_1598_web-1024x683.jpg\" alt=\"\" width=\"1024\" height=\"683\" \/><\/p>\n<p><img loading=\"lazy\" decoding=\"async\" class=\"size-large wp-image-849\" src=\"https:\/\/egyptianwisdomcenter.org\/wp-content\/uploads\/2023\/08\/STB_1754_web-1024x683.jpg\" alt=\"\" width=\"1024\" height=\"683\" \/><\/p>\n<p style=\"text-align: center;\">\n<style>body,.content-inner{background:#FCD701 !important;<\/style><\/p>","protected":false},"excerpt":{"rendered":"<p>About | Production Team | Trailer | Video Purchase | Rights &amp; Licensing | Act 1 | Act 2 | Act 3 [&hellip;]<\/p>","protected":false},"author":3,"featured_media":0,"parent":68534,"menu_order":0,"comment_status":"closed","ping_status":"closed","template":"","meta":{"footnotes":""},"class_list":["post-68536","page","type-page","status-publish","hentry"],"aioseo_notices":[],"_links":{"self":[{"href":"https:\/\/egyptianwisdomcenter.org\/es\/wp-json\/wp\/v2\/pages\/68536","targetHints":{"allow":["GET"]}}],"collection":[{"href":"https:\/\/egyptianwisdomcenter.org\/es\/wp-json\/wp\/v2\/pages"}],"about":[{"href":"https:\/\/egyptianwisdomcenter.org\/es\/wp-json\/wp\/v2\/types\/page"}],"author":[{"embeddable":true,"href":"https:\/\/egyptianwisdomcenter.org\/es\/wp-json\/wp\/v2\/users\/3"}],"replies":[{"embeddable":true,"href":"https:\/\/egyptianwisdomcenter.org\/es\/wp-json\/wp\/v2\/comments?post=68536"}],"version-history":[{"count":15,"href":"https:\/\/egyptianwisdomcenter.org\/es\/wp-json\/wp\/v2\/pages\/68536\/revisions"}],"predecessor-version":[{"id":69066,"href":"https:\/\/egyptianwisdomcenter.org\/es\/wp-json\/wp\/v2\/pages\/68536\/revisions\/69066"}],"up":[{"embeddable":true,"href":"https:\/\/egyptianwisdomcenter.org\/es\/wp-json\/wp\/v2\/pages\/68534"}],"wp:attachment":[{"href":"https:\/\/egyptianwisdomcenter.org\/es\/wp-json\/wp\/v2\/media?parent=68536"}],"curies":[{"name":"wp","href":"https:\/\/api.w.org\/{rel}","templated":true}]}}