{"id":68537,"date":"2020-04-30T00:22:11","date_gmt":"2020-04-30T00:22:11","guid":{"rendered":"http:\/\/isisrisesoperetta.com\/?page_id=89"},"modified":"2024-03-19T12:52:09","modified_gmt":"2024-03-19T16:52:09","slug":"scene-2","status":"publish","type":"page","link":"https:\/\/egyptianwisdomcenter.org\/es\/las-escenas\/escena-2\/","title":{"rendered":"Acto 2"},"content":{"rendered":"<p style=\"margin-top: 25px; margin-left: 10px; font-size: 16px; font-weight: bold;\"><a href=\"https:\/\/egyptianwisdomcenter.org\/es\/opereta\/\">Acerca de<\/a> | <a href=\"\/es\/production-team\/\">Equipo de produccion<\/a> | <a href=\"\/es\/trailer\/\">Remolque<\/a> | <a href=\"\/es\/product\/isis-rises-operetta\/\">Compra de v\u00eddeo<\/a> | <a href=\"https:\/\/egyptianwisdomcenter.org\/es\/licencia-de-derechos\/\">Rights &amp; Licensing<\/a> | <a href=\"https:\/\/egyptianwisdomcenter.org\/es\/las-escenas\/escena-1\/\">acto 1<\/a> | <a href=\"https:\/\/egyptianwisdomcenter.org\/es\/las-escenas\/escena-2\/\">Acto 2<\/a> | <a href=\"https:\/\/egyptianwisdomcenter.org\/es\/las-escenas\/escena-3\/\">Acto 3<\/a> | <a href=\"https:\/\/egyptianwisdomcenter.org\/es\/las-escenas\/escena-4\/\">Acto 4<\/a> | <a href=\"https:\/\/egyptianwisdomcenter.org\/es\/las-escenas\/escena-5\/\">Acto 5<\/a> | <a href=\"https:\/\/egyptianwisdomcenter.org\/es\/las-escenas\/escena-6\/\">Acto 6<\/a> | <a href=\"https:\/\/egyptianwisdomcenter.org\/es\/isis-rises-operetta-free-book\/\">Free Book<\/a><\/p>\n<h1>Isis Rises Operetta &#8211; Act 2<\/h1>\n<div class=\"gmail_default\">\n<div class=\"gmail_default\">\n<h3><span style=\"color: #ff0000;\">Resumen del Acto 2 \u2013 \u00a1De la boca de los beb\u00e9s!<\/span><\/h3>\n<p><span style=\"font-weight: 400;\">a- Isis est\u00e1 sentada en el rinc\u00f3n m\u00e1s alejado del escenario, cansada y abatida, mientras cinco ni\u00f1os peque\u00f1os juegan\/bailan al ritmo de &#039;Yamama Byda&#039; [una canci\u00f3n popular de los ni\u00f1os egipcios sobre la Paloma Blanca].\u00a0\u00a0<\/span><\/p>\n<p><span style=\"font-weight: 400;\">b- Los ni\u00f1os notaron las tristes condiciones de Isis. Dejaron de jugar, sintiendo pena por la afligida Isis. Se acercaron a ella para preguntarle qu\u00e9 pasaba.<\/span><\/p>\n<p><span style=\"font-weight: 400;\">c- Isis les dijo que est\u00e1 buscando desesperadamente al Osiris perdido. Ella les pregunt\u00f3 si sab\u00edan algo sobre el paradero de Osiris.<\/span><\/p>\n<p><span style=\"font-weight: 400;\">d- Le dijeron que lo encontrara en un \u00e1rbol y le se\u00f1alaron en su direcci\u00f3n. \u00a1La pantalla del escenario muestra un \u00e1rbol magn\u00edfico!<\/span><\/p>\n<p><span style=\"font-weight: 400;\">e-Isis agradeci\u00f3 a los ni\u00f1os y salud\u00f3 con la mano antes de irse para seguir las instrucciones dadas.<\/span><\/p>\n<p><span style=\"font-weight: 400;\">f- Los ni\u00f1os volvieron a jugar.<\/span><\/p>\n<\/div>\n<p>&nbsp;<\/p>\n<p>&nbsp;<\/p>\n<p><span style=\"font-weight: 400;\">Osiris incrustado en un \u00e1rbol de hoja perenne<\/span><\/p>\n<p><img fetchpriority=\"high\" decoding=\"async\" class=\"alignnone size-full wp-image-315\" src=\"http:\/\/isisrisesoperetta.com\/wp-content\/uploads\/2022\/02\/embedded-into-evergreen-tree.png\" alt=\"\" width=\"289\" height=\"179\" \/><\/p>\n<\/div>\n<style>body,.content-inner{background:#FCD701 !important;<\/style>","protected":false},"excerpt":{"rendered":"<p>About | Production Team | Trailer | Video Purchase | Rights &amp; Licensing | Act 1 | Act 2 | Act 3 [&hellip;]<\/p>","protected":false},"author":3,"featured_media":0,"parent":68534,"menu_order":0,"comment_status":"closed","ping_status":"closed","template":"","meta":{"footnotes":""},"class_list":["post-68537","page","type-page","status-publish","hentry"],"aioseo_notices":[],"_links":{"self":[{"href":"https:\/\/egyptianwisdomcenter.org\/es\/wp-json\/wp\/v2\/pages\/68537","targetHints":{"allow":["GET"]}}],"collection":[{"href":"https:\/\/egyptianwisdomcenter.org\/es\/wp-json\/wp\/v2\/pages"}],"about":[{"href":"https:\/\/egyptianwisdomcenter.org\/es\/wp-json\/wp\/v2\/types\/page"}],"author":[{"embeddable":true,"href":"https:\/\/egyptianwisdomcenter.org\/es\/wp-json\/wp\/v2\/users\/3"}],"replies":[{"embeddable":true,"href":"https:\/\/egyptianwisdomcenter.org\/es\/wp-json\/wp\/v2\/comments?post=68537"}],"version-history":[{"count":10,"href":"https:\/\/egyptianwisdomcenter.org\/es\/wp-json\/wp\/v2\/pages\/68537\/revisions"}],"predecessor-version":[{"id":69067,"href":"https:\/\/egyptianwisdomcenter.org\/es\/wp-json\/wp\/v2\/pages\/68537\/revisions\/69067"}],"up":[{"embeddable":true,"href":"https:\/\/egyptianwisdomcenter.org\/es\/wp-json\/wp\/v2\/pages\/68534"}],"wp:attachment":[{"href":"https:\/\/egyptianwisdomcenter.org\/es\/wp-json\/wp\/v2\/media?parent=68537"}],"curies":[{"name":"wp","href":"https:\/\/api.w.org\/{rel}","templated":true}]}}