{"id":68538,"date":"2020-04-30T00:22:57","date_gmt":"2020-04-30T00:22:57","guid":{"rendered":"http:\/\/isisrisesoperetta.com\/?page_id=91"},"modified":"2024-03-19T12:52:13","modified_gmt":"2024-03-19T16:52:13","slug":"scene-3","status":"publish","type":"page","link":"https:\/\/egyptianwisdomcenter.org\/es\/las-escenas\/escena-3\/","title":{"rendered":"Acto 3"},"content":{"rendered":"<p style=\"margin-top: 25px; margin-left: 10px; font-size: 16px; font-weight: bold;\"><a href=\"https:\/\/egyptianwisdomcenter.org\/es\/opereta\/\">Acerca de<\/a> | <a href=\"\/es\/production-team\/\">Equipo de produccion<\/a> | <a href=\"\/es\/trailer\/\">Remolque<\/a> | <a href=\"\/es\/product\/isis-rises-operetta\/\">Compra de v\u00eddeo<\/a> | <a href=\"https:\/\/egyptianwisdomcenter.org\/es\/licencia-de-derechos\/\">Rights &amp; Licensing<\/a> | <a href=\"https:\/\/egyptianwisdomcenter.org\/es\/las-escenas\/escena-1\/\">acto 1<\/a> | <a href=\"https:\/\/egyptianwisdomcenter.org\/es\/las-escenas\/escena-2\/\">Acto 2<\/a> | <a href=\"https:\/\/egyptianwisdomcenter.org\/es\/las-escenas\/escena-3\/\">Acto 3<\/a> | <a href=\"https:\/\/egyptianwisdomcenter.org\/es\/las-escenas\/escena-4\/\">Acto 4<\/a> | <a href=\"https:\/\/egyptianwisdomcenter.org\/es\/las-escenas\/escena-5\/\">Acto 5<\/a> | <a href=\"https:\/\/egyptianwisdomcenter.org\/es\/las-escenas\/escena-6\/\">Acto 6<\/a> | <a href=\"https:\/\/egyptianwisdomcenter.org\/es\/isis-rises-operetta-free-book\/\">Free Book<\/a><\/p>\n<h1>Isis Rises Operetta &#8211; Act 3<\/h1>\n<div>\n<h3><span style=\"color: #ff0000;\">Resumen del acto 3 \u2013 El \u00e1rbol sagrado de la vida<\/span><\/h3>\n<\/div>\n<div class=\"gmail_default\">\n<div class=\"gmail_default\">\n<div class=\"gmail_default\">\n<p><span style=\"font-weight: 400;\">a- La pantalla del escenario muestra el escenario, mientras Isis se acerca al \u00e1rbol del que le hablaron los ni\u00f1os.<\/span><\/p>\n<p><span style=\"font-weight: 400;\">b- Isis avanza hacia el \u00c1rbol y se encuentra con un grupo de bailarines que representan sirvientas barriendo ritualmente el suelo alrededor del \u00e1rbol con ramas.<\/span><\/p>\n<p><span style=\"font-weight: 400;\">c- Despu\u00e9s de 1-2 minutos Isis procede a unirse a las doncellas en su danza ritual de limpieza.<\/span><\/p>\n<p><span style=\"font-weight: 400;\">d- Unos minutos m\u00e1s tarde, Isis no pudo esperar m\u00e1s y se separ\u00f3 de las doncellas bailarinas y se dirigi\u00f3 hacia el \u00e1rbol.<\/span><\/p>\n<p><span style=\"font-weight: 400;\">e- Con mucho cuidado toc\u00f3 el \u00e1rbol con su dedo \u00edndice \u2013 estalla un rel\u00e1mpago y el escenario se oscurece por un segundo. S\u00ed, el \u00c1rbol contiene el Cuerpo de Osiris. Isis est\u00e1 euf\u00f3rica y abraza al \u00c1rbol; en esencia, est\u00e1 abrazando a Osiris.<\/span><\/p>\n<p><span style=\"font-weight: 400;\">f- Al tono[sin letra] de Lama Bada Yatathana, Isis baila como un \u00e1rbol vivo en la brisa.<\/span><\/p>\n<p><span style=\"font-weight: 400;\">g- Despu\u00e9s de haberse reunido con Isis, la luna llena aparece en el cielo para Osiris simboliza <\/span><i><span style=\"font-weight: 400;\">La luna<\/span><\/i><span style=\"font-weight: 400;\"> \u2013 cuya luz es el reflejo de la luz del sol \u2013 \u00a1como est\u00e1 simbolizada por Isis!<\/span><\/p>\n<p><span style=\"font-weight: 400;\">Pero esta Luna Llena es especial porque es una Luna Azul: \u00a1una ocasi\u00f3n rara!<\/span><\/p>\n<p><span style=\"font-weight: 400;\">h- Las siete doncellas bailan a la luz de la luna [s\u00edmbolo de Osiris] - la Danza de la Fertilidad.<\/span><\/p>\n<p><span style=\"font-weight: 400;\">i- Las luces se aten\u00faan y la pantalla muestra una descripci\u00f3n general de la ruta de viaje de Isis y el cuerpo de Osiris [despu\u00e9s de retirar el \u00e1rbol circundante]: desde el sitio del \u00e1rbol hasta la costa, a trav\u00e9s de las aguas abiertas del mar Mediterr\u00e1neo y de regreso a Egipto. \u2014 en las marismas entre la ciudad de Damietta y el lago Manzala.<\/span><\/p>\n<p>&nbsp;<\/p>\n<p><span style=\"font-weight: 400;\">Osiris incrustado en un \u00e1rbol de hoja perenne<br \/>\n<\/span><\/p>\n<p><img fetchpriority=\"high\" decoding=\"async\" class=\"alignnone size-full wp-image-315\" src=\"http:\/\/isisrisesoperetta.com\/wp-content\/uploads\/2022\/02\/embedded-into-evergreen-tree.png\" alt=\"\" width=\"289\" height=\"179\" \/><\/p>\n<p>La luna baila con panderetas en forma de luna.<\/p>\n<p><img decoding=\"async\" class=\"alignnone size-full wp-image-316\" src=\"http:\/\/isisrisesoperetta.com\/wp-content\/uploads\/2022\/02\/moon-dance.png\" alt=\"\" width=\"227\" height=\"244\" \/><\/p>\n<p><img decoding=\"async\" class=\"alignnone wp-image-319\" src=\"http:\/\/isisrisesoperetta.com\/wp-content\/uploads\/2022\/02\/moon-dance-2.png\" alt=\"\" width=\"219\" height=\"322\" \/><\/p>\n<p><img loading=\"lazy\" decoding=\"async\" class=\"alignnone size-full wp-image-320\" src=\"http:\/\/isisrisesoperetta.com\/wp-content\/uploads\/2022\/02\/moon-dance-3.png\" alt=\"\" width=\"256\" height=\"232\" \/><\/p>\n<\/div>\n<p><img loading=\"lazy\" decoding=\"async\" class=\"size-large wp-image-857\" src=\"https:\/\/egyptianwisdomcenter.org\/wp-content\/uploads\/2023\/08\/STB_2986_web-1024x683.jpg\" alt=\"\" width=\"1024\" height=\"683\" \/><\/p>\n<p><img loading=\"lazy\" decoding=\"async\" class=\"size-large wp-image-858\" src=\"https:\/\/egyptianwisdomcenter.org\/wp-content\/uploads\/2023\/08\/STB_3007_web-1024x683.jpg\" alt=\"\" width=\"1024\" height=\"683\" \/><\/p>\n<p><img loading=\"lazy\" decoding=\"async\" class=\"size-large wp-image-859\" src=\"https:\/\/egyptianwisdomcenter.org\/wp-content\/uploads\/2023\/08\/STB_3011_web-1024x683.jpg\" alt=\"\" width=\"1024\" height=\"683\" \/><\/p>\n<p><img loading=\"lazy\" decoding=\"async\" class=\"size-large wp-image-860\" src=\"https:\/\/egyptianwisdomcenter.org\/wp-content\/uploads\/2023\/08\/STB_3026_web-1024x683.jpg\" alt=\"\" width=\"1024\" height=\"683\" \/><\/p>\n<p><img loading=\"lazy\" decoding=\"async\" class=\"size-large wp-image-861\" src=\"https:\/\/egyptianwisdomcenter.org\/wp-content\/uploads\/2023\/08\/STB_3096_web-1024x683.jpg\" alt=\"\" width=\"1024\" height=\"683\" \/><\/p>\n<p><img loading=\"lazy\" decoding=\"async\" class=\"size-large wp-image-862\" src=\"https:\/\/egyptianwisdomcenter.org\/wp-content\/uploads\/2023\/08\/STB_3104_web-1024x683.jpg\" alt=\"\" width=\"1024\" height=\"683\" \/><\/p>\n<p><img loading=\"lazy\" decoding=\"async\" class=\"size-large wp-image-863\" src=\"https:\/\/egyptianwisdomcenter.org\/wp-content\/uploads\/2023\/08\/STB_3177_web-1024x683.jpg\" alt=\"\" width=\"1024\" height=\"683\" \/><\/p>\n<p><img loading=\"lazy\" decoding=\"async\" class=\"size-large wp-image-864\" src=\"https:\/\/egyptianwisdomcenter.org\/wp-content\/uploads\/2023\/08\/STB_3190_web-1024x683.jpg\" alt=\"\" width=\"1024\" height=\"683\" \/><\/p>\n<p><img loading=\"lazy\" decoding=\"async\" class=\"size-large wp-image-865\" src=\"https:\/\/egyptianwisdomcenter.org\/wp-content\/uploads\/2023\/08\/STB_3325_web-1024x683.jpg\" alt=\"\" width=\"1024\" height=\"683\" \/><\/p>\n<p><img loading=\"lazy\" decoding=\"async\" class=\"size-large wp-image-866\" src=\"https:\/\/egyptianwisdomcenter.org\/wp-content\/uploads\/2023\/08\/STB_2837_web-1024x683.jpg\" alt=\"\" width=\"1024\" height=\"683\" \/><\/p>\n<p><img loading=\"lazy\" decoding=\"async\" class=\"size-large wp-image-867\" src=\"https:\/\/egyptianwisdomcenter.org\/wp-content\/uploads\/2023\/08\/STB_2975_web-1024x683.jpg\" alt=\"\" width=\"1024\" height=\"683\" \/><\/p>\n<p><img loading=\"lazy\" decoding=\"async\" class=\"size-large wp-image-869\" src=\"https:\/\/egyptianwisdomcenter.org\/wp-content\/uploads\/2023\/08\/STB_2045_web-1024x683.jpg\" alt=\"\" width=\"1024\" height=\"683\" \/><\/p>\n<p><img loading=\"lazy\" decoding=\"async\" class=\"size-large wp-image-870\" src=\"https:\/\/egyptianwisdomcenter.org\/wp-content\/uploads\/2023\/08\/STB_2093_web-1024x683.jpg\" alt=\"\" width=\"1024\" height=\"683\" \/><\/p>\n<p><img loading=\"lazy\" decoding=\"async\" class=\"size-large wp-image-872\" src=\"https:\/\/egyptianwisdomcenter.org\/wp-content\/uploads\/2023\/08\/STB_0857_web-683x1024.jpg\" alt=\"\" width=\"683\" height=\"1024\" \/><\/p>\n<p><img loading=\"lazy\" decoding=\"async\" class=\"size-large wp-image-874\" src=\"https:\/\/egyptianwisdomcenter.org\/wp-content\/uploads\/2023\/08\/STB_1199_web-1-1024x683.jpg\" alt=\"\" width=\"1024\" height=\"683\" \/><\/p>\n<p><img loading=\"lazy\" decoding=\"async\" class=\"size-large wp-image-875\" src=\"https:\/\/egyptianwisdomcenter.org\/wp-content\/uploads\/2023\/08\/STB_1554_web-1024x683.jpg\" alt=\"\" width=\"1024\" height=\"683\" \/><\/p>\n<p><img loading=\"lazy\" decoding=\"async\" class=\"size-large wp-image-876\" src=\"https:\/\/egyptianwisdomcenter.org\/wp-content\/uploads\/2023\/08\/STB_1773_web-1024x683.jpg\" alt=\"\" width=\"1024\" height=\"683\" \/><\/p>\n<\/div>\n<\/div>\n<style>body,.content-inner{background:#FCD701 !important;<\/style>","protected":false},"excerpt":{"rendered":"<p>About | Production Team | Trailer | Video Purchase | Rights &amp; Licensing | Act 1 | Act 2 | Act 3 [&hellip;]<\/p>","protected":false},"author":3,"featured_media":0,"parent":68534,"menu_order":0,"comment_status":"closed","ping_status":"closed","template":"page-templates\/page_fullwidth.php","meta":{"footnotes":""},"class_list":["post-68538","page","type-page","status-publish","hentry"],"aioseo_notices":[],"_links":{"self":[{"href":"https:\/\/egyptianwisdomcenter.org\/es\/wp-json\/wp\/v2\/pages\/68538","targetHints":{"allow":["GET"]}}],"collection":[{"href":"https:\/\/egyptianwisdomcenter.org\/es\/wp-json\/wp\/v2\/pages"}],"about":[{"href":"https:\/\/egyptianwisdomcenter.org\/es\/wp-json\/wp\/v2\/types\/page"}],"author":[{"embeddable":true,"href":"https:\/\/egyptianwisdomcenter.org\/es\/wp-json\/wp\/v2\/users\/3"}],"replies":[{"embeddable":true,"href":"https:\/\/egyptianwisdomcenter.org\/es\/wp-json\/wp\/v2\/comments?post=68538"}],"version-history":[{"count":6,"href":"https:\/\/egyptianwisdomcenter.org\/es\/wp-json\/wp\/v2\/pages\/68538\/revisions"}],"predecessor-version":[{"id":69068,"href":"https:\/\/egyptianwisdomcenter.org\/es\/wp-json\/wp\/v2\/pages\/68538\/revisions\/69068"}],"up":[{"embeddable":true,"href":"https:\/\/egyptianwisdomcenter.org\/es\/wp-json\/wp\/v2\/pages\/68534"}],"wp:attachment":[{"href":"https:\/\/egyptianwisdomcenter.org\/es\/wp-json\/wp\/v2\/media?parent=68538"}],"curies":[{"name":"wp","href":"https:\/\/api.w.org\/{rel}","templated":true}]}}