{"id":68539,"date":"2020-04-30T00:23:13","date_gmt":"2020-04-30T00:23:13","guid":{"rendered":"http:\/\/isisrisesoperetta.com\/?page_id=93"},"modified":"2024-03-19T12:52:17","modified_gmt":"2024-03-19T16:52:17","slug":"scene-4","status":"publish","type":"page","link":"https:\/\/egyptianwisdomcenter.org\/es\/las-escenas\/escena-4\/","title":{"rendered":"Acto 4"},"content":{"rendered":"<p style=\"margin-top: 25px; margin-left: 10px; font-size: 16px; font-weight: bold;\"><a href=\"https:\/\/egyptianwisdomcenter.org\/es\/opereta\/\">Acerca de<\/a> | <a href=\"\/es\/production-team\/\">Equipo de produccion<\/a> | <a href=\"\/es\/trailer\/\">Remolque<\/a> | <a href=\"\/es\/product\/isis-rises-operetta\/\">Compra de v\u00eddeo<\/a> | <a href=\"https:\/\/egyptianwisdomcenter.org\/es\/licencia-de-derechos\/\">Rights &amp; Licensing<\/a> | <a href=\"https:\/\/egyptianwisdomcenter.org\/es\/las-escenas\/escena-1\/\">acto 1<\/a> | <a href=\"https:\/\/egyptianwisdomcenter.org\/es\/las-escenas\/escena-2\/\">Acto 2<\/a> | <a href=\"https:\/\/egyptianwisdomcenter.org\/es\/las-escenas\/escena-3\/\">Acto 3<\/a> | <a href=\"https:\/\/egyptianwisdomcenter.org\/es\/las-escenas\/escena-4\/\">Acto 4<\/a> | <a href=\"https:\/\/egyptianwisdomcenter.org\/es\/las-escenas\/escena-5\/\">Acto 5<\/a> | <a href=\"https:\/\/egyptianwisdomcenter.org\/es\/las-escenas\/escena-6\/\">Acto 6<\/a> | <a href=\"https:\/\/egyptianwisdomcenter.org\/es\/isis-rises-operetta-free-book\/\">Free Book<\/a><\/p>\n<h1>Isis Rises Operetta &#8211; Act 4<\/h1>\n<div>\n<h3><span style=\"color: #ff0000;\">Resumen del acto 4 \u2013 La Inmaculada Concepci\u00f3n de Horus<\/span><\/h3>\n<\/div>\n<div class=\"gmail_default\">\n<div class=\"gmail_default\">\n<div class=\"gmail_default\">\n<div class=\"gmail_default\">\n<p><span style=\"font-weight: 400;\">a- La escena se sit\u00faa en los pantanos para esconderse de las fuerzas del mal de Seth y sus c\u00f3mplices. El cuerpo sin vida de Osiris [en coma] yace en un t\u00edpico muelle egipcio en forma de le\u00f3n.<\/span><\/p>\n<p><span style=\"font-weight: 400;\">b- Isis toca el pecho de Osiris y siente un d\u00e9bil pulso. Luego comienza a rogarle a Osiris que se resucite. \u00a1Osiris intenta responder pero no puede recuperar la conciencia!\u00a0<\/span><\/p>\n<p><span style=\"font-weight: 400;\">c- \u00a1Al no poder despertarlo, Isis estall\u00f3 llorando sobre \u00e9l!<\/span><\/p>\n<p><span style=\"font-weight: 400;\">d- Isis decidi\u00f3 que si no puede despertar a Osiris, debe encontrar una manera de tener un hijo. Isis se convirti\u00f3 en buitre, abri\u00f3 sus alas y se expuso a sus semillas [espermatozoides].<\/span><\/p>\n<p><span style=\"font-weight: 400;\">[Cabe se\u00f1alar que los buitres se aparean, no mediante contacto directo con los machos, sino exponi\u00e9ndose a los machos a distancia, en una danza ritual.]<\/span><\/p>\n<p><span style=\"font-weight: 400;\">e \u2013 Se ven tres sonidos de rel\u00e1mpagos en el cielo estrellado, indicativos de la inmaculada concepci\u00f3n de Horus \u2013 \u00a1Isis est\u00e1 embarazada!<\/span><\/p>\n<p><span style=\"font-weight: 400;\">La fuerza c\u00f3smica responsable de su impregnaci\u00f3n fue <\/span><i><span style=\"font-weight: 400;\">MeSSeH. la estrella cocodrilo<\/span><\/i><span style=\"font-weight: 400;\">, seg\u00fan el Hechizo 148 de los Textos del Ata\u00fad:<\/span><\/p>\n<p><b><i>La estrella cocodrilo (MeSSeH) ataca... Isis se despierta embarazada de la semilla de Osiris, es decir, Horus.<\/i><\/b><\/p>\n<p><span style=\"font-weight: 400;\">f- El escenario se oscurece al escuchar el llanto del reci\u00e9n nacido Horus; \u00a1Seguido del t\u00edpico zaghareed de celebraci\u00f3n egipcio!<\/span><\/p>\n<p><span style=\"font-weight: 400;\">g- Isis y su reci\u00e9n nacido est\u00e1n rodeados de bailarines que realizan un jubiloso baile de celebraci\u00f3n.<\/span><\/p>\n<p><span style=\"font-weight: 400;\">h- Aparecen figuras sombr\u00edas en la distancia y pronto atacan tratando de robar al reci\u00e9n nacido Horus.<\/span><\/p>\n<p><span style=\"font-weight: 400;\">i- Un grupo de siete mujeres, cada una con una diadema de color rojo con un escorpi\u00f3n adherido, protegieron a Isis y Horus y repelieron las fuerzas oscuras en una actuaci\u00f3n ritual.<\/span><\/p>\n<p><span style=\"font-weight: 400;\">\u00a0Esta diadema en particular es indicativa de un modo protector: \u00a1del reci\u00e9n nacido!<\/span><\/p>\n<p>&nbsp;<\/p>\n<p>&nbsp;<\/p>\n<p>&nbsp;<\/p>\n<p>&nbsp;<\/p>\n<p><span style=\"font-weight: 400;\">Rog\u00e1ndole a Osiris que se levante o despierte \u2013 en una t\u00edpica cama egipcia.<br \/>\n<\/span><\/p>\n<p><img fetchpriority=\"high\" decoding=\"async\" class=\"alignnone size-medium wp-image-324\" src=\"http:\/\/isisrisesoperetta.com\/wp-content\/uploads\/2022\/02\/begging-arise-awaken-300x184.png\" alt=\"\" width=\"300\" height=\"184\" \/><\/p>\n<p>Inmaculada concepci\u00f3n del buitre, con alas de buitre.<br \/>\n<img decoding=\"async\" class=\"alignnone size-full wp-image-325\" src=\"http:\/\/isisrisesoperetta.com\/wp-content\/uploads\/2022\/02\/immaculate-vulture-conception.png\" alt=\"\" width=\"298\" height=\"119\" \/><br \/>\nInmaculada concepci\u00f3n del buitre: se muestran espermatozoides\/semillas de Osiris impregnando a la hembra del buitre.<\/p>\n<p><img decoding=\"async\" class=\"alignnone size-full wp-image-326\" src=\"http:\/\/isisrisesoperetta.com\/wp-content\/uploads\/2022\/02\/vulture-conception-sperm-seeds.png\" alt=\"\" width=\"253\" height=\"117\" \/><\/p>\n<p>Diosa femenina con alas de buitre extendidas.<\/p>\n<p><img loading=\"lazy\" decoding=\"async\" class=\"alignnone size-full wp-image-327\" src=\"http:\/\/isisrisesoperetta.com\/wp-content\/uploads\/2022\/02\/female-goddess-extended-vulture-wings.png\" alt=\"\" width=\"300\" height=\"105\" \/><\/p>\n<p><span style=\"font-weight: 400;\">Un buitre con las alas extendidas abiertas.<\/span><\/p>\n<p><img loading=\"lazy\" decoding=\"async\" class=\"alignnone size-full wp-image-328\" src=\"http:\/\/isisrisesoperetta.com\/wp-content\/uploads\/2022\/02\/vulture-with-open-extended-wings.png\" alt=\"\" width=\"259\" height=\"226\" \/><\/p>\n<p><span style=\"font-weight: 400;\">La t\u00edpica cama egipcia con una cabeza de le\u00f3n a un lado y su cola al otro. Las patas de apoyo tambi\u00e9n son patas de le\u00f3n.<\/span><\/p>\n<p><img loading=\"lazy\" decoding=\"async\" class=\"alignnone size-medium wp-image-329\" src=\"http:\/\/isisrisesoperetta.com\/wp-content\/uploads\/2022\/02\/egyptian-bed-with-lion-head-300x243.png\" alt=\"\" width=\"300\" height=\"243\" \/><\/p>\n<p>&nbsp;<\/p>\n<p><span style=\"font-weight: 400;\">Madonna [Isis] alimenta al ni\u00f1o reci\u00e9n nacido, sentada en una forma de caja simple como asiento.<\/span><\/p>\n<p><img loading=\"lazy\" decoding=\"async\" class=\"alignnone size-full wp-image-330\" src=\"http:\/\/isisrisesoperetta.com\/wp-content\/uploads\/2022\/02\/Isis-feeding-baby.png\" alt=\"\" width=\"158\" height=\"268\" \/><\/p>\n<p><span style=\"font-weight: 400;\">Isis y Horus en las marismas egipcias.<\/span><\/p>\n<p><img loading=\"lazy\" decoding=\"async\" class=\"alignnone size-medium wp-image-331\" src=\"http:\/\/isisrisesoperetta.com\/wp-content\/uploads\/2022\/02\/Isis-Horus-in-marshes-200x300.png\" alt=\"\" width=\"200\" height=\"300\" \/><\/p>\n<p><span style=\"font-weight: 400;\">Serket lleva un escorpi\u00f3n en la cabeza.<br \/>\n<\/span><\/p>\n<p><img loading=\"lazy\" decoding=\"async\" class=\"alignnone size-full wp-image-332\" src=\"http:\/\/isisrisesoperetta.com\/wp-content\/uploads\/2022\/02\/Serket-wearing-scorpion.png\" alt=\"\" width=\"113\" height=\"150\" \/><\/p>\n<p><span style=\"font-weight: 400;\"><br \/>\n<img loading=\"lazy\" decoding=\"async\" class=\"alignnone size-medium wp-image-333\" src=\"http:\/\/isisrisesoperetta.com\/wp-content\/uploads\/2022\/02\/serket-wearing-scorpion-2-300x240.png\" alt=\"\" width=\"300\" height=\"240\" \/><br \/>\n<\/span><\/p>\n<p><img loading=\"lazy\" decoding=\"async\" class=\"alignnone size-full wp-image-334\" src=\"http:\/\/isisrisesoperetta.com\/wp-content\/uploads\/2022\/02\/serket-wearing-scorpion-3.png\" alt=\"\" width=\"173\" height=\"238\" \/><\/p>\n<p><img loading=\"lazy\" decoding=\"async\" class=\"size-large wp-image-878\" src=\"https:\/\/egyptianwisdomcenter.org\/wp-content\/uploads\/2023\/08\/STB_3619_web-1024x683.jpg\" alt=\"\" width=\"1024\" height=\"683\" \/><\/p>\n<p><img loading=\"lazy\" decoding=\"async\" class=\"size-large wp-image-879\" src=\"https:\/\/egyptianwisdomcenter.org\/wp-content\/uploads\/2023\/08\/STB_3636_web-1024x683.jpg\" alt=\"\" width=\"1024\" height=\"683\" \/><\/p>\n<p><img loading=\"lazy\" decoding=\"async\" class=\"size-large wp-image-880\" src=\"https:\/\/egyptianwisdomcenter.org\/wp-content\/uploads\/2023\/08\/STB_3749_web-1024x683.jpg\" alt=\"\" width=\"1024\" height=\"683\" \/><\/p>\n<p><img loading=\"lazy\" decoding=\"async\" class=\"size-large wp-image-881\" src=\"https:\/\/egyptianwisdomcenter.org\/wp-content\/uploads\/2023\/08\/STB_3920_web-1024x683.jpg\" alt=\"\" width=\"1024\" height=\"683\" \/><\/p>\n<p><img loading=\"lazy\" decoding=\"async\" class=\"size-large wp-image-882\" src=\"https:\/\/egyptianwisdomcenter.org\/wp-content\/uploads\/2023\/08\/STB_3927_web-1024x683.jpg\" alt=\"\" width=\"1024\" height=\"683\" \/><\/p>\n<p><img loading=\"lazy\" decoding=\"async\" class=\"size-large wp-image-883\" src=\"https:\/\/egyptianwisdomcenter.org\/wp-content\/uploads\/2023\/08\/STB_3936_web-1024x683.jpg\" alt=\"\" width=\"1024\" height=\"683\" \/><\/p>\n<p><img loading=\"lazy\" decoding=\"async\" class=\"size-large wp-image-884\" src=\"https:\/\/egyptianwisdomcenter.org\/wp-content\/uploads\/2023\/08\/STB_4066_web-1024x683.jpg\" alt=\"\" width=\"1024\" height=\"683\" \/><\/p>\n<p><img loading=\"lazy\" decoding=\"async\" class=\"size-large wp-image-885\" src=\"https:\/\/egyptianwisdomcenter.org\/wp-content\/uploads\/2023\/08\/STB_4075_web-1024x683.jpg\" alt=\"\" width=\"1024\" height=\"683\" \/><\/p>\n<p><img loading=\"lazy\" decoding=\"async\" class=\"size-large wp-image-886\" src=\"https:\/\/egyptianwisdomcenter.org\/wp-content\/uploads\/2023\/08\/STB_4091_web-1024x683.jpg\" alt=\"\" width=\"1024\" height=\"683\" \/><\/p>\n<p><img loading=\"lazy\" decoding=\"async\" class=\"size-large wp-image-887\" src=\"https:\/\/egyptianwisdomcenter.org\/wp-content\/uploads\/2023\/08\/STB_4118_web-1024x683.jpg\" alt=\"\" width=\"1024\" height=\"683\" \/><\/p>\n<p><img loading=\"lazy\" decoding=\"async\" class=\"size-large wp-image-888\" src=\"https:\/\/egyptianwisdomcenter.org\/wp-content\/uploads\/2023\/08\/STB_4172_web-1024x683.jpg\" alt=\"\" width=\"1024\" height=\"683\" \/><\/p>\n<p><img loading=\"lazy\" decoding=\"async\" class=\"size-large wp-image-889\" src=\"https:\/\/egyptianwisdomcenter.org\/wp-content\/uploads\/2023\/08\/STB_4211_web-1024x683.jpg\" alt=\"\" width=\"1024\" height=\"683\" \/><\/p>\n<p><img loading=\"lazy\" decoding=\"async\" class=\"size-large wp-image-890\" src=\"https:\/\/egyptianwisdomcenter.org\/wp-content\/uploads\/2023\/08\/STB_4231_web-1024x683.jpg\" alt=\"\" width=\"1024\" height=\"683\" \/><\/p>\n<p><img loading=\"lazy\" decoding=\"async\" class=\"size-large wp-image-891\" src=\"https:\/\/egyptianwisdomcenter.org\/wp-content\/uploads\/2023\/08\/STB_4295_web-1024x683.jpg\" alt=\"\" width=\"1024\" height=\"683\" \/><\/p>\n<p><img loading=\"lazy\" decoding=\"async\" class=\"size-large wp-image-892\" src=\"https:\/\/egyptianwisdomcenter.org\/wp-content\/uploads\/2023\/08\/STB_4344_web-1024x683.jpg\" alt=\"\" width=\"1024\" height=\"683\" \/><\/p>\n<p>&nbsp;<\/p>\n<\/div>\n<\/div>\n<\/div>\n<\/div>\n<style>body,.content-inner{background:#FCD701 !important;<\/style>","protected":false},"excerpt":{"rendered":"<p>About | Production Team | Trailer | Video Purchase | Rights &amp; Licensing | Act 1 | Act 2 | Act 3 [&hellip;]<\/p>","protected":false},"author":3,"featured_media":0,"parent":68534,"menu_order":0,"comment_status":"closed","ping_status":"closed","template":"","meta":{"footnotes":""},"class_list":["post-68539","page","type-page","status-publish","hentry"],"aioseo_notices":[],"_links":{"self":[{"href":"https:\/\/egyptianwisdomcenter.org\/es\/wp-json\/wp\/v2\/pages\/68539","targetHints":{"allow":["GET"]}}],"collection":[{"href":"https:\/\/egyptianwisdomcenter.org\/es\/wp-json\/wp\/v2\/pages"}],"about":[{"href":"https:\/\/egyptianwisdomcenter.org\/es\/wp-json\/wp\/v2\/types\/page"}],"author":[{"embeddable":true,"href":"https:\/\/egyptianwisdomcenter.org\/es\/wp-json\/wp\/v2\/users\/3"}],"replies":[{"embeddable":true,"href":"https:\/\/egyptianwisdomcenter.org\/es\/wp-json\/wp\/v2\/comments?post=68539"}],"version-history":[{"count":7,"href":"https:\/\/egyptianwisdomcenter.org\/es\/wp-json\/wp\/v2\/pages\/68539\/revisions"}],"predecessor-version":[{"id":69069,"href":"https:\/\/egyptianwisdomcenter.org\/es\/wp-json\/wp\/v2\/pages\/68539\/revisions\/69069"}],"up":[{"embeddable":true,"href":"https:\/\/egyptianwisdomcenter.org\/es\/wp-json\/wp\/v2\/pages\/68534"}],"wp:attachment":[{"href":"https:\/\/egyptianwisdomcenter.org\/es\/wp-json\/wp\/v2\/media?parent=68539"}],"curies":[{"name":"wp","href":"https:\/\/api.w.org\/{rel}","templated":true}]}}