{"id":68541,"date":"2020-04-30T00:23:52","date_gmt":"2020-04-30T00:23:52","guid":{"rendered":"http:\/\/isisrisesoperetta.com\/?page_id=97"},"modified":"2024-03-19T12:52:29","modified_gmt":"2024-03-19T16:52:29","slug":"scene-6","status":"publish","type":"page","link":"https:\/\/egyptianwisdomcenter.org\/es\/las-escenas\/escena-6\/","title":{"rendered":"Acto 6"},"content":{"rendered":"<p style=\"margin-top: 25px; margin-left: 10px; font-size: 16px; font-weight: bold;\"><a href=\"https:\/\/egyptianwisdomcenter.org\/es\/opereta\/\">Acerca de<\/a> | <a href=\"\/es\/production-team\/\">Equipo de produccion<\/a> | <a href=\"\/es\/trailer\/\">Remolque<\/a> | <a href=\"\/es\/product\/isis-rises-operetta\/\">Compra de v\u00eddeo<\/a> | <a href=\"https:\/\/egyptianwisdomcenter.org\/es\/licencia-de-derechos\/\">Rights &amp; Licensing<\/a> | <a href=\"https:\/\/egyptianwisdomcenter.org\/es\/las-escenas\/escena-1\/\">acto 1<\/a> | <a href=\"https:\/\/egyptianwisdomcenter.org\/es\/las-escenas\/escena-2\/\">Acto 2<\/a> | <a href=\"https:\/\/egyptianwisdomcenter.org\/es\/las-escenas\/escena-3\/\">Acto 3<\/a> | <a href=\"https:\/\/egyptianwisdomcenter.org\/es\/las-escenas\/escena-4\/\">Acto 4<\/a> | <a href=\"https:\/\/egyptianwisdomcenter.org\/es\/las-escenas\/escena-5\/\">Acto 5<\/a> | <a href=\"https:\/\/egyptianwisdomcenter.org\/es\/las-escenas\/escena-6\/\">Acto 6<\/a> | <a href=\"https:\/\/egyptianwisdomcenter.org\/es\/isis-rises-operetta-free-book\/\">Free Book<\/a><\/p>\n<h1>Isis Rises Operetta &#8211; Act 6<\/h1>\n<div>\n<h3><span style=\"color: #ff0000;\">Acto 6 \u2013 Isis se levanta<\/span><\/h3>\n<\/div>\n<div class=\"gmail_default\">\n<div class=\"gmail_default\">\n<div class=\"gmail_default\">\n<div class=\"gmail_default\">\n<div class=\"gmail_default\">\n<p><span style=\"font-weight: 400;\">a- Isis entra al escenario vac\u00edo muy triste y sola. Ella [como la Madre Naturaleza] comienza a llorar y la pantalla del escenario mostrar\u00e1 la lluvia que cae. Luego la lluvia disminuye hasta convertirse en gotas, deja de llover, el sol sale en el cielo.<\/span><\/p>\n<p><span style=\"font-weight: 400;\">b- Al tono de &#039;Tel-et Ya Mahla Nourha Shams el Shamousa]: &#039;La gloriosa luz del Sol [Isis] ha salido\/aparecido&#039; \u2014- \u00a1Isis se levanta del suelo y baila al sol naciente!.<\/span><\/p>\n<p><span style=\"font-weight: 400;\">Luego se re\u00fane con las siete bailarinas para continuar con la danza del &#039;Sol Naciente&#039;, que termina con Isis triunfando por encima de todo. \u00a1Los t\u00edpicos zaghareed de celebraci\u00f3n egipcio llenan el aire mientras sale el sol!<\/span><\/p>\n<p><span style=\"font-weight: 400;\">c- \u00a1Isis y las siete bailarinas ofrecen el gran final de la danza del loto naciente! Las siete bailarinas llevan la t\u00edpica diadema femenina con una flor de loto adherida a la diadema, para este espect\u00e1culo de danza en particular.<\/span><\/p>\n<p><span style=\"font-weight: 400;\">\u00a1La actuaci\u00f3n termina con Isis siendo llevada triunfalmente por las bailarinas con el t\u00edpico zaghareed de celebraci\u00f3n egipcio sonando!<\/span><\/p>\n<p><img fetchpriority=\"high\" decoding=\"async\" class=\"size-large wp-image-895\" src=\"https:\/\/egyptianwisdomcenter.org\/wp-content\/uploads\/2023\/08\/STB_4588_web-1024x683.jpg\" alt=\"\" width=\"1024\" height=\"683\" \/><\/p>\n<p><img decoding=\"async\" class=\"size-large wp-image-896\" src=\"https:\/\/egyptianwisdomcenter.org\/wp-content\/uploads\/2023\/08\/STB_4770_web-1024x683.jpg\" alt=\"\" width=\"1024\" height=\"683\" \/><\/p>\n<p><img decoding=\"async\" class=\"size-large wp-image-897\" src=\"https:\/\/egyptianwisdomcenter.org\/wp-content\/uploads\/2023\/08\/STB_4847_web-1024x683.jpg\" alt=\"\" width=\"1024\" height=\"683\" \/><\/p>\n<p><img loading=\"lazy\" decoding=\"async\" class=\"size-large wp-image-898\" src=\"https:\/\/egyptianwisdomcenter.org\/wp-content\/uploads\/2023\/08\/STB_4912_web-1024x683.jpg\" alt=\"\" width=\"1024\" height=\"683\" \/><\/p>\n<p><img loading=\"lazy\" decoding=\"async\" class=\"size-large wp-image-900\" src=\"https:\/\/egyptianwisdomcenter.org\/wp-content\/uploads\/2023\/08\/STB_5033_web-1024x683.jpg\" alt=\"\" width=\"1024\" height=\"683\" \/><\/p>\n<p><img loading=\"lazy\" decoding=\"async\" class=\"size-large wp-image-901\" src=\"https:\/\/egyptianwisdomcenter.org\/wp-content\/uploads\/2023\/08\/STB_5093_web-1024x683.jpg\" alt=\"\" width=\"1024\" height=\"683\" \/><\/p>\n<p>&nbsp;<\/p>\n<\/div>\n<\/div>\n<\/div>\n<\/div>\n<\/div>\n<style>body,.content-inner{background:#FCD701 !important;<\/style>","protected":false},"excerpt":{"rendered":"<p>About | Production Team | Trailer | Video Purchase | Rights &amp; Licensing | Act 1 | Act 2 | Act 3 [&hellip;]<\/p>","protected":false},"author":3,"featured_media":0,"parent":68534,"menu_order":0,"comment_status":"closed","ping_status":"closed","template":"","meta":{"footnotes":""},"class_list":["post-68541","page","type-page","status-publish","hentry"],"aioseo_notices":[],"_links":{"self":[{"href":"https:\/\/egyptianwisdomcenter.org\/es\/wp-json\/wp\/v2\/pages\/68541","targetHints":{"allow":["GET"]}}],"collection":[{"href":"https:\/\/egyptianwisdomcenter.org\/es\/wp-json\/wp\/v2\/pages"}],"about":[{"href":"https:\/\/egyptianwisdomcenter.org\/es\/wp-json\/wp\/v2\/types\/page"}],"author":[{"embeddable":true,"href":"https:\/\/egyptianwisdomcenter.org\/es\/wp-json\/wp\/v2\/users\/3"}],"replies":[{"embeddable":true,"href":"https:\/\/egyptianwisdomcenter.org\/es\/wp-json\/wp\/v2\/comments?post=68541"}],"version-history":[{"count":7,"href":"https:\/\/egyptianwisdomcenter.org\/es\/wp-json\/wp\/v2\/pages\/68541\/revisions"}],"predecessor-version":[{"id":69071,"href":"https:\/\/egyptianwisdomcenter.org\/es\/wp-json\/wp\/v2\/pages\/68541\/revisions\/69071"}],"up":[{"embeddable":true,"href":"https:\/\/egyptianwisdomcenter.org\/es\/wp-json\/wp\/v2\/pages\/68534"}],"wp:attachment":[{"href":"https:\/\/egyptianwisdomcenter.org\/es\/wp-json\/wp\/v2\/media?parent=68541"}],"curies":[{"name":"wp","href":"https:\/\/api.w.org\/{rel}","templated":true}]}}