{"id":68542,"date":"2020-04-30T00:25:46","date_gmt":"2020-04-30T00:25:46","guid":{"rendered":"http:\/\/isisrisesoperetta.com\/?page_id=107"},"modified":"2024-11-29T10:12:46","modified_gmt":"2024-11-29T15:12:46","slug":"rights-licensing","status":"publish","type":"page","link":"https:\/\/egyptianwisdomcenter.org\/es\/licencia-de-derechos\/","title":{"rendered":"Derechos y licencias"},"content":{"rendered":"<p style=\"margin-top: 25px; margin-left: 10px; font-size: 16px; font-weight: bold;\"><a href=\"https:\/\/egyptianwisdomcenter.org\/es\/opereta\/\">Acerca de<\/a> | <a href=\"\/es\/production-team\/\">Equipo de produccion<\/a> | <a href=\"\/es\/trailer\/\">Remolque<\/a> | <a href=\"\/es\/product\/isis-rises-operetta\/\">Compra de v\u00eddeo<\/a> | <a href=\"https:\/\/egyptianwisdomcenter.org\/es\/licencia-de-derechos\/\">Rights &amp; Licensing<\/a> | <a href=\"https:\/\/egyptianwisdomcenter.org\/es\/las-escenas\/escena-1\/\">acto 1<\/a> | <a href=\"https:\/\/egyptianwisdomcenter.org\/es\/las-escenas\/escena-2\/\">Acto 2<\/a> | <a href=\"https:\/\/egyptianwisdomcenter.org\/es\/las-escenas\/escena-3\/\">Acto 3<\/a> | <a href=\"https:\/\/egyptianwisdomcenter.org\/es\/las-escenas\/escena-4\/\">Acto 4<\/a> | <a href=\"https:\/\/egyptianwisdomcenter.org\/es\/las-escenas\/escena-5\/\">Acto 5<\/a> | <a href=\"https:\/\/egyptianwisdomcenter.org\/es\/las-escenas\/escena-6\/\">Acto 6<\/a> | <a href=\"https:\/\/egyptianwisdomcenter.org\/es\/isis-rises-operetta-free-book\/\">Free Book<\/a><\/p>\n<h1>Rights &amp; Licensing<\/h1>\n<h4 style=\"text-align: center;\"><span style=\"color: #ff0000;\"><b>Isis se levanta opereta<\/b><\/span><\/h4>\n<div style=\"text-align: center;\"><b>Creado y producido por Moustafa Gadalla<\/b><\/div>\n<div><\/div>\n<p>Reservados todos los derechos. Ninguna parte de este producto puede reproducirse ni transmitirse de ninguna forma ni por ning\u00fan medio, electr\u00f3nico o mec\u00e1nico, incluida la grabaci\u00f3n mediante cualquier sistema de almacenamiento y recuperaci\u00f3n de informaci\u00f3n, sin permiso previo por escrito.<\/p>\n<p>Copyright \u00a9 2023 por Moustafa Gadalla, Todos los derechos reservados.<\/p>\n<p>Copyright registrado en la Oficina de derechos de autor de Estados Unidos el 3 de enero de 2023<\/p>\n<p>Para aquellos que deseen reproducir esta opereta, comun\u00edquese con nosotros para obtener permiso\/licencia. Condiciones de reproducci\u00f3n:<\/p>\n<p>1- Permiso previo<\/p>\n<p>2- La reproducci\u00f3n seguir\u00e1 la banda sonora de esta producci\u00f3n original.<\/p>\n<p>3- Ensure the integrity of the performance as an Egyptian story with no wild interpretations. Submission of technical and artistic reproduction details must be made and pre-approved.<\/p>\n<p>4- Se permite la reproducci\u00f3n pero no con fines comerciales.<\/p>\n<p>5- En la mayor\u00eda de los casos, el permiso se puede conceder de forma gratuita o pagando una tarifa nominal.<\/p>\n<p>6- Correo electr\u00f3nico de contacto: <a href=\"mailto:trfemu33@gmail.com\" target=\"_blank\" rel=\"noopener noreferrer\">moustafagadalla88@gmail.com<\/a><\/p>\n<p><a href=\"https:\/\/egyptianwisdomcenter.org\/wp-content\/uploads\/2024\/01\/IRO-Copyrights-Certificate.pdf\" target=\"_blank\" rel=\"noopener\">Copyrights certificate<\/a><\/p>\n<style>body,.content-inner{background:#FCD701 !important;<\/style>","protected":false},"excerpt":{"rendered":"<p>About | Production Team | Trailer | Video Purchase | Rights &amp; Licensing | Act 1 | Act 2 | Act 3 [&hellip;]<\/p>","protected":false},"author":3,"featured_media":0,"parent":0,"menu_order":0,"comment_status":"closed","ping_status":"closed","template":"","meta":{"footnotes":""},"class_list":["post-68542","page","type-page","status-publish","hentry"],"aioseo_notices":[],"_links":{"self":[{"href":"https:\/\/egyptianwisdomcenter.org\/es\/wp-json\/wp\/v2\/pages\/68542","targetHints":{"allow":["GET"]}}],"collection":[{"href":"https:\/\/egyptianwisdomcenter.org\/es\/wp-json\/wp\/v2\/pages"}],"about":[{"href":"https:\/\/egyptianwisdomcenter.org\/es\/wp-json\/wp\/v2\/types\/page"}],"author":[{"embeddable":true,"href":"https:\/\/egyptianwisdomcenter.org\/es\/wp-json\/wp\/v2\/users\/3"}],"replies":[{"embeddable":true,"href":"https:\/\/egyptianwisdomcenter.org\/es\/wp-json\/wp\/v2\/comments?post=68542"}],"version-history":[{"count":7,"href":"https:\/\/egyptianwisdomcenter.org\/es\/wp-json\/wp\/v2\/pages\/68542\/revisions"}],"predecessor-version":[{"id":69552,"href":"https:\/\/egyptianwisdomcenter.org\/es\/wp-json\/wp\/v2\/pages\/68542\/revisions\/69552"}],"wp:attachment":[{"href":"https:\/\/egyptianwisdomcenter.org\/es\/wp-json\/wp\/v2\/media?parent=68542"}],"curies":[{"name":"wp","href":"https:\/\/api.w.org\/{rel}","templated":true}]}}