{"id":7,"date":"2019-02-14T14:21:28","date_gmt":"2019-02-14T19:21:28","guid":{"rendered":"http:\/\/egyptianwisdomcenter.org\/?page_id=7"},"modified":"2026-01-18T14:04:08","modified_gmt":"2026-01-18T19:04:08","slug":"forum-2","status":"publish","type":"page","link":"https:\/\/egyptianwisdomcenter.org\/es\/","title":{"rendered":"Hogar"},"content":{"rendered":"<div class=\"homepage-title\">\n<h3 style=\"font-weight: 400;\">Bienvenido a una gran fuente de sabidur\u00eda derivada de la civilizaci\u00f3n egipcia antigua. <img fetchpriority=\"high\" decoding=\"async\" class=\"homepage-image alignright wp-image-69864 size-full\" src=\"https:\/\/egyptianwisdomcenter.org\/wp-content\/uploads\/2026\/01\/header-background-transparent.webp\" alt=\"\" width=\"544\" height=\"724\" \/><\/h3>\n<\/div>\n<p class=\"homepage-intro\">Usted se sorprender\u00e1 al ver c\u00f3mo la civilizaci\u00f3n moderna descansa firmemente sobre los hombros del antiguo Egipto.<br \/>\nEste sitio web cuenta con dos avenidas principales de aprendizaje, en m\u00e1s de 10 idiomas.<br \/>\nUn tesoro de art\u00edculos gratuitos escritos por Moustafa Gadalla. Consulte el enlace art\u00edculos en el men\u00fa.<br \/>\nEnlaces a un sitio web complementario donde se pueden comprar numerosos libros de Moustafa Gadalla. Hay versiones en varios idiomas. Vea el enlace Nuestros libros en el men\u00fa de arriba.<br \/>\nDisfrute de esta fascinante visi\u00f3n de la cultura y la sabidur\u00eda del antiguo Egipto.<\/p>","protected":false},"excerpt":{"rendered":"<p>Your Comprehensive Multimedia Resource for coherent and substantive educative studies of Ancient Egypt. You will be surprised to see how modern civilisation [&hellip;]<\/p>","protected":false},"author":3,"featured_media":0,"parent":0,"menu_order":0,"comment_status":"closed","ping_status":"closed","template":"","meta":{"footnotes":""},"class_list":["post-7","page","type-page","status-publish","hentry"],"aioseo_notices":[],"_links":{"self":[{"href":"https:\/\/egyptianwisdomcenter.org\/es\/wp-json\/wp\/v2\/pages\/7","targetHints":{"allow":["GET"]}}],"collection":[{"href":"https:\/\/egyptianwisdomcenter.org\/es\/wp-json\/wp\/v2\/pages"}],"about":[{"href":"https:\/\/egyptianwisdomcenter.org\/es\/wp-json\/wp\/v2\/types\/page"}],"author":[{"embeddable":true,"href":"https:\/\/egyptianwisdomcenter.org\/es\/wp-json\/wp\/v2\/users\/3"}],"replies":[{"embeddable":true,"href":"https:\/\/egyptianwisdomcenter.org\/es\/wp-json\/wp\/v2\/comments?post=7"}],"version-history":[{"count":41,"href":"https:\/\/egyptianwisdomcenter.org\/es\/wp-json\/wp\/v2\/pages\/7\/revisions"}],"predecessor-version":[{"id":69868,"href":"https:\/\/egyptianwisdomcenter.org\/es\/wp-json\/wp\/v2\/pages\/7\/revisions\/69868"}],"wp:attachment":[{"href":"https:\/\/egyptianwisdomcenter.org\/es\/wp-json\/wp\/v2\/media?parent=7"}],"curies":[{"name":"wp","href":"https:\/\/api.w.org\/{rel}","templated":true}]}}