{"id":76,"date":"2016-06-09T00:00:00","date_gmt":"2016-06-09T04:00:00","guid":{"rendered":"http:\/\/egyptianwisdomcenter.org\/egyptian-cosmic-religion\/"},"modified":"2023-02-07T13:08:22","modified_gmt":"2023-02-07T18:08:22","slug":"egyptian-cosmic-religion","status":"publish","type":"page","link":"https:\/\/egyptianwisdomcenter.org\/es\/religion-cosmica-egipcia\/","title":{"rendered":"La religi\u00f3n c\u00f3smica egipcia"},"content":{"rendered":"<h2>La religi\u00f3n c\u00f3smica egipcia<\/h2>\n<p><strong>El G\u00e9nesis<\/strong><\/p>\n<ul>\n<li><a href=\"https:\/\/egyptianwisdomcenter.org\/es\/monoteismo-y-politeismo-egipcio\/\">Monote\u00edsmo (El UNO) y Polite\u00edsmo (El TODO) egipcios<\/a><\/li>\n<li><a href=\"https:\/\/egyptianwisdomcenter.org\/es\/amen-renef-the-indefinable-2\/\">Am\u00e9n-Renef: Lo Indefinible<\/a><\/li>\n<li><a href=\"https:\/\/egyptianwisdomcenter.org\/es\/neteru-las-energias-divinas-2\/\">Neteru\u2014Las Energ\u00edas Divinas<\/a><\/li>\n<li><a href=\"https:\/\/egyptianwisdomcenter.org\/es\/las-sinergias-arquetipicas-2\/\">Las sinergias arquet\u00edpicas<\/a><\/li>\n<li><a href=\"https:\/\/egyptianwisdomcenter.org\/es\/el-proceso-de-creacion-egipcio-cuentas-2\/\">Los relatos del proceso de creaci\u00f3n egipcio<\/a><\/li>\n<li><a href=\"https:\/\/egyptianwisdomcenter.org\/es\/numerologia-del-proceso-de-creacion-2\/\">Numerolog\u00eda del Proceso de Creaci\u00f3n<\/a><\/li>\n<li><a href=\"https:\/\/egyptianwisdomcenter.org\/es\/la-viva-imagen-del-unico-shu-y-tef-nut\/\">La viva imagen del Uno \u2013 Shu y Tef-nut<\/a><\/li>\n<li><a href=\"https:\/\/egyptianwisdomcenter.org\/es\/la-dualidad-de-ra-y-osiris-2\/\">La dualidad de Ra y Osiris<\/a><\/li>\n<li><a href=\"https:\/\/egyptianwisdomcenter.org\/es\/el-supervisor-divino-del-universo-creado-2\/\">El Divino Supervisor del Universo Creado<\/a><\/li>\n<\/ul>\n<p><strong>Simbolismo animal<\/strong><\/p>\n<ul>\n<li><a href=\"https:\/\/egyptianwisdomcenter.org\/es\/logica-y-formas-de-representacion-animal-3\/\">L\u00f3gica y Formas de Representaci\u00f3n Animal<\/a><\/li>\n<li><a href=\"https:\/\/egyptianwisdomcenter.org\/es\/anubis-el-perro-2\/\">Anubis, el perro<\/a><\/li>\n<li><a href=\"https:\/\/egyptianwisdomcenter.org\/es\/ba-el-pajaro-migratorio-2\/\">Ba, el p\u00e1jaro migrante<\/a><\/li>\n<li><a href=\"https:\/\/egyptianwisdomcenter.org\/es\/escarabajo-escarabajo-2\/\">Escarabajo<\/a><\/li>\n<li><a href=\"https:\/\/egyptianwisdomcenter.org\/es\/babuino-2\/\">Babuino<\/a><\/li>\n<li><a href=\"https:\/\/egyptianwisdomcenter.org\/es\/caballo-2\/\">Caballo<\/a><\/li>\n<\/ul>\n<p><strong>Divinidades egipcias<\/strong><\/p>\n<ul>\n<li><a href=\"https:\/\/egyptianwisdomcenter.org\/es\/representaciones-pictoricas-misticas-2\/\">Representaciones pict\u00f3ricas m\u00edsticas<\/a><\/li>\n<li><a href=\"https:\/\/egyptianwisdomcenter.org\/es\/isis-la-divina-hembra-2\/\">Isis La Divina Hembra<\/a><\/li>\n<li><a href=\"https:\/\/egyptianwisdomcenter.org\/es\/dama-amor-hathor-venus-2\/\">Dama Amor: Hathor\u2014Venus<\/a><\/li>\n<li><a href=\"https:\/\/egyptianwisdomcenter.org\/es\/nuestra-santa-senora-del-mar-notre-dame-de-la-mer-2\/\">Nuestra (Santa) Se\u00f1ora del Mar - Notre Dame de La Mer<\/a><\/li>\n<li><a href=\"https:\/\/egyptianwisdomcenter.org\/es\/tuerca-el-espiritu-del-cielo-2\/\">Nut - El esp\u00edritu del cielo<\/a><\/li>\n<li><a href=\"https:\/\/egyptianwisdomcenter.org\/es\/osiris-2\/\">Osiris<\/a><\/li>\n<li><a href=\"https:\/\/egyptianwisdomcenter.org\/es\/horus-2\/\">Horus<\/a><\/li>\n<\/ul>\n<p><strong>Nuestro viaje terrenal<\/strong><\/p>\n<ul>\n<li><a href=\"https:\/\/egyptianwisdomcenter.org\/es\/el-hombre-y-las-fuerzas-divinas-2-2\/\">El hombre y las fuerzas divinas<\/a><\/li>\n<li><a href=\"https:\/\/egyptianwisdomcenter.org\/es\/el-ser-humano-la-replica-universal-9-componentes-3\/\">El ser humano: la r\u00e9plica universal [9 componentes]<\/a><\/li>\n<li><a href=\"https:\/\/egyptianwisdomcenter.org\/es\/los-potenciales-del-despertar-despiertan-tu-osiris-interior\/\">Los potenciales del despertar: \u00a1despierta tu Osiris interior!<\/a><\/li>\n<li><a href=\"https:\/\/egyptianwisdomcenter.org\/es\/sigue-tu-propio-camino-mama-a-las-2\/\">Sigue tu propio camino (Ma-at)<\/a><\/li>\n<li><a href=\"https:\/\/egyptianwisdomcenter.org\/es\/la-alquimia-del-gol-de-oro\/\">El objetivo de oro: la alquimia<\/a><\/li>\n<li><a href=\"https:\/\/egyptianwisdomcenter.org\/es\/zikr-dhikr-la-practica-extatica\/\">Zikr\/Dhikr: la pr\u00e1ctica ext\u00e1tica<\/a><\/li>\n<li><a href=\"https:\/\/egyptianwisdomcenter.org\/es\/subiendo-la-escalera-celestial-la-vida-despues-de-la-tierra\/\">Subiendo la escalera celestial: la vida despu\u00e9s de la Tierra<\/a><\/li>\n<li><a href=\"https:\/\/egyptianwisdomcenter.org\/es\/la-difusion-de-la-religion-egipcia\/\">La difusi\u00f3n de la religi\u00f3n egipcia<\/a><\/li>\n<\/ul>\n<p>&nbsp;<\/p>","protected":false},"excerpt":{"rendered":"<p>The Egyptian Cosmic Religion The Genesis Egyptian Monotheism (The ONE) and Polytheism (The ALL) Amen-Renef: The Indefinable Neteru\u2014The Divine Energies The Archetypal [&hellip;]<\/p>","protected":false},"author":3,"featured_media":0,"parent":0,"menu_order":0,"comment_status":"closed","ping_status":"closed","template":"","meta":{"footnotes":""},"class_list":["post-76","page","type-page","status-publish","hentry"],"aioseo_notices":[],"_links":{"self":[{"href":"https:\/\/egyptianwisdomcenter.org\/es\/wp-json\/wp\/v2\/pages\/76","targetHints":{"allow":["GET"]}}],"collection":[{"href":"https:\/\/egyptianwisdomcenter.org\/es\/wp-json\/wp\/v2\/pages"}],"about":[{"href":"https:\/\/egyptianwisdomcenter.org\/es\/wp-json\/wp\/v2\/types\/page"}],"author":[{"embeddable":true,"href":"https:\/\/egyptianwisdomcenter.org\/es\/wp-json\/wp\/v2\/users\/3"}],"replies":[{"embeddable":true,"href":"https:\/\/egyptianwisdomcenter.org\/es\/wp-json\/wp\/v2\/comments?post=76"}],"version-history":[{"count":0,"href":"https:\/\/egyptianwisdomcenter.org\/es\/wp-json\/wp\/v2\/pages\/76\/revisions"}],"wp:attachment":[{"href":"https:\/\/egyptianwisdomcenter.org\/es\/wp-json\/wp\/v2\/media?parent=76"}],"curies":[{"name":"wp","href":"https:\/\/api.w.org\/{rel}","templated":true}]}}