{"id":7621,"date":"2019-03-04T11:01:27","date_gmt":"2019-03-04T16:01:27","guid":{"rendered":"http:\/\/egyptianwisdomcenter.org\/le-systeme-decriture-musical-tonal-egyptien-complet\/"},"modified":"2023-01-05T12:33:10","modified_gmt":"2023-01-05T17:33:10","slug":"le-systeme-decriture-musical-tonal-egyptien-complet","status":"publish","type":"page","link":"https:\/\/egyptianwisdomcenter.org\/es\/le-systeme-decriture-musical-tonal-egyptien-complet\/","title":{"rendered":"Le Syst\u00e8me D&#8217;\u00e9criture [Musical] Tonal \u00c9gyptien Complet"},"content":{"rendered":"<div>\n<h2 style=\"text-align: center;\"><span style=\"color: #0000ff;\">Le Syst\u00e8me D&#8217;\u00e9criture [Musical] Tonal \u00c9gyptien Complet<\/span><\/h2>\n<p>&nbsp;<\/p>\n<h3><span style=\"color: #ff0000;\"><strong>1. La Pr\u00e9\u00e9minence Des \u00c9crits Sonores De L&#8217;Egypte Antique <\/strong><\/span><\/h3>\n<p>Les anciens \u00c9gyptiens \u00e9taient des gens extr\u00eamement litt\u00e9raux qui documentaient tous les aspects de leur civilisation, sous forme \u00e9crite. Par cons\u00e9quent, il ne devrait pas venir comme une surprise qu&#8217;ils ont \u00e9galement \u00e9crit des sons musicaux, comme ils ont fait leurs sons parl\u00e9s (langue). Pour les \u00e9gyptiens antiques, la musique et la langue sont les deux faces d&#8217;une m\u00eame pi\u00e8ce.<\/p>\n<p>Platon reconnut que les anciens \u00c9gyptiens notaient leurs airs musicaux, dans les <em>lois <\/em>[656-7]:<\/p>\n<p style=\"padding-left: 30px;\"><em><strong>&#8220;. . . des postures et des airs harmoniquement agr\u00e9ables. Ceux-ci ils ont prescrit en d\u00e9tail et Post\u00e9 dans les temples&#8230; &#8221;<br \/>\n<\/strong><\/em><\/p>\n<div>\n<p>Dans la musique qui accompagne le chant, chaque note musicale est \u00e9crite s\u00e9par\u00e9ment, pour correspondre \u00e0 une syllabe du texte. En d&#8217;autres termes, chaque note musicale a une syllabe \u00e9quivalente, et vice-versa, comme les hymnes contenus dans le papyrus de Leiden J 350.<\/p>\n<\/div>\n<p>Tous les premiers \u00e9crivains grecs et Romains affirmaient qu&#8217;il existait essentiellement deux formes d&#8217;\u00e9crits \u00e9gyptiens antiques \u2014 picturales et alphab\u00e9tiques. Il y avait diff\u00e9rents modes des \u00e9crits alphab\u00e9tiques en fonction de la mati\u00e8re ainsi que le but de l&#8217;\u00e9criture. Nous concentrerons notre attention ici sur les formes associ\u00e9es \u00e0 la musique et au th\u00e8me musical vocal \u2014 po\u00e9sie, chants, etc.<\/p>\n<p>Fran\u00e7ois Joseph F\u00e9tis, musicologue accompli, D\u00e9couvre les racines des symboles de notation des grecs comme la forme d\u00e9motique de l&#8217;\u00e9criture \u00e9gyptienne ancienne.<\/p>\n<p>F. J. F\u00e9tis d\u00e9clare dans sa <em>Biographie universelle des musiciens et bibliographie g\u00e9n\u00e9rale de la musique<\/em> [Bruxelles, 1837, tome I, p. LXXI.]:<\/p>\n<p style=\"padding-left: 30px;\"><em><strong>\u00abJe n&#8217;ai pas le moindre doute, que cette notation musicale [utilis\u00e9e dans la musique eccl\u00e9siastique par les Grecs modernes] <span style=\"text-decoration: underline;\">appartenait \u00e0 l&#8217;Egypte ancienne.<\/span> J&#8217;ai \u00e0 l&#8217;appui de mon opinion la ressemblance support\u00e9e par les signes dans cette notation, <span style=\"text-decoration: underline;\">attribu\u00e9 \u00e0 tort \u00e0 Saint Jean de Damas, \u00e0 ceux des personnages d\u00e9motiques ou populaires des anciens \u00c9gyptiens<\/span>. . . . .<\/strong>&#8220;<\/em><\/p>\n<div>\n<p>M. F\u00e9tis a poursuivi en soulignant la ressemblance existant entre de nombreux symboles accr\u00e9dit\u00e9s aux grecs pour d\u00e9terminer la dur\u00e9e des notes et certains caract\u00e8res des symboles d\u00e9motiques \u00e9gyptiens, dans une analyse longue et d\u00e9taill\u00e9e [lire la suite de la portion de la traduction anglaise du texte de M. F\u00e9tis dans le livre de Carl Engel, <em>Le<\/em> <em>Musique des Nations les plus anciennes<\/em>, PG. 271-2]. M. F\u00e9tis n&#8217;a pas h\u00e9sit\u00e9 \u00e0 conclure:<\/p>\n<\/div>\n<p style=\"padding-left: 30px;\"><em><strong>&#8220;Apr\u00e8s cette analyse d\u00e9taill\u00e9e du syst\u00e8me de notation employ\u00e9e dans la musique de l&#8217;\u00c9glise grecque, et apr\u00e8s avoir compar\u00e9 ses signes avec ceux du caract\u00e8re d\u00e9motique en usage parmi les Egyptiens, pouvons-nous pour un instant douter que <span style=\"text-decoration: underline;\">l&#8217;invention de cette notation doit \u00eatre attribu\u00e9e \u00e0 ce peuple ancien [les \u00c9gyptiens], et non \u00e0 Saint Jean de Damas<\/span>. . . . &#8220;<\/strong><\/em><\/p>\n<\/div>\n<div>\n<p>L&#8217;analyse d\u00e9taill\u00e9e et la conclusion de F\u00e9tisn prouvent sans l&#8217;ombre de tout doute que les Grecs empruntaient la notation musicale des symboles d\u00e9motiques \u00e9gyptiens.<\/p>\n<p>Un autre musicologue, Charles Burney [consultez la bibliographie], a not\u00e9 qu&#8217;un inventaire des notations disponibles montre que les ancients utilisaient plus de 120 caract\u00e8res diff\u00e9rents pour le son seulement. En tenant compte de la variation de temps (ou de tempo) en ce qui concerne les diff\u00e9rents modes et genres, les caract\u00e8res sonores ont \u00e9t\u00e9 multipli\u00e9s \u00e0 plus de 1620. Burney d\u00e9crivait ce grand nombre comme compos\u00e9 principalement de lignes, de courbes, de crochets, d&#8217;angles droits et aigus, et d&#8217;autres figures simples, plac\u00e9es dans des positions vari\u00e9es; une forme de ce qu&#8217;il a d\u00e9crit comme <strong><em>&#8220;l&#8217;alphabet \u00e9tranger mutil\u00e9&#8221;<\/em><\/strong>. Les symboles du soi-disant <em><strong>&#8220;mutil\u00e9 <\/strong><\/em><strong><em>alphabet \u00e9tranger&#8221; <\/em><\/strong>sont en fait les symboles d\u00e9motiques \u00e9gyptiens antiques, comme not\u00e9 par M. F\u00e9tis.<\/p>\n<p>Contrairement au syst\u00e8me de notation occidental actuel qui est compos\u00e9 de r\u00e9sum\u00e9s encombrants qui doivent \u00eatre m\u00e9moris\u00e9s sans penser, il \u00e9tait, cependant, plus facile \u00e0 apprendre et \u00e0 suivre le syst\u00e8me de notation \u00e9gyptien antique, parce qu&#8217;il \u00e9tait coh\u00e9rent avec leur langue.<\/p>\n<p>La description du syst\u00e8me d&#8217;\u00e9criture musicale de Burney sera expliqu\u00e9e ensuite.<\/p>\n<p>&nbsp;<\/p>\n<h3><span style=\"color: #ff0000;\"><strong>2. Composition Primaire Des Textes Lyriques\/Musicaux<\/strong><\/span><\/h3>\n<p>Les \u00c9gyptiens avaient des notations sonores compl\u00e8tes et compl\u00e8tes pour les \u00e9crits, le chant et les instruments. Les formulaires \u00e9crits ont \u00e9t\u00e9\/sont compos\u00e9s d&#8217;un ou plusieurs des quatre \u00e9l\u00e9ments suivants:<\/p>\n<p style=\"padding-left: 30px;\">1. les formes de lettres comme sons primaires de notes musicales.<\/p>\n<p style=\"padding-left: 30px;\">2. associ\u00e9s aux lettres proprement dite sont un certain nombre de symboles compl\u00e9mentaires qui servent \u00e0 moduler ou r\u00e9guler les valeurs sonores individuelles. Le syst\u00e8me se composait d&#8217;une vari\u00e9t\u00e9 de points, de tirets, etc. de <strong>marquages \u00e9crits ci-dessus, ci-dessous, et d&#8217;une mani\u00e8re qui ne modifie pas l&#8217;espacement de la ligne.<\/strong><\/p>\n<p style=\"padding-left: 30px;\">Ces symboles d\u00e9crivent des caract\u00e9ristiques musicales telles que le ton, la longueur et le stress, qui op\u00e8rent souvent sur des syllabes, des mots ou des phrases: c&#8217;est-\u00e0-dire, des \u00e9l\u00e9ments tels que l&#8217;intensit\u00e9, le pitch et la germination des sons de la langue, ainsi que le rythme et l&#8217;intonation \u2014 fondamentalement la dynamique et les marquages de tempo.<\/p>\n<p style=\"padding-left: 30px;\">Outre les symboles vocaux et instrumentaux, les papyrus utilisent \u00e9galement des points d&#8217;Arsis (\u00e9l\u00e9vation et chute) et des signes de diseme. Plus d&#8217;informations sont pr\u00e9sent\u00e9es dans le chapitre 11 de ce livre.<\/p>\n<\/div>\n<p style=\"padding-left: 30px;\">3. d&#8217;autres notations m\u00e9lodiques et rythmiques \u2014 essentiellement des syllabes abr\u00e9g\u00e9es pour identifier la m\u00e9lodie, la nature et la dur\u00e9e des hauteurs\/sons, des modes, des tailles de note, des notes abr\u00e9g\u00e9es et des marques universelles \u2014 fl\u00e8ches, etc. et tout ce qui fera de la musique musicale.<\/p>\n<p style=\"padding-left: 30px;\">4. des symboles sp\u00e9ciaux pour les traits supra-segmentaires ont \u00e9t\u00e9 utilis\u00e9s, y compris les points [singulier, double, comme le c\u00f4lon d&#8217;aujourd&#8217;hui, et trois], les espaces vides, les tirets, les barres verticales [individuelles et multiples], les virgules, etc. Des mots\/syllabes abr\u00e9g\u00e9s ont \u00e9galement \u00e9t\u00e9 utilis\u00e9s pour pr\u00e9ciser certaines conditions.<\/p>\n<p>&nbsp;<\/p>\n<h3><span style=\"color: #ff0000;\"><strong>3. L<\/strong><strong>ettres Alphab\u00e9tiques Comme Notes Musicales \u00c9crites<\/strong><\/span><\/h3>\n<p>En g\u00e9n\u00e9ral, les notations des instruments de musique ont \u00e9t\u00e9 indiqu\u00e9es 1) un compagnon aux syllabes de chant ainsi qu&#8217;alternant avec la voix, ou 2) musique sans chanter.<\/p>\n<p><strong>1) Accompagnement Au Chant<\/strong><\/p>\n<p>Afin de minimiser la confusion entre les syllabes textuelles et la musique qui l&#8217;accompagne, les notations musicales sont pr\u00e9sent\u00e9es sous forme de lettres alphab\u00e9tiques dans diverses positions \u2014 mutil\u00e9es, barr\u00e9es, allong\u00e9es, doubles, etc.<\/p>\n<p>Les deuxi\u00e8me et cinqui\u00e8me degr\u00e9s\/notes de l&#8217;\u00e9chelle, B et H (E), ont re\u00e7u 2 symboles chacun. Toutes les autres notes de l&#8217;\u00e9chelle diatonique avaient trois symboles-ou plut\u00f4t, une lettre \u00e9crite en 3 positions: dress\u00e9e, sujette et invers\u00e9e.<\/p>\n<p>Des signes dress\u00e9s d\u00e9signaient les diatoniques naturels (correspondant \u00e0 nos touches blanches), et les deux signes aplatis et renvers\u00e9s signifiait des Sharps, repr\u00e9sentant des intervalles plus petits tels que 1\/4, 1\/3, 3\/8 tonalit\u00e9s (notes enharmoniques).<\/p>\n<p>Les symboles musicaux interdits fonctionnent en conjonction avec les syllabes textuelles. Certaines notes apparaissent parfois avec une barre au-dessus d&#8217;eux ou \u00e0 travers eux (\u00a5), signifiant une partie d&#8217;une note naturelle. Les symboles barr\u00e9s apparaissent au-dessus des syllabes courtes \u00e0 plusieurs endroits, ainsi qu&#8217;au-dessus du deuxi\u00e8me \u00e9l\u00e9ment de la voyelle divis\u00e9e. La barre signifie que la m\u00eame note est chant\u00e9e, mais d&#8217;une mani\u00e8re diff\u00e9rente; ou avec une certaine diff\u00e9rence dans l&#8217;accompagnement musical.<\/p>\n<p><strong>2) Musique Seule<\/strong><\/p>\n<p>Les notes individuelles ont \u00e9t\u00e9 signal\u00e9es par des formulaires alphab\u00e9tiques. Chaque degr\u00e9 de l&#8217;\u00e9chelle \u00e9tait repr\u00e9sent\u00e9 par une lettre de l&#8217;alphabet, utilis\u00e9e uniquement pour les instruments de musique.<\/p>\n<p>Les lettres ont \u00e9t\u00e9 utilis\u00e9es pour signifier les sept tons naturels de l&#8217;\u00e9chelle diatonique, et chacune des sept notes originales de l&#8217;\u00e9chelle a \u00e9t\u00e9 suivie de deux notes suppl\u00e9mentaires pour des intervalles plus petits, tels que 1\/4, 1\/3, et 3\/8 tonalit\u00e9s \u2014 notes enharmoniques.<\/p>\n<p>&nbsp;<\/p>\n<p><span style=\"color: #ff0000;\"><strong>[Un extrait traduit de The Enduring Ancient Egyptian Musical System &#8211; Theory and Practice de Moustafa Gadalla]<\/strong><\/span><\/p>\n<div>\n<p style=\"padding-left: 30px;\"><strong style=\"font-size: 16px;\"><a href=\"https:\/\/egyptianwisdomcenter.org\/es\/producto\/the-enduring-ancient-egyptian-musical-system-theory-and-practice-second-edition\/\"><span style=\"color: #0000ff;\">https:\/\/egyptianwisdomcenter.org\/product\/instrumentos-musicales-egipcios\/<\/span><\/a><\/strong><\/p>\n<p style=\"padding-left: 30px;\"><strong style=\"font-size: 16px;\"><br \/>\n<\/strong><img decoding=\"async\" class=\"aligncenter\" src=\"https:\/\/egyptianwisdomcenter.org\/wp-content\/uploads\/2023\/01\/instrumentos-musicales-egipcios-1.jpg\" \/><\/p>\n<\/div>\n<p style=\"padding-left: 30px;\"><a href=\"https:\/\/egyptianwisdomcenter.org\/es\/producto\/the-enduring-ancient-egyptian-musical-system-theory-and-practice-second-edition\/\"><strong style=\"font-size: 16px;\"><span style=\"color: #0000ff;\">https:\/\/egyptianwisdomcenter.org\/product\/instrumentos-musicales-egipcios\/<\/span><\/strong><\/a><\/p>\n<p style=\"text-align: center;\"><strong>&#8212;&#8212;-<\/strong><\/p>\n<p><strong>[Un extrait traduit de<span style=\"color: #ff0000;\">\u00a0Los aspectos musicales del lenguaje vocal del antiguo Egipto<\/span>\u00a0de Moustafa Gadalla]<br \/>\n<a href=\"https:\/\/egyptianwisdomcenter.org\/es\/producto\/the-musical-aspects-of-the-ancient-egyptian-vocalic-language\/\"><span style=\"color: #0000ff;\">https:\/\/egyptianwisdomcenter.org\/product\/the-musical-aspects-of-the-ancient-egyptian-vocalic-language\/<\/span><\/a><\/strong><\/p>\n<p><img decoding=\"async\" class=\"aligncenter\" src=\"https:\/\/books2read-prod.s3.amazonaws.com\/CACHE\/images\/ubl_book_images\/book_display_image_DcFkU4T\/89083cf6f8539612e0458de3e7a69b67\" \/><\/p>\n<p style=\"text-align: center;\"><a href=\"https:\/\/egyptianwisdomcenter.org\/es\/producto\/the-musical-aspects-of-the-ancient-egyptian-vocalic-language\/\"><strong><span style=\"color: #0000ff;\">https:\/\/egyptianwisdomcenter.org\/product\/the-musical-aspects-of-the-ancient-egyptian-vocalic-language\/<\/span><\/strong><\/a><\/p>","protected":false},"excerpt":{"rendered":"<p>Le Syst\u00e8me D&#8217;\u00e9criture [Musical] Tonal \u00c9gyptien Complet &nbsp; 1. La Pr\u00e9\u00e9minence Des \u00c9crits Sonores De L&#8217;Egypte Antique Les anciens \u00c9gyptiens \u00e9taient des [&hellip;]<\/p>","protected":false},"author":3,"featured_media":0,"parent":0,"menu_order":0,"comment_status":"closed","ping_status":"closed","template":"","meta":{"footnotes":""},"class_list":["post-7621","page","type-page","status-publish","hentry"],"aioseo_notices":[],"_links":{"self":[{"href":"https:\/\/egyptianwisdomcenter.org\/es\/wp-json\/wp\/v2\/pages\/7621","targetHints":{"allow":["GET"]}}],"collection":[{"href":"https:\/\/egyptianwisdomcenter.org\/es\/wp-json\/wp\/v2\/pages"}],"about":[{"href":"https:\/\/egyptianwisdomcenter.org\/es\/wp-json\/wp\/v2\/types\/page"}],"author":[{"embeddable":true,"href":"https:\/\/egyptianwisdomcenter.org\/es\/wp-json\/wp\/v2\/users\/3"}],"replies":[{"embeddable":true,"href":"https:\/\/egyptianwisdomcenter.org\/es\/wp-json\/wp\/v2\/comments?post=7621"}],"version-history":[{"count":0,"href":"https:\/\/egyptianwisdomcenter.org\/es\/wp-json\/wp\/v2\/pages\/7621\/revisions"}],"wp:attachment":[{"href":"https:\/\/egyptianwisdomcenter.org\/es\/wp-json\/wp\/v2\/media?parent=7621"}],"curies":[{"name":"wp","href":"https:\/\/api.w.org\/{rel}","templated":true}]}}