{"id":80,"date":"2016-06-09T00:00:00","date_gmt":"2016-06-09T04:00:00","guid":{"rendered":"http:\/\/egyptianwisdomcenter.org\/egyptian-monotheism-and-polytheism\/"},"modified":"2023-01-02T01:16:26","modified_gmt":"2023-01-02T06:16:26","slug":"egyptian-monotheism-and-polytheism","status":"publish","type":"page","link":"https:\/\/egyptianwisdomcenter.org\/es\/monoteismo-y-politeismo-egipcio\/","title":{"rendered":"Monote\u00edsmo (El UNO) y Polite\u00edsmo (El TODO) egipcios"},"content":{"rendered":"<h2 style=\"text-align: center;\"><span style=\"color: #0000ff;\"><strong>Monote\u00edsmo (El UNO) y Polite\u00edsmo (El TODO) egipcios<\/strong><\/span><\/h2>\n<h3><\/h3>\n<h3><span style=\"color: #ff0000;\">El UNO es TODO<\/span><\/h3>\n<p>Los antiguos egipcios cre\u00edan en un Dios \u00fanico que era autoproducido, autoexistente, inmortal, invisible, eterno, omnisciente, todopoderoso, etc. Este Dios \u00fanico nunca fue representado. Son las funciones y atributos de su dominio los que estaban representados. Estos atributos fueron llamados <em><strong>neter\u00fa<\/strong><\/em> (pronunciado <em>net-er-u<\/em>, singular: <em><strong>neto<\/strong><\/em> en forma masculina y <em><strong>netert<\/strong><\/em> en forma femenina). El t\u00e9rmino, <em>Dioses<\/em>, es una tergiversaci\u00f3n del t\u00e9rmino egipcio, <em><strong>neter\u00fa<\/strong><\/em>.<\/p>\n<p>Cuando preguntamos: &quot;\u00bfQui\u00e9n es Dios?&quot;, en realidad estamos preguntando: &quot;\u00bfQu\u00e9 es Dios?&quot;. El mero nombre o sustantivo no nos dice nada. S\u00f3lo se puede definir <em>Dios<\/em> a trav\u00e9s de la multitud de sus atributos\/cualidades\/poderes\/acciones. \u00c9sta es la \u00fanica forma l\u00f3gica, porque si nos referimos, digamos, a una persona como Sr. X, no significa nada para nosotros. Sin embargo, una vez que describimos sus atributos y cualidades, comenzamos a conocerlo. Una persona que es ingeniero, padre, marido,\u2026etc. no tiene polipersonalidades, sino una monopersonalidad con m\u00faltiples funciones\/atributos. Para los antiguos y <em>baladi<\/em> Para los egipcios, el concepto de Dios es similar.<\/p>\n<p>Conocer a \u201cDios\u201d es conocer las numerosas cualidades de \u201cDios\u201d. Cuanto m\u00e1s aprendemos sobre estas cualidades (conocidas como <strong><em>neter\u00fa<\/em><\/strong>), m\u00e1s nos acercamos a nuestro origen divino. Lejos de ser una forma primitiva y polite\u00edsta, esta es la expresi\u00f3n m\u00e1s elevada del misticismo monote\u00edsta.<\/p>\n<p>&nbsp;<\/p>\n<h3><span style=\"color: #ff0000;\">El que se uni\u00f3<\/span><\/h3>\n<p>En las tradiciones del Antiguo Egipto, <em><strong>Real academia de bellas artes<\/strong><\/em> Representa la fuerza primitiva, c\u00f3smica y creativa. El <em>Letan\u00eda<\/em> describe <em><strong>Real academia de bellas artes<\/strong><\/em> como <em>El que est\u00e1 unido, que sale de sus propios miembros<\/em>. La definici\u00f3n de Ra en el Antiguo Egipto es la representaci\u00f3n perfecta de la Unidad que comprende la uni\u00f3n de muchas entidades diversas, es decir <em>El que es el todo<\/em>. El <em>Letan\u00eda de Ra<\/em> describe los aspectos del principio creativo: ser reconocido como el <em>neter\u00fa<\/em> (dioses) cuyas acciones e interacciones a su vez crearon el universo. Como tal, todos los egipcios <em><strong>neter\u00fa<\/strong><\/em> quienes participaron en el proceso de creaci\u00f3n son aspectos de <em><strong>Real academia de bellas artes<\/strong><\/em>. Hay 75 formas o aspectos de <em><strong>Real academia de bellas artes<\/strong><\/em>.<\/p>\n<p>La energ\u00eda solar es s\u00f3lo una de las numerosas manifestaciones de <em><strong>Real academia de bellas artes<\/strong><\/em>. Eso <em><strong>Real academia de bellas artes<\/strong><\/em> no es s\u00f3lo el sol (s\u00f3lo una forma singular), tambi\u00e9n se confirm\u00f3 en el siguiente verso del <em>Historia de <strong>Real academia de bellas artes<\/strong> y <strong>Auset<\/strong><\/em> (Isis), en la que <em><strong>Real academia de bellas artes<\/strong><\/em> estados,<\/p>\n<blockquote><p><strong><em>Tengo multitud de nombres y multitud de formas.<\/em><\/strong><\/p><\/blockquote>\n<hr \/>\n<p><!-- ED Egyptian Divinities --><strong><span style=\"color: #ff0000;\">Para obtener m\u00e1s informaci\u00f3n sobre los roles y funciones de <strong><em>neter\u00fa<\/em><\/strong> en el universo, simbolismo animal y explicaciones de las deidades prominentes en el sistema egipcio, lea:<\/span><\/strong><\/p>\n<p><strong>Cosmolog\u00eda egipcia: el universo animado, tercera edici\u00f3n de Moustafa Gadalla<\/strong><br \/>\n<a href=\"https:\/\/egyptianwisdomcenter.org\/es\/producto\/cosmologia-egipcia-el-universo-animado-tercera-edicion-2\/\"><strong><span style=\"color: #0000ff;\">https:\/\/egyptianwisdomcenter.org\/product\/cosmologia-egipcia-el-universo-animado-tercera-edicion\/<\/span><\/strong><\/a><\/p>\n<p><img decoding=\"async\" class=\"aligncenter\" src=\"https:\/\/egyptianwisdomcenter.org\/wp-content\/uploads\/2023\/01\/cosmologia-egipcia-el-universo-animado-tercera-edicion-1.jpg\" \/><\/p>\n<p style=\"text-align: center;\"><a href=\"https:\/\/egyptianwisdomcenter.org\/es\/producto\/cosmologia-egipcia-el-universo-animado-tercera-edicion-2\/\"><strong><span style=\"color: #0000ff;\">https:\/\/egyptianwisdomcenter.org\/product\/cosmologia-egipcia-el-universo-animado-tercera-edicion\/<\/span><\/strong><\/a><\/p>\n<p>&nbsp;<\/p>\n<p><strong>Divinidades egipcias: Todos los que son UNO, segunda edici\u00f3n de Moustafa Gadalla<\/strong><br \/>\n<a href=\"https:\/\/egyptianwisdomcenter.org\/es\/producto\/egyptian-divinities-the-all-who-are-the-one-2nd-edition\/\"><span style=\"color: #0000ff;\"><strong>https:\/\/egyptianwisdomcenter.org\/product\/egyptian-divinities-the-all-who-are-the-one-2nd-edition\/<\/strong><\/span><\/a><\/p>\n<p><img decoding=\"async\" class=\"aligncenter\" src=\"https:\/\/books2read-prod.s3.amazonaws.com\/CACHE\/images\/ubl_book_images\/book_display_image_qOuT56H\/40d95446cc17340ec7b02939eaa44c10\" \/><\/p>\n<p style=\"text-align: center;\"><a href=\"https:\/\/egyptianwisdomcenter.org\/es\/producto\/egyptian-divinities-the-all-who-are-the-one-2nd-edition\/\"><span style=\"color: #0000ff;\"><strong>https:\/\/egyptianwisdomcenter.org\/product\/egyptian-divinities-the-all-who-are-the-one-2nd-edition\/<\/strong><\/span><\/a><\/p>\n<p>&nbsp;<\/p>","protected":false},"excerpt":{"rendered":"<p>Egyptian Monotheism (The ONE) And Polytheism (The ALL) The ONE Is ALL The Ancient Egyptians believed in One God who was self-produced, [&hellip;]<\/p>","protected":false},"author":3,"featured_media":0,"parent":0,"menu_order":0,"comment_status":"closed","ping_status":"closed","template":"","meta":{"footnotes":""},"class_list":["post-80","page","type-page","status-publish","hentry"],"aioseo_notices":[],"_links":{"self":[{"href":"https:\/\/egyptianwisdomcenter.org\/es\/wp-json\/wp\/v2\/pages\/80","targetHints":{"allow":["GET"]}}],"collection":[{"href":"https:\/\/egyptianwisdomcenter.org\/es\/wp-json\/wp\/v2\/pages"}],"about":[{"href":"https:\/\/egyptianwisdomcenter.org\/es\/wp-json\/wp\/v2\/types\/page"}],"author":[{"embeddable":true,"href":"https:\/\/egyptianwisdomcenter.org\/es\/wp-json\/wp\/v2\/users\/3"}],"replies":[{"embeddable":true,"href":"https:\/\/egyptianwisdomcenter.org\/es\/wp-json\/wp\/v2\/comments?post=80"}],"version-history":[{"count":0,"href":"https:\/\/egyptianwisdomcenter.org\/es\/wp-json\/wp\/v2\/pages\/80\/revisions"}],"wp:attachment":[{"href":"https:\/\/egyptianwisdomcenter.org\/es\/wp-json\/wp\/v2\/media?parent=80"}],"curies":[{"name":"wp","href":"https:\/\/api.w.org\/{rel}","templated":true}]}}