{"id":83,"date":"2016-06-09T00:00:00","date_gmt":"2016-06-09T04:00:00","guid":{"rendered":"http:\/\/egyptianwisdomcenter.org\/original-universal-language\/"},"modified":"2023-01-06T00:15:16","modified_gmt":"2023-01-06T05:15:16","slug":"original-universal-language","status":"publish","type":"page","link":"https:\/\/egyptianwisdomcenter.org\/es\/lenguaje-universal-originario\/","title":{"rendered":"El lenguaje universal original"},"content":{"rendered":"<h2 style=\"text-align: center;\"><span style=\"color: #ff0000;\"><strong>El lenguaje universal original<\/strong><\/span><\/h2>\n<h3><\/h3>\n<p>En G\u00e9nesis II:1, se nos informa:<\/p>\n<p style=\"padding-left: 30px;\"><strong><em>\u201cY toda la tierra era de una sola lengua y de una misma palabra\u201d.<\/em><\/strong><\/p>\n<p>Cuanto m\u00e1s se estudian los distintos idiomas (y dialectos) del mundo, m\u00e1s claro se vuelve cada vez m\u00e1s claro que originalmente hab\u00eda un idioma que se dividi\u00f3 en varias lenguas. La Biblia y los escritores antiguos afirman ese lenguaje original. Debido al falso orgullo y los prejuicios de la academia occidental y de los fan\u00e1ticos religiosos (juda\u00edsmo, cristianismo e islam), se ha ignorado el origen de esta lengua materna universal. La evidencia confirma que el Antiguo Egipto es la \u00fanica fuente de lenguaje universal.<\/p>\n<p>Sobre este tema, Plat\u00f3n admite el papel de Egipto en su <em>Di\u00e1logos recopilados<\/em> [<em>Filebo <\/em>18-b,c,d]:<\/p>\n<p style=\"padding-left: 30px;\"><strong><em>\u201cS\u00d3CRATES: La ilimitada variedad de sonidos alguna vez fue <span style=\"text-decoration: underline;\">discernido por alg\u00fan dios<\/span>, o quiz\u00e1s alg\u00fan hombre divino; \u00bfConoces la historia de que hubo algo as\u00ed? <span style=\"text-decoration: underline;\">dios en Egipto llamado Theuth<\/span>&#8230;<\/em><\/strong><\/p>\n<p style=\"padding-left: 30px;\"><strong><em>Fue porque se dio cuenta de que ninguno de nosotros podr\u00eda llegar a conocer un miembro de la colecci\u00f3n por s\u00ed solo, aislado del resto, que <span style=\"text-decoration: underline;\">concebido de &#039;carta&#039;<\/span> como una especie de v\u00ednculo de unidad, uniendo, por as\u00ed decirlo, todos estos sonidos en uno, y as\u00ed pronunci\u00f3 la expresi\u00f3n <span style=\"text-decoration: underline;\">&#039;arte de las letras&#039;, lo que implica que hab\u00eda un arte que se ocupaba de los sonidos.<\/span>&#8220;<\/em><\/strong><\/p>\n<p>La referencia anterior a \u201cTheuth\u201d [en el libro de Plat\u00f3n <em>Di\u00e1logos recopilados<\/em>] es el mismo \u201cTheuth\u201d mencionado en el Fedro, donde se nos dice expl\u00edcitamente que era un neter (dios) del Antiguo Egipto, <strong><em>\u201caquel cuyo p\u00e1jaro sagrado se llama Ibis\u201d<\/em><\/strong>, para excluir toda duda sobre su identidad. Es obvio que su relato se basa en una tradici\u00f3n egipcia genuina, porque Theuth [Thoth] con cabeza de ibis es un neter (dios) egipcio.<\/p>\n<p><a href=\"http:\/\/egyptianwisdomcenter.org\/wp-content\/uploads\/2019\/02\/eu-ch1-72c-1.jpg\"><img decoding=\"async\" class=\"wp-image-1364 aligncenter\" src=\"http:\/\/egyptianwisdomcenter.org\/wp-content\/uploads\/2019\/02\/eu-ch1-72c-1.jpg\" alt=\"\" width=\"79\" height=\"166\" \/><\/a><\/p>\n<p>Theuth [Thoth] es representado como una figura con cabeza de ibis, escribiendo en una tablilla.<\/p>\n<p>Cabe se\u00f1alar que los antiguos egipcios NUNCA dieron cr\u00e9dito a un humano mortal por ninguna \u201cinvenci\u00f3n\u201d y siempre dieron el cr\u00e9dito a los atributos\/cualidades\/energ\u00edas de lo Divino representados por los Neteru (dioses, diosas) como la \u00fanica fuente de conocimiento.<\/p>\n<p>Est\u00e1 muy claro que Plat\u00f3n (en <em>Filebo <\/em>[18-b, c, d]) no se refer\u00eda a formas de expresi\u00f3n pict\u00f3ricas (jerogl\u00edficos), sino a la expresi\u00f3n mediante letras individuales y diversas, cada una con su valor sonoro particular.<\/p>\n<p>Theuth [Thoth] representa al Mensajero Divino que articula y escribe el lenguaje hablado\/escrito, el conocimiento, etc.<\/p>\n<p>Varios de los atributos de Theuth [Thoth] fueron confirmados por Diodoro de Sicilia:<\/p>\n<p style=\"padding-left: 30px;\"><strong>&#8220;<em>Fue por Thoth, seg\u00fan los antiguos egipcios, <span style=\"text-decoration: underline;\">que el lenguaje com\u00fan de la humanidad se articul\u00f3 mejor por primera vez<\/span>, y que muchos objetos que a\u00fan no ten\u00edan nombre recibieron una denominaci\u00f3n, <span style=\"text-decoration: underline;\">que el alfabeto fue definido<\/span>, y que ordenanzas relativas a los honores y ofrendas debidas al neteru <\/em><\/strong>(dioses, diosas)<strong><em> fueron debidamente establecidos; Tambi\u00e9n fue el primero en observar la disposici\u00f3n ordenada de las estrellas y la armon\u00eda de los sonidos musicales y su naturaleza.<\/em>&#8220;<\/strong> [Libro I, Secci\u00f3n 16-1]<\/p>\n<p>La mayor\u00eda de los eruditos occidentales modernos afirman expl\u00edcita e impl\u00edcitamente que el alfabeto (y el idioma) del Antiguo Egipto son la fuente m\u00e1s antigua del mundo. En su libro, <em>La literatura de los antiguos egipcios<\/em> [p\u00e1gina xxxiv-v], admite el egipt\u00f3logo alem\u00e1n Adolf Erman,<\/p>\n<p style=\"padding-left: 30px;\"><strong><em>S\u00f3lo los egipcios estaban destinados a adoptar un m\u00e9todo notable, tras el cual alcanzaron la forma m\u00e1s elevada de escritura: el alfabeto. . .<\/em><\/strong><\/p>\n<p>El egipt\u00f3logo brit\u00e1nico WM Flinders Petrie, en su libro, <em>La formaci\u00f3n de los alfabetos<\/em> [p\u00e1gina 3], concluy\u00f3,<\/p>\n<p style=\"padding-left: 30px;\"><strong><em>Desde el inicio de la prehistoria, en Egipto seguramente se utiliz\u00f3 un sistema cursivo compuesto por signos lineales, lleno de variedad y distinci\u00f3n.<\/em><\/strong><\/p>\n<p>Petrie ha recopilado y tabulado formas de letras alfab\u00e9ticas de edades muy diferentes; los m\u00e1s antiguos pertenecen a la era prehist\u00f3rica temprana de Egipto, probablemente antes del 7000 a. C., y se extienden a las eras griega y romana. Petrie tambi\u00e9n compil\u00f3 (a partir de varios estudiosos independientes) formas de letras alfab\u00e9ticas de aspecto similar de 25 lugares de Asia Menor, Grecia, Italia, Espa\u00f1a y otros lugares de Europa; todas ellas son mucho m\u00e1s recientes que las formas de letras alfab\u00e9ticas del Antiguo Egipto.<\/p>\n<p>La tabulaci\u00f3n de Petrie de estos signos alfab\u00e9ticos muestra que:<\/p>\n<p style=\"padding-left: 40px;\">1. Todas las formas de letras alfab\u00e9ticas estuvieron presentes en el Antiguo Egipto desde las primeras eras predin\u00e1sticas (hace m\u00e1s de 7.000 a\u00f1os), antes que en cualquier otro lugar del mundo.<\/p>\n<p style=\"padding-left: 40px;\">2. Todas las formas de las letras alfab\u00e9ticas egipcias se distinguen claramente en la llamada \u201cescritura hier\u00e1tica\u201d egipcia m\u00e1s antigua recuperada, hace m\u00e1s de 5.000 a\u00f1os.<\/p>\n<p style=\"padding-left: 40px;\">3. Las mismas formas de letras del Antiguo Egipto fueron posteriormente adoptadas y difundidas por otras personas en todo el mundo.<\/p>\n<p>&nbsp;<\/p>\n<div dir=\"auto\">\n<p><span style=\"color: #ff0000;\"><strong>[Extractos de <\/strong><\/span><strong>Modos de escritura universales del antiguo Egipto por Moustafa Gadalla<\/strong><span style=\"color: #ff0000;\"><strong>]<br \/>\n<a href=\"https:\/\/egyptianwisdomcenter.org\/es\/producto\/ancient-egyptian-universal-writing-modes\/\"><span style=\"color: #0000ff;\">https:\/\/egyptianwisdomcenter.org\/product\/ancient-egyptian-universal-writing-modes\/<\/span><\/a><\/strong><\/span><\/p>\n<p><img decoding=\"async\" class=\"aligncenter\" src=\"https:\/\/books2read-prod.s3.amazonaws.com\/CACHE\/images\/ubl_book_images\/book_display_image_47HRC95\/515452d8b8f6b949614788303f629e63\" \/><\/p>\n<p style=\"text-align: center;\"><a href=\"https:\/\/egyptianwisdomcenter.org\/es\/producto\/ancient-egyptian-universal-writing-modes\/\"><strong style=\"color: #ff0000;\"><span style=\"color: #0000ff;\">https:\/\/egyptianwisdomcenter.org\/product\/ancient-egyptian-universal-writing-modes\/<\/span><\/strong><\/a><\/p>\n<\/div>","protected":false},"excerpt":{"rendered":"<p>The Original Universal Language In Genesis II:1, we are informed: &#8220;And the whole earth was of one language and of one speech&#8221;. [&hellip;]<\/p>","protected":false},"author":3,"featured_media":0,"parent":0,"menu_order":0,"comment_status":"closed","ping_status":"closed","template":"","meta":{"footnotes":""},"class_list":["post-83","page","type-page","status-publish","hentry"],"aioseo_notices":[],"_links":{"self":[{"href":"https:\/\/egyptianwisdomcenter.org\/es\/wp-json\/wp\/v2\/pages\/83","targetHints":{"allow":["GET"]}}],"collection":[{"href":"https:\/\/egyptianwisdomcenter.org\/es\/wp-json\/wp\/v2\/pages"}],"about":[{"href":"https:\/\/egyptianwisdomcenter.org\/es\/wp-json\/wp\/v2\/types\/page"}],"author":[{"embeddable":true,"href":"https:\/\/egyptianwisdomcenter.org\/es\/wp-json\/wp\/v2\/users\/3"}],"replies":[{"embeddable":true,"href":"https:\/\/egyptianwisdomcenter.org\/es\/wp-json\/wp\/v2\/comments?post=83"}],"version-history":[{"count":0,"href":"https:\/\/egyptianwisdomcenter.org\/es\/wp-json\/wp\/v2\/pages\/83\/revisions"}],"wp:attachment":[{"href":"https:\/\/egyptianwisdomcenter.org\/es\/wp-json\/wp\/v2\/media?parent=83"}],"curies":[{"name":"wp","href":"https:\/\/api.w.org\/{rel}","templated":true}]}}