{"id":86,"date":"2016-06-14T00:00:00","date_gmt":"2016-06-14T04:00:00","guid":{"rendered":"http:\/\/egyptianwisdomcenter.org\/ancient-egyptianchristian-holy-families\/"},"modified":"2023-01-01T13:47:05","modified_gmt":"2023-01-01T18:47:05","slug":"ancient-egyptian-christian-holy-families","status":"publish","type":"page","link":"https:\/\/egyptianwisdomcenter.org\/es\/sagradas-familias-cristianas-del-antiguo-egipto\/","title":{"rendered":"Las Sagradas Familias Cristianas\/Egipcias antiguas"},"content":{"rendered":"<h2 style=\"text-align: center;\"><span style=\"color: #ff0000;\"><strong>Las Sagradas Familias Cristianas\/Egipcias antiguas<\/strong><\/span><\/h2>\n<p>&nbsp;<\/p>\n<p><a href=\"http:\/\/egyptianwisdomcenter.org\/wp-content\/uploads\/2019\/02\/image073.jpg\"><img decoding=\"async\" class=\"size-full wp-image-99 aligncenter\" src=\"http:\/\/egyptianwisdomcenter.org\/wp-content\/uploads\/2019\/02\/image073.jpg\" alt=\"\" width=\"121\" height=\"133\" \/><\/a><\/p>\n<p>La alegor\u00eda egipcia de Isis y Osiris explica pr\u00e1cticamente todas las facetas de la vida. Esta historia de amor resuena con la traici\u00f3n y la lealtad, la muerte y el renacimiento, el olvido y el recuerdo, el mal y la rectitud, el deber y la compasi\u00f3n, la manifestaci\u00f3n de las fuerzas de la naturaleza, el significado de hermandad y hermandad y de maternidad\/paternidad\/hijilidad, y los misterios del cuerpo, del alma y del esp\u00edritu.<\/p>\n<p>La siguiente es una versi\u00f3n abreviada de la alegor\u00eda egipcia de Isis y Osiris, proporcionada para resaltar la fuente egipcia del cristianismo. Esta narrativa est\u00e1 compilada de templos, tumbas y papiros del Antiguo Egipto, fechados 3.000 a\u00f1os antes del cristianismo, y dice lo siguiente:<\/p>\n<p style=\"padding-left: 30px;\">El autocreado Atum engendr\u00f3 a los gemelos Shu y Tef-nut, quienes a su vez dieron a luz a Nut (el cielo\/esp\u00edritu) y Geb (la tierra\/materia). [M\u00e1s detalles sobre la creaci\u00f3n del universo y el hombre se encuentran en un cap\u00edtulo posterior.]<\/p>\n<p style=\"padding-left: 30px;\">La uni\u00f3n de Nut (esp\u00edritu) y Geb (materia) produjo cuatro descendientes: Osiris, Isis, Seth y Neftis.<\/p>\n<p style=\"padding-left: 30px;\">Al igual que el Jes\u00fas b\u00edblico, Osiris simboliza lo divino en una forma mortal que combina tanto el esp\u00edritu (<strong>Tuerca<\/strong>) y materia (<strong>Geb<\/strong>).<\/p>\n<p style=\"padding-left: 30px;\">Seg\u00fan las tradiciones del Antiguo Egipto, Osiris vino a la tierra para beneficio de la humanidad, llevando el t\u00edtulo de <em>Manifestador del Bien y de la Verdad \u2013<\/em>\u00a0asimismo, el Jes\u00fas b\u00edblico.<\/p>\n<p>La alegor\u00eda egipcia cuenta que Osiris se cas\u00f3 con Isis y Set se cas\u00f3 con Neftis. Osiris se convirti\u00f3 en rey de la tierra (Egipto) despu\u00e9s de casarse con Isis.<\/p>\n<p>Osiris trajo civilizaci\u00f3n y espiritualidad a la gente, permiti\u00e9ndoles as\u00ed alcanzar la prosperidad. Les dio un conjunto de leyes para regular su conducta, resolvi\u00f3 sus disputas con justicia y los instruy\u00f3 en la ciencia del desarrollo espiritual.<\/p>\n<p>Habiendo civilizado Egipto, viaj\u00f3 por todo el mundo para difundir las mismas instrucciones. Dondequiera que iba Osiris, tra\u00eda paz y aprendizaje a la gente:<\/p>\n<p style=\"padding-left: 30px;\"><strong>Entre los dos evangelistas (Osiris y Jes\u00fas), existen v\u00edvidas similitudes. El hijo divino desciende del cielo. Dios baj\u00f3 a la tierra para guiar al mundo. Ambos hab\u00edan viajado para correr la voz.<\/strong><\/p>\n<p>Osiris indujo a la gente a aceptar sus ense\u00f1anzas no por la fuerza de las armas, sino mediante el uso de conferencias persuasivas, himnos espirituales y m\u00fasica. Diodoro de Sicilia escribi\u00f3, en <em>Libro I<\/em> [18, 4]:<\/p>\n<p style=\"padding-left: 30px;\"><strong><em>Osiris era amante de la risa y aficionado a la m\u00fasica y la danza;\u00a0<\/em><\/strong><strong>De manera similar, el Jes\u00fas b\u00edblico fue persuasivo y fue celebrado como <em>se\u00f1or de la danza<\/em> en un villancico de la Edad Media.<\/strong><\/p>\n<p>Cuando Osiris regres\u00f3 de su misi\u00f3n, fue recibido con un banquete real en el que Seth, el malvado, y sus c\u00f3mplices lo enga\u00f1aron para que se acostara dentro de un ata\u00fad improvisado. El grupo malvado r\u00e1pidamente cerr\u00f3 y sell\u00f3 el cofre y lo arroj\u00f3 al Nilo. Set se convirti\u00f3 en el nuevo fara\u00f3n cuando el ata\u00fad que conten\u00eda el cuerpo sin vida de Osris fluy\u00f3 hacia el mar Mediterr\u00e1neo.<\/p>\n<p style=\"padding-left: 30px;\"><strong>Tanto Jes\u00fas como Osiris fueron traicionados por los invitados a la cena (Jes\u00fas por Judas y Osiris por Set en sus propios banquetes privados. Se asumi\u00f3 que la edad b\u00edblica de Jes\u00fas era de 23 a\u00f1os y Osiris ten\u00eda 28 a\u00f1os; ambos eran j\u00f3venes.<\/strong><\/p>\n<p>Mientras tanto, Isis, al recibir la noticia del destino y la desaparici\u00f3n de Osiris, estaba afligida y jur\u00f3 no descansar nunca hasta encontrar el <em>Manifestador de la verdad<\/em>\u2014Osiris.<\/p>\n<p>Isis busc\u00f3 por todas partes, abordando a todos los que encontraba, incluidos los ni\u00f1os: porque se dec\u00eda que los ni\u00f1os ten\u00edan\/tienen el poder de la adivinaci\u00f3n.<\/p>\n<p style=\"padding-left: 30px;\"><strong>Los ni\u00f1os, con el poder de la adivinaci\u00f3n, son reconocidos por el Jes\u00fas b\u00edblico en el Nuevo Testamento.<\/strong><\/p>\n<p>Cuenta la historia que un d\u00eda durante su b\u00fasqueda, Isis solicit\u00f3 refugio en la casa de una mujer pobre.<\/p>\n<p style=\"padding-left: 30px;\"><strong>Este punto significa la caracter\u00edstica primordial de las ense\u00f1anzas egipcias, donde a uno se le ense\u00f1aba a no considerarse superior a los dem\u00e1s, sino a clasificarse como el m\u00e1s pobre, el m\u00e1s bajo y el m\u00e1s humilde de la humanidad. Esto se aplica a todos, incluida Isis, la Reina.<\/strong><\/p>\n<p style=\"padding-left: 30px;\"><strong>Al fabricar ra\u00edces humildes para Jes\u00fas y su familia, el cristianismo no entendi\u00f3 que son los poderosos quienes deben aprender a ser humildes.<\/strong><\/p>\n<p style=\"padding-left: 30px;\"><strong>La humildad est\u00e1 simbolizada en la acci\u00f3n del Cristo Rey montando un asno: eso representa el ego y el falso orgullo. Este es un verdadero simbolismo del Antiguo Egipto.<\/strong><\/p>\n<p>La historia contin\u00faa diciendo que el ata\u00fad de Osiris fue arrastrado por las olas hasta la costa de una tierra extranjera. Un \u00e1rbol surgi\u00f3 y creci\u00f3 a su alrededor, encerrando el cuerpo de Osiris en su tronco. El \u00e1rbol creci\u00f3 grande, hermoso y fragante. [Vea la representaci\u00f3n del templo del Antiguo Egipto a continuaci\u00f3n.] La noticia de este magn\u00edfico \u00e1rbol lleg\u00f3 al rey de esta tierra extranjera, quien orden\u00f3 que lo talaran y le trajeran su tronco. Utiliz\u00f3 el ba\u00fal como pilar de su casa sin saber el gran secreto que conten\u00eda.<\/p>\n<p style=\"padding-left: 30px;\"><strong>Esta es una referencia al \u00c1rbol de la Vida, y con todo lo que ello implica. Tambi\u00e9n es una referencia al pilar Tet (Djed) de Osiris.<\/strong><\/p>\n<p style=\"padding-left: 30px;\"><strong>En el cristianismo, esto se convirti\u00f3 en el \u00e1rbol de Navidad.<\/strong><\/p>\n<p><a href=\"http:\/\/egyptianwisdomcenter.org\/wp-content\/uploads\/2019\/02\/image084.jpg\"><img fetchpriority=\"high\" decoding=\"async\" class=\"size-full wp-image-101 aligncenter\" src=\"http:\/\/egyptianwisdomcenter.org\/wp-content\/uploads\/2019\/02\/image084.jpg\" alt=\"\" width=\"289\" height=\"179\" \/><\/a><\/p>\n<p>Isis tuvo una revelaci\u00f3n en sus sue\u00f1os de que el cuerpo de Osiris estaba en esta tierra extra\u00f1a, por lo que inmediatamente viaj\u00f3 all\u00ed. Cuando lleg\u00f3, se visti\u00f3 como una plebeya y se hizo amiga de las doncellas de la reina y pudo conseguir un trabajo en el palacio como enfermera del beb\u00e9 pr\u00edncipe.<\/p>\n<p style=\"padding-left: 30px;\"><strong>Isis, la Reina de Egipto, practic\u00f3 las ense\u00f1anzas egipcias que enfatizan la pr\u00e1ctica de la humildad al servir a los dem\u00e1s sin excepci\u00f3n para lograr la uni\u00f3n con su amor: Lo Divino.<\/strong><\/p>\n<p>Posteriormente, Isis confes\u00f3 su identidad a la reina, as\u00ed como el prop\u00f3sito de su misi\u00f3n. Luego, Isis le pidi\u00f3 al rey que le entregara el pilar. El rey accedi\u00f3 a su petici\u00f3n, ella cort\u00f3 profundamente el ba\u00fal y sac\u00f3 el cofre.<\/p>\n<p>Isis regres\u00f3 a Egipto con el cofre que conten\u00eda el cuerpo sin vida de Osiris. Escondi\u00f3 el cuerpo en las marismas del delta del Nilo. Isis us\u00f3 sus poderes m\u00e1gicos [seg\u00fan <em>Textos de las pir\u00e1mides<\/em> n\u00famero 632, 1636, y murales en Abydos y Philae] para transformarse en paloma. Extrayendo la esencia de Osiris de \u00e9l, concibi\u00f3 un ni\u00f1o: Horus. En otras palabras, Isis qued\u00f3 embarazada del esp\u00edritu santo de Osiris. [Vea la representaci\u00f3n del templo del Antiguo Egipto a continuaci\u00f3n.]<\/p>\n<blockquote><p><strong>&gt;Esta acci\u00f3n simboliza la reencarnaci\u00f3n y el renacimiento espiritual, una clave para comprender la creencia egipcia en la vida despu\u00e9s de la muerte.<\/strong><\/p>\n<p><a href=\"http:\/\/egyptianwisdomcenter.org\/wp-content\/uploads\/2019\/02\/image087.jpg\"><img decoding=\"async\" class=\"size-full wp-image-102 aligncenter\" src=\"http:\/\/egyptianwisdomcenter.org\/wp-content\/uploads\/2019\/02\/image087.jpg\" alt=\"\" width=\"253\" height=\"117\" \/><\/a><\/p><\/blockquote>\n<p>Arriba se muestra una representaci\u00f3n de un templo del Antiguo Egipto que muestra a Isis a la izquierda, mientras su esencia m\u00e1gica encarnada en la paloma voladora atrae la esencia de Osiris para ser impregnada. A la izquierda, una netert (diosa) con cabeza de rana, Heqet, simboliza el poder de la fertilidad, representando la concepci\u00f3n y la procreaci\u00f3n.<\/p>\n<p><strong>&gt; La concepci\u00f3n de Horus por parte de Isis por ning\u00fan hombre vivo es la versi\u00f3n documentada m\u00e1s antigua de la inmaculada concepci\u00f3n. El <em>concepci\u00f3n sobrenatural<\/em> y el <em>nacimiento virginal<\/em> de Horus encontraron su camino hacia el cristianismo.<\/strong><\/p>\n<blockquote><p>El papel de Isis en la Historia modelo egipcia y la historia de la Virgen Mar\u00eda son sorprendentemente similares: porque ambas eran capaces de concebir sin fecundaci\u00f3n masculina y, como tal, Isis era venerada como la <em>virgen madre<\/em>.<\/p>\n<p><a href=\"http:\/\/egyptianwisdomcenter.org\/wp-content\/uploads\/2019\/02\/image091.jpg\"><img loading=\"lazy\" decoding=\"async\" class=\"size-full wp-image-104 aligncenter\" src=\"http:\/\/egyptianwisdomcenter.org\/wp-content\/uploads\/2019\/02\/image091.jpg\" alt=\"\" width=\"80\" height=\"156\" \/><\/a><\/p><\/blockquote>\n<p style=\"padding-left: 30px;\">\u2013 M\u00e1s informaci\u00f3n sobre el concepto egipcio antiguo de concepci\u00f3n\/nacimiento sagrado (virgen) se encuentra anteriormente en este libro.<\/p>\n<p style=\"padding-left: 30px;\">\u2013 M\u00e1s adelante en este libro se encuentra m\u00e1s informaci\u00f3n sobre el ideal de la virginidad en la cultura del Antiguo Egipto.<\/p>\n<p>Cuando Seth se enter\u00f3 del nuevo ni\u00f1o (Horus), Seth fue a matar al reci\u00e9n nacido. Al enterarse de que Seth ven\u00eda, <strong><span style=\"text-decoration: underline;\">A Isis le dijeron que lo llevara a un lugar apartado en las marismas del delta del Nilo.<\/span><\/strong> [seg\u00fan la representaci\u00f3n del templo del Antiguo Egipto que se muestra a continuaci\u00f3n].<\/p>\n<p><a href=\"http:\/\/egyptianwisdomcenter.org\/wp-content\/uploads\/2019\/02\/image093.jpg\"><img loading=\"lazy\" decoding=\"async\" class=\"size-full wp-image-103 aligncenter\" src=\"http:\/\/egyptianwisdomcenter.org\/wp-content\/uploads\/2019\/02\/image093.jpg\" alt=\"\" width=\"201\" height=\"184\" \/><\/a><\/p>\n<p style=\"padding-left: 30px;\"><strong>Esta es la fuente de la historia en la que Herodes, al enterarse del nacimiento del Jes\u00fas b\u00edblico, se propuso destruir a todos los varones reci\u00e9n nacidos. En el Nuevo Testamento el \u00e1ngel del Se\u00f1or le dice a Jos\u00e9: \u201cLev\u00e1ntate y toma al ni\u00f1o y a su madre y huye a Egipto\u201d.<\/strong><\/p>\n<p style=\"padding-left: 30px;\"><strong>Al igual que Isis, la Virgen Mar\u00eda es celebrada como la &quot;Reina de los pantanos&quot;.<\/strong><\/p>\n<p style=\"padding-left: 30px;\">El 25 de diciembre se celebraba un festival del antiguo Egipto que celebraba el nacimiento de Horus y se asemeja al festival cristiano de Navidad. La celebraci\u00f3n fue llamada <em>El d\u00eda del ni\u00f1o en su cuna<\/em>, y se celebr\u00f3 en la corte y en la capilla del templo de Dendera. [M\u00e1s informaci\u00f3n en un cap\u00edtulo posterior.]<\/p>\n<p>La historia contin\u00faa que una noche (mientras Isis estaba dando a luz a Horus escondido), cuando la luna estaba llena, el malvado Seth y sus c\u00f3mplices encontraron el cofre que conten\u00eda el cad\u00e1ver de Osiris y lo cortaron en 14 pedazos (el n\u00famero 14 simboliza el n\u00famero de d\u00edas necesarios para formar una luna llena). Osiris representa el principio lunar en el universo y se le conoce como Osiris.\u00a0<em>la luna<\/em>.<\/p>\n<p>Cuando Isis se enter\u00f3 de c\u00f3mo Seth y sus c\u00f3mplices cortaron a Osiris en diferentes pedazos y los esparcieron por toda la tierra, su trabajo fue buscar cerca y lejos, recolectar y volver a juntar los pedazos rotos.<\/p>\n<p style=\"padding-left: 30px;\"><strong>1. <em>Para unir o unir<\/em> es el significado de la palabra &quot;latina&quot; <em>religi\u00f3n<\/em>, que es la ra\u00edz de la palabra &quot;religi\u00f3n&quot;.<\/strong><\/p>\n<p style=\"padding-left: 30px;\"><strong>2. Al recordar y recordar la historia de Isis y Osiris, guardamos en nuestro coraz\u00f3n un relato que expresa, en palabras de Joseph Campbell,\u00a0<\/strong><strong><em>&quot;la inmanencia de la divinidad en las formas fenom\u00e9nicas del universo&quot;.<\/em><\/strong><\/p>\n<p>Tan pronto como Horus se hizo adulto, desafi\u00f3 a Set por el derecho al trono en lo que se llam\u00f3 la &quot;Gran Pelea\/Lucha en el Desierto&quot;.<\/p>\n<p>Isis, con la ayuda de otros, recogi\u00f3 todas las piezas\u2026 todas excepto el falo (indicativo de la reproducci\u00f3n f\u00edsica), que hab\u00eda sido tragado por un pez en el Nilo. Luego reuni\u00f3 el cuerpo desmembrado de Osiris y, con la ayuda de otros, lo envolvi\u00f3 en vendas de lino y lo momific\u00f3.<\/p>\n<p>Thoth, Isis y Horus realizaron el <em>Ceremonia de Apertura de la Boca<\/em> sobre la momia, y Osiris volvi\u00f3 a la vida como Juez y Rey de los Muertos (el pasado), mientras que Horus ocupar\u00eda su lugar como rey de los vivos (el presente). Seth sigui\u00f3 siendo el <em>Se\u00f1or del desierto<\/em>.<\/p>\n<p style=\"padding-left: 30px;\"><strong>Esto representa el ciclo perpetuo y eterno del poder espiritual en la tierra: <em>El Rey ha muerto: (Osiris); Larga vida al Rey (Horus).<\/em><\/strong><\/p>\n<p>Como el Pastor Perfecto, Osiris generalmente se muestra en un cuerpo humano momificado y barbudo, llevando el cayado de pastor (que es el pastor de la humanidad) y el mayal (que simboliza la capacidad de separar el trigo de la paja).<\/p>\n<p style=\"padding-left: 30px;\">El motivo del pastor se encuentra en el Salmo 23; \u201c<strong><em>tu vara y tu cayado me consuelan<\/em><\/strong>\u201d.<\/p>\n<p style=\"padding-left: 30px;\">En muchos sentidos, el relato de la Resurrecci\u00f3n de Jes\u00fas es similar al de Osiris. Al igual que Osiris, se dice que resucit\u00f3 de entre los muertos. Los antiguos egipcios cre\u00edan, al igual que los primeros cristianos (Hebreos, 4:14), que \u201c<strong><em>el hombre no puede ser salvo<\/em><\/strong>\u201d por un Todopoderoso lejano, pero s\u00f3lo por alguien que ha compartido la experiencia del sufrimiento y la muerte humanos.<\/p>\n<p style=\"padding-left: 30px;\">\u2013 Tanto Osiris como Jes\u00fas sufrieron y murieron.<\/p>\n<p style=\"padding-left: 30px;\">\u2013 Tanto Osiris como Jes\u00fas resucitaron poco despu\u00e9s de su muerte. Al reasumir su forma terrenal, afirmaron demostrativamente la conducta apropiada y sus recompensas de otro mundo, despu\u00e9s de lo cual regresaron al cielo, habiendo &quot;salvado al mundo&quot;.<\/p>\n<p style=\"padding-left: 30px;\">\u2013 Ambos se convirtieron en el salvador a quien hombres y mujeres acud\u00edan en busca de seguridad de la inmortalidad.<\/p>\n<p>Las obras de la Pasi\u00f3n medieval sobre la muerte y resurrecci\u00f3n de Jes\u00fas son muy paralelas a la muerte y resurrecci\u00f3n del rey egipcio como Osiris.<\/p>\n<p><strong>Finalmente, la historia b\u00edblica sobre la resurrecci\u00f3n de entre los muertos de <em>El-<span style=\"text-decoration: underline;\">asar<\/span><\/em> o <em>L\u00e1zaro<\/em> ha mantenido el nombre\/concepto del Antiguo Egipto de Osiris, cuyo nombre en la lengua del Antiguo Egipto era <span style=\"text-decoration: underline;\">&#8216;<em>asar<\/em>&#8216;<\/span>. El milagro descrito en el Evangelio de Juan nunca fue un acontecimiento hist\u00f3rico. M\u00e1s bien, era un s\u00edmbolo recurrente, profundamente arquet\u00edpico y ampliamente utilizado del poder de Dios para resucitar a los muertos.<\/strong><\/p>\n<p>&nbsp;<\/p>\n<div dir=\"auto\">\n<p><strong><span style=\"color: #ff0000;\">[Un extracto de <\/span>Ra\u00edces del cristianismo en el antiguo Egipto, segunda edici\u00f3n<span style=\"color: #ff0000;\"> por Moustafa Gadalla]<br \/>\n<span style=\"color: #0000ff;\">https:\/\/egyptianwisdomcenter.org\/product\/raices-del-cristianismo-del-antiguo-egipto\/<\/span><br \/>\n<\/span><\/strong><\/p>\n<p><img decoding=\"async\" class=\"aligncenter\" src=\"https:\/\/egyptianwisdomcenter.org\/wp-content\/uploads\/2023\/01\/raices-del-cristianismo-del-antiguo-egipto-3.jpg\" \/><\/p>\n<p style=\"text-align: center;\"><strong><span style=\"color: #ff0000;\"><span style=\"color: #0000ff;\">https:\/\/egyptianwisdomcenter.org\/product\/raices-del-cristianismo-del-antiguo-egipto\/<\/span><\/span><\/strong><\/p>\n<div dir=\"auto\"><\/div>\n<\/div>","protected":false},"excerpt":{"rendered":"<p>The Ancient Egyptian\/Christian Holy Families &nbsp; The Egyptian allegory of Isis and Osiris explains practically all facets of life. This love story [&hellip;]<\/p>","protected":false},"author":3,"featured_media":0,"parent":0,"menu_order":0,"comment_status":"closed","ping_status":"closed","template":"","meta":{"footnotes":""},"class_list":["post-86","page","type-page","status-publish","hentry"],"aioseo_notices":[],"_links":{"self":[{"href":"https:\/\/egyptianwisdomcenter.org\/es\/wp-json\/wp\/v2\/pages\/86","targetHints":{"allow":["GET"]}}],"collection":[{"href":"https:\/\/egyptianwisdomcenter.org\/es\/wp-json\/wp\/v2\/pages"}],"about":[{"href":"https:\/\/egyptianwisdomcenter.org\/es\/wp-json\/wp\/v2\/types\/page"}],"author":[{"embeddable":true,"href":"https:\/\/egyptianwisdomcenter.org\/es\/wp-json\/wp\/v2\/users\/3"}],"replies":[{"embeddable":true,"href":"https:\/\/egyptianwisdomcenter.org\/es\/wp-json\/wp\/v2\/comments?post=86"}],"version-history":[{"count":0,"href":"https:\/\/egyptianwisdomcenter.org\/es\/wp-json\/wp\/v2\/pages\/86\/revisions"}],"wp:attachment":[{"href":"https:\/\/egyptianwisdomcenter.org\/es\/wp-json\/wp\/v2\/media?parent=86"}],"curies":[{"name":"wp","href":"https:\/\/api.w.org\/{rel}","templated":true}]}}