{"id":953,"date":"2019-02-28T15:06:32","date_gmt":"2019-02-28T20:06:32","guid":{"rendered":"http:\/\/egyptianwisdomcenter.org\/la-vibrante-economia-egipcia-antigua\/"},"modified":"2021-10-07T19:08:10","modified_gmt":"2021-10-07T23:08:10","slug":"la-vibrante-economia-egipcia-antigua","status":"publish","type":"page","link":"https:\/\/egyptianwisdomcenter.org\/es\/la-vibrante-economia-egipcia-antigua\/","title":{"rendered":"La vibrante econom\u00eda egipcia antigua"},"content":{"rendered":"<div class=\"entry\">\n<h2>La vibrante econom\u00eda egipcia antigua<\/h2>\n<ul>\n<li><a href=\"https:\/\/egyptianwisdomcenter.org\/es\/la-vibrante-economia-egipcia-antigua\/\">Las t\u00e9cnicas de cultivo superior egipcio antiguo<\/a><\/li>\n<li><a href=\"https:\/\/egyptianwisdomcenter.org\/es\/el-conocimiento-egipcio-de-la-metalurgia-y-metalurgica\/\">El conocimiento egipcio de la metalurgia y metal\u00fargica<\/a><\/li>\n<li><a href=\"https:\/\/egyptianwisdomcenter.org\/es\/barcos-egipcios-y-los-altos-mares\/\">Barcos egipcios y los altos mares<\/a><\/li>\n<li><a href=\"https:\/\/egyptianwisdomcenter.org\/es\/transacciones-comerciales\/\">Transacciones comerciales<\/a><\/li>\n<\/ul>\n<\/div>\n<p>&nbsp;<\/p>\n<p>&nbsp;<\/p>","protected":false},"excerpt":{"rendered":"<p>La vibrante econom\u00eda egipcia antigua Las t\u00e9cnicas de cultivo superior egipcio antiguo El conocimiento egipcio de la metalurgia y metal\u00fargica Barcos egipcios [&hellip;]<\/p>","protected":false},"author":3,"featured_media":0,"parent":0,"menu_order":0,"comment_status":"closed","ping_status":"closed","template":"","meta":{"footnotes":""},"class_list":["post-953","page","type-page","status-publish","hentry"],"aioseo_notices":[],"_links":{"self":[{"href":"https:\/\/egyptianwisdomcenter.org\/es\/wp-json\/wp\/v2\/pages\/953","targetHints":{"allow":["GET"]}}],"collection":[{"href":"https:\/\/egyptianwisdomcenter.org\/es\/wp-json\/wp\/v2\/pages"}],"about":[{"href":"https:\/\/egyptianwisdomcenter.org\/es\/wp-json\/wp\/v2\/types\/page"}],"author":[{"embeddable":true,"href":"https:\/\/egyptianwisdomcenter.org\/es\/wp-json\/wp\/v2\/users\/3"}],"replies":[{"embeddable":true,"href":"https:\/\/egyptianwisdomcenter.org\/es\/wp-json\/wp\/v2\/comments?post=953"}],"version-history":[{"count":0,"href":"https:\/\/egyptianwisdomcenter.org\/es\/wp-json\/wp\/v2\/pages\/953\/revisions"}],"wp:attachment":[{"href":"https:\/\/egyptianwisdomcenter.org\/es\/wp-json\/wp\/v2\/media?parent=953"}],"curies":[{"name":"wp","href":"https:\/\/api.w.org\/{rel}","templated":true}]}}