{"id":59717,"date":"2022-12-24T18:59:46","date_gmt":"2022-12-24T23:59:46","guid":{"rendered":"https:\/\/egyptianwisdomcenter.org\/?post_type=product&#038;p=59717"},"modified":"2024-05-31T08:14:52","modified_gmt":"2024-05-31T12:14:52","slug":"ancient-egyptian-culture-revealed-second-edition","status":"publish","type":"product","link":"https:\/\/egyptianwisdomcenter.org\/es\/producto\/cultura-del-antiguo-egipto-revelada-segunda-edicion\/","title":{"rendered":"La cultura del antiguo Egipto revelada, segunda edici\u00f3n"},"content":{"rendered":"<h2 class=\"synopsis-title\"><\/h2>\n<div class=\"collapsible-synopsis gizmo-collapsible-with-header show-teaser open\" data-kobo-gizmo=\"Collapsible.Synopsis\" data-kobo-gizmo-config=\"{ &quot;isOpen&quot;: {&quot;small&quot;: false, &quot;medium&quot;: false, &quot;large&quot;: false, &quot;jumbo&quot;: false}, &quot;name&quot;: &quot;AboutItem&quot;, &quot;toggleClass&quot; : &quot;toggle-button-hitbox&quot; }\" data-gid=\"g_20\">\n<div class=\"synopsis-description\" translate=\"no\">\n<p>Esta edici\u00f3n ampliada del libro consta de cuatro partes, con un total de 16 cap\u00edtulos, as\u00ed como tres ap\u00e9ndices.<\/p>\n<p>Parte I: Los pueblos de Egipto consta de cuatro cap\u00edtulos, del 1 al 4, como sigue:<\/p>\n<p>Cap\u00edtulo 1: El Comienzo cubre la edad de las antig\u00fcedades egipcias, siendo al menos 39.000 a\u00f1os, de acuerdo con la evidencia arqueol\u00f3gica, hist\u00f3rica y f\u00edsica y la Edad de Le\u00f3n y la Esfinge; as\u00ed como la edad del calendario sothic egipcio, que es, con diferencia, el calendario m\u00e1s preciso jam\u00e1s creado.<\/p>\n<p>Cap\u00edtulo 2: El populoso egipcio cubre las ra\u00edces y caracter\u00edsticas del pueblo [antiguo] egipcio, sus viviendas, sus asentamientos en todo el mundo y el papel de los extranjeros en la historia del Antiguo Egipto.<\/p>\n<p>Cap\u00edtulo 3: Los m\u00e1s religiosos cubre la cosmolog\u00eda egipcia; monote\u00edsmo y polite\u00edsmo; simbolismo animal; la creaci\u00f3n del universo; el concepto de Maat; y la difusi\u00f3n de la religi\u00f3n del Antiguo Egipto por todo el mundo bajo nuevos \u201cnombres\u201d.<\/p>\n<p>Cap\u00edtulo 4: El Orden Social\/Pol\u00edtico cubre las bases y aplicaciones de los principios matrilineales\/matriarcales; las comunidades matrilocales; el sistema de rep\u00fablica de base egipcio; el doble sistema de gobierno de supervisi\u00f3n y administraci\u00f3n; y el orden de documentaci\u00f3n de todos los asuntos en egipcio.<\/p>\n<p>Parte II: Las Correlaciones C\u00f3smicas consta de tres cap\u00edtulos, del 5 al 7, como sigue:<\/p>\n<p>Cap\u00edtulo 5: Como es arriba, es abajo cubre los principios y aplicaciones de la conciencia c\u00f3smica en las vidas de los egipcios y los festivales de renovaci\u00f3n c\u00edclica como una forma de tales principios.<\/p>\n<p>Cap\u00edtulo 6: El Fara\u00f3n, el Enlace C\u00f3smico cubre el verdadero gobierno del fara\u00f3n egipcio como un Maestro Sirviente; c\u00f3mo gobernaba el pueblo; y mucho m\u00e1s.<\/p>\n<p>Cap\u00edtulo 7: Templos egipcios proporciona una descripci\u00f3n general r\u00e1pida de la funci\u00f3n\/objetivo real del templo egipcio; los par\u00e1metros de dise\u00f1o arm\u00f3nicos; y mucho m\u00e1s.<\/p>\n<p>Parte III: El erudito egipcio consta de cinco cap\u00edtulos (8 al 12) como sigue:<\/p>\n<p>Cap\u00edtulo 8: El Lenguaje Divino proporciona una r\u00e1pida visi\u00f3n general de los modos de escritura en el Antiguo Egipto (la forma alfab\u00e9tica de escritura y las im\u00e1genes pict\u00f3ricas, s\u00edmbolos\/escrituras metaf\u00edsicas) as\u00ed como los aspectos culturales del lenguaje alfab\u00e9tico egipcio.<\/p>\n<p>Cap\u00edtulo 9: El patrimonio musical egipcio ofrece una r\u00e1pida visi\u00f3n general del patrimonio musical de Egipto; las orquestas musicales; y la amplia gama de instrumentos musicales; as\u00ed como danza y ballet en el Antiguo Egipto.<\/p>\n<p>Cap\u00edtulo 10: Salud y Medicina proporciona una r\u00e1pida visi\u00f3n general de los m\u00e1s altos reconocimientos internacionales a la medicina egipcia; su profesi\u00f3n m\u00e9dica; contenidos de algunos papiros m\u00e9dicos egipcios sobre el diagn\u00f3stico, curas y tratamientos de diversas dolencias y cirug\u00edas; y la amplia gama de prescripciones.<\/p>\n<p>Cap\u00edtulo 11: Astronom\u00eda cubre algunos conocimientos y pr\u00e1cticas astron\u00f3micos sorprendentemente precisos, como observaciones y registros astron\u00f3micos, el ciclo del zod\u00edaco, etc.<\/p>\n<p>Cap\u00edtulo 12: Geometr\u00eda y Matem\u00e1ticas es una descripci\u00f3n general r\u00e1pida de las materias de geometr\u00eda sagrada y ciencias naturales, geodesia, matem\u00e1ticas y numerolog\u00eda; as\u00ed como el conocimiento egipcio y las aplicaciones de las \u201cproporciones\u201d sagradas de Pi y Phi.<\/p>\n<p>Parte IV: La econom\u00eda vibrante consta de cuatro cap\u00edtulos (del 13 al 16) que son los siguientes:<\/p>\n<p>Cap\u00edtulo 13: El cultivo de la cultura cubre la destacada aplicaci\u00f3n de las t\u00e9cnicas agr\u00edcolas de clima seco, la divisi\u00f3n social del trabajo y la comunidad agr\u00edcola.<\/p>\n<p>Cap\u00edtulo 14: Las industrias manufactureras cubre el conocimiento egipcio de la metalurgia y el trabajo de los metales; sus productos de plata dorada (electro); sus productos de cobre y bronce; sus productos de vidriado (vidrio y vidriado); sus productos de hierro; sus actividades mineras; y productos diversos como carpinter\u00eda, tejidos, alfarer\u00eda, cuero y papel; as\u00ed como algunas aplicaciones tecnol\u00f3gicas diversas.<\/p>\n<p>Cap\u00edtulo 15: Infraestructura de transporte es una descripci\u00f3n general r\u00e1pida de los distintos tipos de barcos egipcios de alta calidad; principales puertos costeros egipcios; y transporte terrestre; as\u00ed como patrones y santuarios de viajes.<\/p>\n<p>Cap\u00edtulo 16: La econom\u00eda de mercado cubre el funcionamiento de la econom\u00eda de mercado egipcia; transacciones de negocios; Exportaciones egipcias (bienes y servicios); e importaciones egipcias; as\u00ed como el ascenso y ca\u00edda del comercio internacional ligado al Antiguo Egipto, el motor econ\u00f3mico del mundo antiguo.<\/p>\n<p>El contenido de los tres ap\u00e9ndices se desprende de sus t\u00edtulos; ser:<\/p>\n<p>Ap\u00e9ndice A: Fotograf\u00edas: El valle en ascenso<br \/>\nAp\u00e9ndice B: Fotograf\u00edas: La era de Leo y la Esfinge<br \/>\nAp\u00e9ndice C: Fotograf\u00edas\u2014Astronom\u00eda<\/p>\n<\/div>\n<\/div>","protected":false},"excerpt":{"rendered":"<div id=\"fb-root\"><\/div>\n<p><script async defer crossorigin=\"anonymous\" src=\"https:\/\/connect.facebook.net\/fr_FR\/sdk.js#xfbml=1&#038;version=v18.0\" nonce=\"rGs0O0Ef\"><\/script><\/p>\n<div class=\"fb-page\" data-href=\"https:\/\/www.facebook.com\/AncientEgyptianCultureRevealed\" data-width=\"380\" data-hide-cover=\"false\" data-show-facepile=\"false\"><\/div>\n<p>&nbsp;<\/p>\n<p><span class=\"contributor-name-prefix\">por<\/span>\u00a0<span class=\"visible-contributors\"><a class=\"contributor-name\" translate=\"no\" href=\"https:\/\/egyptianwisdomcenter.org\/es\/acerca-de\/\" data-force-track=\"\" data-track-info=\"{&quot;description&quot;:&quot;authorSearch&quot;,&quot;author&quot;:&quot;Moustafa Gadalla&quot;}\">Moustafa Gadalla<\/a><\/span><\/p>\n<hr \/>\n<p><strong>BREVE DESCRIPCI\u00d3N<\/strong><\/p>\n<p>Esta nueva edici\u00f3n ampliada revela varios aspectos de la cultura del Antiguo Egipto, como las muy remotas antig\u00fcedades de Egipto; las caracter\u00edsticas egipcias y las creencias y pr\u00e1cticas religiosas; su sistema social\/pol\u00edtico; sus templos c\u00f3smicos; la riqueza de su lengua; patrimonio musical y ciencias integrales; su medicina avanzada; su vibrante econom\u00eda; excelentes productos agr\u00edcolas y manufacturados; su sistema de transporte; y mucho m\u00e1s.<\/p>\n<p><a href=\"https:\/\/egyptianwisdomcenter.org\/wp-content\/uploads\/2022\/12\/The-Ancient-Egyptian-Culture-Revealed-sample.pdf\">Vista previa ahora (PDF)<\/a><\/p>\n<hr \/>\n<p><center><br \/>\n<a class=\"button minimal\" href=\"https:\/\/books2read.com\/u\/bpMreq\" target=\"_blank\" rel=\"noopener\">Ver opciones de compra<\/a><\/center><\/p>\n<div id='wpsr-reviews-slider-68948' class='wpsr-reviews-68948  wpsr-reviews-wrapper wpsr-feed-wrap wpsr_content  wpsr-reviews-slider-wrapper   wpsr-reviews-template-grid2 wpsr-reviews-layout-slider wpsr-header-enable' data-column='4' data-platforms='amazon' data-slider_settings='{&quot;autoplay&quot;:&quot;false&quot;,&quot;autoplay_speed&quot;:3000,&quot;slides_to_show&quot;:3,&quot;spaceBetween&quot;:20,&quot;responsive_slides_to_show&quot;:{&quot;desktop&quot;:2,&quot;tablet&quot;:2,&quot;mobile&quot;:1},&quot;slides_to_scroll&quot;:3,&quot;responsive_slides_to_scroll&quot;:{&quot;desktop&quot;:5,&quot;tablet&quot;:2,&quot;mobile&quot;:1},&quot;navigation&quot;:&quot;dot&quot;}'>\n<div class=\"wpsr-container wpsr-fixed-height\" style=\"\" >\n<div class=\"wpsr-business-info-wrapper\">\n<div class=\"wpsr-row\">\n<div class=\"wpsr-business-info  amazon\">\n<div class=\"wpsr-business-info-left\">\n<div class=\"wpsr-business-info-paltforms\"><img decoding=\"async\" src=\"https:\/\/egyptianwisdomcenter.org\/wp-content\/plugins\/wp-social-reviews\/assets\/images\/icon\/icon-amazon.png\" alt=\"amazon\"><\/div>\n<div class=\"wpsr-rating-and-count\"><span class=\"wpsr-total-rating\">4.6<\/span><span class=\"wpsr-rating\"><\/p>\n<div class=\"wpsr-star-container wpsr-star-background-filled\" style=\"--wpsr-review-star-fill: 100%;\">\n<div class=\"wpsr-star-empty\"><\/div>\n<div class=\"wpsr-star-filled\"><\/div>\n<\/p><\/div>\n<div class=\"wpsr-star-container wpsr-star-background-filled\" style=\"--wpsr-review-star-fill: 100%;\">\n<div class=\"wpsr-star-empty\"><\/div>\n<div class=\"wpsr-star-filled\"><\/div>\n<\/p><\/div>\n<div class=\"wpsr-star-container wpsr-star-background-filled\" style=\"--wpsr-review-star-fill: 100%;\">\n<div class=\"wpsr-star-empty\"><\/div>\n<div class=\"wpsr-star-filled\"><\/div>\n<\/p><\/div>\n<div class=\"wpsr-star-container wpsr-star-background-filled\" style=\"--wpsr-review-star-fill: 100%;\">\n<div class=\"wpsr-star-empty\"><\/div>\n<div class=\"wpsr-star-filled\"><\/div>\n<\/p><\/div>\n<div class=\"wpsr-star-container wpsr-star-background-filled\" style=\"--wpsr-review-star-fill: 60%;\">\n<div class=\"wpsr-star-empty\"><\/div>\n<div class=\"wpsr-star-filled\"><\/div>\n<\/p><\/div>\n<p><\/span><\/p>\n<div class=\"wpsr-total-reviews\">Based on <span>14<\/span> Reviews<\/div>\n<\/div>\n<\/div>\n<div class=\"wpsr-business-info-right\">\n<div class=\"wpsr-write-review-modal-wrapper\"><\/div>\n<\/div>\n<\/div>\n<\/div>\n<\/div>\n<div class=\"wpsr-row\" style=\"\">\n<div class=\"wpsr-reviews-slider-wrapper-inner\">\n<div class=\"wpsr-reviews-slider swiper-container wpsr-ai-summary-enabled-slider\" tabindex=\"0\">\n<div class=\"swiper-wrapper\">\n<div class=\"swiper-slide\" role=\"group\">\n<div class=\"wpsr-review-template wpsr-review-template-two wpsr-review-template-amazon\"\n                 style=\"\"\n                 data-index=\"0\"\n                 data-source_id=\"B07MLYHRCF\"\n                 data-media_id=\"\"\n                 data-review_platform=\"amazon\"\n                 data-product_thumbnail=\"\"\n                 data-product_name=\"\"\n                 data-image_resize=\"full\"\n            ><\/p>\n<div class=\"wpsr-review-platform\">\n                <img decoding=\"async\" class=\"wpsr-review-platform-icon\" width=\"20\" height=\"20\" src=\"https:\/\/egyptianwisdomcenter.org\/wp-content\/plugins\/wp-social-reviews\/assets\/images\/icon\/icon-amazon-small.png\" alt=\"amazon\">\n    <\/div>\n<div class=\"wpsr-reviewer-image\">\n    <a class=\"wpsr-reviewer-image-url\" target=\"_blank\" rel=\"noopener noreferrer nofollow\" href=\"https:\/\/www.amazon.com\/The-Ancient-Egyptian-Culture-Revealed\/dp\/B07MLYHRCF\/\"><br \/>\n                                    <img decoding=\"async\" class=\"wpsr-reviewer-avatar\" src=\"https:\/\/images-eu.ssl-images-amazon.com\/images\/S\/amazon-avatars-global\/default._CR0,0,1024,1024_SX48_.png\" alt=\"IAN WILLIAMS\"\/><br \/>\n                        <\/a>\n<\/div>\n<div class=\"wpsr-review-info\">\n                        <a class=\"wpsr-reviewer-name-url\" target=\"_blank\" rel=\"noopener noreferrer nofollow\" href=\"https:\/\/www.amazon.com\/The-Ancient-Egyptian-Culture-Revealed\/dp\/B07MLYHRCF\/\"><br \/>\n    <span class=\"wpsr-reviewer-name\">IAN WILLIAMS<\/span><br \/>\n    <\/a><\/p>\n<div data-rating=\"4\" class=\"wpsr-rating-wrapper wpsr-rating\">\n<div class=\"wpsr-star-container wpsr-star-background-filled\" style=\"--wpsr-review-star-fill: 100%;\">\n<div class=\"wpsr-star-empty\"><\/div>\n<div class=\"wpsr-star-filled\"><\/div>\n<\/p><\/div>\n<div class=\"wpsr-star-container wpsr-star-background-filled\" style=\"--wpsr-review-star-fill: 100%;\">\n<div class=\"wpsr-star-empty\"><\/div>\n<div class=\"wpsr-star-filled\"><\/div>\n<\/p><\/div>\n<div class=\"wpsr-star-container wpsr-star-background-filled\" style=\"--wpsr-review-star-fill: 100%;\">\n<div class=\"wpsr-star-empty\"><\/div>\n<div class=\"wpsr-star-filled\"><\/div>\n<\/p><\/div>\n<div class=\"wpsr-star-container wpsr-star-background-filled\" style=\"--wpsr-review-star-fill: 100%;\">\n<div class=\"wpsr-star-empty\"><\/div>\n<div class=\"wpsr-star-filled\"><\/div>\n<\/p><\/div>\n<div class=\"wpsr-star-container wpsr-star-background-empty\" style=\"--wpsr-review-star-fill: 0%;\">\n<div class=\"wpsr-star-empty\"><\/div>\n<div class=\"wpsr-star-filled\"><\/div>\n<\/p><\/div>\n<\/p><\/div>\n<p><span data-time=\"7 a\u00f1os ago\" class=\"wpsr-review-date\"><br \/>\n     abril 24, 2019<\/span>                        <\/p><\/div>\n<div class=\"wpsr-reviews-content-footer\">\n<h3 class=\"wpsr-review-title\">\n    Superb<\/h3>\n<div class=\"wpsr-review-content\" tabindex=\"0\">\n<p class=\"wpsr_add_read_more wpsr_show_less_content\" data-num-words-trim=\"10\">As usual Moustafa Gadalla gives a unique view of Egyptain culture. I only knocked off a star because his books don&#8217;t have the title on the spine, so when I stack it on my bookshelf I have to guess what Moustafa Gadalla book i&#8217;m looking for by the colour of the spine rather than the title. <\/p>\n<\/p><\/div>\n<\/p><\/div>\n<\/p><\/div>\n<\/p><\/div>\n<div class=\"swiper-slide\" role=\"group\">\n<div class=\"wpsr-review-template wpsr-review-template-two wpsr-review-template-amazon\"\n                 style=\"\"\n                 data-index=\"1\"\n                 data-source_id=\"B07MLYHRCF\"\n                 data-media_id=\"\"\n                 data-review_platform=\"amazon\"\n                 data-product_thumbnail=\"\"\n                 data-product_name=\"\"\n                 data-image_resize=\"full\"\n            ><\/p>\n<div class=\"wpsr-review-platform\">\n                <img decoding=\"async\" class=\"wpsr-review-platform-icon\" width=\"20\" height=\"20\" src=\"https:\/\/egyptianwisdomcenter.org\/wp-content\/plugins\/wp-social-reviews\/assets\/images\/icon\/icon-amazon-small.png\" alt=\"amazon\">\n    <\/div>\n<div class=\"wpsr-reviewer-image\">\n    <a class=\"wpsr-reviewer-image-url\" target=\"_blank\" rel=\"noopener noreferrer nofollow\" href=\"https:\/\/www.amazon.com\/The-Ancient-Egyptian-Culture-Revealed\/dp\/B07MLYHRCF\/\"><br \/>\n                                    <img decoding=\"async\" class=\"wpsr-reviewer-avatar\" src=\"https:\/\/images-na.ssl-images-amazon.com\/images\/I\/31Kcscz2WYL._CR0,0,363,363_SX48_.jpg\" alt=\"catprincess\"\/><br \/>\n                        <\/a>\n<\/div>\n<div class=\"wpsr-review-info\">\n                        <a class=\"wpsr-reviewer-name-url\" target=\"_blank\" rel=\"noopener noreferrer nofollow\" href=\"https:\/\/www.amazon.com\/The-Ancient-Egyptian-Culture-Revealed\/dp\/B07MLYHRCF\/\"><br \/>\n    <span class=\"wpsr-reviewer-name\">catprincess<\/span><br \/>\n    <\/a><\/p>\n<div data-rating=\"5\" class=\"wpsr-rating-wrapper wpsr-rating\">\n<div class=\"wpsr-star-container wpsr-star-background-filled\" style=\"--wpsr-review-star-fill: 100%;\">\n<div class=\"wpsr-star-empty\"><\/div>\n<div class=\"wpsr-star-filled\"><\/div>\n<\/p><\/div>\n<div class=\"wpsr-star-container wpsr-star-background-filled\" style=\"--wpsr-review-star-fill: 100%;\">\n<div class=\"wpsr-star-empty\"><\/div>\n<div class=\"wpsr-star-filled\"><\/div>\n<\/p><\/div>\n<div class=\"wpsr-star-container wpsr-star-background-filled\" style=\"--wpsr-review-star-fill: 100%;\">\n<div class=\"wpsr-star-empty\"><\/div>\n<div class=\"wpsr-star-filled\"><\/div>\n<\/p><\/div>\n<div class=\"wpsr-star-container wpsr-star-background-filled\" style=\"--wpsr-review-star-fill: 100%;\">\n<div class=\"wpsr-star-empty\"><\/div>\n<div class=\"wpsr-star-filled\"><\/div>\n<\/p><\/div>\n<div class=\"wpsr-star-container wpsr-star-background-filled\" style=\"--wpsr-review-star-fill: 100%;\">\n<div class=\"wpsr-star-empty\"><\/div>\n<div class=\"wpsr-star-filled\"><\/div>\n<\/p><\/div>\n<\/p><\/div>\n<p><span data-time=\"11 a\u00f1os ago\" class=\"wpsr-review-date\"><br \/>\n     abril 17, 2015<\/span>                        <\/p><\/div>\n<div class=\"wpsr-reviews-content-footer\">\n<h3 class=\"wpsr-review-title\">\n    5.0 out of 5 stars                    Profund reading<\/h3>\n<div class=\"wpsr-review-content\" tabindex=\"0\">\n<p class=\"wpsr_add_read_more wpsr_show_less_content\" data-num-words-trim=\"10\">It was a book I could not put down. IT is very sophisticated intellectually ,philosophically, and spiritually. It presents ancient Egypt  and its culture in a historically  astute profound way. IF you like to read books along this vein then this book would be a good starting point. <\/p>\n<\/p><\/div>\n<\/p><\/div>\n<\/p><\/div>\n<\/p><\/div>\n<div class=\"swiper-slide\" role=\"group\">\n<div class=\"wpsr-review-template wpsr-review-template-two wpsr-review-template-amazon\"\n                 style=\"\"\n                 data-index=\"2\"\n                 data-source_id=\"B07MLYHRCF\"\n                 data-media_id=\"\"\n                 data-review_platform=\"amazon\"\n                 data-product_thumbnail=\"\"\n                 data-product_name=\"\"\n                 data-image_resize=\"full\"\n            ><\/p>\n<div class=\"wpsr-review-platform\">\n                <img decoding=\"async\" class=\"wpsr-review-platform-icon\" width=\"20\" height=\"20\" src=\"https:\/\/egyptianwisdomcenter.org\/wp-content\/plugins\/wp-social-reviews\/assets\/images\/icon\/icon-amazon-small.png\" alt=\"amazon\">\n    <\/div>\n<div class=\"wpsr-reviewer-image\">\n    <a class=\"wpsr-reviewer-image-url\" target=\"_blank\" rel=\"noopener noreferrer nofollow\" href=\"https:\/\/www.amazon.com\/The-Ancient-Egyptian-Culture-Revealed\/dp\/B07MLYHRCF\/\"><br \/>\n                                    <img decoding=\"async\" class=\"wpsr-reviewer-avatar\" src=\"https:\/\/images-na.ssl-images-amazon.com\/images\/S\/amazon-avatars-global\/default._CR0,0,1024,1024_SX48_.png\" alt=\"Juan Olivares\"\/><br \/>\n                        <\/a>\n<\/div>\n<div class=\"wpsr-review-info\">\n                        <a class=\"wpsr-reviewer-name-url\" target=\"_blank\" rel=\"noopener noreferrer nofollow\" href=\"https:\/\/www.amazon.com\/The-Ancient-Egyptian-Culture-Revealed\/dp\/B07MLYHRCF\/\"><br \/>\n    <span class=\"wpsr-reviewer-name\">Juan Olivares<\/span><br \/>\n    <\/a><\/p>\n<div data-rating=\"3\" class=\"wpsr-rating-wrapper wpsr-rating\">\n<div class=\"wpsr-star-container wpsr-star-background-filled\" style=\"--wpsr-review-star-fill: 100%;\">\n<div class=\"wpsr-star-empty\"><\/div>\n<div class=\"wpsr-star-filled\"><\/div>\n<\/p><\/div>\n<div class=\"wpsr-star-container wpsr-star-background-filled\" style=\"--wpsr-review-star-fill: 100%;\">\n<div class=\"wpsr-star-empty\"><\/div>\n<div class=\"wpsr-star-filled\"><\/div>\n<\/p><\/div>\n<div class=\"wpsr-star-container wpsr-star-background-filled\" style=\"--wpsr-review-star-fill: 100%;\">\n<div class=\"wpsr-star-empty\"><\/div>\n<div class=\"wpsr-star-filled\"><\/div>\n<\/p><\/div>\n<div class=\"wpsr-star-container wpsr-star-background-empty\" style=\"--wpsr-review-star-fill: 0%;\">\n<div class=\"wpsr-star-empty\"><\/div>\n<div class=\"wpsr-star-filled\"><\/div>\n<\/p><\/div>\n<div class=\"wpsr-star-container wpsr-star-background-empty\" style=\"--wpsr-review-star-fill: 0%;\">\n<div class=\"wpsr-star-empty\"><\/div>\n<div class=\"wpsr-star-filled\"><\/div>\n<\/p><\/div>\n<\/p><\/div>\n<p><span data-time=\"11 a\u00f1os ago\" class=\"wpsr-review-date\"><br \/>\n     febrero 26, 2015<\/span>                        <\/p><\/div>\n<div class=\"wpsr-reviews-content-footer\">\n<h3 class=\"wpsr-review-title\">\n    3.0 out of 5 stars                    Three Stars<\/h3>\n<div class=\"wpsr-review-content\" tabindex=\"0\">\n<p class=\"wpsr_add_read_more wpsr_show_less_content\" data-num-words-trim=\"10\">I don&#8217;t see support and everence on the book <\/p>\n<\/p><\/div>\n<\/p><\/div>\n<\/p><\/div>\n<\/p><\/div>\n<div class=\"swiper-slide\" role=\"group\">\n<div class=\"wpsr-review-template wpsr-review-template-two wpsr-review-template-amazon\"\n                 style=\"\"\n                 data-index=\"3\"\n                 data-source_id=\"B07MLYHRCF\"\n                 data-media_id=\"\"\n                 data-review_platform=\"amazon\"\n                 data-product_thumbnail=\"\"\n                 data-product_name=\"\"\n                 data-image_resize=\"full\"\n            ><\/p>\n<div class=\"wpsr-review-platform\">\n                <img decoding=\"async\" class=\"wpsr-review-platform-icon\" width=\"20\" height=\"20\" src=\"https:\/\/egyptianwisdomcenter.org\/wp-content\/plugins\/wp-social-reviews\/assets\/images\/icon\/icon-amazon-small.png\" alt=\"amazon\">\n    <\/div>\n<div class=\"wpsr-reviewer-image\">\n    <a class=\"wpsr-reviewer-image-url\" target=\"_blank\" rel=\"noopener noreferrer nofollow\" href=\"https:\/\/www.amazon.com\/The-Ancient-Egyptian-Culture-Revealed\/dp\/B07MLYHRCF\/\"><br \/>\n                                    <img decoding=\"async\" class=\"wpsr-reviewer-avatar\" src=\"https:\/\/images-eu.ssl-images-amazon.com\/images\/S\/amazon-avatars-global\/default._CR0,0,1024,1024_SX48_.png\" alt=\"Andrew Fontenelle\"\/><br \/>\n                        <\/a>\n<\/div>\n<div class=\"wpsr-review-info\">\n                        <a class=\"wpsr-reviewer-name-url\" target=\"_blank\" rel=\"noopener noreferrer nofollow\" href=\"https:\/\/www.amazon.com\/The-Ancient-Egyptian-Culture-Revealed\/dp\/B07MLYHRCF\/\"><br \/>\n    <span class=\"wpsr-reviewer-name\">Andrew Fontenelle<\/span><br \/>\n    <\/a><\/p>\n<div data-rating=\"5\" class=\"wpsr-rating-wrapper wpsr-rating\">\n<div class=\"wpsr-star-container wpsr-star-background-filled\" style=\"--wpsr-review-star-fill: 100%;\">\n<div class=\"wpsr-star-empty\"><\/div>\n<div class=\"wpsr-star-filled\"><\/div>\n<\/p><\/div>\n<div class=\"wpsr-star-container wpsr-star-background-filled\" style=\"--wpsr-review-star-fill: 100%;\">\n<div class=\"wpsr-star-empty\"><\/div>\n<div class=\"wpsr-star-filled\"><\/div>\n<\/p><\/div>\n<div class=\"wpsr-star-container wpsr-star-background-filled\" style=\"--wpsr-review-star-fill: 100%;\">\n<div class=\"wpsr-star-empty\"><\/div>\n<div class=\"wpsr-star-filled\"><\/div>\n<\/p><\/div>\n<div class=\"wpsr-star-container wpsr-star-background-filled\" style=\"--wpsr-review-star-fill: 100%;\">\n<div class=\"wpsr-star-empty\"><\/div>\n<div class=\"wpsr-star-filled\"><\/div>\n<\/p><\/div>\n<div class=\"wpsr-star-container wpsr-star-background-filled\" style=\"--wpsr-review-star-fill: 100%;\">\n<div class=\"wpsr-star-empty\"><\/div>\n<div class=\"wpsr-star-filled\"><\/div>\n<\/p><\/div>\n<\/p><\/div>\n<p><span data-time=\"14 a\u00f1os ago\" class=\"wpsr-review-date\"><br \/>\n     mayo 16, 2012<\/span>                        <\/p><\/div>\n<div class=\"wpsr-reviews-content-footer\">\n<h3 class=\"wpsr-review-title\">\n    Ancient Egyptian Culture in detail!<\/h3>\n<div class=\"wpsr-review-content\" tabindex=\"0\">\n<p class=\"wpsr_add_read_more wpsr_show_less_content\" data-num-words-trim=\"10\">This is another fine book by Moustafa Gadalla.  The work covers many aspects of Ancient Egyptian culture including the religion, building of temples, practice of medicine, music and dance, geography, science, economics, trade and more. It emphasises the antiquity of Ancient Egyptian civilization and how many of its practices have been adopted by cultures which followed it.<br \/>\nRecommended reading for anyone interested in Ancient Egyptian history. <\/p>\n<\/p><\/div>\n<\/p><\/div>\n<\/p><\/div>\n<\/p><\/div>\n<\/div>\n<\/div>\n<div class=\"wpsr-swiper-carousel-wrapper\">\n<div class=\"wpsr-swiper-pagination swiper-pagination\"><\/div>\n<\/div>\n<\/div>\n<\/div>\n<\/div>\n<\/div>","protected":false},"featured_media":59718,"comment_status":"open","ping_status":"closed","template":"","meta":[],"product_brand":[],"product_cat":[95],"product_tag":[],"class_list":{"0":"post-59717","1":"product","2":"type-product","3":"status-publish","4":"has-post-thumbnail","6":"product_cat-current-editions-in-english-language","8":"first","9":"instock","10":"shipping-taxable","11":"product-type-simple"},"aioseo_notices":[],"_links":{"self":[{"href":"https:\/\/egyptianwisdomcenter.org\/es\/wp-json\/wp\/v2\/product\/59717","targetHints":{"allow":["GET"]}}],"collection":[{"href":"https:\/\/egyptianwisdomcenter.org\/es\/wp-json\/wp\/v2\/product"}],"about":[{"href":"https:\/\/egyptianwisdomcenter.org\/es\/wp-json\/wp\/v2\/types\/product"}],"replies":[{"embeddable":true,"href":"https:\/\/egyptianwisdomcenter.org\/es\/wp-json\/wp\/v2\/comments?post=59717"}],"wp:featuredmedia":[{"embeddable":true,"href":"https:\/\/egyptianwisdomcenter.org\/es\/wp-json\/wp\/v2\/media\/59718"}],"wp:attachment":[{"href":"https:\/\/egyptianwisdomcenter.org\/es\/wp-json\/wp\/v2\/media?parent=59717"}],"wp:term":[{"taxonomy":"product_brand","embeddable":true,"href":"https:\/\/egyptianwisdomcenter.org\/es\/wp-json\/wp\/v2\/product_brand?post=59717"},{"taxonomy":"product_cat","embeddable":true,"href":"https:\/\/egyptianwisdomcenter.org\/es\/wp-json\/wp\/v2\/product_cat?post=59717"},{"taxonomy":"product_tag","embeddable":true,"href":"https:\/\/egyptianwisdomcenter.org\/es\/wp-json\/wp\/v2\/product_tag?post=59717"}],"curies":[{"name":"wp","href":"https:\/\/api.w.org\/{rel}","templated":true}]}}