{"id":59921,"date":"2022-12-25T13:27:01","date_gmt":"2022-12-25T18:27:01","guid":{"rendered":"https:\/\/egyptianwisdomcenter.org\/?post_type=product&#038;p=59921"},"modified":"2024-06-01T04:30:55","modified_gmt":"2024-06-01T08:30:55","slug":"egyptian-cosmology-the-animated-universe-third-edition","status":"publish","type":"product","link":"https:\/\/egyptianwisdomcenter.org\/es\/product\/cosmologia-egipcia-el-universo-animado-tercera-edicion-2\/","title":{"rendered":"Cosmolog\u00eda egipcia: el universo animado, tercera edici\u00f3n"},"content":{"rendered":"<div class=\"collapsible-synopsis gizmo-collapsible-with-header show-teaser open\" data-kobo-gizmo=\"Collapsible.Synopsis\" data-kobo-gizmo-config=\"{ &quot;isOpen&quot;: {&quot;small&quot;: false, &quot;medium&quot;: false, &quot;large&quot;: false, &quot;jumbo&quot;: false}, &quot;name&quot;: &quot;AboutItem&quot;, &quot;toggleClass&quot; : &quot;toggle-button-hitbox&quot; }\" data-gid=\"g_20\">\n<div class=\"synopsis-description\" translate=\"no\">\n<p>This New Expanded Edition of the book is divided into five parts containing a total of 21 chapters and one appendix.<\/p>\n<p>Part I: The Egyptian Mystical Monotheism consists of one chapter:<\/p>\n<p>Chapter 1: The Most Religious will cover the deep mystical meaning of monotheism for the deeply religious Egyptians as well as an overview of their cosmic consciousness.<\/p>\n<p>Part II: The Principles and Principals of Creation consists of three chapters 2 through 4:<\/p>\n<p>Chapter 2: The Animating Energies of The Universe will cover the scientific understanding by the Egyptians of the state of the world prior to creation and the animating divine energies of the creation cycle.<\/p>\n<p>Chapter 3: The Pictorial Metaphysical Images will cover the scientific basis for the Egyptians\u2019 pictorial symbolism of metaphysical concepts and the process by which the Egyptian ideographs were manifested in such figurations.<\/p>\n<p>Chapter 4: The Egyptian Creation Process Accounts will cover an overview of the three primary phases of the Creation Cycle.<\/p>\n<p>Part III: The Creation Numerical Codes has ten chapters\u2014chapters 5 through 14:<\/p>\n<p>Chapter 5: Numerology of the Creation Process will cover number mysticism in Ancient Egypt, and analysis of the numbers two, three and five<\/p>\n<p>Chapter 6: The Dualistic Nature will cover the dualistic nature of creation and analysis of 14 various applications in the Ancient Egyptian system.<\/p>\n<p>Chapter 7: Three\u2014Trinities will cover this first odd number [one is not a number], the significance of the triple powers of a trinity in the universe; and a few applications of such principle in the Ancient Egyptian system.<\/p>\n<p>Chapters 8 throughout 14 will cover the mystical aspects of numbers four through ten.<\/p>\n<p>Part IV: As Above So Below has five chapters\u201415 through 19:<\/p>\n<p>Chapter 15: The Human Being\u2014The Universal Replica will cover how the physical and metaphysical components of man are an image of the whole creation.<\/p>\n<p>Chapter 16: Social &amp; Political System will cover how the social\/political structure in Ancient Egypt is a reflection of cosmic principles<\/p>\n<p>Chapter 17: The Cosmic Link will cover the role of the pharaoh as the cosmic link for the Ancient Egyptians and his demise if he does not serve his functions.<\/p>\n<p>Chapter 18: The Physical\/Metaphysical Society will cover the various modes to maintain communications between earthly living and other realms of the universe.<\/p>\n<p>Chapter 19: Astronomical Consciousness will cover the advanced knowledge of astronomy and time keeping in Ancient Egypt, the zodiac and Sothic cycles; as well as the nature of the harmony of the (seven) spheres and the populace participation in its maintenance.<\/p>\n<p>Part V: From Mortals To Immortals has two chapters:<\/p>\n<p>Chapter 20: Our Earthly Voyage will cover the available ways for an individual to achieve reunion with the Divine Source, including Sufism, Alchemy, etc.<\/p>\n<p>Chapter 21: Climbing The Heavenly Ladder will cover life after earth, soul transmigration, progression along the various realms towards reunification and deitification.<\/p>\n<\/div>\n<\/div>\n","protected":false},"excerpt":{"rendered":"<div class=\"fb-page\" data-href=\"https:\/\/www.facebook.com\/EgyptianCosmolgy\" data-width=\"380\" data-hide-cover=\"false\" data-show-facepile=\"false\"><\/div>\n<p><span class=\"contributor-name-prefix\"><br \/>\npor<\/span>\u00a0<span class=\"visible-contributors\"><a class=\"contributor-name\" translate=\"no\" href=\"https:\/\/egyptianwisdomcenter.org\/es\/acerca-de\/\" data-force-track=\"\" data-track-info=\"{&quot;description&quot;:&quot;authorSearch&quot;,&quot;author&quot;:&quot;Moustafa Gadalla&quot;}\">Moustafa Gadalla<\/a><\/span><\/p>\n<hr \/>\n<p><strong>BREVE DESCRIPCI\u00d3N<\/strong><\/p>\n<p>Esta nueva edici\u00f3n ampliada examina la aplicabilidad de los conceptos cosmol\u00f3gicos egipcios a nuestra comprensi\u00f3n moderna de la naturaleza del universo, la creaci\u00f3n, la ciencia y la filosof\u00eda. La cosmolog\u00eda egipcia es humanista, coherente, integral, consistente, l\u00f3gica, anal\u00edtica y racional. Descubra el concepto egipcio de matriz energ\u00e9tica universal y las cuentas del proceso de creaci\u00f3n. Lea sobre numerolog\u00eda, dualidades, trinidades, significado num\u00e9rico de n\u00fameros individuales hasta el n\u00famero diez; c\u00f3mo se relaciona el ser humano con el universo; la conciencia astron\u00f3mica egipcia; el viaje terrenal; c\u00f3mo las estructuras sociales y pol\u00edticas eran un reflejo del universo; el papel c\u00f3smico del fara\u00f3n; y las interacciones entre la vida terrenal y otros reinos; subir la escalera celestial para reunirse con la Fuente; y m\u00e1s.<\/p>\n<p><a href=\"https:\/\/egyptianwisdomcenter.org\/wp-content\/uploads\/2022\/12\/Egyptian-Cosmology-sample.pdf\">Vista previa ahora (PDF)<\/a><\/p>\n<hr \/>\n<p><center><br \/>\n<a class=\"button minimal\" href=\"https:\/\/books2read.com\/u\/bwV7Zy\" target=\"_blank\" rel=\"noopener\">Ver opciones de compra<\/a><\/center><\/p>","protected":false},"featured_media":59922,"comment_status":"open","ping_status":"closed","template":"","meta":{"_monsterinsights_skip_tracking":false,"_monsterinsights_sitenote_active":false,"_monsterinsights_sitenote_note":"","_monsterinsights_sitenote_category":0},"product_brand":[],"product_cat":[95],"product_tag":[],"class_list":{"0":"post-59921","1":"product","2":"type-product","3":"status-publish","4":"has-post-thumbnail","6":"product_cat-current-editions-in-english-language","8":"first","9":"instock","10":"shipping-taxable","11":"product-type-simple"},"aioseo_notices":[],"_links":{"self":[{"href":"https:\/\/egyptianwisdomcenter.org\/es\/wp-json\/wp\/v2\/product\/59921","targetHints":{"allow":["GET"]}}],"collection":[{"href":"https:\/\/egyptianwisdomcenter.org\/es\/wp-json\/wp\/v2\/product"}],"about":[{"href":"https:\/\/egyptianwisdomcenter.org\/es\/wp-json\/wp\/v2\/types\/product"}],"replies":[{"embeddable":true,"href":"https:\/\/egyptianwisdomcenter.org\/es\/wp-json\/wp\/v2\/comments?post=59921"}],"wp:featuredmedia":[{"embeddable":true,"href":"https:\/\/egyptianwisdomcenter.org\/es\/wp-json\/wp\/v2\/media\/59922"}],"wp:attachment":[{"href":"https:\/\/egyptianwisdomcenter.org\/es\/wp-json\/wp\/v2\/media?parent=59921"}],"wp:term":[{"taxonomy":"product_brand","embeddable":true,"href":"https:\/\/egyptianwisdomcenter.org\/es\/wp-json\/wp\/v2\/product_brand?post=59921"},{"taxonomy":"product_cat","embeddable":true,"href":"https:\/\/egyptianwisdomcenter.org\/es\/wp-json\/wp\/v2\/product_cat?post=59921"},{"taxonomy":"product_tag","embeddable":true,"href":"https:\/\/egyptianwisdomcenter.org\/es\/wp-json\/wp\/v2\/product_tag?post=59921"}],"curies":[{"name":"wp","href":"https:\/\/api.w.org\/{rel}","templated":true}]}}