{"id":59960,"date":"2022-12-25T15:20:11","date_gmt":"2022-12-25T20:20:11","guid":{"rendered":"https:\/\/egyptianwisdomcenter.org\/?post_type=product&#038;p=59960"},"modified":"2024-06-01T04:33:10","modified_gmt":"2024-06-01T08:33:10","slug":"egyptian-mystics-seekers-of-the-way-2nd-edition","status":"publish","type":"product","link":"https:\/\/egyptianwisdomcenter.org\/es\/product\/misticos-egipcios-buscadores-del-camino-2da-edicion\/","title":{"rendered":"M\u00edsticos egipcios: buscadores del camino, segunda edici\u00f3n"},"content":{"rendered":"<div class=\"collapsible-synopsis gizmo-collapsible-with-header show-teaser open\" data-kobo-gizmo=\"Collapsible.Synopsis\" data-kobo-gizmo-config=\"{ &quot;isOpen&quot;: {&quot;small&quot;: false, &quot;medium&quot;: false, &quot;large&quot;: false, &quot;jumbo&quot;: false}, &quot;name&quot;: &quot;AboutItem&quot;, &quot;toggleClass&quot; : &quot;toggle-button-hitbox&quot; }\" data-gid=\"g_19\">\n<div class=\"synopsis-description\" translate=\"no\">\n<p>Esta nueva edici\u00f3n ampliada del libro est\u00e1 dividida en cuatro partes que contienen un total de 13 cap\u00edtulos y cinco ap\u00e9ndices.<\/p>\n<p>Parte I: El tesoro escondido consta de dos cap\u00edtulos:<\/p>\n<p>Cap\u00edtulo 1: Misticismo egipcio y sufismo islamizado cubrir\u00e1 las diferencias entre las rutas dogm\u00e1ticas y m\u00edsticas y c\u00f3mo el antiguo Egipto es la fuente del sufismo y la alquimia.<\/p>\n<p>Cap\u00edtulo 2: El tesoro interior cubrir\u00e1 las limitaciones de los \u00f3rganos de percepci\u00f3n humanos y c\u00f3mo encontrar realidades con tales limitaciones.<\/p>\n<p>Parte II: Transformaci\u00f3n del polvo al oro consta de cinco cap\u00edtulos, del 3 al 7:<\/p>\n<p>Cap\u00edtulo 3: El Camino Alquimista cubrir\u00e1 la fuente de la alquimia como procedente del Antiguo Egipto; la progresi\u00f3n a lo largo del camino alquimista; y el papel de gu\u00eda en el proceso.<\/p>\n<p>Cap\u00edtulo 4: El Proceso de Purificaci\u00f3n cubrir\u00e1 tanto la purificaci\u00f3n exterior como la interior a trav\u00e9s del proceso de vivir en el mundo.<\/p>\n<p>Cap\u00edtulo 5: Pr\u00e1cticas b\u00e1sicas cubrir\u00e1 las pr\u00e1cticas generales de los m\u00edsticos egipcios para aumentar su conciencia del mundo real.<\/p>\n<p>Cap\u00edtulo 6: El Camino a las Revelaciones cubrir\u00e1 los m\u00e9todos mediante los cuales un aspirante m\u00edstico puede encontrar conocimiento a trav\u00e9s de las revelaciones.<\/p>\n<p>Cap\u00edtulo 7: Los Ayudantes Celestiales cubrir\u00e1 el papel y el deber de aquellos que alcanzaron poderes sobrenaturales para ayudar a otros en la Tierra.<\/p>\n<p>Parte III: Las Ferias de Visita P\u00fablica tiene cuatro cap\u00edtulos: Cap\u00edtulos 8 al 11:<\/p>\n<p>Cap\u00edtulo 8: Los Festivales de Renovaci\u00f3n C\u00edclica cubrir\u00e1 la importancia de realizar y participar en festivales anuales.<\/p>\n<p>Cap\u00edtulo 9: Muestras de festivales antiguos-presentes cubrir\u00e1 alrededor de una docena de festivales anuales del antiguo Egipto y cu\u00e1ntos de ellos son muy familiares y se observan en todo el mundo occidental.<\/p>\n<p>Cap\u00edtulo 10: Las ferias de esp\u00edritu egipcio (Mouleds) cubrir\u00e1n los elementos principales de un festival t\u00edpico.<\/p>\n<p>Cap\u00edtulo 11: Temas egipcios de las festividades tradicionales de San Nicol\u00e1s ofrecer\u00e1 una comparaci\u00f3n entre las tradiciones navide\u00f1as com\u00fanmente conocidas de San Nicol\u00e1s y la t\u00edpica fiesta del antiguo Egipto de un santo popular.<\/p>\n<p>Parte IV: Venga uno, venga todos tiene dos cap\u00edtulos: del 12 al 13.<\/p>\n<p>Cap\u00edtulo 12: Formaciones de compa\u00f1erismo cubre la estructura general y las pr\u00e1cticas para formar\/participar en un compa\u00f1erismo m\u00edstico.<\/p>\n<p>Cap\u00edtulo 13: Isis: La fil\u00f3sofa modelo cubre los principios y pr\u00e1cticas del sufismo tal como se encuentran en la alegor\u00eda de Isis y Osiris en el Antiguo Egipto.<\/p>\n<p>El contenido de los cinco ap\u00e9ndices es evidente por el t\u00edtulo de cada uno, como sigue:<\/p>\n<p>Ap\u00e9ndice A: T\u00e9rminos suf\u00edes diversos y sus ra\u00edces en el antiguo Egipto<\/p>\n<p>Ap\u00e9ndice B: Dormir con el enemigo (sobrevivir al Islam)<\/p>\n<p>Ap\u00e9ndice C: Zikr: la pr\u00e1ctica ext\u00e1tica<\/p>\n<p>Ap\u00e9ndice D: Llegar a los corazones y las mentes (comunicaci\u00f3n efectiva)<\/p>\n<p>Ap\u00e9ndice E: El calendario egipcio versus el latino<\/p>\n<\/div>\n<\/div>","protected":false},"excerpt":{"rendered":"<div class=\"fb-page\" data-href=\"https:\/\/www.facebook.com\/EgyptianMysticsSeekersOfTheWay\" data-width=\"380\" data-hide-cover=\"false\" data-show-facepile=\"false\"><\/div>\n<p><span class=\"contributor-name-prefix\"><br \/>\nby<\/span>\u00a0<span class=\"visible-contributors\"><a class=\"contributor-name\" translate=\"no\" href=\"https:\/\/egyptianwisdomcenter.org\/about\/\" data-force-track=\"\" data-track-info=\"{&quot;description&quot;:&quot;authorSearch&quot;,&quot;author&quot;:&quot;Moustafa Gadalla&quot;}\">Moustafa Gadalla<\/a><\/span><\/p>\n<hr \/>\n<p><strong>SHORT DESCRIPTION<\/strong><\/p>\n<p>This new expanded edition explains how Ancient Egypt is the origin of alchemy and present-day Sufism and how the mystics of Egypt camouflage their practices with a thin layer of Islam. The book also explains the progression of the mystical Way towards enlightenment, offering a coherent explanation of its fundamentals and practices. It includes details of basic training practices; samples of Ancient Present Egyptian festivals; discussion of the role of Isis as the \u2018Model Philosopher\u2019.It shows the correspondence between the Ancient Egyptian calendar of events and the cosmic cycles of the universe; and other related miscellaneous items.<\/p>\n<p><a href=\"https:\/\/egyptianwisdomcenter.org\/wp-content\/uploads\/2022\/12\/Egyptian-Mystics-sample.pdf\">Preview Now (PDF)<\/a><\/p>\n<hr \/>\n<p><center><br \/>\n<a class=\"button minimal\" href=\"https:\/\/books2read.com\/u\/mqM066\" target=\"_blank\" rel=\"noopener\">View Buying Options<\/a><\/center>[wp_social_ninja id=\"68940\" platform=\"reviews\"]<\/p>\n","protected":false},"featured_media":59961,"comment_status":"open","ping_status":"closed","template":"","meta":{"_monsterinsights_skip_tracking":false,"_monsterinsights_sitenote_active":false,"_monsterinsights_sitenote_note":"","_monsterinsights_sitenote_category":0},"product_brand":[],"product_cat":[95],"product_tag":[],"class_list":{"0":"post-59960","1":"product","2":"type-product","3":"status-publish","4":"has-post-thumbnail","6":"product_cat-current-editions-in-english-language","8":"first","9":"instock","10":"shipping-taxable","11":"product-type-simple"},"aioseo_notices":[],"_links":{"self":[{"href":"https:\/\/egyptianwisdomcenter.org\/es\/wp-json\/wp\/v2\/product\/59960","targetHints":{"allow":["GET"]}}],"collection":[{"href":"https:\/\/egyptianwisdomcenter.org\/es\/wp-json\/wp\/v2\/product"}],"about":[{"href":"https:\/\/egyptianwisdomcenter.org\/es\/wp-json\/wp\/v2\/types\/product"}],"replies":[{"embeddable":true,"href":"https:\/\/egyptianwisdomcenter.org\/es\/wp-json\/wp\/v2\/comments?post=59960"}],"wp:featuredmedia":[{"embeddable":true,"href":"https:\/\/egyptianwisdomcenter.org\/es\/wp-json\/wp\/v2\/media\/59961"}],"wp:attachment":[{"href":"https:\/\/egyptianwisdomcenter.org\/es\/wp-json\/wp\/v2\/media?parent=59960"}],"wp:term":[{"taxonomy":"product_brand","embeddable":true,"href":"https:\/\/egyptianwisdomcenter.org\/es\/wp-json\/wp\/v2\/product_brand?post=59960"},{"taxonomy":"product_cat","embeddable":true,"href":"https:\/\/egyptianwisdomcenter.org\/es\/wp-json\/wp\/v2\/product_cat?post=59960"},{"taxonomy":"product_tag","embeddable":true,"href":"https:\/\/egyptianwisdomcenter.org\/es\/wp-json\/wp\/v2\/product_tag?post=59960"}],"curies":[{"name":"wp","href":"https:\/\/api.w.org\/{rel}","templated":true}]}}